{"id":156015,"date":"2023-07-04T19:47:46","date_gmt":"2023-07-04T17:47:46","guid":{"rendered":"https:\/\/www.claret.org\/materiel\/"},"modified":"2024-06-17T22:47:10","modified_gmt":"2024-06-17T20:47:10","slug":"materiel","status":"publish","type":"page","link":"https:\/\/www.claret.org\/fr\/jubile\/materiel\/","title":{"rendered":"Mat\u00e9riel"},"content":{"rendered":"<p>[et_pb_section fb_built=\u00a0\u00bb1&Prime; theme_builder_area=\u00a0\u00bbpost_content\u00a0\u00bb _builder_version=\u00a0\u00bb4.21.0&Prime; _module_preset=\u00a0\u00bbdefault\u00a0\u00bb][et_pb_row _builder_version=\u00a0\u00bb4.21.0&Prime; _module_preset=\u00a0\u00bbdefault\u00a0\u00bb theme_builder_area=\u00a0\u00bbpost_content\u00a0\u00bb column_structure=\u00a0\u00bb1_3,1_3,1_3&Prime;][et_pb_column _builder_version=\u00a0\u00bb4.21.0&Prime; _module_preset=\u00a0\u00bbdefault\u00a0\u00bb type=\u00a0\u00bb1_3&Prime; theme_builder_area=\u00a0\u00bbpost_content\u00a0\u00bb][et_pb_blurb title=\u00a0\u00bbAnnonce du jubil\u00e9\u00a0\u00bb image=\u00a0\u00bbhttps:\/\/www.claret.org\/wp-content\/uploads\/2023\/06\/175-foundation-anniversary.jpg\u00a0\u00bb _builder_version=\u00a0\u00bb4.21.0&Prime; _module_preset=\u00a0\u00bbdefault\u00a0\u00bb theme_builder_area=\u00a0\u00bbpost_content\u00a0\u00bb hover_enabled=\u00a0\u00bb0&Prime; sticky_enabled=\u00a0\u00bb0&Prime; title_text=\u00a0\u00bb175 foundation anniversary\u00a0\u00bb url_new_window=\u00a0\u00bbon\u00a0\u00bb link_option_url=\u00a0\u00bb@ET-DC@eyJkeW5hbWljIjp0cnVlLCJjb250ZW50IjoicG9zdF9saW5rX3VybF9wb3N0Iiwic2V0dGluZ3MiOnsicG9zdF9pZCI6IjE0ODAzNCJ9fQ==@\u00a0\u00bb _dynamic_attributes=\u00a0\u00bblink_option_url,url\u00a0\u00bb header_text_color=\u00a0\u00bb#000000&Prime; header_font=\u00a0\u00bb|600||on|||||\u00a0\u00bb link_option_url_new_window=\u00a0\u00bbon\u00a0\u00bb url=\u00a0\u00bb@ET-DC@eyJkeW5hbWljIjp0cnVlLCJjb250ZW50IjoicG9zdF9saW5rX3VybF9wb3N0Iiwic2V0dGluZ3MiOnsicG9zdF9pZCI6IjE0ODAzNCJ9fQ==@\u00a0\u00bb]<\/p>\n<p>Lettre circulaire du Sup\u00e9rieur G\u00e9n\u00e9ral annon\u00e7ant la c\u00e9l\u00e9bration de l&rsquo;ann\u00e9e jubilaire<\/p>\n<p>[\/et_pb_blurb][\/et_pb_column][et_pb_column _builder_version=\u00a0\u00bb4.21.0&Prime; _module_preset=\u00a0\u00bbdefault\u00a0\u00bb type=\u00a0\u00bb1_3&Prime; theme_builder_area=\u00a0\u00bbpost_content\u00a0\u00bb][et_pb_blurb title=\u00a0\u00bbMessage d&#039;ouverture &#8211; Inauguration\u00a0\u00bb image=\u00a0\u00bbhttps:\/\/www.claret.org\/wp-content\/uploads\/2023\/07\/175-Foundation-Jubilee-Innaguration-Jully-1-2023-3.png\u00a0\u00bb _builder_version=\u00a0\u00bb4.21.0&Prime; _module_preset=\u00a0\u00bbdefault\u00a0\u00bb theme_builder_area=\u00a0\u00bbpost_content\u00a0\u00bb hover_enabled=\u00a0\u00bb0&Prime; sticky_enabled=\u00a0\u00bb0&Prime; title_text=\u00a0\u00bb175-Foundation-Jubilee-Innaguration-Jully-1-2023-3&Prime; header_text_color=\u00a0\u00bb#000000&Prime; header_font=\u00a0\u00bb|700||on|||||\u00a0\u00bb url=\u00a0\u00bbhttps:\/\/www.claret.org\/download\/5054\/materials\/149762\/opening-address-jubilee-year?lang=en\u00a0\u00bb url_new_window=\u00a0\u00bbon\u00a0\u00bb link_option_url=\u00a0\u00bbhttps:\/\/www.claret.org\/download\/5054\/materials\/149762\/opening-address-jubilee-year?lang=en\u00a0\u00bb link_option_url_new_window=\u00a0\u00bbon\u00a0\u00bb]<\/p>\n<p>Salutation d&rsquo;ouverture et message du P\u00e8re G\u00e9n\u00e9ral lors de l&rsquo;Inauguration qui a eu lieu le 1er juillet 2023 \u00e0 la chapelle de la Curie G\u00e9n\u00e9rale<\/p>\n<p>[\/et_pb_blurb][et_pb_text _builder_version=\u00a0\u00bb4.21.0&Prime; _module_preset=\u00a0\u00bbdefault\u00a0\u00bb theme_builder_area=\u00a0\u00bbpost_content\u00a0\u00bb hover_enabled=\u00a0\u00bb0&Prime; sticky_enabled=\u00a0\u00bb0&Prime;]<\/p>\n<p><a href=\"https:\/\/www.claret.org\/download\/5054\/materials\/149762\/opening-address-jubilee-year?lang=en\" target=\"_blank\" rel=\"noopener\">ENGLISH<\/a> <\/p>\n<p>[\/et_pb_text][\/et_pb_column][et_pb_column _builder_version=\u00a0\u00bb4.21.0&Prime; _module_preset=\u00a0\u00bbdefault\u00a0\u00bb type=\u00a0\u00bb1_3&Prime; theme_builder_area=\u00a0\u00bbpost_content\u00a0\u00bb][et_pb_blurb title=\u00a0\u00bbLa peinture murale de la chapelle de la Curie G\u00e9n\u00e9rale\u00a0\u00bb image=\u00a0\u00bbhttps:\/\/www.claret.org\/wp-content\/uploads\/2023\/07\/IMG_20200326_182011.jpg\u00a0\u00bb _builder_version=\u00a0\u00bb4.21.0&Prime; _module_preset=\u00a0\u00bbdefault\u00a0\u00bb theme_builder_area=\u00a0\u00bbpost_content\u00a0\u00bb sticky_enabled=\u00a0\u00bb0&Prime; title_text=\u00a0\u00bbIMG_20200326_182011&Prime; header_text_color=\u00a0\u00bb#000000&Prime; header_font=\u00a0\u00bb|700||on|||||\u00a0\u00bb]<\/p>\n<p>Br\u00e8ve explication du p\u00e8re Carlos Sanchez, CMF, sur la peinture murale r\u00e9alis\u00e9e par le p\u00e8re Cerezo Barredo, CMF, sur l&rsquo;abside de la chapelle de la Curie G\u00e9n\u00e9rale<\/p>\n<p>[\/et_pb_blurb][et_pb_text _builder_version=\u00a0\u00bb4.21.0&Prime; _module_preset=\u00a0\u00bbdefault\u00a0\u00bb theme_builder_area=\u00a0\u00bbpost_content\u00a0\u00bb hover_enabled=\u00a0\u00bb0&Prime; sticky_enabled=\u00a0\u00bb0&Prime;]<\/p>\n<p><a href=\"https:\/\/www.claret.org\/download\/5054\/materials\/149760\/reflection-at-the-inaugural-celebration?lang=en\" target=\"_blank\" rel=\"noopener\">ENGLISH<\/a> * <a href=\"https:\/\/www.claret.org\/download\/5054\/materials\/149761\/reflexion-en-la-celebracion-de-inauguracion-de-los-175-anos-de-la-fundacion-cmf?lang=en\" target=\"_blank\" rel=\"noopener\">ESPA\u00d1OL<\/a><\/p>\n<p>[\/et_pb_text][\/et_pb_column][\/et_pb_row][\/et_pb_section]<\/p>\n","protected":false},"excerpt":{"rendered":"<p>Lettre circulaire du Sup\u00e9rieur G\u00e9n\u00e9ral annon\u00e7ant la c\u00e9l\u00e9bration de l&rsquo;ann\u00e9e jubilaireSalutation d&rsquo;ouverture et message du P\u00e8re G\u00e9n\u00e9ral lors de l&rsquo;Inauguration qui a eu lieu le 1er juillet 2023 \u00e0 la chapelle de la Curie G\u00e9n\u00e9raleENGLISH Br\u00e8ve explication du p\u00e8re Carlos Sanchez, CMF, sur la peinture murale r\u00e9alis\u00e9e par le p\u00e8re Cerezo Barredo, CMF, sur l&rsquo;abside [&hellip;]<\/p>\n","protected":false},"author":2,"featured_media":0,"parent":156008,"menu_order":0,"comment_status":"closed","ping_status":"closed","template":"","meta":{"_et_pb_use_builder":"on","_et_pb_old_content":"","_et_gb_content_width":"","footnotes":""},"class_list":["post-156015","page","type-page","status-publish","hentry"],"jetpack_sharing_enabled":true,"jetpack_shortlink":"https:\/\/wp.me\/PdaBmi-EAn","jetpack_likes_enabled":true,"_links":{"self":[{"href":"https:\/\/www.claret.org\/fr\/wp-json\/wp\/v2\/pages\/156015","targetHints":{"allow":["GET"]}}],"collection":[{"href":"https:\/\/www.claret.org\/fr\/wp-json\/wp\/v2\/pages"}],"about":[{"href":"https:\/\/www.claret.org\/fr\/wp-json\/wp\/v2\/types\/page"}],"author":[{"embeddable":true,"href":"https:\/\/www.claret.org\/fr\/wp-json\/wp\/v2\/users\/2"}],"replies":[{"embeddable":true,"href":"https:\/\/www.claret.org\/fr\/wp-json\/wp\/v2\/comments?post=156015"}],"version-history":[{"count":0,"href":"https:\/\/www.claret.org\/fr\/wp-json\/wp\/v2\/pages\/156015\/revisions"}],"up":[{"embeddable":true,"href":"https:\/\/www.claret.org\/fr\/wp-json\/wp\/v2\/pages\/156008"}],"wp:attachment":[{"href":"https:\/\/www.claret.org\/fr\/wp-json\/wp\/v2\/media?parent=156015"}],"curies":[{"name":"wp","href":"https:\/\/api.w.org\/{rel}","templated":true}]}}