{"id":163445,"date":"2024-02-07T17:59:40","date_gmt":"2024-02-07T16:59:40","guid":{"rendered":"https:\/\/www.claret.org\/prenez-part-a-notre-reve-2\/"},"modified":"2025-03-24T16:03:14","modified_gmt":"2025-03-24T15:03:14","slug":"prenez-part-a-notre-reve-2","status":"publish","type":"page","link":"https:\/\/www.claret.org\/fr\/prenez-part-a-notre-reve-2\/","title":{"rendered":"Prenez part \u00e0 notre r\u00eave"},"content":{"rendered":"<p>[et_pb_section fb_built=\u00a0\u00bb1&Prime; fullwidth=\u00a0\u00bbon\u00a0\u00bb _builder_version=\u00a0\u00bb4.16&Prime; _module_preset=\u00a0\u00bbdefault\u00a0\u00bb global_colors_info=\u00a0\u00bb{}\u00a0\u00bb][et_pb_fullwidth_header title=\u00a0\u00bb@ET-DC@eyJkeW5hbWljIjp0cnVlLCJjb250ZW50IjoicG9zdF90aXRsZSIsInNldHRpbmdzIjp7ImJlZm9yZSI6IiIsImFmdGVyIjoiIn19@\u00a0\u00bb _builder_version=\u00a0\u00bb4.17.6&Prime; _dynamic_attributes=\u00a0\u00bbtitle\u00a0\u00bb _module_preset=\u00a0\u00bbdefault\u00a0\u00bb background_color=\u00a0\u00bb#f75a00&Prime; global_colors_info=\u00a0\u00bb{}\u00a0\u00bb]<\/p>\n<p>Il existe de nombreuses fa\u00e7ons de faire partie de notre R\u00eave. Voici les diff\u00e9rentes fa\u00e7ons dont vous pouvez en faire partie :<\/p>\n<p>[\/et_pb_fullwidth_header][\/et_pb_section][et_pb_section fb_built=\u00a0\u00bb1&Prime; fullwidth=\u00a0\u00bbon\u00a0\u00bb _builder_version=\u00a0\u00bb4.16&Prime; _module_preset=\u00a0\u00bbdefault\u00a0\u00bb global_colors_info=\u00a0\u00bb{}\u00a0\u00bb][et_pb_fullwidth_header title=\u00a0\u00bb\u00caTRE COLLABORATEUR DE MISSION\u00a0\u00bb _builder_version=\u00a0\u00bb4.17.6&Prime; _module_preset=\u00a0\u00bbdefault\u00a0\u00bb content_link_text_color=\u00a0\u00bb#EDF000&Prime; background_color=\u00a0\u00bbrgba(255,220,165,0.66)\u00a0\u00bb background_layout=\u00a0\u00bblight\u00a0\u00bb global_colors_info=\u00a0\u00bb{}\u00a0\u00bb]<\/p>\n<p>Certaines Provinces et D\u00e9l\u00e9gations Clar\u00e9taines ont des programmes de volontariat o\u00f9 vous pouvez vous inscrire pour avoir un mois ou des mois d\u2019exp\u00e9rience dans les postes de mission. Vous pouvez consulter s\u2019il en existe un dans le pays o\u00f9 vous vous trouvez.<\/p>\n<p>&nbsp;<\/p>\n<p>La plupart des communaut\u00e9s clar\u00e9taines du monde entier invitent des collaborateurs de mission dans leurs paroisses, \u00e9coles et programmes d\u2019aide sociale respectifs.<\/p>\n<p>[\/et_pb_fullwidth_header][\/et_pb_section][et_pb_section fb_built=\u00a0\u00bb1&Prime; fullwidth=\u00a0\u00bbon\u00a0\u00bb _builder_version=\u00a0\u00bb4.16&Prime; _module_preset=\u00a0\u00bbdefault\u00a0\u00bb global_colors_info=\u00a0\u00bb{}\u00a0\u00bb][et_pb_fullwidth_header title=\u00a0\u00bbSOUTENIR NOS MISSIONS\u00a0\u00bb background_overlay_color=\u00a0\u00bbrgba(0,106,193,0.91)\u00a0\u00bb _builder_version=\u00a0\u00bb4.17.6&Prime; _module_preset=\u00a0\u00bbdefault\u00a0\u00bb content_link_text_color=\u00a0\u00bb#FFFFFF\u00a0\u00bb background_color=\u00a0\u00bb#0C71C3&Prime; background_image=\u00a0\u00bbhttps:\/\/www.claret.org\/wp-content\/uploads\/2022\/07\/with-Lord-Winner.jpg\u00a0\u00bb parallax=\u00a0\u00bbon\u00a0\u00bb background_blend=\u00a0\u00bbdarken\u00a0\u00bb child_filter_saturate=\u00a0\u00bb99%\u00a0\u00bb global_colors_info=\u00a0\u00bb{}\u00a0\u00bb]<\/p>\n<p>Vous pouvez soutenir nos missions en faisant un don \u00e0 la Procure de la Mission G\u00e9n\u00e9rale par le biais de Proclade Internationale. Le responsable est le P\u00e8re Lord Winner, CMF. Vous trouverez ci-dessous les coordonn\u00e9es du compte bancaire :<\/p>\n<p>&nbsp;<\/p>\n<p>Bank Name: UNICREDIT<br \/>Bank Address: 30643 Roma CIVININI, Roma, Italia.<br \/>SWIFT Code: UNCRITM1113<br \/>IBAN or Account Number: IT 73 G 02008 05170 000101556451<br \/>Name of the Account Holder: PROCLADE INTERNAZIONALE Onlus<\/p>\n<p>&nbsp;<\/p>\n<h2>Address of the Account Holder:<\/h2>\n<p>PROCLADE INTERNAZIONALE Onlus<br \/>Missionari Clarettiani<br \/>Via Sacro Cuore di Maria, 5<br \/>00197 ROMA, Italia<br \/>Tel: 06 80910008 \u2013 Fax: 06 80910047<br \/>Email: projects.proclade@gmail.com<\/p>\n<p>Website: <a href=\"http:\/\/www.procladeint.org\" target=\"_blank\" rel=\"noopener nofollow\">http:\/\/www.procladeint.org<\/a><\/p>\n<p>[\/et_pb_fullwidth_header][\/et_pb_section][et_pb_section fb_built=\u00a0\u00bb1&Prime; fullwidth=\u00a0\u00bbon\u00a0\u00bb _builder_version=\u00a0\u00bb4.16&Prime; _module_preset=\u00a0\u00bbdefault\u00a0\u00bb global_colors_info=\u00a0\u00bb{}\u00a0\u00bb][et_pb_fullwidth_header title=\u00a0\u00bb\u00caTRE UN MISSIONNAIRE CLAR\u00c9TAIN\u00a0\u00bb _builder_version=\u00a0\u00bb4.24.0&Prime; _module_preset=\u00a0\u00bbdefault\u00a0\u00bb title_font=\u00a0\u00bb|600|||||||\u00a0\u00bb background_color=\u00a0\u00bb#FFFFFF\u00a0\u00bb background_enable_image=\u00a0\u00bboff\u00a0\u00bb parallax=\u00a0\u00bbon\u00a0\u00bb background_layout=\u00a0\u00bblight\u00a0\u00bb global_colors_info=\u00a0\u00bb{}\u00a0\u00bb]<\/p>\n<p>Si tu te sens appel\u00e9 \u00e0 \u00eatre un Clar\u00e9tain, un fr\u00e8re religieux ou un pr\u00eatre, et que tu souhaites \u00eatre form\u00e9 comme Fils du C\u0153ur Immacul\u00e9 de Marie, tu peux contacter les Missionnaires Clar\u00e9tains dans ton pays.<\/p>\n<p>&nbsp;<\/p>\n<p>Tu peux nous trouver en : ANGOLA | ARGENTINA | AUSTRALIA | AUSTRIA | BANGLADESH | BELARUS | BOLIVIA | BRASIL | BURKINA FASO | CAMEROUN | CANADA | CHAD | CHILE | CHINA | COLOMBIA | COSTA RICA | C\u00d4TE D\u2019IVOIRE | CUBA | DEUTSCHLAND | ECUADOR | EL SALVADOR | ESPA\u00d1A | FRANCE | GABON | GHANA | GUATEMALA | GUINEA ECUATORIAL | HA\u00cfTI | HONDURAS | INDIA | INDONESIA | ITALIA | JAPAN | KENYA | MADAGASCAR | MALAYSIA | M\u00c9XICO | MO\u00c7AMBIQUE | MYANMAR | NEW ZEALAND | NICARAGUA | NIGERIA | PANAM\u00c1 | PARAGUAY | PER\u00da | PHILIPPINES | POLSKA | PORTUGAL | PUERTO RICO | REPUBLIKA CZESKA | REP\u00daBLICA DOMINICANA | REPUBLIQUE DEMOCRATIQUE DU CONGO | RUSSIA | S\u00c3O TOM\u00c9 E PR\u00cdNCIPE | SCHWEIZ | SLOVENIJA | SOUTH AFRICA | SOUTH KOREA | SRI LANKA | TAIWAN | TANZANIA | TIMOR LESTE | UGANDA | UKRAINE | UNITED KINGDOM | UNITED STATES OF AMERICA | URUGUAY | VENEZUELA | VIETNAM | ZIMBABWE<\/p>\n<p>[\/et_pb_fullwidth_header][\/et_pb_section][et_pb_section fb_built=\u00a0\u00bb1&Prime; fullwidth=\u00a0\u00bbon\u00a0\u00bb _builder_version=\u00a0\u00bb4.24.0&Prime; _module_preset=\u00a0\u00bbdefault\u00a0\u00bb global_colors_info=\u00a0\u00bb{}\u00a0\u00bb][\/et_pb_section]<\/p>\n","protected":false},"excerpt":{"rendered":"<p>Ce sont les nombreuses fa\u00e7ons dont vous pouvez faire partie de notre r\u00eave\u00a0: \u00eatre un collaborateur missionnaire, soutenir nos missions avec des fonds, \u00eatre un missionnaire clar\u00e9tain, rejoindre et c\u00e9l\u00e9brer la Journ\u00e9e missionnaire clar\u00e9taine!<\/p>\n","protected":false},"author":2,"featured_media":0,"parent":0,"menu_order":0,"comment_status":"closed","ping_status":"closed","template":"","meta":{"_et_pb_use_builder":"on","_et_pb_old_content":"","_et_gb_content_width":"","footnotes":""},"class_list":["post-163445","page","type-page","status-publish","hentry"],"jetpack_sharing_enabled":true,"jetpack_shortlink":"https:\/\/wp.me\/PdaBmi-Gwd","jetpack_likes_enabled":true,"_links":{"self":[{"href":"https:\/\/www.claret.org\/fr\/wp-json\/wp\/v2\/pages\/163445","targetHints":{"allow":["GET"]}}],"collection":[{"href":"https:\/\/www.claret.org\/fr\/wp-json\/wp\/v2\/pages"}],"about":[{"href":"https:\/\/www.claret.org\/fr\/wp-json\/wp\/v2\/types\/page"}],"author":[{"embeddable":true,"href":"https:\/\/www.claret.org\/fr\/wp-json\/wp\/v2\/users\/2"}],"replies":[{"embeddable":true,"href":"https:\/\/www.claret.org\/fr\/wp-json\/wp\/v2\/comments?post=163445"}],"version-history":[{"count":3,"href":"https:\/\/www.claret.org\/fr\/wp-json\/wp\/v2\/pages\/163445\/revisions"}],"predecessor-version":[{"id":178170,"href":"https:\/\/www.claret.org\/fr\/wp-json\/wp\/v2\/pages\/163445\/revisions\/178170"}],"wp:attachment":[{"href":"https:\/\/www.claret.org\/fr\/wp-json\/wp\/v2\/media?parent=163445"}],"curies":[{"name":"wp","href":"https:\/\/api.w.org\/{rel}","templated":true}]}}