{"id":179448,"date":"2025-03-12T12:03:01","date_gmt":"2025-03-12T11:03:01","guid":{"rendered":"https:\/\/www.claret.org\/claret-way\/"},"modified":"2025-05-14T12:58:22","modified_gmt":"2025-05-14T10:58:22","slug":"claret-way","status":"publish","type":"page","link":"https:\/\/www.claret.org\/fr\/claret-way\/","title":{"rendered":"Claret Way"},"content":{"rendered":"<p>[et_pb_section fb_built=\u00a0\u00bb1&Prime; admin_label=\u00a0\u00bbAbout\u00a0\u00bb _builder_version=\u00a0\u00bb4.22.1&Prime; _module_preset=\u00a0\u00bbdefault\u00a0\u00bb background_color=\u00a0\u00bbrgba(209,185,169,0.56)\u00a0\u00bb custom_margin=\u00a0\u00bb1px||52px|||\u00a0\u00bb custom_padding=\u00a0\u00bb80px|||||\u00a0\u00bb collapsed=\u00a0\u00bbon\u00a0\u00bb global_colors_info=\u00a0\u00bb{%22gcid-8d5e1208-6f7f-4920-8a25-a563d46795d8%22:%91%22background_color%22%93}\u00a0\u00bb theme_builder_area=\u00a0\u00bbpost_content\u00a0\u00bb][et_pb_row column_structure=\u00a0\u00bb1_2,1_2&Prime; _builder_version=\u00a0\u00bb4.20.0&Prime; _module_preset=\u00a0\u00bbdefault\u00a0\u00bb global_colors_info=\u00a0\u00bb{}\u00a0\u00bb theme_builder_area=\u00a0\u00bbpost_content\u00a0\u00bb][et_pb_column type=\u00a0\u00bb1_2&Prime; _builder_version=\u00a0\u00bb4.20.0&Prime; _module_preset=\u00a0\u00bbdefault\u00a0\u00bb global_colors_info=\u00a0\u00bb{}\u00a0\u00bb theme_builder_area=\u00a0\u00bbpost_content\u00a0\u00bb][et_pb_text _builder_version=\u00a0\u00bb4.22.1&Prime; _module_preset=\u00a0\u00bb562efa82-9af7-4451-bc06-680596b8795b\u00a0\u00bb global_colors_info=\u00a0\u00bb{}\u00a0\u00bb theme_builder_area=\u00a0\u00bbpost_content\u00a0\u00bb]<\/p>\n<h2 style=\"text-align: center;\">Claret &#8211; Way<\/h2>\n<p>[\/et_pb_text][et_pb_text _builder_version=\u00a0\u00bb4.22.1&Prime; _module_preset=\u00a0\u00bb3c3005aa-3a49-432a-b913-a492af7d1ac1&Prime; text_font=\u00a0\u00bb||||||||\u00a0\u00bb text_font_size=\u00a0\u00bb20px\u00a0\u00bb global_colors_info=\u00a0\u00bb{}\u00a0\u00bb theme_builder_area=\u00a0\u00bbpost_content\u00a0\u00bb]<\/p>\n<p style=\"text-align: center;\">Le r\u00e9seau mondial des jeunes Clar\u00e9tains relie tous les jeunes \u00e2g\u00e9s de 18 \u00e0 30 ans, issus des r\u00e9alit\u00e9s de la famille clar\u00e9taine, en int\u00e9grant les propositions locales et r\u00e9gionales de la YVM dans la CF, afin d&rsquo;offrir des exp\u00e9riences et des espaces de communion dans la mission universelle de l&rsquo;\u00c9glise sous notre charisme clar\u00e9tain, \u00e0 la suite du style de vie de J\u00e9sus.<\/p>\n<p>[\/et_pb_text][et_pb_button button_url=\u00a0\u00bbhttps:\/\/www.claretway.org\/en\u00a0\u00bb url_new_window=\u00a0\u00bbon\u00a0\u00bb button_text=\u00a0\u00bbEn savoir plus\u00a0\u00bb button_alignment=\u00a0\u00bbcenter\u00a0\u00bb _builder_version=\u00a0\u00bb4.22.1&Prime; _module_preset=\u00a0\u00bb8585178e-2b2f-4ac0-85a0-a0103988fb92&Prime; global_colors_info=\u00a0\u00bb{}\u00a0\u00bb theme_builder_area=\u00a0\u00bbpost_content\u00a0\u00bb][\/et_pb_button][et_pb_button button_url=\u00a0\u00bbhttps:\/\/www.canva.com\/design\/DAF9LGTAIQo\/4r51bqiMbUcmXPnaphBYRA\/view?utm_content=DAF9LGTAIQo&amp;utm_campaign=designshare&amp;utm_medium=link&amp;utm_source=recording_view\u00a0\u00bb url_new_window=\u00a0\u00bbon\u00a0\u00bb button_text=\u00a0\u00bbFormation Claret Way\u00a0\u00bb button_alignment=\u00a0\u00bbcenter\u00a0\u00bb _builder_version=\u00a0\u00bb4.24.2&Prime; _module_preset=\u00a0\u00bbdefault\u00a0\u00bb custom_button=\u00a0\u00bbon\u00a0\u00bb button_border_radius=\u00a0\u00bb0px\u00a0\u00bb button_letter_spacing=\u00a0\u00bb0px\u00a0\u00bb button_icon=\u00a0\u00bb&#xe04e;||divi||400&Prime; global_colors_info=\u00a0\u00bb{}\u00a0\u00bb theme_builder_area=\u00a0\u00bbpost_content\u00a0\u00bb][\/et_pb_button][\/et_pb_column][et_pb_column type=\u00a0\u00bb1_2&Prime; _builder_version=\u00a0\u00bb4.20.0&Prime; _module_preset=\u00a0\u00bbdefault\u00a0\u00bb global_colors_info=\u00a0\u00bb{}\u00a0\u00bb theme_builder_area=\u00a0\u00bbpost_content\u00a0\u00bb][et_pb_image src=\u00a0\u00bbhttps:\/\/www.claret.org\/wp-content\/uploads\/2023\/09\/CW-Logo-vertical_v2-_2000x.png\u00a0\u00bb title_text=\u00a0\u00bbCW Logo vertical_v2 _2000x\u00a0\u00bb force_fullwidth=\u00a0\u00bbon\u00a0\u00bb _builder_version=\u00a0\u00bb4.22.2&Prime; _module_preset=\u00a0\u00bbdefault\u00a0\u00bb border_radii=\u00a0\u00bboff|10px|500px|500px|10px\u00a0\u00bb global_colors_info=\u00a0\u00bb{}\u00a0\u00bb theme_builder_area=\u00a0\u00bbpost_content\u00a0\u00bb][\/et_pb_image][\/et_pb_column][\/et_pb_row][et_pb_row _builder_version=\u00a0\u00bb4.22.2&Prime; _module_preset=\u00a0\u00bbdefault\u00a0\u00bb global_colors_info=\u00a0\u00bb{}\u00a0\u00bb theme_builder_area=\u00a0\u00bbpost_content\u00a0\u00bb][et_pb_column type=\u00a0\u00bb4_4&Prime; _builder_version=\u00a0\u00bb4.22.2&Prime; _module_preset=\u00a0\u00bbdefault\u00a0\u00bb global_colors_info=\u00a0\u00bb{}\u00a0\u00bb theme_builder_area=\u00a0\u00bbpost_content\u00a0\u00bb][et_pb_divider _builder_version=\u00a0\u00bb4.22.2&Prime; _module_preset=\u00a0\u00bbdefault\u00a0\u00bb custom_margin=\u00a0\u00bb-10px|||||\u00a0\u00bb global_colors_info=\u00a0\u00bb{}\u00a0\u00bb theme_builder_area=\u00a0\u00bbpost_content\u00a0\u00bb][\/et_pb_divider][\/et_pb_column][\/et_pb_row][et_pb_row column_structure=\u00a0\u00bb1_4,1_4,1_4,1_4&Prime; _builder_version=\u00a0\u00bb4.22.2&Prime; _module_preset=\u00a0\u00bbdefault\u00a0\u00bb custom_margin=\u00a0\u00bb-34px|auto||auto||\u00a0\u00bb global_colors_info=\u00a0\u00bb{}\u00a0\u00bb theme_builder_area=\u00a0\u00bbpost_content\u00a0\u00bb][et_pb_column type=\u00a0\u00bb1_4&Prime; _builder_version=\u00a0\u00bb4.22.2&Prime; _module_preset=\u00a0\u00bbdefault\u00a0\u00bb global_colors_info=\u00a0\u00bb{}\u00a0\u00bb theme_builder_area=\u00a0\u00bbpost_content\u00a0\u00bb][et_pb_image src=\u00a0\u00bbhttps:\/\/www.claret.org\/wp-content\/uploads\/2023\/10\/CLARET-WAY-GLOBAL-NETWORK-OF-YOUNG-PEOPLE-OF-THE-CF-1-1.jpg\u00a0\u00bb title_text=\u00a0\u00bbCLARET WAY GLOBAL NETWORK OF YOUNG PEOPLE OF THE CF-1&Prime; url=\u00a0\u00bbhttps:\/\/www.claret.org\/download\/5110\/claret-way-fundamental-document\/157432\/en-claret-way-global-network-of-young-people-of-the-cf?lang=en\u00a0\u00bb _builder_version=\u00a0\u00bb4.22.2&Prime; _module_preset=\u00a0\u00bbdefault\u00a0\u00bb global_colors_info=\u00a0\u00bb{}\u00a0\u00bb theme_builder_area=\u00a0\u00bbpost_content\u00a0\u00bb][\/et_pb_image][et_pb_button button_url=\u00a0\u00bbhttps:\/\/www.claret.org\/download\/5110\/claret-way-fundamental-document\/157432\/en-claret-way-global-network-of-young-people-of-the-cf?lang=en\u00a0\u00bb button_text=\u00a0\u00bbT\u00e9l\u00e9charger English\u00a0\u00bb button_alignment=\u00a0\u00bbcenter\u00a0\u00bb _builder_version=\u00a0\u00bb4.22.2&Prime; _module_preset=\u00a0\u00bbdefault\u00a0\u00bb global_colors_info=\u00a0\u00bb{}\u00a0\u00bb theme_builder_area=\u00a0\u00bbpost_content\u00a0\u00bb][\/et_pb_button][\/et_pb_column][et_pb_column type=\u00a0\u00bb1_4&Prime; _builder_version=\u00a0\u00bb4.22.2&Prime; _module_preset=\u00a0\u00bbdefault\u00a0\u00bb global_colors_info=\u00a0\u00bb{}\u00a0\u00bb theme_builder_area=\u00a0\u00bbpost_content\u00a0\u00bb][et_pb_image src=\u00a0\u00bbhttps:\/\/www.claret.org\/wp-content\/uploads\/2023\/10\/CLARET-WAY-GLOBAL-RED-DE-JOVENES-DE-LA-FAMILIA-CLARETIANA-1-1.jpg\u00a0\u00bb title_text=\u00a0\u00bbCLARET WAY GLOBAL &#8211; RED DE J\u00d3VENES DE LA FAMILIA CLARETIANA-1&Prime; url=\u00a0\u00bbhttps:\/\/www.claret.org\/download\/5110\/claret-way-fundamental-document\/157433\/es-claret-way-global-red-de-jovenes-de-la-familia-claretiana?lang=en\u00a0\u00bb _builder_version=\u00a0\u00bb4.22.2&Prime; _module_preset=\u00a0\u00bbdefault\u00a0\u00bb global_colors_info=\u00a0\u00bb{}\u00a0\u00bb theme_builder_area=\u00a0\u00bbpost_content\u00a0\u00bb][\/et_pb_image][et_pb_button button_url=\u00a0\u00bbhttps:\/\/www.claret.org\/download\/5110\/claret-way-fundamental-document\/157433\/es-claret-way-global-red-de-jovenes-de-la-familia-claretiana?lang=en\u00a0\u00bb button_text=\u00a0\u00bbT\u00e9l\u00e9charger Espa\u00f1ol\u00a0\u00bb button_alignment=\u00a0\u00bbcenter\u00a0\u00bb _builder_version=\u00a0\u00bb4.22.2&Prime; _module_preset=\u00a0\u00bbdefault\u00a0\u00bb global_colors_info=\u00a0\u00bb{}\u00a0\u00bb theme_builder_area=\u00a0\u00bbpost_content\u00a0\u00bb][\/et_pb_button][\/et_pb_column][et_pb_column type=\u00a0\u00bb1_4&Prime; _builder_version=\u00a0\u00bb4.22.2&Prime; _module_preset=\u00a0\u00bbdefault\u00a0\u00bb global_colors_info=\u00a0\u00bb{}\u00a0\u00bb theme_builder_area=\u00a0\u00bbpost_content\u00a0\u00bb][et_pb_image src=\u00a0\u00bbhttps:\/\/www.claret.org\/wp-content\/uploads\/2023\/10\/CLARET-WAY-GLOBAL-REDE-DE-JOVENS-DA-FAMILIA-CLARETIANA-1.jpg\u00a0\u00bb title_text=\u00a0\u00bbCLARET WAY GLOBAL &#8211; REDE DE JOVENS DA FAM\u00cdLIA CLARETIANA-1&Prime; url=\u00a0\u00bbhttps:\/\/www.claret.org\/download\/5110\/claret-way-fundamental-document\/157431\/pt-claret-way-global-rede-de-jovens-da-familia-claretiana?lang=en\u00a0\u00bb _builder_version=\u00a0\u00bb4.22.2&Prime; _module_preset=\u00a0\u00bbdefault\u00a0\u00bb global_colors_info=\u00a0\u00bb{}\u00a0\u00bb theme_builder_area=\u00a0\u00bbpost_content\u00a0\u00bb][\/et_pb_image][et_pb_button button_url=\u00a0\u00bbhttps:\/\/www.claret.org\/download\/5110\/claret-way-fundamental-document\/157431\/pt-claret-way-global-rede-de-jovens-da-familia-claretiana?lang=en\u00a0\u00bb button_text=\u00a0\u00bbT\u00e9l\u00e9charger Portugu\u00eas \u00a0\u00bb _builder_version=\u00a0\u00bb4.22.2&Prime; _module_preset=\u00a0\u00bbdefault\u00a0\u00bb custom_button=\u00a0\u00bbon\u00a0\u00bb button_text_size=\u00a0\u00bb19px\u00a0\u00bb global_colors_info=\u00a0\u00bb{}\u00a0\u00bb theme_builder_area=\u00a0\u00bbpost_content\u00a0\u00bb][\/et_pb_button][\/et_pb_column][et_pb_column type=\u00a0\u00bb1_4&Prime; _builder_version=\u00a0\u00bb4.22.2&Prime; _module_preset=\u00a0\u00bbdefault\u00a0\u00bb global_colors_info=\u00a0\u00bb{}\u00a0\u00bb theme_builder_area=\u00a0\u00bbpost_content\u00a0\u00bb][et_pb_image src=\u00a0\u00bbhttps:\/\/www.claret.org\/wp-content\/uploads\/2023\/10\/CLARET-WAY-GLOBAL-RESEAU-DE-JEUNES-DE-LA-FAMILLE-CLARETAINE-1.jpg\u00a0\u00bb title_text=\u00a0\u00bbCLARET WAY GLOBAL &#8211; R\u00c9SEAU DE JEUNES DE LA FAMILLE CLAR\u00c9TAINE-1&Prime; url=\u00a0\u00bbhttps:\/\/www.claret.org\/download\/5110\/claret-way-fundamental-document\/157434\/fh-claret-way-global-reseau-de-jeunes-de-la-famille-claretaine?lang=en\u00a0\u00bb _builder_version=\u00a0\u00bb4.22.2&Prime; _module_preset=\u00a0\u00bbdefault\u00a0\u00bb global_colors_info=\u00a0\u00bb{}\u00a0\u00bb theme_builder_area=\u00a0\u00bbpost_content\u00a0\u00bb][\/et_pb_image][et_pb_button button_url=\u00a0\u00bbhttps:\/\/www.claret.org\/download\/5110\/claret-way-fundamental-document\/157434\/fh-claret-way-global-reseau-de-jeunes-de-la-famille-claretaine?lang=en\u00a0\u00bb button_text=\u00a0\u00bbT\u00e9l\u00e9charger Fran\u00e7ais\u00a0\u00bb button_alignment=\u00a0\u00bbcenter\u00a0\u00bb _builder_version=\u00a0\u00bb4.22.2&Prime; _module_preset=\u00a0\u00bbdefault\u00a0\u00bb global_colors_info=\u00a0\u00bb{}\u00a0\u00bb theme_builder_area=\u00a0\u00bbpost_content\u00a0\u00bb][\/et_pb_button][\/et_pb_column][\/et_pb_row][\/et_pb_section]<\/p>\n","protected":false},"excerpt":{"rendered":"<p>Claret &#8211; WayLe r\u00e9seau mondial des jeunes Clar\u00e9tains relie tous les jeunes \u00e2g\u00e9s de 18 \u00e0 30 ans, issus des r\u00e9alit\u00e9s de la famille clar\u00e9taine, en int\u00e9grant les propositions locales et r\u00e9gionales de la YVM dans la CF, afin d&rsquo;offrir des exp\u00e9riences et des espaces de communion dans la mission universelle de l&rsquo;\u00c9glise sous notre [&hellip;]<\/p>\n","protected":false},"author":69,"featured_media":0,"parent":0,"menu_order":0,"comment_status":"closed","ping_status":"closed","template":"","meta":{"_et_pb_use_builder":"on","_et_pb_old_content":"","_et_gb_content_width":"","footnotes":""},"class_list":["post-179448","page","type-page","status-publish","hentry"],"jetpack_sharing_enabled":true,"jetpack_shortlink":"https:\/\/wp.me\/PdaBmi-KGk","jetpack_likes_enabled":true,"_links":{"self":[{"href":"https:\/\/www.claret.org\/fr\/wp-json\/wp\/v2\/pages\/179448","targetHints":{"allow":["GET"]}}],"collection":[{"href":"https:\/\/www.claret.org\/fr\/wp-json\/wp\/v2\/pages"}],"about":[{"href":"https:\/\/www.claret.org\/fr\/wp-json\/wp\/v2\/types\/page"}],"author":[{"embeddable":true,"href":"https:\/\/www.claret.org\/fr\/wp-json\/wp\/v2\/users\/69"}],"replies":[{"embeddable":true,"href":"https:\/\/www.claret.org\/fr\/wp-json\/wp\/v2\/comments?post=179448"}],"version-history":[{"count":2,"href":"https:\/\/www.claret.org\/fr\/wp-json\/wp\/v2\/pages\/179448\/revisions"}],"predecessor-version":[{"id":179450,"href":"https:\/\/www.claret.org\/fr\/wp-json\/wp\/v2\/pages\/179448\/revisions\/179450"}],"wp:attachment":[{"href":"https:\/\/www.claret.org\/fr\/wp-json\/wp\/v2\/media?parent=179448"}],"curies":[{"name":"wp","href":"https:\/\/api.w.org\/{rel}","templated":true}]}}