{"id":24834,"date":"2018-07-24T19:20:43","date_gmt":"2018-07-24T17:20:43","guid":{"rendered":"https:\/\/www.claret.org\/claretains\/calendrier-claretain\/p-clement-serrat-superieur-general\/"},"modified":"2022-04-07T16:18:59","modified_gmt":"2022-04-07T14:18:59","slug":"p-clement-serrat-superieur-general","status":"publish","type":"page","link":"https:\/\/www.claret.org\/fr\/calendrier\/p-clement-serrat-superieur-general\/","title":{"rendered":"P. CL\u00c9MENT SERRAT Sup\u00e9rieur G\u00e9n\u00e9ral"},"content":{"rendered":"<p><img data-recalc-dims=\"1\" loading=\"lazy\" decoding=\"async\" data-attachment-id=\"24828\" data-permalink=\"https:\/\/www.claret.org\/fr\/calendrier\/p-clement-serrat-superieur-general\/01-clemente_serrat-2\/\" data-orig-file=\"https:\/\/i0.wp.com\/www.claret.org\/wp-content\/uploads\/2018\/07\/01-clemente_serrat.jpg?fit=768%2C1024&amp;ssl=1\" data-orig-size=\"768,1024\" data-comments-opened=\"0\" data-image-meta=\"{&quot;aperture&quot;:&quot;0&quot;,&quot;credit&quot;:&quot;&quot;,&quot;camera&quot;:&quot;&quot;,&quot;caption&quot;:&quot;&quot;,&quot;created_timestamp&quot;:&quot;0&quot;,&quot;copyright&quot;:&quot;&quot;,&quot;focal_length&quot;:&quot;0&quot;,&quot;iso&quot;:&quot;0&quot;,&quot;shutter_speed&quot;:&quot;0&quot;,&quot;title&quot;:&quot;&quot;,&quot;orientation&quot;:&quot;1&quot;}\" data-image-title=\"01-clemente_serrat\" data-image-description=\"\" data-image-caption=\"\" data-large-file=\"https:\/\/i0.wp.com\/www.claret.org\/wp-content\/uploads\/2018\/07\/01-clemente_serrat.jpg?fit=768%2C1024&amp;ssl=1\" class=\"alignleft size-medium wp-image-24828\" src=\"https:\/\/i0.wp.com\/www.claret.org\/wp-content\/uploads\/2018\/07\/01-clemente_serrat.jpg?resize=225%2C300&#038;ssl=1\" alt=\"\" width=\"225\" height=\"300\" title=\"\" srcset=\"https:\/\/i0.wp.com\/www.claret.org\/wp-content\/uploads\/2018\/07\/01-clemente_serrat.jpg?resize=225%2C300&amp;ssl=1 225w, https:\/\/i0.wp.com\/www.claret.org\/wp-content\/uploads\/2018\/07\/01-clemente_serrat.jpg?w=768&amp;ssl=1 768w\" sizes=\"(max-width: 225px) 100vw, 225px\" \/>Il est n\u00e9 \u00e0 Gurb (Barcelone, Espagne) le 12 Jnvier 1832. Il \u00e9tudia au s\u00e9minaire de Vic et fut ordonn\u00e9 pr\u00eatre le 26 septembre 1856. Il travailla comme vicaire d\u2019Olost (Barcelone-Espagne) pendant une ann\u00e9e et entra dans notre Congr\u00e9gation le 3 juillet 1859.<\/div>\n<div><\/div>\n<div>Un jour, le P. Claret dit au P. Xifr\u00e9: Garede-moi ce jeune homme; il sera un vrai tr\u00e9sor pour la Congr\u00e9gation. Il fit sa profession \u00e0 S\u00e9govie dans les mains du Fondateur le 25 ao\u00fbt 1862. \u00c0 l\u2019\u00e2ge de 29 ans, il fut nomm\u00e9 sup\u00e9rieur de la maison de S\u00e9govie, o\u00f9 il demeura jusqu\u2019\u00e0 la r\u00e9volution de 1868, pendant laquelle il se r\u00e9fugia en France. Plus tard, quand le P. Pablo Valier fut destin\u00e9 au Chili en 1869, il fut nomm\u00e9 ma\u00eetre de novices, charge qu\u2019il exer\u00e7a \u00e0 Prades, \u00e0 Thuir et \u00e0 Vic de 1870  \u00e0 1878.<\/div>\n<div><\/div>\n<div>Plus tard, il travailla comme formateur dans les scolasticats de Gracia, Santo Domingo de la Calzada et Cervera. Il exer\u00e7a aussi la charge de sup\u00e9rieur local de Vic, Gracia, Santo Domingo de la Calzada et Cervera.<\/div>\n<div><\/div>\n<div>En 1876, il fut \u00e9lu conseiller g\u00e9n\u00e9ral, charge qu\u2019il occupa jusqu\u2019en 1888, ann\u00e9e o\u00f9 il fut \u00e9lu Sous-Directeur g\u00e9n\u00e9ral. \u00c0 la mort du P. Xifr\u00e9, il fut \u00e9lu Sup\u00e9rieur G\u00e9n\u00e9ral dans le VIII Chapitre G\u00e9n\u00e9ral, tenu \u00e0 Vic en d\u00e9cembre 1899.<\/div>\n<div><\/div>\n<div>Le P. Clemente Serrat adressa \u00e0 la Congr\u00e9gation une tr\u00e8s belle circulaire sur la Vocation Religieuse pour susciter dans le coeur de ses fr\u00e8res l\u2019action de gr\u00e2ce au Seigneur pour le don de la vocation. En se servant des paroles de saint Paul: Je vous exhorte \u00e0 mener une vie digne de l\u2019appel que vous avez re\u00e7u (Eph 4, 1-3), il exhorte vivement ses confr\u00e8res \u00e0 rester toujours fid\u00e8les \u00e0 la vocation qu\u2019ils ont re\u00e7ue et \u00e0 \u00eatre toujours des fid\u00e8les imitateurs des vertus du divin Ma\u00eetre.<\/div>\n<div><\/div>\n<div>Dans les six ann\u00e9es de sa charge, il fonda 24 maisons et inaugura les noviciats de Vic et de S\u00e9govie et, en 1905, il \u00e9tablit le coll\u00e8ge central \u00e0 Aranda de Duero. Pendant son g\u00e9n\u00e9ralat, en 1900, la Congr\u00e9gation accepta la premi\u00e8re paroisse, celle d\u2019Andacollo, au Chili, on fonda aux \u00c9tats-Unis (1902) et on cr\u00e9a la province de B\u00e9tica (1904). \u00c9galement, on \u00e9crivit la premi\u00e8re histoire de la Congr\u00e9gation.<\/div>\n<div><\/div>\n<div>Il est d\u00e9c\u00e9d\u00e9 saintement \u00e0 S\u00e9govie le 6 janvier 1906. Il s\u2019est disting\u00e9 par sa d\u00e9licatesse, sa prudence et sa charit\u00e9. Il a trait\u00e9 toujours ses fr\u00e8res de communaut\u00e9 avec un grand repect et une affection extraordinaire.<\/div>\n<\/div>\n","protected":false},"excerpt":{"rendered":"<p>Il est n\u00e9 \u00e0 Gurb (Barcelone, Espagne) le 12 Jnvier 1832. Il \u00e9tudia au s\u00e9minaire de Vic et fut ordonn\u00e9 pr\u00eatre le 26 septembre 1856. Il travailla comme vicaire d\u2019Olost (Barcelone-Espagne) pendant une ann\u00e9e et entra dans notre Congr\u00e9gation le 3 juillet 1859. Un jour, le P. Claret dit au P. Xifr\u00e9: Garede-moi ce jeune [&hellip;]<\/p>\n","protected":false},"author":69,"featured_media":24828,"parent":33291,"menu_order":0,"comment_status":"closed","ping_status":"closed","template":"page-template-fullwidth.php","meta":{"_et_pb_use_builder":"","_et_pb_old_content":"","_et_gb_content_width":"","footnotes":""},"class_list":["post-24834","page","type-page","status-publish","has-post-thumbnail","hentry"],"jetpack_sharing_enabled":true,"jetpack_shortlink":"https:\/\/wp.me\/PdaBmi-6sy","jetpack_likes_enabled":true,"_links":{"self":[{"href":"https:\/\/www.claret.org\/fr\/wp-json\/wp\/v2\/pages\/24834","targetHints":{"allow":["GET"]}}],"collection":[{"href":"https:\/\/www.claret.org\/fr\/wp-json\/wp\/v2\/pages"}],"about":[{"href":"https:\/\/www.claret.org\/fr\/wp-json\/wp\/v2\/types\/page"}],"author":[{"embeddable":true,"href":"https:\/\/www.claret.org\/fr\/wp-json\/wp\/v2\/users\/69"}],"replies":[{"embeddable":true,"href":"https:\/\/www.claret.org\/fr\/wp-json\/wp\/v2\/comments?post=24834"}],"version-history":[{"count":0,"href":"https:\/\/www.claret.org\/fr\/wp-json\/wp\/v2\/pages\/24834\/revisions"}],"up":[{"embeddable":true,"href":"https:\/\/www.claret.org\/fr\/wp-json\/wp\/v2\/pages\/33291"}],"wp:featuredmedia":[{"embeddable":true,"href":"https:\/\/www.claret.org\/fr\/wp-json\/wp\/v2\/media\/24828"}],"wp:attachment":[{"href":"https:\/\/www.claret.org\/fr\/wp-json\/wp\/v2\/media?parent=24834"}],"curies":[{"name":"wp","href":"https:\/\/api.w.org\/{rel}","templated":true}]}}