{"id":26669,"date":"2018-08-21T10:19:30","date_gmt":"2018-08-21T08:19:30","guid":{"rendered":"https:\/\/www.claret.org\/4-de-fevrier-venerable-p-jacques-clotet-cofondateur\/"},"modified":"2022-07-06T22:52:05","modified_gmt":"2022-07-06T20:52:05","slug":"4-de-fevrier-venerable-p-jacques-clotet-cofondateur","status":"publish","type":"page","link":"https:\/\/www.claret.org\/fr\/calendrier\/4-de-fevrier-venerable-p-jacques-clotet-cofondateur\/","title":{"rendered":"4 de F\u00e9vrier &#8211; V\u00c9N\u00c9RABLE P. JACQUES CLOTET Cofondateur"},"content":{"rendered":"<p>Aujourd\u2019hui, nous faisons m\u00e9moire du v\u00e9n\u00e9rable P. Jacques Clotet, cofondateur de la Congr\u00e9gation. Il est n\u00e9 le 24 juillet 1822 \u00e0 Manr\u00e8se (Barcelone, Espagne). Il fut le dernier-n\u00e9 parmi les huit fr\u00e8res. Il fut baptis\u00e9 le m\u00eame jour de sa naissance. Il fit les trois premi\u00e8res ann\u00e9es de ses \u00e9tudes chez les j\u00e9suites de sa ville natale. Il s\u2019est rendu \u00e0 Barcelone pour \u00e9tudier la rh\u00e9torique et la philosophie dans l\u2019Institut d\u2019enseignement secondaire de l\u2019Universit\u00e9 de cette ville.<\/p>\n<p style=\"text-align: justify;\"><img data-recalc-dims=\"1\" loading=\"lazy\" decoding=\"async\" data-attachment-id=\"127663\" data-permalink=\"https:\/\/www.claret.org\/fr\/calendrier\/4-de-fevrier-venerable-p-jacques-clotet-cofondateur\/cof3-clotetjaime-2\/\" data-orig-file=\"https:\/\/i0.wp.com\/www.claret.org\/wp-content\/uploads\/2022\/07\/Cof3-ClotetJaime.jpg?fit=1491%2C1987&amp;ssl=1\" data-orig-size=\"1491,1987\" data-comments-opened=\"0\" data-image-meta=\"{&quot;aperture&quot;:&quot;0&quot;,&quot;credit&quot;:&quot;&quot;,&quot;camera&quot;:&quot;&quot;,&quot;caption&quot;:&quot;&quot;,&quot;created_timestamp&quot;:&quot;0&quot;,&quot;copyright&quot;:&quot;&quot;,&quot;focal_length&quot;:&quot;0&quot;,&quot;iso&quot;:&quot;0&quot;,&quot;shutter_speed&quot;:&quot;0&quot;,&quot;title&quot;:&quot;&quot;,&quot;orientation&quot;:&quot;0&quot;}\" data-image-title=\"Cof3-ClotetJaime\" data-image-description=\"\" data-image-caption=\"\" data-large-file=\"https:\/\/i0.wp.com\/www.claret.org\/wp-content\/uploads\/2022\/07\/Cof3-ClotetJaime.jpg?fit=768%2C1024&amp;ssl=1\" class=\"wp-image-127663  alignleft\" src=\"https:\/\/i0.wp.com\/www.claret.org\/wp-content\/uploads\/2022\/07\/Cof3-ClotetJaime.jpg?resize=404%2C538&#038;ssl=1\" alt=\"\" width=\"404\" height=\"538\" title=\"\"><\/p>\n<p>\u00c0 l\u2019\u00e2ge de 17 ans, il entra dans le S\u00e9minaire de Barcelonne, o\u00f9 il commen\u00e7a les \u00e9tudes eccl\u00e9siastiques, qu\u2019il conclut, ensuite, \u00e0 Vic. \u00c0 cause de la pers\u00e9cution de l\u2019\u00c9glise en Espagne, il est partit en France et \u00e0 Rome, o\u00f9 il fut ordonn\u00e9 pr\u00eatre le 20 juillet 1845. De retour en Espagne , il fut envoy\u00e9 \u00e0 Castellfollit del Boix comme vicaire \u00a0\u00e9conome, parroisse situ\u00e9e en face de Montserrat. En 1847, il fut nomm\u00e9 cur\u00e9 de Santa Mar\u00eda de Civit, un autre petit village situ\u00e9 dans la montagne.<\/p>\n<p>Ces quatre ann\u00e9es de minist\u00e8re ont \u00e9t\u00e9 pour lui excellentes, mais il se sentait dans son c\u0153ur inclin\u00e9 \u00e0 la vie missionnaire. C\u2019est pourquoi, en juin 1849, il exposa \u00e0 son \u00c9v\u00eaque, Mgr Lucien Casadevall, ses d\u00e9sirs de quitter la paroisse. Cette interruption de son minist\u00e8re paroissial fut providentielle : elle lui permit d\u2019entrer en contact avec le P. Claret, qui \u00e9tait en train de fonder une nouvelle Congr\u00e9gation. En effet, nous rencontrons le P. Jacques Clotet, le 16 juillet de cette m\u00eame ann\u00e9e, dans le groupe de cofondateurs de la Congr\u00e9gation ; il \u00e9tait le plus jeune de tous. Le P. Clotet d\u00e9couvrait ainsi sa vocation d\u00e9finitive et trouvait dans la nouvelle Congr\u00e9gation le meilleur endroit pour la vivre.<\/p>\n<p>Pendant ses premi\u00e8res ann\u00e9es de minist\u00e8re dans la Congr\u00e9gation, il se livra tout entier aux missions populaires, \u00a0aux exercices spirituels et, surtout, \u00e0 la cath\u00e9ch\u00e8se, minist\u00e8re qu\u2019il aimait et pour lequel il se sentait bien pr\u00e9par\u00e9. Le P. Clotet s\u2019est senti pleinement identifi\u00e9 avec l\u2019esprit et le style de vie des clar\u00e9tains, en alternant quelques mois de vie domestique, consacr\u00e9s \u00e0 la pri\u00e8re et \u00e0 l\u2019\u00e9tude, avec d\u2019autres mois consacr\u00e9s \u00e0 la pr\u00e9dication missionnaire.<\/p>\n<p>Le P. Clotet fut le premier Sous-directeur G\u00e9n\u00e9ral de la Congr\u00e9gation ; il fut \u00a0choisi pour ce poste en 1858, quand, apr\u00e8s la mort du P. Sala, le P. Xifr\u00e9 \u00a0\u00e9tait \u00e9lu Sup\u00e9rieur G\u00e9n\u00e9ral, charge qu\u2019il \u00a0exer\u00e7a \u00a0pendant 30 ann\u00e9es cons\u00e9cutives.<\/p>\n<p>Son amour filial envers le P. Claret l\u2019amena \u00e0 se mettre en quatre pour compiler tous les faits et t\u00e9moignages qui permettraient de reconna\u00eetre sa saintet\u00e9 et d\u2019initier ainsi le proc\u00e8s de sa b\u00e9atification.<\/p>\n<p>Sa vie refl\u00e9ta toujours un halo de saintet\u00e9 \u00e9vang\u00e9lique. Son apport fut fondamental pour l\u2019histoire du jeune Institut et pour la transmission vivante et enthousiaste de notre charisme originel. Il v\u00e9cut avec joie et pl\u00e9nitude son identit\u00e9 clar\u00e9taine comme homme contemplatif et comme ap\u00f4tre missionnaire.<\/p>\n","protected":false},"excerpt":{"rendered":"<p>Aujourd\u2019hui, nous faisons m\u00e9moire du v\u00e9n\u00e9rable P. Jacques Clotet, cofondateur de la Congr\u00e9gation. Il est n\u00e9 le 24 juillet 1822 \u00e0 Manr\u00e8se (Barcelone, Espagne). Il fut le dernier-n\u00e9 parmi les huit fr\u00e8res. Il fut baptis\u00e9 le m\u00eame jour de sa naissance. Il fit les trois premi\u00e8res ann\u00e9es de ses \u00e9tudes chez les j\u00e9suites de sa [&hellip;]<\/p>\n","protected":false},"author":69,"featured_media":26659,"parent":33291,"menu_order":0,"comment_status":"closed","ping_status":"closed","template":"","meta":{"_et_pb_use_builder":"","_et_pb_old_content":"","_et_gb_content_width":"","footnotes":""},"class_list":["post-26669","page","type-page","status-publish","has-post-thumbnail","hentry"],"jetpack_sharing_enabled":true,"jetpack_shortlink":"https:\/\/wp.me\/PdaBmi-6W9","jetpack_likes_enabled":true,"_links":{"self":[{"href":"https:\/\/www.claret.org\/fr\/wp-json\/wp\/v2\/pages\/26669","targetHints":{"allow":["GET"]}}],"collection":[{"href":"https:\/\/www.claret.org\/fr\/wp-json\/wp\/v2\/pages"}],"about":[{"href":"https:\/\/www.claret.org\/fr\/wp-json\/wp\/v2\/types\/page"}],"author":[{"embeddable":true,"href":"https:\/\/www.claret.org\/fr\/wp-json\/wp\/v2\/users\/69"}],"replies":[{"embeddable":true,"href":"https:\/\/www.claret.org\/fr\/wp-json\/wp\/v2\/comments?post=26669"}],"version-history":[{"count":0,"href":"https:\/\/www.claret.org\/fr\/wp-json\/wp\/v2\/pages\/26669\/revisions"}],"up":[{"embeddable":true,"href":"https:\/\/www.claret.org\/fr\/wp-json\/wp\/v2\/pages\/33291"}],"wp:featuredmedia":[{"embeddable":true,"href":"https:\/\/www.claret.org\/fr\/wp-json\/wp\/v2\/media\/26659"}],"wp:attachment":[{"href":"https:\/\/www.claret.org\/fr\/wp-json\/wp\/v2\/media?parent=26669"}],"curies":[{"name":"wp","href":"https:\/\/api.w.org\/{rel}","templated":true}]}}