{"id":26687,"date":"2018-08-21T10:59:01","date_gmt":"2018-08-21T08:59:01","guid":{"rendered":"https:\/\/www.claret.org\/11-de-fevrier-approbation-de-nos-constitutions\/"},"modified":"2018-08-21T21:01:27","modified_gmt":"2018-08-21T19:01:27","slug":"11-de-fevrier-approbation-de-nos-constitutions","status":"publish","type":"page","link":"https:\/\/www.claret.org\/fr\/calendrier\/11-de-fevrier-approbation-de-nos-constitutions\/","title":{"rendered":"11 de F\u00e9vrier &#8211; APPROBATION DE NOS CONSTITUTIONS"},"content":{"rendered":"<div>Le 11 f\u00e9vrier est pour nous une date significative puisqu\u2019elle nous permet de rendre gr\u00e2ce \u00e0 Dieu en faisant m\u00e9moire des constitutions que notre saint Fondateur a don\u00e9es \u00e0 la Congr\u00e9gation et que l\u2019\u00c9glise a reconnues comme un chemin \u00e9vang\u00e9lique authentique, capable d\u2019orienter notre imitation de J\u00e9sus.<\/div>\n<p><img data-recalc-dims=\"1\" loading=\"lazy\" decoding=\"async\" class=\"alignleft wp-image-26677\" src=\"https:\/\/i0.wp.com\/www.claret.org\/wp-content\/uploads\/2018\/08\/6-b-claret__constituciones.jpg?resize=182%2C312&#038;ssl=1\" alt=\"\" width=\"182\" height=\"312\" title=\"\" srcset=\"https:\/\/i0.wp.com\/www.claret.org\/wp-content\/uploads\/2018\/08\/6-b-claret__constituciones.jpg?w=597&amp;ssl=1 597w, https:\/\/i0.wp.com\/www.claret.org\/wp-content\/uploads\/2018\/08\/6-b-claret__constituciones.jpg?resize=175%2C300&amp;ssl=1 175w\" sizes=\"(max-width: 182px) 100vw, 182px\" \/><\/p>\n<div>En effet, en cette f\u00eate de 1870, et apr\u00e8s la demande pr\u00e9sent\u00e9e \u00e0 Rome personnellement par le Fondateur, nos constitutions furent approuv\u00e9es par le Pape Pie XI. \u00c0 son tour, et comme signe de continuit\u00e9 historique, le 11 f\u00e9vrier 1982 est aussi la date o\u00f9 est issu le D\u00e9cret de la Congr\u00e9gaytion d\u2019Instituts Religieux et de Soci\u00e9t\u00e9s de Vie Apostolique par lequel est approuv\u00e9e la r\u00e9vision pot-conciliaire de nos Constitutions.<\/div>\n<div>Pourquoi c\u00e9l\u00e9brons-nous la f\u00eate de l\u2019approbation de nos Constitutions, aussi bien en leur texte primitif qu\u2019en leur texte post-conciliaire ? M\u00eame si elles ne sont qu\u2019un tout petit livret, sans pr\u00e9tensions de trait\u00e9 th\u00e9ologique ou historique, elles sont notre livre de vie, dont la raison d\u2019\u00eatre consiste en notre volont\u00e9 de le traduire en vie et exp\u00e9rience missionnaires. En tant que livre de vie, elles nous permettent de retracer le chemin qu\u2019ont suivi, comme disciples du Christ, notre P\u00e8re Fondateur et beaucoup de nos fr\u00e8res : une exp\u00e9rience qui vaut la peine d\u2019\u00eatre v\u00e9cue avec eux \u00e0 la suite de J\u00e9sus. Ce petit livre r\u00e9sume et transmet la m\u00eame exp\u00e9rience \u00e9vang\u00e9lique que Claret a exprim\u00e9e dans son Autobiographie.<\/div>\n<div><\/div>\n<div>D\u2019autre part, dans notre r\u00e8gle de vie, nous trouvons les cl\u00e9s qui rendent r\u00e9elle et significative notre appartenence \u00e0 l\u2019\u00c9glise de J\u00e9sus ; c\u2019est la r\u00e9alit\u00e9 de l\u2019\u00c9glise qui donne un sens \u00e0 notre langage, quand nous parlons de communaut\u00e9, de mission, d\u2019identification avec le Christ, d\u2019options pour le Royaume, de service aux humbles : langage qui exprime et donne sens et consistance \u00e0 notre projet de vie.<\/div>\n<div><\/div>\n<div>Et, par-dessus tout, en nous souvenant de nos Constitutions, nous rendons gr\u00e2ce \u00e0 Dieu et nous c\u00e9l\u00e9brons le meilleur don que nous avons re\u00e7u de lui : l\u2019implantation du J\u00e9sus de l\u2019\u00c9vangile dans le centre de notre existence. Ses paroles, ses faits, ses gestes quotidiens, ainsi que sa mort et sa r\u00e9surrection, deviennent pour nous, dans les Constitutions,  une proposition pour apprendre, un engagement \u00e0 vivre et une joyeuse esp\u00e9rance de notre pl\u00e9nitude en J\u00e9sus-Christ.<\/div>\n","protected":false},"excerpt":{"rendered":"<p>Le 11 f\u00e9vrier est pour nous une date significative puisqu\u2019elle nous permet de rendre gr\u00e2ce \u00e0 Dieu en faisant m\u00e9moire des constitutions que notre saint Fondateur a don\u00e9es \u00e0 la Congr\u00e9gation et que l\u2019\u00c9glise a reconnues comme un chemin \u00e9vang\u00e9lique authentique, capable d\u2019orienter notre imitation de J\u00e9sus. En effet, en cette f\u00eate de 1870, et [&hellip;]<\/p>\n","protected":false},"author":69,"featured_media":26678,"parent":33291,"menu_order":0,"comment_status":"closed","ping_status":"closed","template":"","meta":{"_et_pb_use_builder":"","_et_pb_old_content":"","_et_gb_content_width":"","footnotes":""},"class_list":["post-26687","page","type-page","status-publish","has-post-thumbnail","hentry"],"jetpack_sharing_enabled":true,"jetpack_shortlink":"https:\/\/wp.me\/PdaBmi-6Wr","jetpack_likes_enabled":true,"_links":{"self":[{"href":"https:\/\/www.claret.org\/fr\/wp-json\/wp\/v2\/pages\/26687","targetHints":{"allow":["GET"]}}],"collection":[{"href":"https:\/\/www.claret.org\/fr\/wp-json\/wp\/v2\/pages"}],"about":[{"href":"https:\/\/www.claret.org\/fr\/wp-json\/wp\/v2\/types\/page"}],"author":[{"embeddable":true,"href":"https:\/\/www.claret.org\/fr\/wp-json\/wp\/v2\/users\/69"}],"replies":[{"embeddable":true,"href":"https:\/\/www.claret.org\/fr\/wp-json\/wp\/v2\/comments?post=26687"}],"version-history":[{"count":0,"href":"https:\/\/www.claret.org\/fr\/wp-json\/wp\/v2\/pages\/26687\/revisions"}],"up":[{"embeddable":true,"href":"https:\/\/www.claret.org\/fr\/wp-json\/wp\/v2\/pages\/33291"}],"wp:featuredmedia":[{"embeddable":true,"href":"https:\/\/www.claret.org\/fr\/wp-json\/wp\/v2\/media\/26678"}],"wp:attachment":[{"href":"https:\/\/www.claret.org\/fr\/wp-json\/wp\/v2\/media?parent=26687"}],"curies":[{"name":"wp","href":"https:\/\/api.w.org\/{rel}","templated":true}]}}