{"id":26892,"date":"2018-08-22T05:51:22","date_gmt":"2018-08-22T03:51:22","guid":{"rendered":"https:\/\/www.claret.org\/24-de-fevrier-p-nicolas-garcia-superieur-general\/"},"modified":"2018-08-22T05:51:22","modified_gmt":"2018-08-22T03:51:22","slug":"24-de-fevrier-p-nicolas-garcia-superieur-general","status":"publish","type":"page","link":"https:\/\/www.claret.org\/fr\/calendrier\/24-de-fevrier-p-nicolas-garcia-superieur-general\/","title":{"rendered":"24 de F\u00e9vrier &#8211; P. NICOL\u00c1S GARC\u00cdA Sup\u00e9rieur G\u00e9n\u00e9ral"},"content":{"rendered":"<div style=\"text-align: justify;\">Le P. Nicol\u00e1s Garc\u00eda est n\u00e9 \u00e0 Hormicedo (Burgos \u2013 Espagne) le 23 d\u00e9cembre 1869. Il a fait ses \u00e9rudes secondaires dans le petit s\u00e9minaire clar\u00e9tain de S\u00e9govie et fit sa premi\u00e8re profession \u00e0 Alag\u00f3n (Zaragosse- Espagne) le 16 d\u00e9cembre 1886. Il fut ordonn\u00e9 pr\u00eatre \u00e0 Santo Domingo de la Calzada (Logro\u00f1o \u2013 Espagne) le 13 mai  1894 et fut envoy\u00e9 en Italie comme sup\u00e9rieuir local de la maison de San Felice (Spoleto \u2013 Italie). De retour en Espagne, il fut professeur de philosophie \u00e0 Cervera et, plus tard, sup\u00e9rieur de la maison de Zamora.<\/div>\n<div style=\"text-align: justify;\"><img data-recalc-dims=\"1\" loading=\"lazy\" decoding=\"async\" class=\"wp-image-26874 alignleft\" src=\"https:\/\/i0.wp.com\/www.claret.org\/wp-content\/uploads\/2018\/08\/07-nicolas_garca.jpg?resize=285%2C428&#038;ssl=1\" alt=\"\" width=\"285\" height=\"428\" title=\"\" srcset=\"https:\/\/i0.wp.com\/www.claret.org\/wp-content\/uploads\/2018\/08\/07-nicolas_garca.jpg?w=682&amp;ssl=1 682w, https:\/\/i0.wp.com\/www.claret.org\/wp-content\/uploads\/2018\/08\/07-nicolas_garca.jpg?resize=200%2C300&amp;ssl=1 200w\" sizes=\"(max-width: 285px) 100vw, 285px\" \/>En 1912, il fut nomm\u00e9 Sup\u00e9rieur Provincial de B\u00e9tica, charge pour laquelle il fut r\u00e9\u00e9lu en 1918 pour un autre terme de six ans. En 1922, il fut \u00e9lu Sup\u00e9rieur G\u00e9n\u00e9ral pour douze ans (1922-1934) dans le XII Chapitre G\u00e9n\u00e9ral (Vic- Espagne, 1922). Apr\u00e8s la mort soudaine de son successeur, le Rsme. P. Felipe Maroto en 1937, il fut \u00e9lu de nouveau au poste de Sup\u00e9rieur G\u00e9n\u00e9ral pour la p\u00e9riode 1937-1949 dans le  XIV Chapitre G\u00e9n\u00e9ral (Albano \u2013 Italie, 1937). Malgr\u00e9 les difficult\u00e9s dans le secteur des vocations et de la formation qu\u2019il a d\u00fb affronter pendant ses deux mandats, il fit un travail extraordinaire pour la croissance de la Congr\u00e9gation, tant au niveau de la quantit\u00e9 que de la qualit\u00e9. Il est d\u00e9c\u00e9d\u00e9 \u00e0 Rome le 24 f\u00e9vrier 1950. Il fut un religieux exemplaire en tous les domaines, toujours fid\u00e8le au project de vie exprim\u00e9 dans les Constitutions et toujours anim\u00e9 d\u2019un grand amour \u00e0 l\u2019\u00c9glise et \u00e0 la Congr\u00e9gation.<\/div>\n<div style=\"text-align: justify;\"><\/div>\n<div style=\"text-align: justify;\">Il r\u00e9alisa une centaine de fondations, il d\u00e9veloppa dans la Congr\u00e9gation la dimension \u201cad gentes\u201d en acceptant les missions de Dari\u00e9n, de Tocantins et de  la Chine. Il se p\u00e9occupa \u00e9norm\u00e9ment de la qualification scientifique et pastorale des missionnaires. \u00c0 la veille du centenaire de sa fondation, la Congr\u00e9gation comptait  2.638 prof\u00e8s et 160 novices. Le point le plus saillant, ce fut l\u2019expansion de la Congr\u00e9gation en dehors d\u2019Espagne. Elle comptait 240 maisons, dont 97 en Europe, 8 en Asie, 11 en Afrique et 124 en Am\u00e9rique, qui formaient 10 provinces, 2 vice-provinces et 5 d\u00e9l\u00e9gations. Parmi les dignit\u00e9s hi\u00e9rarchiques de l\u2019\u00c9glise, la Congr\u00e9gation comptait 3 archev\u00eaques, 8 \u00e9v\u00eaques, 1 vicaire apostolique et 6 pr\u00e9fets apostoliques.<\/div>\n<div style=\"text-align: justify;\"><\/div>\n<div style=\"text-align: justify;\">Le P\u00e8re Garc\u00eda nous a laiss\u00e9, aussi, un magist\u00e8re exceptionnel en doctrine sur la vie religieuse, sur la dimmension charismatique et sur les domaines de la formation et de la pastorale vocationnelle. Apr\u00e8s le martyre de tant de nos confr\u00e8res, sp\u00e9cialement des jeunes en p\u00e9riode de formation, il \u00e9crivit les circulaires Sur quelques Conclusions Capitulaires (1937) et La VocationMissionnaire (1938). Sur la formation  en notre Congr\u00e9gation, il \u00e9crivit les circulaires La Formation de nos \u00c9tudiants (1932) et Formation Religieuse, Missionaire et Clar\u00e9taine (1947), en demandant toujours une formation de qualit\u00e9 pour pouvoir r\u00e9pondre aux d\u00e9fis du moment pr\u00e9sent.<\/div>\n<div style=\"text-align: justify;\"><\/div>\n<div style=\"text-align: justify;\">Il demandait \u00e0 tout clar\u00e9tain de cultiver constamment sa vocation. Il nous rappelait que c\u2019\u00e9tait une erreur qui entra\u00eenait des cons\u00e9quences fatales, le fait de croire qu\u2019apr\u00e8s avoir re\u00e7u la gr\u00e2ce de la vocation et avoir \u00e9t\u00e9 incorpor\u00e9s \u00e0 la Congr\u00e9gation, qu\u2019il n\u2019y avait rien d\u2019autre \u00e0 faire. Au contraire, il est n\u00e9cessaire de cultiver la vocation, comme on cultive une plante faible et d\u00e9licate, qu\u2019on veut faire grandir et d\u00e9velopper. La vocation, disait-il, est une gr\u00e2ce tr\u00e8s sp\u00e9ciale; si on n\u2019y r\u00e9pond pas, on la perd. C\u2019est pourquoi nous devons tous la cultiver toujours.<\/div>\n","protected":false},"excerpt":{"rendered":"<p>Le P. Nicol\u00e1s Garc\u00eda est n\u00e9 \u00e0 Hormicedo (Burgos \u2013 Espagne) le 23 d\u00e9cembre 1869. Il a fait ses \u00e9rudes secondaires dans le petit s\u00e9minaire clar\u00e9tain de S\u00e9govie et fit sa premi\u00e8re profession \u00e0 Alag\u00f3n (Zaragosse- Espagne) le 16 d\u00e9cembre 1886. Il fut ordonn\u00e9 pr\u00eatre \u00e0 Santo Domingo de la Calzada (Logro\u00f1o \u2013 Espagne) le [&hellip;]<\/p>\n","protected":false},"author":69,"featured_media":26875,"parent":33291,"menu_order":0,"comment_status":"closed","ping_status":"closed","template":"","meta":{"_et_pb_use_builder":"","_et_pb_old_content":"","_et_gb_content_width":"","footnotes":""},"class_list":["post-26892","page","type-page","status-publish","has-post-thumbnail","hentry"],"jetpack_sharing_enabled":true,"jetpack_shortlink":"https:\/\/wp.me\/PdaBmi-6ZK","jetpack_likes_enabled":true,"_links":{"self":[{"href":"https:\/\/www.claret.org\/fr\/wp-json\/wp\/v2\/pages\/26892","targetHints":{"allow":["GET"]}}],"collection":[{"href":"https:\/\/www.claret.org\/fr\/wp-json\/wp\/v2\/pages"}],"about":[{"href":"https:\/\/www.claret.org\/fr\/wp-json\/wp\/v2\/types\/page"}],"author":[{"embeddable":true,"href":"https:\/\/www.claret.org\/fr\/wp-json\/wp\/v2\/users\/69"}],"replies":[{"embeddable":true,"href":"https:\/\/www.claret.org\/fr\/wp-json\/wp\/v2\/comments?post=26892"}],"version-history":[{"count":0,"href":"https:\/\/www.claret.org\/fr\/wp-json\/wp\/v2\/pages\/26892\/revisions"}],"up":[{"embeddable":true,"href":"https:\/\/www.claret.org\/fr\/wp-json\/wp\/v2\/pages\/33291"}],"wp:featuredmedia":[{"embeddable":true,"href":"https:\/\/www.claret.org\/fr\/wp-json\/wp\/v2\/media\/26875"}],"wp:attachment":[{"href":"https:\/\/www.claret.org\/fr\/wp-json\/wp\/v2\/media?parent=26892"}],"curies":[{"name":"wp","href":"https:\/\/api.w.org\/{rel}","templated":true}]}}