{"id":26907,"date":"2018-08-22T06:25:10","date_gmt":"2018-08-22T04:25:10","guid":{"rendered":"https:\/\/www.claret.org\/25-de-fevrier-beatification-du-p-fondateur\/"},"modified":"2018-08-22T06:25:10","modified_gmt":"2018-08-22T04:25:10","slug":"25-de-fevrier-beatification-du-p-fondateur","status":"publish","type":"page","link":"https:\/\/www.claret.org\/fr\/calendrier\/25-de-fevrier-beatification-du-p-fondateur\/","title":{"rendered":"25 de F\u00e9vrier &#8211; B\u00c9ATIFICATION DU P. FONDATEUR"},"content":{"rendered":"<div style=\"text-align: justify;\">La c\u00e9l\u00e9bration de la b\u00e9atification fut une tr\u00e8s grande f\u00eate pour toute la Congr\u00e9gation, qui y \u00e9tait repr\u00e9sent\u00e9e dans la Basilique de saint Pierre par la pr\u00e9sence de tous les membres du XIII Chapitre G\u00e9n\u00e9ral, qui \u00e9tait sur le point de commencer.<\/div>\n<div style=\"text-align: justify;\"><img data-recalc-dims=\"1\" loading=\"lazy\" decoding=\"async\" class=\"alignleft  wp-image-26895\" src=\"https:\/\/i0.wp.com\/www.claret.org\/wp-content\/uploads\/2018\/08\/08-beatificacin_claretcervera_1934.jpg?resize=301%2C201&#038;ssl=1\" alt=\"\" width=\"301\" height=\"201\" title=\"\" srcset=\"https:\/\/i0.wp.com\/www.claret.org\/wp-content\/uploads\/2018\/08\/08-beatificacin_claretcervera_1934.jpg?w=448&amp;ssl=1 448w, https:\/\/i0.wp.com\/www.claret.org\/wp-content\/uploads\/2018\/08\/08-beatificacin_claretcervera_1934.jpg?resize=300%2C200&amp;ssl=1 300w\" sizes=\"(max-width: 301px) 100vw, 301px\" \/>La b\u00e9atification du P. Fondateur fut un moment de gr\u00e2ce qui dynamisa la vie des missionnaires, r\u00e9pandus dans le monde entier. Le chemin d\u2019imitation de J\u00e9sus comme missionnaires selon le style de Claret \u00e9tait ratifi\u00e9 officiellement par l\u2019\u00c9glise comme un chemin de sanctification authentique et f\u00e9cond. La lumi\u00e8re de cet \u00e9v\u00e9nement \u00e9claira le Chapitre G\u00e9n\u00e9ral, qui fut inaugur\u00e9 le 15 mars 1934.<\/div>\n<div style=\"text-align: justify;\"><\/div>\n<div style=\"text-align: justify;\">Le 25 f\u00e9vrier 1934, le Pape Pie XI b\u00e9atifia notre P. Fondateur. Il fut pr\u00e9sent\u00e9 publiquement \u00e0 l\u2019\u00c9glise et au monde comme un homme qui v\u00e9cut pleinement sa vocation chr\u00e9tienne de missionnaire apostolique et, \u00e0 partir de ce moment, on pouvait compter sur lui comme intercesseur et mod\u00e8le qui nous encourage \u00e0 vivre la saintet\u00e9 chr\u00e9tienne. Le nouveau Bienheureux fit dans sa vie la forte exp\u00e9rience de l\u2019amour de Dieu et d\u00e9couvrit en sa Parole un appel irresistible qui lui montra le sens de sa vie  et de son identit\u00e9 comme missionnaire apostolique ; en quittant tout, il parcourut le chemin de la configuration au Christ missionnaire comme pr\u00eatre, fondateur, \u00e9v\u00eaque, confesseur, pers\u00e9cut\u00e9, etc. Sa vie fut une  histoire de service \u00e0 la Parole comme proph\u00e8te qui livre sa vie par amour. Pour la Famille Clar\u00e9taine, c\u00e9l\u00e9brer cette f\u00eate, c\u2019est une bonne opportunit\u00e9 pour rappeler que nous tous, comme lui, sommes appel\u00e9s \u00e0 suivre J\u00e9sus missionnaire d\u2019une forme radicale, totale et passionn\u00e9e.<\/div>\n<div style=\"text-align: justify;\"><\/div>\n<div style=\"text-align: justify;\">Apr\u00e8s avoir rappel\u00e9 cet \u00e9v\u00e9nement de famille si significatif, accueillons les paroles que Pie XI adressa ux capitulaires avant de commencer le XIII Chapitre G\u00e9n\u00e9ral, vingt jours apr\u00e8s la b\u00e9atification du Fondateur : \u00ab \u2026l\u2019imminent Chapitre G\u00e9n\u00e9ral, qui doit \u00eatre, comme vous le savez bien, vous, religieux, dont les veines sont arros\u00e9es par le sang missionnaire de votre Fondateur, un nouveau point de d\u00e9part ; parce que quelle que soit la joie de Dieu pour votre pass\u00e9, il reste toujours beaucoup \u00e0 faire ou \u00e0 mieux faire\u2026 \u00bb. Il nous revient donc de continuer cette histoire, dont la racine est sainte.<\/div>\n","protected":false},"excerpt":{"rendered":"<p>La c\u00e9l\u00e9bration de la b\u00e9atification fut une tr\u00e8s grande f\u00eate pour toute la Congr\u00e9gation, qui y \u00e9tait repr\u00e9sent\u00e9e dans la Basilique de saint Pierre par la pr\u00e9sence de tous les membres du XIII Chapitre G\u00e9n\u00e9ral, qui \u00e9tait sur le point de commencer. La b\u00e9atification du P. Fondateur fut un moment de gr\u00e2ce qui dynamisa la [&hellip;]<\/p>\n","protected":false},"author":69,"featured_media":0,"parent":33291,"menu_order":0,"comment_status":"closed","ping_status":"closed","template":"","meta":{"_et_pb_use_builder":"","_et_pb_old_content":"","_et_gb_content_width":"","footnotes":""},"class_list":["post-26907","page","type-page","status-publish","hentry"],"jetpack_sharing_enabled":true,"jetpack_shortlink":"https:\/\/wp.me\/PdaBmi-6ZZ","jetpack_likes_enabled":true,"_links":{"self":[{"href":"https:\/\/www.claret.org\/fr\/wp-json\/wp\/v2\/pages\/26907","targetHints":{"allow":["GET"]}}],"collection":[{"href":"https:\/\/www.claret.org\/fr\/wp-json\/wp\/v2\/pages"}],"about":[{"href":"https:\/\/www.claret.org\/fr\/wp-json\/wp\/v2\/types\/page"}],"author":[{"embeddable":true,"href":"https:\/\/www.claret.org\/fr\/wp-json\/wp\/v2\/users\/69"}],"replies":[{"embeddable":true,"href":"https:\/\/www.claret.org\/fr\/wp-json\/wp\/v2\/comments?post=26907"}],"version-history":[{"count":0,"href":"https:\/\/www.claret.org\/fr\/wp-json\/wp\/v2\/pages\/26907\/revisions"}],"up":[{"embeddable":true,"href":"https:\/\/www.claret.org\/fr\/wp-json\/wp\/v2\/pages\/33291"}],"wp:attachment":[{"href":"https:\/\/www.claret.org\/fr\/wp-json\/wp\/v2\/media?parent=26907"}],"curies":[{"name":"wp","href":"https:\/\/api.w.org\/{rel}","templated":true}]}}