{"id":26921,"date":"2018-08-22T06:46:44","date_gmt":"2018-08-22T04:46:44","guid":{"rendered":"https:\/\/www.claret.org\/2-de-mars-p-martin-alsina-superieur-general\/"},"modified":"2022-04-07T16:20:42","modified_gmt":"2022-04-07T14:20:42","slug":"2-de-mars-p-martin-alsina-superieur-general","status":"publish","type":"page","link":"https:\/\/www.claret.org\/fr\/calendrier\/2-de-mars-p-martin-alsina-superieur-general\/","title":{"rendered":"2 de Mars &#8211; P. MART\u00cdN ALSINA Sup\u00e9rieur G\u00e9n\u00e9ral"},"content":{"rendered":"<div style=\"text-align: justify;\">Le P. Mart\u00edn Alsina est n\u00e9 le 4 ao\u00fbt 1859 dans la ville de Manr\u00e8se (Barcelone \u2013 Espagne), dioc\u00e8se de Vic. Sa famille \u00e9tait profond\u00e9ment religieuse. Il commen\u00e7a \u00e0 vivre l\u2019appel de J\u00e9sus comme s\u00e9minariste dioc\u00e9sain. Il commen\u00e7a ses \u00e9tudes de latin l\u2019ann\u00e9e 1871 dans le coll\u00e8ge de Manr\u00e8se, affili\u00e9 \u00e0 l\u2019Universit\u00e9 de Barcelone et, apr\u00e8s deux ann\u00e9es, il est all\u00e9 \u00e0 Vic pour continuer les \u00e9tudes eccl\u00e9siastiques dans le s\u00e9minaire. Il fut accueilli comme mestre (pr\u00e9cepteur) dans la maison Portell de San Juli\u00e1, \u00e0 deux kilom\u00e8tres et demi de la ville de Vic. L\u00e0, il vivait  et enseignait les premi\u00e8res lettres et le cat\u00e9chisme aux enfants de la famille qui l\u2019avait accueilli. Dans le s\u00e9minaire, il se distinguait par sa t\u00e9nacit\u00e9 au travail, par sa claire m\u00e9thodologie dans les \u00e9tudes et par son caract\u00e8re constant et appliqu\u00e9.<\/div>\n<div style=\"text-align: justify;\"><img data-recalc-dims=\"1\" loading=\"lazy\" decoding=\"async\" data-attachment-id=\"26911\" data-permalink=\"https:\/\/www.claret.org\/fr\/calendrier\/2-de-mars-p-martin-alsina-superieur-general\/09-martin_alsina-2\/\" data-orig-file=\"https:\/\/i0.wp.com\/www.claret.org\/wp-content\/uploads\/2018\/08\/09-martin_alsina.jpg?fit=200%2C265&amp;ssl=1\" data-orig-size=\"200,265\" data-comments-opened=\"0\" data-image-meta=\"{&quot;aperture&quot;:&quot;0&quot;,&quot;credit&quot;:&quot;&quot;,&quot;camera&quot;:&quot;&quot;,&quot;caption&quot;:&quot;&quot;,&quot;created_timestamp&quot;:&quot;0&quot;,&quot;copyright&quot;:&quot;&quot;,&quot;focal_length&quot;:&quot;0&quot;,&quot;iso&quot;:&quot;0&quot;,&quot;shutter_speed&quot;:&quot;0&quot;,&quot;title&quot;:&quot;&quot;,&quot;orientation&quot;:&quot;1&quot;}\" data-image-title=\"09-martin_alsina\" data-image-description=\"\" data-image-caption=\"\" data-large-file=\"https:\/\/i0.wp.com\/www.claret.org\/wp-content\/uploads\/2018\/08\/09-martin_alsina.jpg?fit=200%2C265&amp;ssl=1\" class=\"alignleft wp-image-26911\" src=\"https:\/\/i0.wp.com\/www.claret.org\/wp-content\/uploads\/2018\/08\/09-martin_alsina.jpg?resize=301%2C400&#038;ssl=1\" alt=\"\" width=\"301\" height=\"400\" title=\"\">\u00c0 la fin de la premi\u00e8re ann\u00e9e de th\u00e9ologie, il entra dans la Congr\u00e9gation \u00e0 Thuir (France), le 16 juillet 1879. Il eut comme ma\u00eetres de novices les PP. Jacques Clotet et Cl\u00e9ment Serrat. Et le 20 ao\u00fbt 1880, il \u00e9mit sa profession religieuse en mains du P. Clotet, sup\u00e9rieur de la communaut\u00e9. Il fut ordonn\u00e9 pr\u00eatre le 24 mars 1883. Cette m\u00eame ann\u00e9e, il fut nomm\u00e9 sup\u00e9rieur de la nouvelle maison de Thuir et, en tant que tel, il manifesta ses dons extraordinaires pour  le gouvernement. En octobre de 1886, il fut destint\u00e9 \u00e0 Vic comme pr\u00e9fet des \u00c9tudiants, charge qu\u2019il continua \u00e0 exercer \u00e0 Santo Domingo de la Calzada d\u00e8s janvier 1888. En 1894, il fut nomm\u00e9 pour les charges de conseiller et secr\u00e9taire g\u00e9n\u00e9ral dans le gouvernement du P. Joseph Xifr\u00e9. Apr\u00e8s le d\u00e9c\u00e8s de ce dernier, le 3 novembre 1899, il fut nomm\u00e9 Sous-directeur G\u00e9n\u00e9ral dans le VIII Chapitre G\u00e9n\u00e9ral de Vic, c\u00e9l\u00e9br\u00e9 en d\u00e9cembre de cette ann\u00e9e-l\u00e0, dans le gouvernement du P. Cl\u00e9ment Serrat. En 1906, il fut \u00e9lu Sup\u00e9rieur G\u00e9n\u00e9ral dans le X Chapitre G\u00e9n\u00e9ral, tenu \u00e0 Aranda de Duero. Il exer\u00e7a cette charge jusqu\u2019\u00e0 sa mort, qui eut lieu \u00e0 Zafra (Badajoz), le 2 mars 1922.<\/div>\n<div style=\"text-align: justify;\"><\/div>\n<div style=\"text-align: justify;\">La situation de la Congr\u00e9gation dans ecette p\u00e9riode se caract\u00e9rise par la constante croissance au niveau du personnel et des minist\u00e8res. En 1912, elle avait 112 Maisons et un total de 1.633 prof\u00e8s et 120 novices . La croissance s\u2019est manifest\u00e9e surtout dans le personnel. En 1922, la Congr\u00e9gation avait 1.943 individus (sans compter les 834 petits s\u00e9minaristes), dont 3 \u00e9v\u00eaques et un Pr\u00e9fet Apostolique. Jusqu\u2019alors, il y avait eu 917 d\u00e9c\u00e8s, dont 2 \u00e9v\u00eaques, 388 pr\u00eatres, 244 \u00e9tudiants et 283 fr\u00e8res. La Congr\u00e9gation comptait 154 maisons, partag\u00e9es en 10 provinces et vice-provinces: Catalogne, Castille, B\u00e9tique, Chili, M\u00e9xique, Br\u00e9sil, Colombie, Argentine, Guin\u00e9e et \u00c9tats-Unis.<\/div>\n","protected":false},"excerpt":{"rendered":"<p>Le P. Mart\u00edn Alsina est n\u00e9 le 4 ao\u00fbt 1859 dans la ville de Manr\u00e8se (Barcelone \u2013 Espagne), dioc\u00e8se de Vic. Sa famille \u00e9tait profond\u00e9ment religieuse. Il commen\u00e7a \u00e0 vivre l\u2019appel de J\u00e9sus comme s\u00e9minariste dioc\u00e9sain. Il commen\u00e7a ses \u00e9tudes de latin l\u2019ann\u00e9e 1871 dans le coll\u00e8ge de Manr\u00e8se, affili\u00e9 \u00e0 l\u2019Universit\u00e9 de Barcelone et, [&hellip;]<\/p>\n","protected":false},"author":69,"featured_media":26911,"parent":33291,"menu_order":0,"comment_status":"closed","ping_status":"closed","template":"","meta":{"_et_pb_use_builder":"","_et_pb_old_content":"","_et_gb_content_width":"","footnotes":""},"class_list":["post-26921","page","type-page","status-publish","has-post-thumbnail","hentry"],"jetpack_sharing_enabled":true,"jetpack_shortlink":"https:\/\/wp.me\/PdaBmi-70d","jetpack_likes_enabled":true,"_links":{"self":[{"href":"https:\/\/www.claret.org\/fr\/wp-json\/wp\/v2\/pages\/26921","targetHints":{"allow":["GET"]}}],"collection":[{"href":"https:\/\/www.claret.org\/fr\/wp-json\/wp\/v2\/pages"}],"about":[{"href":"https:\/\/www.claret.org\/fr\/wp-json\/wp\/v2\/types\/page"}],"author":[{"embeddable":true,"href":"https:\/\/www.claret.org\/fr\/wp-json\/wp\/v2\/users\/69"}],"replies":[{"embeddable":true,"href":"https:\/\/www.claret.org\/fr\/wp-json\/wp\/v2\/comments?post=26921"}],"version-history":[{"count":0,"href":"https:\/\/www.claret.org\/fr\/wp-json\/wp\/v2\/pages\/26921\/revisions"}],"up":[{"embeddable":true,"href":"https:\/\/www.claret.org\/fr\/wp-json\/wp\/v2\/pages\/33291"}],"wp:featuredmedia":[{"embeddable":true,"href":"https:\/\/www.claret.org\/fr\/wp-json\/wp\/v2\/media\/26911"}],"wp:attachment":[{"href":"https:\/\/www.claret.org\/fr\/wp-json\/wp\/v2\/media?parent=26921"}],"curies":[{"name":"wp","href":"https:\/\/api.w.org\/{rel}","templated":true}]}}