{"id":26948,"date":"2018-08-22T07:29:29","date_gmt":"2018-08-22T05:29:29","guid":{"rendered":"https:\/\/www.claret.org\/18-de-avril-p-etienne-sala-cofondateur-et-premier-superieur-general\/"},"modified":"2018-08-22T07:29:29","modified_gmt":"2018-08-22T05:29:29","slug":"18-de-avril-p-etienne-sala-cofondateur-et-premier-superieur-general","status":"publish","type":"page","link":"https:\/\/www.claret.org\/fr\/calendrier\/18-de-avril-p-etienne-sala-cofondateur-et-premier-superieur-general\/","title":{"rendered":"18 de Avril &#8211; P. \u00c9TIENNE SALA Cofondateur et premier Sup\u00e9rieur G\u00e9neral"},"content":{"rendered":"<div style=\"text-align: justify;\">\u00c9tienne Sala Masnou est n\u00e9 le 28 mai dans la  m\u00e9tairie Sala, paroisse de Saint Martin de Sescors (Barcelone, Espagne). Son p\u00e8re devint veuf de sa premi\u00e8re \u00e9pouse, dont il avait eu trois enfants. \u00c9tienne, fruit du second mariage, fut le cinqui\u00e8me des six fr\u00e8res, dont trois sont devenus religieux, un clar\u00e9tain et les deux autres, b\u00e9n\u00e9dictins. L\u2019un de ces derniers fut le P. Bernard, qui, \u00e0 cause de l\u2019exclaustration des religieux en Espagne, dut quitter son monast\u00e8re et, ensuite, il s\u2019int\u00e9gra \u00e0 la vie de notre jeune Congr\u00e9gation, o\u00f9 il resta 26 ann\u00e9es, c\u2019est-\u00e0-dire jusqu\u2019\u00e0 ce que, en 1875, il r\u00e9int\u00e9gra l\u2019Ordre  B\u00e9n\u00e9dictin; ses sup\u00e9rieurs l\u2019affect\u00e8rent \u00e0 la communaut\u00e9 de Montserrat.<\/div>\n<div style=\"text-align: justify;\"><img data-recalc-dims=\"1\" loading=\"lazy\" decoding=\"async\" class=\"wp-image-26937 alignleft\" src=\"https:\/\/i0.wp.com\/www.claret.org\/wp-content\/uploads\/2018\/08\/12-esteban_sala.jpg?resize=309%2C463&#038;ssl=1\" alt=\"\" width=\"309\" height=\"463\" title=\"\">Le premier mars 1843, \u00e0 l\u2019\u00e2ge de trente-quatre ans, le P. Claret commen\u00e7a son intense vie missionnaire dans toute la Catalogne. Menant une vie tr\u00e8s pauvre et voyageant \u00e0 pied, il entra\u00eenait de grandes multitudes qui accouraient \u00e0 lui de partout pour entendre sa parole \u00e9vang\u00e9lique, simple et p\u00e9n\u00e9trante. Il travaillait d\u00e8s quatre heures du matin sans repos ni fatigue. Les conversions \u00e9taient innombrables. En juillet de la m\u00eame ann\u00e9e, r\u00e9pondant \u00e0 une demande du clerg\u00e9, qui avait \u00e9t\u00e9 fortement impressionn\u00e9 par son ardeur apostolique, le P. Clatet dirigea, pour la premi\u00e8re fois, \u00e0 Capdevanol, les exercices spirituels pour le clerg\u00e9. Encourag\u00e9 par cette exp\u00e9rience, il donna d\u2019autres exercices spirituels \u00e0 Gombr\u00e9n, auxquels ont particip\u00e9 plusieurs pr\u00eatres de la zone, parmi lesquels se trouvait le P. \u00c9tienne. C\u2019est l\u00e0 qu\u2019il connut le d\u00e9j\u00e0 c\u00e9l\u00e8bre missionnaire de la Catalogne.<\/div>\n<div style=\"text-align: justify;\"><\/div>\n<div style=\"text-align: justify;\">\u00c0 partir de cette rencontre, qui a illumin\u00e9 sa vie, le P. \u00c9tienne \u00e9prouva une forte exp\u00e9rience de Dieu, qui l\u2019amena  \u00e0 ressentir tr\u00e8s fortement l\u2019appel \u00e0 consacrer toute sa vie \u00e0 la pr\u00e9dication de missions. Il laissa derri\u00e8re lui sa prometteuse et brillante carri\u00e8re eccl\u00e9siastique, pour adopter un nouveau style de vie: annoncer la Parole du Seigneur avec feu apostolique et libert\u00e9 missionnaire. Ses grands dons comme orateur sacr\u00e9 l\u2019ont mis au service des pr\u00e9dications missionnaires, r\u00e9alis\u00e9es dans les diff\u00e9rentes paroisses de Catalogne. Il accompagna le P. Claret en plusieurs de ses campagnes apostoliques.<\/div>\n<div style=\"text-align: justify;\"><\/div>\n<div style=\"text-align: justify;\">Aujourd\u2019hui, nous nous rappelons que, le 18 avril 1959, \u00e0 l\u2019\u00e2ge de 45 ans, le P. \u00c9tienne Sala fut appel\u00e9 \u00e0 la maison du P\u00e8re. Il est mort \u00e0 Barcelone. Faire m\u00e9moire de notre Fr\u00e8re \u00c9tienne, c\u2019est faire un retour \u00e0 nos origines. Il fut le premier avec qui le P. Claret put compter pour commencer la  grande \u0153uvre de la Congr\u00e9gation et c\u2019est \u00e0 lui que Claret confia la direction de la Congr\u00e9gation quand il dut partir comme Archev\u00eaque de Cuba. Pendant neuf ann\u00e9es, le P. \u00c9tienne dirigea la Congr\u00e9gation comme Sup\u00e9rieur G\u00e9n\u00e9ral et travailla \u00e0 maintenir vivant l\u2019esprit missionnaire qui animait le Fondateur. Sa vie nous stimule \u00e0 approfondir notre identification missionaire et \u00e0 intensifier notre appartenance \u00e0 la Congr\u00e9gation.<\/div>\n","protected":false},"excerpt":{"rendered":"<p>\u00c9tienne Sala Masnou est n\u00e9 le 28 mai dans la m\u00e9tairie Sala, paroisse de Saint Martin de Sescors (Barcelone, Espagne). Son p\u00e8re devint veuf de sa premi\u00e8re \u00e9pouse, dont il avait eu trois enfants. \u00c9tienne, fruit du second mariage, fut le cinqui\u00e8me des six fr\u00e8res, dont trois sont devenus religieux, un clar\u00e9tain et les deux [&hellip;]<\/p>\n","protected":false},"author":69,"featured_media":26938,"parent":33291,"menu_order":0,"comment_status":"closed","ping_status":"closed","template":"","meta":{"_et_pb_use_builder":"","_et_pb_old_content":"","_et_gb_content_width":"","footnotes":""},"class_list":["post-26948","page","type-page","status-publish","has-post-thumbnail","hentry"],"jetpack_sharing_enabled":true,"jetpack_shortlink":"https:\/\/wp.me\/PdaBmi-70E","jetpack_likes_enabled":true,"_links":{"self":[{"href":"https:\/\/www.claret.org\/fr\/wp-json\/wp\/v2\/pages\/26948","targetHints":{"allow":["GET"]}}],"collection":[{"href":"https:\/\/www.claret.org\/fr\/wp-json\/wp\/v2\/pages"}],"about":[{"href":"https:\/\/www.claret.org\/fr\/wp-json\/wp\/v2\/types\/page"}],"author":[{"embeddable":true,"href":"https:\/\/www.claret.org\/fr\/wp-json\/wp\/v2\/users\/69"}],"replies":[{"embeddable":true,"href":"https:\/\/www.claret.org\/fr\/wp-json\/wp\/v2\/comments?post=26948"}],"version-history":[{"count":0,"href":"https:\/\/www.claret.org\/fr\/wp-json\/wp\/v2\/pages\/26948\/revisions"}],"up":[{"embeddable":true,"href":"https:\/\/www.claret.org\/fr\/wp-json\/wp\/v2\/pages\/33291"}],"wp:featuredmedia":[{"embeddable":true,"href":"https:\/\/www.claret.org\/fr\/wp-json\/wp\/v2\/media\/26938"}],"wp:attachment":[{"href":"https:\/\/www.claret.org\/fr\/wp-json\/wp\/v2\/media?parent=26948"}],"curies":[{"name":"wp","href":"https:\/\/api.w.org\/{rel}","templated":true}]}}