{"id":26963,"date":"2018-08-22T07:45:54","date_gmt":"2018-08-22T05:45:54","guid":{"rendered":"https:\/\/www.claret.org\/29-de-avril-sainte-catherine-de-sienne-co-patronne\/"},"modified":"2018-08-22T07:45:54","modified_gmt":"2018-08-22T05:45:54","slug":"29-de-avril-sainte-catherine-de-sienne-co-patronne","status":"publish","type":"page","link":"https:\/\/www.claret.org\/fr\/calendrier\/29-de-avril-sainte-catherine-de-sienne-co-patronne\/","title":{"rendered":"29 de Avril &#8211; SAINTE CATHERINE DE SIENNE Co-patronne"},"content":{"rendered":"<p style=\"text-align: justify;\">Elle est n\u00e9e \u00e0 Sienne (Italie) le 25 mars 1347. Nous connaissons sa vie par son confesseur Raimondo di Capua, qui est devenu Ma\u00eetre G\u00e9n\u00e9ral de l\u2019Ordre des Fr\u00e8res Pr\u00eacheurs. Elle a eu dans son enfance sa premi\u00e8re exp\u00e9rience spirituelle, qui l\u2019orienta d\u00e9finitivement vers Dieu, en embrassant la virginit\u00e9. Malgr\u00e9 les r\u00e9sistences,  elle est entr\u00e9e chez les Soeurs de la P\u00e9nitence de Saint Dominique. Avec elles, Catherine d\u00e9veloppa une extraordinaire activit\u00e9 spirituelle et b\u00e9n\u00e9fique au service des malades et des pauvres, malgr\u00e9 beaucoup de luttes et de tentations, support\u00e9es et surmont\u00e9es gr\u00e2ce \u00e0 son intense vie spirituelle.<\/p>\n<div style=\"text-align: justify;\"><img data-recalc-dims=\"1\" loading=\"lazy\" decoding=\"async\" class=\"alignleft wp-image-26952\" style=\"text-align: justify;\" src=\"https:\/\/i0.wp.com\/www.claret.org\/wp-content\/uploads\/2018\/08\/s._caterina_b_0.jpg?resize=309%2C455&#038;ssl=1\" alt=\"\" width=\"309\" height=\"455\" title=\"\" srcset=\"https:\/\/i0.wp.com\/www.claret.org\/wp-content\/uploads\/2018\/08\/s._caterina_b_0.jpg?w=650&amp;ssl=1 650w, https:\/\/i0.wp.com\/www.claret.org\/wp-content\/uploads\/2018\/08\/s._caterina_b_0.jpg?resize=204%2C300&amp;ssl=1 204w\" sizes=\"(max-width: 309px) 100vw, 309px\" \/>Tr\u00e8s t\u00f4t, elle fut autoris\u00e9e \u00e0 accueillir beaucoup de personnes qui accouraient vers elle en cherchant des conseils. Ce fut le d\u00e9but d\u2019une f\u00e9conde maternit\u00e9 spirituelle qui allait se consolider \u00e0 l\u2019avenir. Et de cette mani\u00e8re, cette fragile jeune fille commen\u00e7a une intense activit\u00e9 d\u2019apostolat, d\u2019action politique et diplomatique en faveur de l\u2019\u00c9glise qui lui exigerait une admirable intensit\u00e9 de vie int\u00e9rieure. Dans une situation critique et, pouss\u00e9e par son amour ardent envers l\u2019\u00c9glise, Catherine entreprit, en 1376, son c\u00e9l\u00e8bre voyage \u00e0 la cour pontificale d\u2019Avignon, convencue de l\u2019urgente n\u00e9cessit\u00e9 du retour du Pape \u00e0 Rome. Apr\u00e8s lui avoir envoy\u00e9 plusieurs lettres, elle est all\u00e9e le rencontrer personnellement. Son insistence obtint que Gr\u00e9goire XI retourne \u00e0 Rome le 13 septembre de cette m\u00eame ann\u00e9e.<\/div>\n<div style=\"text-align: justify;\"><\/div>\n<div style=\"text-align: justify;\">Cette femme dou\u00e9e d\u2019une forte personnalit\u00e9, pouss\u00e9e par son grand amour de Dieu et du prochain, promut la paix et la concorde entre les villes et d\u00e9fendit courageusement les droits et la libert\u00e9 du Pape, en favorisant la r\u00e9novation chr\u00e9tienne et religieuse. Elle mena une vie mystique extraordinaire et servit fid\u00e8lement l\u2019\u00c9glise dans une \u00e9poque critique. Elle \u00e9crivit un livre intitul\u00e9 Dialogue sur la Providence, lu par le P. Claret.<\/div>\n<div style=\"text-align: justify;\"><\/div>\n<div style=\"text-align: justify;\">Elle est morte le 29 avril 1380, \u00e0 l\u2019\u00e2ge de 33 ans. Ens\u00e9velie \u00e0 Rome, en la Basilique de Sainte Marie sopra Minerva, elle fut canonis\u00e9e par le Pape Pie II en 1461. Sainte Catherine est une des trois femmes docteures de l\u2019\u00c9glise, avec sainte Th\u00e9r\u00e8se de J\u00e9sus et sainte Th\u00e9r\u00e8se de l\u2019Enfant J\u00e9sus, malgr\u00e9 qu\u2019elle n\u2019a jamais eu une pr\u00e9paration acad\u00e9mique formelle.<\/div>\n<div style=\"text-align: justify;\"><\/div>\n<div style=\"text-align: justify;\">D\u00e9j\u00e0 depuis sa jeunesse, notre P. Fondateur professa une profonde d\u00e9votion \u00e0 sainte Catherine pour sa condition de consacr\u00e9e tout en vivant dans le monde, pour son extraordinaire vie mystique, pour son amour \u00e0 l\u2019\u00c9glise et au Pape et pour son engagement apostolique en faveur de l\u2019\u00c9glise et des p\u00e9cheurs. Elle est cit\u00e9e \u00e0 plusieurs reprises dans l\u2019Autogiographie du P. Claret et on conserve dans sa biblioth\u00e8que personnelle plusieurs volumes de sa vie et de ses \u0153uvres. Et il la choisit comme co-patronne de la Congr\u00e9gation.<\/div>\n","protected":false},"excerpt":{"rendered":"<p>Elle est n\u00e9e \u00e0 Sienne (Italie) le 25 mars 1347. Nous connaissons sa vie par son confesseur Raimondo di Capua, qui est devenu Ma\u00eetre G\u00e9n\u00e9ral de l\u2019Ordre des Fr\u00e8res Pr\u00eacheurs. Elle a eu dans son enfance sa premi\u00e8re exp\u00e9rience spirituelle, qui l\u2019orienta d\u00e9finitivement vers Dieu, en embrassant la virginit\u00e9. Malgr\u00e9 les r\u00e9sistences, elle est entr\u00e9e [&hellip;]<\/p>\n","protected":false},"author":69,"featured_media":26953,"parent":33291,"menu_order":0,"comment_status":"closed","ping_status":"closed","template":"","meta":{"_et_pb_use_builder":"","_et_pb_old_content":"","_et_gb_content_width":"","footnotes":""},"class_list":["post-26963","page","type-page","status-publish","has-post-thumbnail","hentry"],"jetpack_sharing_enabled":true,"jetpack_shortlink":"https:\/\/wp.me\/PdaBmi-70T","jetpack_likes_enabled":true,"_links":{"self":[{"href":"https:\/\/www.claret.org\/fr\/wp-json\/wp\/v2\/pages\/26963","targetHints":{"allow":["GET"]}}],"collection":[{"href":"https:\/\/www.claret.org\/fr\/wp-json\/wp\/v2\/pages"}],"about":[{"href":"https:\/\/www.claret.org\/fr\/wp-json\/wp\/v2\/types\/page"}],"author":[{"embeddable":true,"href":"https:\/\/www.claret.org\/fr\/wp-json\/wp\/v2\/users\/69"}],"replies":[{"embeddable":true,"href":"https:\/\/www.claret.org\/fr\/wp-json\/wp\/v2\/comments?post=26963"}],"version-history":[{"count":0,"href":"https:\/\/www.claret.org\/fr\/wp-json\/wp\/v2\/pages\/26963\/revisions"}],"up":[{"embeddable":true,"href":"https:\/\/www.claret.org\/fr\/wp-json\/wp\/v2\/pages\/33291"}],"wp:featuredmedia":[{"embeddable":true,"href":"https:\/\/www.claret.org\/fr\/wp-json\/wp\/v2\/media\/26953"}],"wp:attachment":[{"href":"https:\/\/www.claret.org\/fr\/wp-json\/wp\/v2\/media?parent=26963"}],"curies":[{"name":"wp","href":"https:\/\/api.w.org\/{rel}","templated":true}]}}