{"id":27720,"date":"2018-09-04T09:07:52","date_gmt":"2018-09-04T07:07:52","guid":{"rendered":"https:\/\/www.claret.org\/fecha-10-de-mai-saint-jean-davila-pretre-et-missionnaire\/"},"modified":"2018-09-04T09:07:52","modified_gmt":"2018-09-04T07:07:52","slug":"fecha-10-de-mai-saint-jean-davila-pretre-et-missionnaire","status":"publish","type":"page","link":"https:\/\/www.claret.org\/fr\/calendrier\/fecha-10-de-mai-saint-jean-davila-pretre-et-missionnaire\/","title":{"rendered":"Fecha: 10 de Mai &#8211; SAINT JEAN D\u2019AVILA Pr\u00eatre et missionnaire"},"content":{"rendered":"<div style=\"text-align: justify;\">Il est n\u00e9 le 8 janvier 1499 \u00e0 Almod\u00f3var del Campo (Ciudad-Real &#8211; Espagne). Il fit ses \u00e9tudes \u00e0 l\u2019Universit\u00e9 d\u2019Alcal\u00e1 de Henares (Madrid) de 1520 \u00e0 1526, o\u00f9 il \u00e9tudia \u00e0 fond les Saintes \u00c9critures et les P\u00e8res de l\u2019\u00c9glise. Apr\u00e8s son ordination en 1526, il vendit tous ses biens et partagea l\u2019argent entre les pauvres pour se consacrer enti\u00e8rement \u00e0 l\u2019\u00e9vang\u00e9lisation. Il d\u00e9veloppa son action apostolique surtout dans le midi de l\u2019Espagne, c\u2019est pourquoi il re\u00e7ut le surnom d\u2019Ap\u00f4tre de l\u2019Andalousie.<\/div>\n<div style=\"text-align: justify;\"><\/div>\n<div style=\"text-align: justify;\">Il laissa beaucoup d\u2019\u00e9crits, parmi lesquels se d\u00e9tache Audi, filia et vide, ouvrage qui a eu une influence tr\u00e8s postive sur la litt\u00e9rature asc\u00e9tique. Il eut des rapports \u00e9troits avec saint Ignace de Loyola, saint Fran\u00e7ois de Borgia, saint Pierre d\u2019Alc\u00e1ntara, saint Jean de Ribera, Fr\u00e8re Luis de Granada et beaucoup d\u2019autres personnes importantes de son \u00e9poque. Il cr\u00e9a une vraie \u00e9cole de spiritualit\u00e9 sacerdotale centr\u00e9e sur le myst\u00e8re du Christ et la d\u00e9votion \u00e0 l\u2019Eucharistie, \u00e0 la Vierge Marie, \u00e0 l\u2019Esprit Saint et \u00e0 l\u2019\u00c9glise.<\/div>\n<div style=\"text-align: justify;\"><\/div>\n<div style=\"text-align: justify;\">Le qualificatif qui convient le mieux \u00e0 Jean d\u2019Avila est celui de pr\u00e9dicateur. Le centre de son message, c\u2019\u00e9tait le Christ crucifi\u00e9. Il pr\u00eachait dans les \u00e9glises et aussi dans les rues. Sa pr\u00e9dication, fortement enrichie par l\u2019apport de la Bible, visait directement la conversion. Il fonda de nombreux s\u00e9minaires et coll\u00e8ges et organisa m\u00eame une universit\u00e9, celle de Ba\u00e9za (Ja\u00e9n). Malgr\u00e9 tout cela, il fut poursuivi et m\u00eame incarc\u00e9r\u00e9 par l\u2019Inquisition.<\/div>\n<div style=\"text-align: justify;\"><\/div>\n<div style=\"text-align: justify;\">D\u00e9j\u00e0 malade, il continua son travail jusqu&rsquo;\u00e0 ce qu\u2019il tomba gravement malade en 1569 et mourut le 10 mai de la m\u00eame ann\u00e9e \u00e0 Montilla (Cordoue), o\u00f9 il est enterr\u00e9. Le 4 avril 1894, le Pape L\u00e9on XIII le b\u00e9atifia ; le 2 juillet 1946, le Pape Pie XII le d\u00e9clara patron du clerg\u00e9 s\u00e9culier espagnol, et  Paul VI le canonisa en 1970.<\/div>\n<div style=\"text-align: justify;\"><\/div>\n<div style=\"text-align: justify;\">Saint Jean d\u2019Avila fut, sans le moindre doute, un grand ma\u00eetre d\u2019\u00e9vang\u00e9lisateurs. Sa vie et ses \u00e9crits ont eu une grande influence, trois si\u00e8cles plus tard, sur saint Antoine-Marie Claret qui lut ses \u0153uvres avec plaisir et les cita fr\u00e9quemment. Claret a \u00e9t\u00e9 influenc\u00e9 par sa cat\u00e9ch\u00e8se aux enfants, par son ardeur missionnaire, par son style de pr\u00e9dication et, en particulier, par l\u2019efficacit\u00e9 de son apostolat. C\u2019est pourquoi notre Fondateur non seulement le lut et l\u2019admira, mais aussi il l\u2019imita.<\/div>\n","protected":false},"excerpt":{"rendered":"<p>Il est n\u00e9 le 8 janvier 1499 \u00e0 Almod\u00f3var del Campo (Ciudad-Real &#8211; Espagne). Il fit ses \u00e9tudes \u00e0 l\u2019Universit\u00e9 d\u2019Alcal\u00e1 de Henares (Madrid) de 1520 \u00e0 1526, o\u00f9 il \u00e9tudia \u00e0 fond les Saintes \u00c9critures et les P\u00e8res de l\u2019\u00c9glise. Apr\u00e8s son ordination en 1526, il vendit tous ses biens et partagea l\u2019argent entre [&hellip;]<\/p>\n","protected":false},"author":69,"featured_media":0,"parent":33291,"menu_order":0,"comment_status":"closed","ping_status":"closed","template":"","meta":{"_et_pb_use_builder":"","_et_pb_old_content":"","_et_gb_content_width":"","footnotes":""},"class_list":["post-27720","page","type-page","status-publish","hentry"],"jetpack_sharing_enabled":true,"jetpack_shortlink":"https:\/\/wp.me\/PdaBmi-7d6","jetpack_likes_enabled":true,"_links":{"self":[{"href":"https:\/\/www.claret.org\/fr\/wp-json\/wp\/v2\/pages\/27720","targetHints":{"allow":["GET"]}}],"collection":[{"href":"https:\/\/www.claret.org\/fr\/wp-json\/wp\/v2\/pages"}],"about":[{"href":"https:\/\/www.claret.org\/fr\/wp-json\/wp\/v2\/types\/page"}],"author":[{"embeddable":true,"href":"https:\/\/www.claret.org\/fr\/wp-json\/wp\/v2\/users\/69"}],"replies":[{"embeddable":true,"href":"https:\/\/www.claret.org\/fr\/wp-json\/wp\/v2\/comments?post=27720"}],"version-history":[{"count":0,"href":"https:\/\/www.claret.org\/fr\/wp-json\/wp\/v2\/pages\/27720\/revisions"}],"up":[{"embeddable":true,"href":"https:\/\/www.claret.org\/fr\/wp-json\/wp\/v2\/pages\/33291"}],"wp:attachment":[{"href":"https:\/\/www.claret.org\/fr\/wp-json\/wp\/v2\/media?parent=27720"}],"curies":[{"name":"wp","href":"https:\/\/api.w.org\/{rel}","templated":true}]}}