{"id":27741,"date":"2018-09-04T09:21:42","date_gmt":"2018-09-04T07:21:42","guid":{"rendered":"https:\/\/www.claret.org\/fecha-14-de-mai-venerable-p-mariano-avellana\/"},"modified":"2018-09-04T09:21:42","modified_gmt":"2018-09-04T07:21:42","slug":"fecha-14-de-mai-venerable-p-mariano-avellana","status":"publish","type":"page","link":"https:\/\/www.claret.org\/fr\/calendrier\/fecha-14-de-mai-venerable-p-mariano-avellana\/","title":{"rendered":"Fecha: 14 de Mai &#8211; V\u00c9N\u00c9RABLE P. MARIANO AVELLANA"},"content":{"rendered":"<div style=\"text-align: justify;\">Mariano Avellana est n\u00e9 \u00e0 Almud\u00e9var, province et dioc\u00e8se de Huesca (Espagne), le 16 avril 1884. Il \u00e9tait le cinqui\u00e8me des huits enfants de Francisco et Rafaela, cultivateurs assez riches et de bonnes m\u0153urs. Il fut baptis\u00e9 le m\u00eame jour de sa naissance dans la chapelle de sainte Anne de l\u2019\u00e9glise paroissiale, propri\u00e9t\u00e9 de sa famille. Lui-m\u00eame \u00e9crirait un jour : \u00ab Apr\u00e8s Dieu, je dois \u00e0 mes parents la gr\u00e2ce d\u2019\u00eatre pr\u00eatre \u00bb.<\/div>\n<div style=\"text-align: justify;\"><\/div>\n<div style=\"text-align: justify;\">Il fit sa carri\u00e8re eccl\u00e9siastique au s\u00e9minaire de son dioc\u00e8se, dans la ville de Huesca. D\u00e9j\u00e0 ordonn\u00e9 pr\u00eatre et anim\u00e9 d\u2019un ardent d\u00e9sir de devenir missionnaire, il se rendit \u00e0 Prades (France), en 1870, pour devenir missionnaire Fils du Coeur Immacul\u00e9 de Marie. Apr\u00e8s sa profession dans la Congr\u00e9gation, il fut envoy\u00e9 au  Chili avec la troisi\u00e8me exp\u00e9dition de missionnaires clar\u00e9tains en 1873. Il fit partie des communaut\u00e9s de Santiago, La Serena, Valpara\u00edso, Curic\u00f3 et Coquimbo. Il est mort le 14 mai 1904, \u00e0 l\u2019\u00e2ge de 60 ans, pendant qu\u2019il pr\u00eachait une mission dans l\u2019h\u00f4pital de Carrizal Alto, ville mini\u00e8re, qui appartient actuellement au dioc\u00e8se de Copiac\u00f3. Ses restes reposent dans l\u2019\u00e9glise du C\u0153ur de Marie de Santiago de Chili.<\/div>\n<div style=\"text-align: justify;\"><\/div>\n<div style=\"text-align: justify;\">Il a exerc\u00e9 une forte influence dans la Congr\u00e9gation par son extraordinaire exemple de vie comme religieux et comme missionnaire. On peut affirmer, sans aucun doute de se tromper, qu\u2019il a \u00e9t\u00e9 un des missionnaires qui ont su suivre de plus pr\u00e8s les traces du Fondateur. Son prestige apostolique reste vivant  au Chili et dans la Congr\u00e9gation. Beaucoup se sentent attir\u00e9s  par ses vertus h\u00e9ro\u00efques et son z\u00e8le ardent.<\/div>\n<div style=\"text-align: justify;\"><\/div>\n<div style=\"text-align: justify;\"> Au Chili, il occupa plusieurs fois la charge de sup\u00e9rieur local. Il fut aussi  conseiller de la D\u00e9l\u00e9gation du Chili, rempla\u00e7ant le Sup\u00e9rieur Majeur dans ses absences. C\u2019est \u00e0 lui qu\u2019on confia la fondation  des communaut\u00e9s de La Serena et de Coquimbo.<\/div>\n<div style=\"text-align: justify;\"><\/div>\n<div style=\"text-align: justify;\">IL est admirable, surtout par l\u2019h\u00e9ro\u00efcit\u00e9 de ses vertus, confirm\u00e9e par le t\u00e9moignage de beaucopup. Le P. Crist\u00f3bal le consigne en Cr\u00f3nica y Archivo, en soulignant ses efforts pour atteindre la saintet\u00e9 : il s\u2019est consacr\u00e9 sans repos \u00e0 l\u2019apostolat, \u00e0 sa propre sanctification en ma\u00eetrisant h\u00e9ro\u00efquement son caract\u00e8re impulsif et fougueux, et \u00e0 la pratique de la pri\u00e8re, fid\u00e8le \u00e0 sa devise: O santo o muerto (ou saint ou mort).<\/div>\n<div style=\"text-align: justify;\"><\/div>\n<div style=\"text-align: justify;\">Son itin\u00e9raire de saintet\u00e9 missionnaire est un fort appel pour nous tous, nous d\u00e9montrant que, avec une volont\u00e9 forte, aid\u00e9e par la gr\u00e2ce de Dieu, nous pouvons tous nous maintenir dans un processus de croissance dans la foi jusqu\u2019\u00e0 arriver au sommet. Il a \u00e9t\u00e9 un missionnaire int\u00e8gre et coh\u00e9rent en sa vocation clar\u00e9taine, v\u00e9cue d\u2019une fa\u00e7on radicale. Cela est d\u00e9montr\u00e9 par sa vie radicalement \u00e9vang\u00e9lique et par son activit\u00e9 infatigable dans la pr\u00e9dication missionnaire : plus de 700 missions populaires, son travail de cath\u00e9chiste itin\u00e9rant et ses visites aux prisons et aux h\u00f4pitaux. Le peuple de Dieu commen\u00e7a \u00e0 le canoniser en l\u2019appelant le saint P\u00e8re Mariano, et la sainte \u00c9glise l\u2019a d\u00e9clar\u00e9 v\u00e9n\u00e9rable le 23 octobre 1987 par d\u00e9cision du Pape Jean-Paul II.<\/div>\n","protected":false},"excerpt":{"rendered":"<p>Mariano Avellana est n\u00e9 \u00e0 Almud\u00e9var, province et dioc\u00e8se de Huesca (Espagne), le 16 avril 1884. Il \u00e9tait le cinqui\u00e8me des huits enfants de Francisco et Rafaela, cultivateurs assez riches et de bonnes m\u0153urs. Il fut baptis\u00e9 le m\u00eame jour de sa naissance dans la chapelle de sainte Anne de l\u2019\u00e9glise paroissiale, propri\u00e9t\u00e9 de sa [&hellip;]<\/p>\n","protected":false},"author":69,"featured_media":0,"parent":33291,"menu_order":0,"comment_status":"closed","ping_status":"closed","template":"","meta":{"_et_pb_use_builder":"","_et_pb_old_content":"","_et_gb_content_width":"","footnotes":""},"class_list":["post-27741","page","type-page","status-publish","hentry"],"jetpack_sharing_enabled":true,"jetpack_shortlink":"https:\/\/wp.me\/PdaBmi-7dr","jetpack_likes_enabled":true,"_links":{"self":[{"href":"https:\/\/www.claret.org\/fr\/wp-json\/wp\/v2\/pages\/27741","targetHints":{"allow":["GET"]}}],"collection":[{"href":"https:\/\/www.claret.org\/fr\/wp-json\/wp\/v2\/pages"}],"about":[{"href":"https:\/\/www.claret.org\/fr\/wp-json\/wp\/v2\/types\/page"}],"author":[{"embeddable":true,"href":"https:\/\/www.claret.org\/fr\/wp-json\/wp\/v2\/users\/69"}],"replies":[{"embeddable":true,"href":"https:\/\/www.claret.org\/fr\/wp-json\/wp\/v2\/comments?post=27741"}],"version-history":[{"count":0,"href":"https:\/\/www.claret.org\/fr\/wp-json\/wp\/v2\/pages\/27741\/revisions"}],"up":[{"embeddable":true,"href":"https:\/\/www.claret.org\/fr\/wp-json\/wp\/v2\/pages\/33291"}],"wp:attachment":[{"href":"https:\/\/www.claret.org\/fr\/wp-json\/wp\/v2\/media?parent=27741"}],"curies":[{"name":"wp","href":"https:\/\/api.w.org\/{rel}","templated":true}]}}