{"id":27755,"date":"2018-09-04T10:20:32","date_gmt":"2018-09-04T08:20:32","guid":{"rendered":"https:\/\/www.claret.org\/fecha-22-de-mai-sainte-joaquina-vedruna-fondatrice-des-religieuses-carmelites-de-la-charite\/"},"modified":"2018-09-04T10:20:32","modified_gmt":"2018-09-04T08:20:32","slug":"fecha-22-de-mai-sainte-joaquina-vedruna-fondatrice-des-religieuses-carmelites-de-la-charite","status":"publish","type":"page","link":"https:\/\/www.claret.org\/fr\/calendrier\/fecha-22-de-mai-sainte-joaquina-vedruna-fondatrice-des-religieuses-carmelites-de-la-charite\/","title":{"rendered":"Fecha: 22 de Mai &#8211; SAINTE JOAQUINA VEDRUNA Fondatrice des Religieuses Carm\u00e9lites de la Charit\u00e9"},"content":{"rendered":"<div style=\"text-align: justify;\">Sainte Joaquina Vedruna est n\u00e9e le 16 avril 1783 \u00e0 Barcelone (Espagne), o\u00f9, apr\u00e8s 71 ann\u00e9es d\u2019une vie consacr\u00e9e au service h\u00e9ro\u00efque de la charit\u00e9, est d\u00e9c\u00e9d\u00e9e le 28 ao\u00fbt 1854.<\/div>\n<div style=\"text-align: justify;\"><\/div>\n<div style=\"text-align: justify;\">Son premier r\u00eave fut celui de se consacrer \u00e0 Dieu comme contemplative; mais, suivant le conseil de ses parents, qu\u2019elle consid\u00e9ra comme \u00e9tant la volont\u00e9 de Dieu, elle se maria avec Teodor de Mas, un riche fermier de Vic. Ils ont eu neuf enfants. \u00c0 l\u2019\u00e2ge de 33 ans, elle devint veuve. \u00c0 partir de ce moment, Joaquina se consacra \u00e0 la bonne \u00e9ducation de ses enfants et combina cette t\u00e2che avec beaucoup d\u2019oeuvres de pi\u00e9t\u00e9.<\/div>\n<div style=\"text-align: justify;\"><\/div>\n<div style=\"text-align: justify;\">\u00c0 un certain moment, elle d\u00e9sira entreprendre une vie chr\u00e9tienne plus radicale. Elle se sentait inclin\u00e9e \u00e0 la vie contemplative, mais elle suivit le conseil de son directeur spirituel qui lui fit voir les besoins urgents de son \u00e9poque. C\u2019est pourquoi elle con\u00e7ut le projet de fonder une institution d\u00e9di\u00e9e \u00e0 l\u2019ensleignement et au soin  des malades. D\u2019une fa\u00e7on tr\u00e8s sp\u00e9ciale, elle ressentit l\u2019appel \u00e0 s\u2019occuper de l\u2019instruction des jeunes filles, si abandonn\u00e9es \u00e0 ce niveau en cette \u00e9poque.<\/div>\n<div style=\"text-align: justify;\"><\/div>\n<div style=\"text-align: justify;\">Joaquina travailla avec t\u00e9nacit\u00e9 et humilit\u00e9 \u00e0 partir de cette motion du Saint-Esprit. Et ainsi, le 26 f\u00e9vrier 1826, l\u2019\u00e9v\u00eaque Corcuera approuva l\u2019institut qu\u2019elle avait fond\u00e9, qui fut plac\u00e9 sous le patronage de Notre-Dame du Mont Carmel. Et en 1850, il fut approuv\u00e9 sous le nom de Congr\u00e9gation de Soeurs Carm\u00e9lites de la Charit\u00e9.<\/div>\n<div style=\"text-align: justify;\"><\/div>\n<div style=\"text-align: justify;\">Les Soeurs Carm\u00e9lites de la Charit\u00e9 ont \u00e9t\u00e9 des pioni\u00e8res; elles ont fait date en ouvrant une voie qui bient\u00f4t serait suivie par de nouvelles congr\u00e9gations f\u00e9minines. Elles ont \u00e9t\u00e9 les premi\u00e8res religieuses consacr\u00e9es \u00e0 l\u2019enseignement en Espagne. Le trait propre qui les caract\u00e9risa, c\u2019est que la sainte v\u00e9cut chez ses parents et, plus tard, dans sa propre maison, une ambiance de famille. Elle sut insuffler cet air de famille \u00e0 son institut. Chaque communaut\u00e9 jouissait d\u2019un climat de confiance et de cordialit\u00e9, comme un foyer chaud et ouvert; on y abolit ces diff\u00e9rences sociales de la dot, du patrimoine, de la culture&#8230; qui avaient si fort\u00e9ment d\u00e9natur\u00e9 la vie religieuse. Cette ambiance famili\u00e8re se communica aussi aux \u00e9l\u00e8ves, qui jouissaient du privil\u00e8ge d\u2019une grande g\u00e9n\u00e9rosit\u00e9 de la part des Soeurs. Les jeunes filles de familles fortun\u00e9es ont vite appris que le dicton La letra con sangre entra \u00e9tait devenu La letra,  no con sangre sino con cari\u00f1o entra. (La lettre n\u2019entre pas avec avec la punition mais avec de l\u2019affection).<\/div>\n<div style=\"text-align: justify;\"><\/div>\n<div style=\"text-align: justify;\">Antoione-Marie Claret et Joaquina Vedruna ont co\u00efncid\u00e9 pour des raisons de famille et de g\u00e9ographie. Le P. Claret encouragea Joaquina spirituellement et devint promoteur et protecteur de la Congr\u00e9gation que la sainte allait fonder. Gr\u00e2ce \u00e0 son influence d\u00e9cisive, la Congr\u00e9gation se confirma en Catalogne et se r\u00e9pandit par toute l\u2019Espagne. Le saint les prot\u00e9gea toujours, prit fait et cause pour qu\u2019elles puissent s\u2019\u00e9tablir et rester dans les villages. Il fut vraiment leur d\u00e9fenseur, leur p\u00e8re et fr\u00e8re. Ce travail de Claret serait, ensuite, continu\u00e9 par les Missionnaires Clar\u00e9tains.<\/div>\n","protected":false},"excerpt":{"rendered":"<p>Sainte Joaquina Vedruna est n\u00e9e le 16 avril 1783 \u00e0 Barcelone (Espagne), o\u00f9, apr\u00e8s 71 ann\u00e9es d\u2019une vie consacr\u00e9e au service h\u00e9ro\u00efque de la charit\u00e9, est d\u00e9c\u00e9d\u00e9e le 28 ao\u00fbt 1854. Son premier r\u00eave fut celui de se consacrer \u00e0 Dieu comme contemplative; mais, suivant le conseil de ses parents, qu\u2019elle consid\u00e9ra comme \u00e9tant la [&hellip;]<\/p>\n","protected":false},"author":69,"featured_media":0,"parent":33291,"menu_order":0,"comment_status":"closed","ping_status":"closed","template":"","meta":{"_et_pb_use_builder":"","_et_pb_old_content":"","_et_gb_content_width":"","footnotes":""},"class_list":["post-27755","page","type-page","status-publish","hentry"],"jetpack_sharing_enabled":true,"jetpack_shortlink":"https:\/\/wp.me\/PdaBmi-7dF","jetpack_likes_enabled":true,"_links":{"self":[{"href":"https:\/\/www.claret.org\/fr\/wp-json\/wp\/v2\/pages\/27755","targetHints":{"allow":["GET"]}}],"collection":[{"href":"https:\/\/www.claret.org\/fr\/wp-json\/wp\/v2\/pages"}],"about":[{"href":"https:\/\/www.claret.org\/fr\/wp-json\/wp\/v2\/types\/page"}],"author":[{"embeddable":true,"href":"https:\/\/www.claret.org\/fr\/wp-json\/wp\/v2\/users\/69"}],"replies":[{"embeddable":true,"href":"https:\/\/www.claret.org\/fr\/wp-json\/wp\/v2\/comments?post=27755"}],"version-history":[{"count":0,"href":"https:\/\/www.claret.org\/fr\/wp-json\/wp\/v2\/pages\/27755\/revisions"}],"up":[{"embeddable":true,"href":"https:\/\/www.claret.org\/fr\/wp-json\/wp\/v2\/pages\/33291"}],"wp:attachment":[{"href":"https:\/\/www.claret.org\/fr\/wp-json\/wp\/v2\/media?parent=27755"}],"curies":[{"name":"wp","href":"https:\/\/api.w.org\/{rel}","templated":true}]}}