{"id":27772,"date":"2018-09-04T10:35:01","date_gmt":"2018-09-04T08:35:01","guid":{"rendered":"https:\/\/www.claret.org\/fecha-13-de-juin-ordination-presbyterale-de-saint-antoine-marie-claret\/"},"modified":"2018-09-04T10:35:01","modified_gmt":"2018-09-04T08:35:01","slug":"fecha-13-de-juin-ordination-presbyterale-de-saint-antoine-marie-claret","status":"publish","type":"page","link":"https:\/\/www.claret.org\/fr\/calendrier\/fecha-13-de-juin-ordination-presbyterale-de-saint-antoine-marie-claret\/","title":{"rendered":"Fecha: 13 de Juin &#8211; ORDINATION PRESBYTERALE DE SAINT ANTOINE-MARIE CLARET"},"content":{"rendered":"<div style=\"text-align: justify;\">Aujourd\u2019hui, le 13 juin, m\u00e9moire de saint Antoine de Padoue, nous c\u00e9l\u00e9brons l\u2019anniversaire de l\u2019ordination presbyt\u00e9rale de saint Antoine-Marie Claret. Elle eut lieu \u00e0 Solsona, ville de la province de L\u00e9rida. L\u2019\u00e9v\u00eaque qui l\u2019ordonna fut Fray Juan Jos\u00e9 de Tejada. Claret avait en ce moment 27 ans. M\u00eame s\u2019il n\u2019avait pas encore fini ses \u00e9tudes, l\u2019\u00e9v\u00eaque de Vic voulut lui avancer l\u2019ordination parce qu\u2019il voyait en lui quelquechose de sp\u00e9cial.<\/div>\n<div style=\"text-align: justify;\"><\/div>\n<div style=\"text-align: justify;\">Humainement parlant, l\u2019ordination presbyt\u00e9rale de Claret ne fut pas une exp\u00e9rience tr\u00e8s joyeuse. Il venait de finir quarante jours d\u2019exercices spirituels au cours desquels il se sentit fortement tent\u00e9. Il ne put \u00eatre ordonn\u00e9 en son dioc\u00e8se de Vic parce que son \u00e9v\u00eaque \u00e9tait malade. Toutes ces contrari\u00e9t\u00e9s se sont \u201ctransfigur\u00e9es\u201d le jour de sa premi\u00e8re messe: \u201cJ\u2019avais fait les quarante jours de retraite qui devaient pr\u00e9c\u00e9der mon ordination et je dois dire que je n\u2019ai jamais fait de retraite avec autant de peines et de tentattions. Mais nulle autre retraite m\u2019a procur\u00e9 autant de gr\u00e2ces. J\u2019en pris conscience le jour de ma premi\u00e8re messe, le 21 juin, f\u00eate de saint Louis de Gonzague, patron de la Congr\u00e9gation. Mon ordination avait eu lieu le jour de la f\u00eate de saint Antoine, mon saint patron\u201d (Aut 102).<\/div>\n<div style=\"text-align: justify;\"><\/div>\n<div style=\"text-align: justify;\">L\u2019ordination presbyt\u00e9rale a \u00e9t\u00e9 pour Claret le point d\u2019arriv\u00e9e d\u2019un r\u00eave d\u2019enfance. Mais elle fut, surtout, le point de d\u00e9part d\u2019un noviciat missionnaire. Tout en accomplissant fid\u00e8lement la cure d\u2019\u00e2mes, il d\u00e9couvre de plus en plus clairement son appel \u00e0 une \u00e9vang\u00e9lisation itin\u00e9rante. C\u2019est vers la quatri\u00e8me ann\u00e9e de sa vie de cur\u00e9 que cet appel devient irr\u00e9sistible et commence, avec d\u2019autres cur\u00e9s, \u00e0 organiser quelques pr\u00e9dications dans les paroisses voisines et, avec l\u2019autorisation de son \u00c9v\u00eaque, il quittera la patrie pour aller \u00e0 Rome se mettre \u00e0 la disposition de la Congr\u00e9gation romaine de la Propagation de la Foi. La maladie l\u2019oblige \u00e0 retourner en Catalogne, o\u00f9, avec l\u2019autorisation de son \u00c9v\u00eaque, il s\u2019adone aux missions paroissiales et se rend aux \u00celes Canaries pour pour une campagne intensive de pr\u00e9dication misionaire.<\/div>\n<div style=\"text-align: justify;\"><\/div>\n<div style=\"text-align: justify;\">Il v\u00e9cut son sacerdoce non pas comme beaucoup d\u2019autres clercs de son temps, mais comme une synth\u00e8se parfaite de la cons\u00e9cration \u00e0 l\u2019annonce de la Parole, la c\u00e9l\u00e9bration des sacrements et l\u2019attention pastorale aux paroissiens. Il ne se sentait pas appel\u00e9 \u00e0 exercer son sacerdoce \u00e0 partir du service paroissial, mais comme missionnaire itin\u00e9rant. C\u2019est pourquoi il s\u2019est offert bient\u00f4t pour les missions \u00e9trang\u00e8res. Ne pouvant pas r\u00e9aliser ce projet, il  s\u2019orienta vers la pr\u00e9dication itin\u00e9rante dans les villes et villages de la Catalogne et des \u00celes Canaries.<\/div>\n<div style=\"text-align: justify;\"><\/div>\n<div style=\"text-align: justify;\">Cet anniversaire est une occasion sp\u00e9ciale pour rendre gr\u00e2ce \u00e0 Dieu pour le don accord\u00e9 \u00e0 notre Fondateur et pour tous les pr\u00eatres qui nous ont aid\u00e9s au long de notre vie \u00e0 suivre fid\u00e8lement le Christ, en commen\u00e7ant par le pr\u00eatre qui nous administra le sacrement du bapt\u00eame.<\/div>\n<div style=\"text-align: justify;\"><\/div>\n<div style=\"text-align: justify;\">Cet anniversaire est aussi un jour ad\u00e9quat pour que les missionnaires ordonn\u00e9s de la Congr\u00e9gation rendent gr\u00e2ce \u00e0 Dieu pour leur vocation minist\u00e9rielle et pour demander au Seigneur qu\u2019il accorde \u00e0 son \u00c9glise des ministres idoines qui puissent la servir comme le fit, en son \u00e9poque, saint Antoine-Marie Claret.<\/div>\n","protected":false},"excerpt":{"rendered":"<p>Aujourd\u2019hui, le 13 juin, m\u00e9moire de saint Antoine de Padoue, nous c\u00e9l\u00e9brons l\u2019anniversaire de l\u2019ordination presbyt\u00e9rale de saint Antoine-Marie Claret. Elle eut lieu \u00e0 Solsona, ville de la province de L\u00e9rida. L\u2019\u00e9v\u00eaque qui l\u2019ordonna fut Fray Juan Jos\u00e9 de Tejada. Claret avait en ce moment 27 ans. M\u00eame s\u2019il n\u2019avait pas encore fini ses \u00e9tudes, [&hellip;]<\/p>\n","protected":false},"author":69,"featured_media":0,"parent":33291,"menu_order":0,"comment_status":"closed","ping_status":"closed","template":"","meta":{"_et_pb_use_builder":"","_et_pb_old_content":"","_et_gb_content_width":"","footnotes":""},"class_list":["post-27772","page","type-page","status-publish","hentry"],"jetpack_sharing_enabled":true,"jetpack_shortlink":"https:\/\/wp.me\/PdaBmi-7dW","jetpack_likes_enabled":true,"_links":{"self":[{"href":"https:\/\/www.claret.org\/fr\/wp-json\/wp\/v2\/pages\/27772","targetHints":{"allow":["GET"]}}],"collection":[{"href":"https:\/\/www.claret.org\/fr\/wp-json\/wp\/v2\/pages"}],"about":[{"href":"https:\/\/www.claret.org\/fr\/wp-json\/wp\/v2\/types\/page"}],"author":[{"embeddable":true,"href":"https:\/\/www.claret.org\/fr\/wp-json\/wp\/v2\/users\/69"}],"replies":[{"embeddable":true,"href":"https:\/\/www.claret.org\/fr\/wp-json\/wp\/v2\/comments?post=27772"}],"version-history":[{"count":0,"href":"https:\/\/www.claret.org\/fr\/wp-json\/wp\/v2\/pages\/27772\/revisions"}],"up":[{"embeddable":true,"href":"https:\/\/www.claret.org\/fr\/wp-json\/wp\/v2\/pages\/33291"}],"wp:attachment":[{"href":"https:\/\/www.claret.org\/fr\/wp-json\/wp\/v2\/media?parent=27772"}],"curies":[{"name":"wp","href":"https:\/\/api.w.org\/{rel}","templated":true}]}}