{"id":27787,"date":"2018-09-04T11:36:11","date_gmt":"2018-09-04T09:36:11","guid":{"rendered":"https:\/\/www.claret.org\/fecha-15-de-juin-sainte-marie-michelle-du-tres-saint-sacrement-fondatrice-des-religieuses-adoratrices\/"},"modified":"2018-09-04T11:36:11","modified_gmt":"2018-09-04T09:36:11","slug":"fecha-15-de-juin-sainte-marie-michelle-du-tres-saint-sacrement-fondatrice-des-religieuses-adoratrices","status":"publish","type":"page","link":"https:\/\/www.claret.org\/fr\/calendrier\/fecha-15-de-juin-sainte-marie-michelle-du-tres-saint-sacrement-fondatrice-des-religieuses-adoratrices\/","title":{"rendered":"Fecha: 15 de Juin &#8211; SAINTE MARIE-MICHELLE DU TR\u00c8S SAINT SACREMENT Fondatrice des Religieuses Adoratrices"},"content":{"rendered":"<div style=\"text-align: justify;\">Micaela Desmaissi\u00e8res L\u00f3pez de Dicastillo et Olmedo, vicomtesse de Jorbal\u00e1n, est n\u00e9e \u00e0 Madrid en 1809. Elle re\u00e7ut une \u00e9ducation soign\u00e9e en accord avec sa condition aristocratique, mais tr\u00e8s t\u00f4t elle connut, en m\u00eame temps que la foi, la douleur et l\u2019humilliation.<\/div>\n<div style=\"text-align: justify;\"><\/div>\n<div style=\"text-align: justify;\">Sous la direction spirituelle du P. Carasa, elle fit une exp\u00e9rience d\u00e9terminante dans l\u2019h\u00f4pital de Saint Jean de Dieu de Madrid, en entrant en contact, pour la premi\u00e8re fois, avec des femmes de la rue, atteintes de r\u00e9pugnantes maladies v\u00e9n\u00e9riennes. Cette visite fut si d\u00e9cisive qu\u2019elle la conduisit \u00e0 ouvrir une maison pour accueillir ces \u00e2mes malheureuses. Cela, qui fut le gerne de sa grande oeuvre, lui attira une tourmente d\u2019incompr\u00e9hensions. Toutes ses anciennes amiti\u00e9s lui refus\u00e8rent l\u2019aide et l\u2019amiti\u00e9.<\/div>\n<div style=\"text-align: justify;\"><\/div>\n<div style=\"text-align: justify;\">En 1845, en compagnie de quelques dames qu\u2019elle connaisait, elle inaugura un coll\u00e8ge d\u2019enseignement pour ces jeunes filles malheureuses, afin de les pr\u00e9parer pour un travail digne. En 1850, elle laissa d\u00e9finitivement son \u00e9l\u00e9gante maison d\u2019un quartier riche et commen\u00e7a \u00e0 vivre avec elles dans une maison d\u00e9mantibul\u00e9e, en travaillant pour qu\u2019elles retrouvent leur dignit\u00e9 de personnes et de filles de Dieu. Apr\u00e8s des ann\u00e9es tr\u00e8s difficiles, pleines de calonnies et de graves probl\u00e8mes \u00e9conomiques et ayant comme seul recours l\u2019Eucharistie, sont n\u00e9es les Adoratrices, Servantes du tr\u00e8s Saint Sacrement et de la Charit\u00e9, gr\u00e2ce \u00e0 l\u2019aide et aux conseils de saint Antoine-Marie Claret. C\u2019est ainsi qu\u2019elle cessa d\u2019\u00eatre appel\u00e9e Michelle pour \u00eatre connue par le nom de la Madre Sacramento. Le 6 janvier 1859, f\u00eate de l\u2019\u00c9piphanie  du Seigneur, Michelle et ses sept compagnes ont \u00e9mis les voeux simples. Elle \u00e9mit les v\u0153ux perp\u00e9tuels le 15 juin 1960. C\u2019est ainsi que commen\u00e7a la lente expansion de l\u2019Institut.<\/div>\n<div style=\"text-align: justify;\"><\/div>\n<div style=\"text-align: justify;\">Le P. Claret connut la M\u00e8re Sacramento beaucoup de temps avant d\u2019\u00eatre nomm\u00e9 confesseur royal ; d\u00e9j\u00e0 \u00e0 Cuba il a \u00e9chang\u00e9 des lettres avec elle. Selon le P\u00e8re Crist\u00f3bal Fern\u00e1ndez ( El Beato II, p. 263),  ils se sont connus en 1848, quand Claret passa par Madrid en route vers les Canaries. Le saint aida la sainte et son institut spirituellement et mat\u00e9riellement. Il retoucha m\u00eame les constitutions du nouvel institut, afin d\u2019obtenir leur approbation. Les deux saints ont subi de grossi\u00e8res calomnies, diffus\u00e9es par la plus infame propagande.<\/div>\n<div style=\"text-align: justify;\"><\/div>\n<div style=\"text-align: justify;\">Affect\u00e9e mortellement par le chol\u00e9ra, le 24 ao\u00fbt 1865, la M\u00e8re Sacramento mourait \u00e0 Valence, o\u00f9 elle s\u2019\u00e9tait rendue pour aider et consoler les gens afflig\u00e9s par une \u00e9pid\u00e9mie. C\u2019est ainsi qu\u2019elle fit  de sa vie une parfaite Eucharistie : communion avec le Christ en donnant la vie pour les plus n\u00e9c\u00e9ssiteux. L\u2019h\u00e9ro\u00efcit\u00e9 de ses vertus fut proclamm\u00e9e en 1922. Pie XI la b\u00e9atifia le 7 juillet 1925 et la canonisa le 4 mars 1924. Saint Antoine-Marie Claret resta attach\u00e9 \u00e0 la M\u00e8re Sacramento et \u00e0 son \u0153uvre comme patron de l\u2019institut qu\u2019elle avait fond\u00e9.<\/div>\n","protected":false},"excerpt":{"rendered":"<p>Micaela Desmaissi\u00e8res L\u00f3pez de Dicastillo et Olmedo, vicomtesse de Jorbal\u00e1n, est n\u00e9e \u00e0 Madrid en 1809. Elle re\u00e7ut une \u00e9ducation soign\u00e9e en accord avec sa condition aristocratique, mais tr\u00e8s t\u00f4t elle connut, en m\u00eame temps que la foi, la douleur et l\u2019humilliation. Sous la direction spirituelle du P. Carasa, elle fit une exp\u00e9rience d\u00e9terminante dans [&hellip;]<\/p>\n","protected":false},"author":69,"featured_media":0,"parent":33291,"menu_order":0,"comment_status":"closed","ping_status":"closed","template":"","meta":{"_et_pb_use_builder":"","_et_pb_old_content":"","_et_gb_content_width":"","footnotes":""},"class_list":["post-27787","page","type-page","status-publish","hentry"],"jetpack_sharing_enabled":true,"jetpack_shortlink":"https:\/\/wp.me\/PdaBmi-7eb","jetpack_likes_enabled":true,"_links":{"self":[{"href":"https:\/\/www.claret.org\/fr\/wp-json\/wp\/v2\/pages\/27787","targetHints":{"allow":["GET"]}}],"collection":[{"href":"https:\/\/www.claret.org\/fr\/wp-json\/wp\/v2\/pages"}],"about":[{"href":"https:\/\/www.claret.org\/fr\/wp-json\/wp\/v2\/types\/page"}],"author":[{"embeddable":true,"href":"https:\/\/www.claret.org\/fr\/wp-json\/wp\/v2\/users\/69"}],"replies":[{"embeddable":true,"href":"https:\/\/www.claret.org\/fr\/wp-json\/wp\/v2\/comments?post=27787"}],"version-history":[{"count":0,"href":"https:\/\/www.claret.org\/fr\/wp-json\/wp\/v2\/pages\/27787\/revisions"}],"up":[{"embeddable":true,"href":"https:\/\/www.claret.org\/fr\/wp-json\/wp\/v2\/pages\/33291"}],"wp:attachment":[{"href":"https:\/\/www.claret.org\/fr\/wp-json\/wp\/v2\/media?parent=27787"}],"curies":[{"name":"wp","href":"https:\/\/api.w.org\/{rel}","templated":true}]}}