{"id":27799,"date":"2018-09-04T11:45:42","date_gmt":"2018-09-04T09:45:42","guid":{"rendered":"https:\/\/www.claret.org\/fecha-23-de-juin-etudiant-pierre-mardones\/"},"modified":"2018-09-04T11:45:42","modified_gmt":"2018-09-04T09:45:42","slug":"fecha-23-de-juin-etudiant-pierre-mardones","status":"publish","type":"page","link":"https:\/\/www.claret.org\/fr\/calendrier\/fecha-23-de-juin-etudiant-pierre-mardones\/","title":{"rendered":"Fecha: 23 de Juin &#8211; \u00c9TUDIANT PIERRE MARDONES"},"content":{"rendered":"<div style=\"text-align: justify;\">Le scolastique clar\u00e9tain Pierre Mardones Valle est n\u00e9 le 24 ao\u00fbt 1914 \u00e0 Vallejuelo, un petit village de la vall\u00e9e de Mena, dans la province de Burgos (Espagne). Ses parents Miguel et Sebastiana \u00e9taient des agriculteurs. Cat\u00e9chis\u00e9 par sa m\u00e8re, Pierre montra un grand amour envers l\u2019Eucharistie. Il n\u2019oubliait aucun jour d\u2019adresser quelques pri\u00e8res \u00e0 la patrone du village, Notre Dame de Cantonad, envers laquelle il avait une grande d\u00e9votion.<\/div>\n<div style=\"text-align: justify;\"><\/div>\n<div style=\"text-align: justify;\">Voici la notice biographique publi\u00e9e dans le bulletin de la Province de B\u00e9tique:<\/div>\n<div style=\"text-align: justify;\"><\/div>\n<div style=\"text-align: justify;\">\u201cAvant tout, l\u2019h\u00e9ro\u00efcit\u00e9 de sa vocation. Il aimait beaucoup son p\u00e8re, mais il rencontra en lui une opposition cat\u00e9gorique, quand il lui manifesta son id\u00e9al missionnaire. L\u2019opposition du p\u00e8re fut un non r\u00e9tentissant&#8230; Aid\u00e9 par un de ses beaux fr\u00e8res, il abandonna la maison paternelle une nuit pour se cacher dans la maison de Dieu. Et l\u00e0 se pr\u00e9senta le maire du village avec son p\u00e8re et deux gendarmes. Il n\u2019eut pas d\u2019autre solution que laisser le gar\u00e7on aller l\u00e0 o\u00f9 il voulait, au s\u00e9minaire des Missionnaires. D\u00e8s son entr\u00e9e au s\u00e9minaire, il se fit remarquer par sa pi\u00e9t\u00e9, sa simplicit\u00e9 et ses mani\u00e8res aimables. Comme religieux, nous pouvons dire qu\u2019il excellait dans toutes les vertus, qu\u2019il pratiquait avec fermet\u00e9 et avec joie. Il \u00e9tait un s\u00e9minariste de pri\u00e8re, d\u2019une intense spiritualit\u00e9 mariale, d\u2019esprit de sacrifice, de mortification et d\u2019application au travail; mais surtout, il se remarquait par la pratique de la mortification. Incorpor\u00e9 au service militaire en 1936, ses chefs de caserne \u00e9prouvaient pour lui un respect si grand qu\u2019ils devaient se faire violence pour lui demander quelque chose. La vie de caserne fut pour lui un martyre continuel. Il se sauvait toujours qu\u2019il pouvait pour ne pas perdre le rythme de classes et d\u2019\u00e9tudes. Pour lui, l\u2019\u00e9tude \u00e9tait le compagnon ins\u00e9parable de la pri\u00e8re. Il est mort d\u2019une fi\u00e8vre thyfo\u00efde. Le maire s\u2019\u00e9tait offert pour \u00eatre le parrain de sa premi\u00e8re messe. Mais ce fut impossible. Pierre c\u00e9l\u00e9bra sa premi\u00e8re messe au ciel\u201d (1, p. 771).<\/div>\n<div style=\"text-align: justify;\"><\/div>\n<div style=\"text-align: justify;\">Sa fid\u00e9lit\u00e9 h\u00e9ro\u00efque allait \u00eatre confirm\u00e9e et d\u00e9finitivement scell\u00e9e dans la derni\u00e8re \u00e9preuve: la maladie infectieuse  -le typhus- qui peu \u00e0 peu mina son organisme jusqu\u2019\u00e0 mettre une fin \u00e0 sa vie. Prostr\u00e9 dans le lit de l\u2019h\u00f4pital de Gri\u00f1\u00f3n et d\u00e9vor\u00e9 par la fi\u00e8vre, son unique amusement, c\u2019\u00e9tait parler du s\u00e9minaire, rappeler ses fr\u00e8res de Congr\u00e9gation et, tout sp\u00e9cialement, s\u2019adonner \u00e0 la lecture de la Bible.<\/div>\n<div style=\"text-align: justify;\"><\/div>\n<div style=\"text-align: justify;\">Il est mort le 23 juin 1937. Il n\u2019avait que 23 ans, mais il \u00e9tait d\u00e9j\u00e0 m\u00fbr pour le ciel. Tous ceux qui ont eu l\u2019opporunit\u00e9 de le conna\u00eetre ont la m\u00eame opinion: \u201cLe s\u00e9minariste Mordones \u00e9tait un saint\u201d.<\/div>\n","protected":false},"excerpt":{"rendered":"<p>Le scolastique clar\u00e9tain Pierre Mardones Valle est n\u00e9 le 24 ao\u00fbt 1914 \u00e0 Vallejuelo, un petit village de la vall\u00e9e de Mena, dans la province de Burgos (Espagne). Ses parents Miguel et Sebastiana \u00e9taient des agriculteurs. Cat\u00e9chis\u00e9 par sa m\u00e8re, Pierre montra un grand amour envers l\u2019Eucharistie. Il n\u2019oubliait aucun jour d\u2019adresser quelques pri\u00e8res \u00e0 [&hellip;]<\/p>\n","protected":false},"author":69,"featured_media":0,"parent":33291,"menu_order":0,"comment_status":"closed","ping_status":"closed","template":"","meta":{"_et_pb_use_builder":"","_et_pb_old_content":"","_et_gb_content_width":"","footnotes":""},"class_list":["post-27799","page","type-page","status-publish","hentry"],"jetpack_sharing_enabled":true,"jetpack_shortlink":"https:\/\/wp.me\/PdaBmi-7en","jetpack_likes_enabled":true,"_links":{"self":[{"href":"https:\/\/www.claret.org\/fr\/wp-json\/wp\/v2\/pages\/27799","targetHints":{"allow":["GET"]}}],"collection":[{"href":"https:\/\/www.claret.org\/fr\/wp-json\/wp\/v2\/pages"}],"about":[{"href":"https:\/\/www.claret.org\/fr\/wp-json\/wp\/v2\/types\/page"}],"author":[{"embeddable":true,"href":"https:\/\/www.claret.org\/fr\/wp-json\/wp\/v2\/users\/69"}],"replies":[{"embeddable":true,"href":"https:\/\/www.claret.org\/fr\/wp-json\/wp\/v2\/comments?post=27799"}],"version-history":[{"count":0,"href":"https:\/\/www.claret.org\/fr\/wp-json\/wp\/v2\/pages\/27799\/revisions"}],"up":[{"embeddable":true,"href":"https:\/\/www.claret.org\/fr\/wp-json\/wp\/v2\/pages\/33291"}],"wp:attachment":[{"href":"https:\/\/www.claret.org\/fr\/wp-json\/wp\/v2\/media?parent=27799"}],"curies":[{"name":"wp","href":"https:\/\/api.w.org\/{rel}","templated":true}]}}