{"id":27838,"date":"2018-09-04T15:00:04","date_gmt":"2018-09-04T13:00:04","guid":{"rendered":"https:\/\/www.claret.org\/fecha-11-de-juillet-p-philippe-maroto-superieur-general\/"},"modified":"2018-09-04T15:00:04","modified_gmt":"2018-09-04T13:00:04","slug":"fecha-11-de-juillet-p-philippe-maroto-superieur-general","status":"publish","type":"page","link":"https:\/\/www.claret.org\/fr\/calendrier\/fecha-11-de-juillet-p-philippe-maroto-superieur-general\/","title":{"rendered":"Fecha: 11 de Juillet &#8211; P. PHILIPPE MAROTO Sup\u00e9rieur G\u00e9n\u00e9ral"},"content":{"rendered":"<div style=\"text-align: justify;\">Il est n\u00e9 le 26 mai 1875 \u00e0 Garcill\u00e1n (S\u00e9govie &#8211; Espagne) d\u2019une modeste famille d\u2019agriculteurs. Il fit son entr\u00e9e au s\u00e9minaire clar\u00e9tain de S\u00e9govie le 25 septembre 1889. Il resta ici une ann\u00e9e en suivant le cours d\u2019analogie. L\u2019ann\u00e9e suivante, il alla \u00e0 Barbastro, o\u00f9 il \u00e9tudia la rh\u00e9torique. Au d\u00e9but de juillet 1891, il alla au noviciat de Cervera (L\u00e9rida- Espagne). Cette promotion comptait 3 Pr\u00eatres, 75 \u00c9tudiants et 34 Fr\u00e8res. Il fit la premi\u00e8re profession le 25 juillet 1892 et resta \u00e0 Cervera, o\u00f9 il \u00e9tudia la philosophie (1892-1895) et les deux premi\u00e8res ann\u00e9es de th\u00e9ologie (1895-1897). Dans l\u2019\u00e9t\u00e9 de 1897, il passa \u00e0 Santo Domingo de la Calzada (La Rioja \u2013 Espagne), o\u00f9 il termina la carri\u00e8re sacerdotale avec l\u2019\u00e9tude de la morale et du droit canon. Il fut ordonn\u00e9 pr\u00eatre le 13 mai 1900. Il fut imm\u00e9diatement envoy\u00e9 \u00e0 Rome. L\u00e0, il commen\u00e7a les \u00e9tudes de droit canon et droit civil (1900-1903) dans le Pontificio Seminario Romano.<\/div>\n<div style=\"text-align: justify;\"><\/div>\n<div style=\"text-align: justify;\">L\u2019ann\u00e9e scolaire 1907-1908, le P. Maroto commen\u00e7a son magist\u00e8re universitaire avec la chaire d\u2019Institutions Canoniques. Il fut procureur, postulateur et conseiller g\u00e9n\u00e9ral. Il \u00e9tait tr\u00e8s connu \u00e0 Rome \u00e0 cause de ses qualit\u00e9s spirituelles et intellectuelles. Ses aptitudes pour le droit \u00e9taient exceptionnelles. Il \u00e9tait tellement connu qu\u2019on est arriv\u00e9 parfois \u00e0 appeler les clar\u00e9tains i Marotini.<\/div>\n<div style=\"text-align: justify;\"><\/div>\n<div style=\"text-align: justify;\">\u00c9tant donn\u00e9 le peu de temps qu\u2019il exer\u00e7a sa charge de Sup\u00e9rieur G\u00e9n\u00e9ral, il n\u2019\u00e9crivit pas beaucoup de circulaires. Dans son magist\u00e8re, il insiste surtout sur la mission universelle de la Congr\u00e9gation et sur la formation solide et soign\u00e9e de ses membres. Il insiste aussi sur la promotion de l\u2019esprit missionnaire universel dans nos coll\u00e8ges par tous les moyens possibles. D\u2019autre part, il fit preuve d\u2019une grande efficacit\u00e9 \u00e0 mettre en pratique les d\u00e9cisions du Chapitre G\u00e9n\u00e9ral (1934) qui l\u2019avait \u00e9lu. Entre autres choses, il organisa et mit en branle le Coll\u00e8ge International de Rome l\u2019ann\u00e9e scolaire 1934-1935 et transf\u00e9ra la Curie G\u00e9n\u00e9rale de la Congr\u00e9gation \u00e0 la Via Giulia.<\/div>\n<div style=\"text-align: justify;\"><\/div>\n<div style=\"text-align: justify;\">Le plus important de cette \u00e9poque, et ce qui allait provoquer l\u2019\u00e9branlement de la sant\u00e9 du P. Maroto, ce furent les \u00e9v\u00e9nements de la Guerra Civile espagnole (1936-1939). Tous les minist\u00e8res ont \u00e9t\u00e9 paralys\u00e9s en Espagne. La pers\u00e9cution  a fait 271 victimes (Fr\u00e8res, \u00c9tudiants et P\u00e8res) et a caus\u00e9 beaucoup de pertes mat\u00e9rielles. De toute fa\u00e7on, cette perte douloureuse deviendrait une gloire pour la Congr\u00e9gation, qui pouvait d\u00e9j\u00e0 compter dans son sein  une nombreuse troupe de glorieux martyrs. Le P. Maroto mourut soudainement, abattu par la souffrance que lui apport\u00e8rent les \u00e9v\u00e9nements tragiques de la Congr\u00e9gation en Espagne. Il mourut d\u2019une congestion c\u00e9r\u00e9brale le 11 juillet 1937.<\/div>\n","protected":false},"excerpt":{"rendered":"<p>Il est n\u00e9 le 26 mai 1875 \u00e0 Garcill\u00e1n (S\u00e9govie &#8211; Espagne) d\u2019une modeste famille d\u2019agriculteurs. Il fit son entr\u00e9e au s\u00e9minaire clar\u00e9tain de S\u00e9govie le 25 septembre 1889. Il resta ici une ann\u00e9e en suivant le cours d\u2019analogie. L\u2019ann\u00e9e suivante, il alla \u00e0 Barbastro, o\u00f9 il \u00e9tudia la rh\u00e9torique. Au d\u00e9but de juillet 1891, [&hellip;]<\/p>\n","protected":false},"author":69,"featured_media":0,"parent":33291,"menu_order":0,"comment_status":"closed","ping_status":"closed","template":"","meta":{"_et_pb_use_builder":"","_et_pb_old_content":"","_et_gb_content_width":"","footnotes":""},"class_list":["post-27838","page","type-page","status-publish","hentry"],"jetpack_sharing_enabled":true,"jetpack_shortlink":"https:\/\/wp.me\/PdaBmi-7f0","jetpack_likes_enabled":true,"_links":{"self":[{"href":"https:\/\/www.claret.org\/fr\/wp-json\/wp\/v2\/pages\/27838","targetHints":{"allow":["GET"]}}],"collection":[{"href":"https:\/\/www.claret.org\/fr\/wp-json\/wp\/v2\/pages"}],"about":[{"href":"https:\/\/www.claret.org\/fr\/wp-json\/wp\/v2\/types\/page"}],"author":[{"embeddable":true,"href":"https:\/\/www.claret.org\/fr\/wp-json\/wp\/v2\/users\/69"}],"replies":[{"embeddable":true,"href":"https:\/\/www.claret.org\/fr\/wp-json\/wp\/v2\/comments?post=27838"}],"version-history":[{"count":0,"href":"https:\/\/www.claret.org\/fr\/wp-json\/wp\/v2\/pages\/27838\/revisions"}],"up":[{"embeddable":true,"href":"https:\/\/www.claret.org\/fr\/wp-json\/wp\/v2\/pages\/33291"}],"wp:attachment":[{"href":"https:\/\/www.claret.org\/fr\/wp-json\/wp\/v2\/media?parent=27838"}],"curies":[{"name":"wp","href":"https:\/\/api.w.org\/{rel}","templated":true}]}}