{"id":27865,"date":"2018-09-04T17:06:48","date_gmt":"2018-09-04T15:06:48","guid":{"rendered":"https:\/\/www.claret.org\/fecha-27-de-juillet-serviteur-de-dieu-p-joseph-marie-ruiz-formateur-et-martyr\/"},"modified":"2018-09-04T17:06:48","modified_gmt":"2018-09-04T15:06:48","slug":"fecha-27-de-juillet-serviteur-de-dieu-p-joseph-marie-ruiz-formateur-et-martyr","status":"publish","type":"page","link":"https:\/\/www.claret.org\/fr\/calendrier\/fecha-27-de-juillet-serviteur-de-dieu-p-joseph-marie-ruiz-formateur-et-martyr\/","title":{"rendered":"Fecha: 27 de Juillet &#8211; SERVITEUR DE DIEU P. JOSEPH-MARIE RUIZ Formateur et martyr"},"content":{"rendered":"<div style=\"text-align: justify;\">Le P. Jos\u00e9 Mar\u00eda Ruiz est n\u00e9 \u00e0 Jerez de los Caballeros, province de Badajoz (Espagne), le 3 septembre 1906. Il fit sa premi\u00e8re profession en son village natal le 15 ao\u00fbt 1924, et la profession perp\u00e9tuelle, \u00e0 Zafra le 23 octobre 1927. Il fit ses \u00e9tudes eccl\u00e9siastiques \u00e0 Zafra (Badajoz) et re\u00e7ut l\u2019ordination sacerdotale en 1932. Juste apr\u00e8s son ordination, le P. Ruiz fut destin\u00e9 par ses sup\u00e9rieurs \u00e0 Sig\u00fcenza (Guadalajara) comme pr\u00e9fet des petits s\u00e9minaristes. Il se livra corps et \u00e2me \u00e0 son travail de formateur jusqu\u2019au bout, jusqu\u2019\u00e0 donner son sang pour ses s\u00e9minaristes.<\/div>\n<div style=\"text-align: justify;\"><\/div>\n<div style=\"text-align: justify;\">D\u00e8s le mois de juillet, la Guerre s\u2019est \u00e9tendue rapidement par toute l\u2019Espagne, et Sig\u00fcenza ne fut pas une exception. De bonne heure, le 25 juillet, les miliciens ont visit\u00e9 pour la troisi\u00e8me fois Sig\u00fcenza et ont commenc\u00e9 \u00e0 harceler tous les repr\u00e9sentants de la droite politique et du clerg\u00e9 s\u00e9culier et religieux. Ils ont appr\u00e9hend\u00e9 et conduit au comit\u00e9 pour un interrogatoire l\u2019\u00c9v\u00eaque et un missionnaire clar\u00e9tain.<\/div>\n<div style=\"text-align: justify;\"><\/div>\n<div style=\"text-align: justify;\">Bient\u00f4t, les nouvelles de ces d\u00e9sordres sont arriv\u00e9es au Palacio de Infantes, o\u00f9 \u00e9tait \u00e9tabli le petit s\u00e9minaire des Clar\u00e9tains, dont le P. Jos\u00e9-Mar\u00eda \u00e9tait le responsable. Il rassembla les s\u00e9minaristes et leur expliqua la situation. Les circonstances dramatiques exigeaient la dispersion vers des endroits plus s\u00fbrs. Il leur donna quelques conseils leur disant comment ils devaient se comporter dans les lieux o\u00f9 on les conduirait : ils devraient rester fid\u00e8les au Seigneur et \u00e0 la Vierge, notre M\u00e8re ; ils devraient m\u00eame \u00eatre pr\u00eats \u00e0  donner leur vie s\u2019il \u00e9tait n\u00e9cessaire. Il a offert sa vie pour eux, devant l\u2019autel de la Vierge Marie avec ces mots : \u00ab M\u00e8re, si vous voulez une victime, me voici ; mais ne permettez pas qu\u2019il arrive un malheur \u00e0 ces innocents qui n\u2019ont fait rien de mal \u00e0 personne \u00bb.<\/div>\n<div style=\"text-align: justify;\"><\/div>\n<div style=\"text-align: justify;\">On divisa les s\u00e9minaristes en quelques groupes. Les plus jeunes sont all\u00e9s \u00e0 Guijosa, un petit village pr\u00e8s de Sig\u00fcenza. Au cours de l\u2019eucharistie du matin, le 26 juillet, le P. Ruiz renouvela l\u2019offrande de sa vie qu\u2019il avait faite \u00e0 Sig\u00fcenza le 26 juillet, avant la dispersion : Si vous voulez une victime, me voici, Seigneur.<\/div>\n<div style=\"text-align: justify;\"><\/div>\n<div style=\"text-align: justify;\">Le 27 juillet, un groupe de miliciens est all\u00e9 de Sig\u00fcenza \u00e0 Guijosa. Il saisirent le P. Ruiz devant les yeux des innocents s\u00e9minaristes. Ils l\u2019ont fouill\u00e9, ils se sont moqu\u00e9 de lui et il est tomb\u00e9 \u00e0 genoux en s\u2019\u00e9criant : Vierge du Mont Carmel, je vous offre ma vie pour le salut d\u2019Espagne. Le camion, o\u00f9 ils amenaient le prisonnier, d\u00e9marra et prit le chemin de Sig\u00fcenza. En roulant sur le flanc de la colline El Otero, il arr\u00eata. Les miliciens firent descendre le P. Ruiz et, l\u00e0 m\u00eame, tout pr\u00e8s de la route, ils ont immol\u00e9 le pasteur qui avait offert sa vie pour ses jeunes brebis.<\/div>\n<div style=\"text-align: justify;\"><\/div>\n<div style=\"text-align: justify;\">Les s\u00e9minaristes qui \u00e9taient rest\u00e9s \u00e0 Guijosa furent transport\u00e9s \u00e0 Sig\u00fcenza par ordre des miliciens. En passant par la colline El Otero, ils ont vu le corps d\u2019un homme qui semblait endormi. Mais, regardant de plus pr\u00e8s, tous ont reconnu le corps du P. Ruiz, qui avait offert sa vie pour eux, comme J\u00e9sus l\u2019avait fait pour ses ap\u00f4tres.<\/div>\n","protected":false},"excerpt":{"rendered":"<p>Le P. Jos\u00e9 Mar\u00eda Ruiz est n\u00e9 \u00e0 Jerez de los Caballeros, province de Badajoz (Espagne), le 3 septembre 1906. Il fit sa premi\u00e8re profession en son village natal le 15 ao\u00fbt 1924, et la profession perp\u00e9tuelle, \u00e0 Zafra le 23 octobre 1927. Il fit ses \u00e9tudes eccl\u00e9siastiques \u00e0 Zafra (Badajoz) et re\u00e7ut l\u2019ordination sacerdotale [&hellip;]<\/p>\n","protected":false},"author":69,"featured_media":0,"parent":33291,"menu_order":0,"comment_status":"closed","ping_status":"closed","template":"","meta":{"_et_pb_use_builder":"","_et_pb_old_content":"","_et_gb_content_width":"","footnotes":""},"class_list":["post-27865","page","type-page","status-publish","hentry"],"jetpack_sharing_enabled":true,"jetpack_shortlink":"https:\/\/wp.me\/PdaBmi-7fr","jetpack_likes_enabled":true,"_links":{"self":[{"href":"https:\/\/www.claret.org\/fr\/wp-json\/wp\/v2\/pages\/27865","targetHints":{"allow":["GET"]}}],"collection":[{"href":"https:\/\/www.claret.org\/fr\/wp-json\/wp\/v2\/pages"}],"about":[{"href":"https:\/\/www.claret.org\/fr\/wp-json\/wp\/v2\/types\/page"}],"author":[{"embeddable":true,"href":"https:\/\/www.claret.org\/fr\/wp-json\/wp\/v2\/users\/69"}],"replies":[{"embeddable":true,"href":"https:\/\/www.claret.org\/fr\/wp-json\/wp\/v2\/comments?post=27865"}],"version-history":[{"count":0,"href":"https:\/\/www.claret.org\/fr\/wp-json\/wp\/v2\/pages\/27865\/revisions"}],"up":[{"embeddable":true,"href":"https:\/\/www.claret.org\/fr\/wp-json\/wp\/v2\/pages\/33291"}],"wp:attachment":[{"href":"https:\/\/www.claret.org\/fr\/wp-json\/wp\/v2\/media?parent=27865"}],"curies":[{"name":"wp","href":"https:\/\/api.w.org\/{rel}","templated":true}]}}