{"id":27876,"date":"2018-09-04T17:15:21","date_gmt":"2018-09-04T15:15:21","guid":{"rendered":"https:\/\/www.claret.org\/fecha-28-de-juillet-les-serviteurs-de-dieu-thomas-cordero-et-compagnons-martyrs\/"},"modified":"2018-09-04T17:15:21","modified_gmt":"2018-09-04T15:15:21","slug":"fecha-28-de-juillet-les-serviteurs-de-dieu-thomas-cordero-et-compagnons-martyrs","status":"publish","type":"page","link":"https:\/\/www.claret.org\/fr\/calendrier\/fecha-28-de-juillet-les-serviteurs-de-dieu-thomas-cordero-et-compagnons-martyrs\/","title":{"rendered":"Fecha: 28 de Juillet &#8211; LES SERVITEURS DE DIEU THOMAS CORDERO ET COMPAGNONS Martyrs"},"content":{"rendered":"<div style=\"text-align: justify;\">Pendant la Guerre Civil espagnole, de 1936 \u00e0 1939, un groupe d\u2019\u00c9tudiants clar\u00e9tains, en quittant notre th\u00e9ologat de Zafra (Badajoz \u2013 Espagne), chercha un r\u00e9fuge dans la ville de Ciudad Real, lieu qui semblait plus s\u00fbr. Une fois \u00e9tablis l\u00e0, devant l\u2019aspect de plus en plus sombre que prenait la situation, les sup\u00e9rieurs de la Province de B\u00e9tica ont jug\u00e9 que ce lieu ne pr\u00e9sentait plus les garanties de protection et de soutien qu\u2019il semblait offrir au d\u00e9but de la guerre. C\u2019est pourquoi, apr\u00e8s avoir re\u00e7u de fausses promesses de s\u00e9curit\u00e9, les sup\u00e9rieurs ont d\u00e9termin\u00e9 de transf\u00e9rer \u00e0 Madrid le groupe d\u2019\u00c9tudiants.<\/div>\n<div style=\"text-align: justify;\"><\/div>\n<div style=\"text-align: justify;\">Selon les temoins des faits, ils furent reconnus comme religieux, malgr\u00e9 qu\u2019ils ne portaient plus l\u2019habit. Au premier arr\u00eat du train, quelques miliciens les ont oblig\u00e9s \u00e0 descendre du train prof\u00e9rant contre eux des insultes et des menaces de mort. Leurs menaces devinrent une r\u00e9alit\u00e9. Ils furent plac\u00e9s entre deux voies ferr\u00e9es de la station, tout pr\u00e8s de a ville de Fern\u00e1n Caballero; et c\u2019est l\u00e0 qu\u2019ils furent fusill\u00e9s pendant qu\u2019ils criaient: Vive le Christ Roi! Vive le Coeur de Marie! C\u2019\u00e9tait le 28 juillet.<\/div>\n<div style=\"text-align: justify;\">Voici les noms des 14 martyrs clar\u00e9tains qui ont livr\u00e9 leur vie \u00e0 Fern\u00e1n Caballero pour leur foi, leur vocation et pour le Christ : Tom\u00e1s Cordero, Claudio L\u00f3pez, Angel L\u00f3pez, Primitivo Barroso, Antonio Lasa, Vicente Robles, Melecio Pardo, Antonio-Mar\u00eda Orrego, Otilio del Amo, C\u00e1ndido Catal\u00e1n, Angel P\u00e9rez, Abelardo Garc\u00eda, Gabriel Barrioprieto et Jes\u00fas An\u00edbal G\u00f3mez, ce dernier, de nationalit\u00e9 colombienne. \u00c0 ce groupe, nous devons ajouter le Fr\u00e8re Felipe Gonz\u00e0lez, qui fut martyris\u00e9 aussi \u00e0 Fern\u00e1n Caballero, \u00e0 la porte du cim\u00e9ti\u00e8re, le 2 octobre 1936.<\/div>\n","protected":false},"excerpt":{"rendered":"<p>Pendant la Guerre Civil espagnole, de 1936 \u00e0 1939, un groupe d\u2019\u00c9tudiants clar\u00e9tains, en quittant notre th\u00e9ologat de Zafra (Badajoz \u2013 Espagne), chercha un r\u00e9fuge dans la ville de Ciudad Real, lieu qui semblait plus s\u00fbr. Une fois \u00e9tablis l\u00e0, devant l\u2019aspect de plus en plus sombre que prenait la situation, les sup\u00e9rieurs de la [&hellip;]<\/p>\n","protected":false},"author":69,"featured_media":0,"parent":33291,"menu_order":0,"comment_status":"closed","ping_status":"closed","template":"","meta":{"_et_pb_use_builder":"","_et_pb_old_content":"","_et_gb_content_width":"","footnotes":""},"class_list":["post-27876","page","type-page","status-publish","hentry"],"jetpack_sharing_enabled":true,"jetpack_shortlink":"https:\/\/wp.me\/PdaBmi-7fC","jetpack_likes_enabled":true,"_links":{"self":[{"href":"https:\/\/www.claret.org\/fr\/wp-json\/wp\/v2\/pages\/27876","targetHints":{"allow":["GET"]}}],"collection":[{"href":"https:\/\/www.claret.org\/fr\/wp-json\/wp\/v2\/pages"}],"about":[{"href":"https:\/\/www.claret.org\/fr\/wp-json\/wp\/v2\/types\/page"}],"author":[{"embeddable":true,"href":"https:\/\/www.claret.org\/fr\/wp-json\/wp\/v2\/users\/69"}],"replies":[{"embeddable":true,"href":"https:\/\/www.claret.org\/fr\/wp-json\/wp\/v2\/comments?post=27876"}],"version-history":[{"count":0,"href":"https:\/\/www.claret.org\/fr\/wp-json\/wp\/v2\/pages\/27876\/revisions"}],"up":[{"embeddable":true,"href":"https:\/\/www.claret.org\/fr\/wp-json\/wp\/v2\/pages\/33291"}],"wp:attachment":[{"href":"https:\/\/www.claret.org\/fr\/wp-json\/wp\/v2\/media?parent=27876"}],"curies":[{"name":"wp","href":"https:\/\/api.w.org\/{rel}","templated":true}]}}