{"id":27887,"date":"2018-09-04T17:24:08","date_gmt":"2018-09-04T15:24:08","guid":{"rendered":"https:\/\/www.claret.org\/fecha-29-de-juillet-serviteurs-de-dieu-p-candido-casals-et-compagnons-martyrs\/"},"modified":"2018-09-04T17:24:08","modified_gmt":"2018-09-04T15:24:08","slug":"fecha-29-de-juillet-serviteurs-de-dieu-p-candido-casals-et-compagnons-martyrs","status":"publish","type":"page","link":"https:\/\/www.claret.org\/fr\/calendrier\/fecha-29-de-juillet-serviteurs-de-dieu-p-candido-casals-et-compagnons-martyrs\/","title":{"rendered":"Fecha: 29 de Juillet &#8211; SERVITEURS DE DIEU P. C\u00c1NDIDO CASALS ET COMPAGNONS Martyrs"},"content":{"rendered":"<div style=\"text-align: justify;\">Les clar\u00e9tains comptaient deux communaut\u00e9s \u00e0 Barcelone. Celle de Gracia, si\u00e8ge du gouvernement provincial, et la r\u00e9sidence de la rue Ripoll. Les missionnaires furent martyris\u00e9s en diff\u00e9rents jours, lieux et circonstances. La communaut\u00e9 de Gracia comptait en ce temps-l\u00e0 56 religieux, dont plusieurs, vieillards et malades. La communaut\u00e9 de la rue Ripoll comptait 9 religieux.<\/div>\n<div style=\"text-align: justify;\"><\/div>\n<div style=\"text-align: justify;\">En cet \u00e9t\u00e9 de 1936, survint soudainement le soul\u00e8vement militaire qui d\u00e9clencherait la Guerre Civile espagnole. Comme cons\u00e9quence de ces \u00e9v\u00e9nements, les missionnaires se sont dispers\u00e9s et cherch\u00e8rent un refuge d\u2019une mani\u00e8re pr\u00e9cipit\u00e9e l\u00e0 o\u00f9 ils ont pu. L\u2019assaut \u00e0 la communaut\u00e9 de Gracia fut  pas mal spectaculaire. C\u2019\u00e9tait le dimanche, 19  juillet. Une premi\u00e8re rafale de coups de fusil servit de coup d\u2019alerte et la plupart des missionnaires se sont dispers\u00e9s et ont r\u00e9ussi \u00e0 trouver un refuge. Seulement les malades et ceux qui s\u2019occupaient d\u2019eux sont rest\u00e9s sur place. La maison aussi bien que l\u2019\u00e9glise essuy\u00e8rent des coups de feu et furent incendi\u00e9es.<\/div>\n<div style=\"text-align: justify;\"><\/div>\n<div style=\"text-align: justify;\">1. P. C\u00e1ndido Casals (+ 29\u2013VII\u20131936). En 1936, il \u00e9tait le sup\u00e9rieur de Barcelone-Gracia. C\u2019\u00e9tait un homme remarquable pour ses qualit\u00e9s comme orateur sacr\u00e9 et pour sa grande bont\u00e9. Saisi, il fut tortur\u00e9 avant de mourir comme martyr le 29 juillet.<\/div>\n<div style=\"text-align: justify;\"><\/div>\n<div style=\"text-align: justify;\">2. F. Jean Capdevila i Costa (+ 25\u2013VII\u20131936). Il fut le premier martyr de la communaut\u00e9 de Barcelone-Gracia. Sa mort est arriv\u00e9e le 25 juillet 1936, une semaine apr\u00e8s le d\u00e9but de la Guerre Civil espagnole.<\/div>\n<div style=\"text-align: justify;\"><\/div>\n<div style=\"text-align: justify;\">3. P. Gumersindo Valtierra (+ 26\u2013VII\u20131936). Il exer\u00e7ait la charge de superieur de la r\u00e9sidence de Barcelone-Ripoll. Il fut arr\u00eat\u00e9 en pleine rue et consomma le martyre le 26 juillet.<\/div>\n<div style=\"text-align: justify;\"><\/div>\n<div style=\"text-align: justify;\">4. E. Adolfo Esteban (+ 31\u2013VII\u20131936). Ce jeune s\u00e9minariste se r\u00e9fugia dans la maison de son compagnon, clar\u00e9tain, lui aussi, Jos\u00e9 Oliva. On trouva son cadavre le 31 juillet derri\u00e8re l\u2019H\u00f4pital de San Pablo. Les deux s\u00e9minaristes appartenaient \u00e0 la communaut\u00e9 de Gracia.<\/div>\n<div style=\"text-align: justify;\"><\/div>\n<div style=\"text-align: justify;\">5. P. Antonio Junyent (+ 19\u2013VII\u20131936). Il appartenait \u00e0 la communaut\u00e9 de Barcelone-Gracia. D\u00e9couvert comme religieux, il fut arr\u00eat\u00e9 et, ensuite, fusill\u00e9. Son corps est apparu dans le Registre Clinique de Barcelone.<\/div>\n<div style=\"text-align: justify;\"><\/div>\n<div style=\"text-align: justify;\">6. P. Jacinto Blanch Ferrer (+ 21\u2013VII\u20131936). Il \u00e9tait membre de la communaut\u00e9 de Barcelone-Ripoll. Il avait trouv\u00e9 refuge chez un grand ami des Clar\u00e9tains, Monsieur Bofill. Un jour, un peloton de miliciens fouilla la maison et il fut arr\u00eat\u00e9. C\u2019est la m\u00eame famille Bofill qui trouva son cadavre \u00e0 Pedralbes et l\u2019enterra avec les honneurs dus \u00e0 un martyr.<\/div>\n<div style=\"text-align: justify;\"><\/div>\n<div style=\"text-align: justify;\">7. P. Tom\u00e1s Planas (+ 27\u2013 VIII\u20131936). N\u00e9 \u00e0 Barcelone. \u00c2g\u00e9 de 30 ans, il \u00e9tait un grand espoir pour la Congr\u00e9gation et pour l\u2019\u00c9glise par ses qualit\u00e9s, sa formation et son esprit apostolique. Il appartenait \u00e0 la communaut\u00e9 de Barcelone-Gracia. Apr\u00e8s sa d\u00e9tention, il fut interrog\u00e9 et condamn\u00e9 \u00e0 mort le 26 ao\u00fbt 1936. Le lendemain, il fut fusill\u00e9 pr\u00e8s de la ville de Sabadell.<\/div>\n<div style=\"text-align: justify;\"><\/div>\n<div style=\"text-align: justify;\">8. P. Cirilo Montaner (+ 28\u2013IX\u20131936). Membre de la communaut\u00e9 de Barcelone-Gracia. Apr\u00e8s quelques p\u00e9rip\u00e9ties pour trouver un refuge, il fut accueilli dans la maison des Domenech. D\u00e9tenu en m\u00eame temps que Monsieur Domenech le 25 novembre, ils furent conduits \u00e0 la prison, d\u2019o\u00f9 il sortirent pour mourir le 28 novembre.<\/div>\n","protected":false},"excerpt":{"rendered":"<p>Les clar\u00e9tains comptaient deux communaut\u00e9s \u00e0 Barcelone. Celle de Gracia, si\u00e8ge du gouvernement provincial, et la r\u00e9sidence de la rue Ripoll. Les missionnaires furent martyris\u00e9s en diff\u00e9rents jours, lieux et circonstances. La communaut\u00e9 de Gracia comptait en ce temps-l\u00e0 56 religieux, dont plusieurs, vieillards et malades. La communaut\u00e9 de la rue Ripoll comptait 9 religieux. [&hellip;]<\/p>\n","protected":false},"author":69,"featured_media":0,"parent":33291,"menu_order":0,"comment_status":"closed","ping_status":"closed","template":"","meta":{"_et_pb_use_builder":"","_et_pb_old_content":"","_et_gb_content_width":"","footnotes":""},"class_list":["post-27887","page","type-page","status-publish","hentry"],"jetpack_sharing_enabled":true,"jetpack_shortlink":"https:\/\/wp.me\/PdaBmi-7fN","jetpack_likes_enabled":true,"_links":{"self":[{"href":"https:\/\/www.claret.org\/fr\/wp-json\/wp\/v2\/pages\/27887","targetHints":{"allow":["GET"]}}],"collection":[{"href":"https:\/\/www.claret.org\/fr\/wp-json\/wp\/v2\/pages"}],"about":[{"href":"https:\/\/www.claret.org\/fr\/wp-json\/wp\/v2\/types\/page"}],"author":[{"embeddable":true,"href":"https:\/\/www.claret.org\/fr\/wp-json\/wp\/v2\/users\/69"}],"replies":[{"embeddable":true,"href":"https:\/\/www.claret.org\/fr\/wp-json\/wp\/v2\/comments?post=27887"}],"version-history":[{"count":0,"href":"https:\/\/www.claret.org\/fr\/wp-json\/wp\/v2\/pages\/27887\/revisions"}],"up":[{"embeddable":true,"href":"https:\/\/www.claret.org\/fr\/wp-json\/wp\/v2\/pages\/33291"}],"wp:attachment":[{"href":"https:\/\/www.claret.org\/fr\/wp-json\/wp\/v2\/media?parent=27887"}],"curies":[{"name":"wp","href":"https:\/\/api.w.org\/{rel}","templated":true}]}}