{"id":28069,"date":"2018-09-05T07:35:03","date_gmt":"2018-09-05T05:35:03","guid":{"rendered":"https:\/\/www.claret.org\/fecha-13-de-aout-bienheureux-matyrs-de-barbastro\/"},"modified":"2018-09-05T07:35:03","modified_gmt":"2018-09-05T05:35:03","slug":"fecha-13-de-aout-bienheureux-matyrs-de-barbastro","status":"publish","type":"page","link":"https:\/\/www.claret.org\/fr\/calendrier\/fecha-13-de-aout-bienheureux-matyrs-de-barbastro\/","title":{"rendered":"Fecha: 13 de Ao\u00fbt &#8211; BIENHEUREUX MATYRS DE BARBASTRO"},"content":{"rendered":"<div style=\"text-align: justify;\">Le martyre des 51 Missionnaires Fils du C\u0153ur Immacul\u00e9 de Marie de Barbastro a eu lieu pendant les jours 2, 12, 13, 15 et 18 du mois d\u2019ao\u00fbt de 1936.<\/div>\n<div style=\"text-align: justify;\"><img data-recalc-dims=\"1\" loading=\"lazy\" decoding=\"async\" class=\"alignleft  wp-image-28054\" src=\"https:\/\/i0.wp.com\/www.claret.org\/wp-content\/uploads\/2018\/09\/39-b-martires_de_barbastro.jpg?resize=315%2C394&#038;ssl=1\" alt=\"\" width=\"315\" height=\"394\" title=\"\" srcset=\"https:\/\/i0.wp.com\/www.claret.org\/wp-content\/uploads\/2018\/09\/39-b-martires_de_barbastro.jpg?w=336&amp;ssl=1 336w, https:\/\/i0.wp.com\/www.claret.org\/wp-content\/uploads\/2018\/09\/39-b-martires_de_barbastro.jpg?resize=240%2C300&amp;ssl=1 240w\" sizes=\"(max-width: 315px) 100vw, 315px\" \/>La communaut\u00e9 clar\u00e9taine de Barbastro (Huesca, Espagne) \u00e9tait form\u00e9e par 60 missionnaires : 9 P\u00e8res, 12 Fr\u00e8res et 39 \u00c9tudiants qui se pr\u00e9paraient \u00e0 recevoir l\u2019ordination sacerdotale.<\/div>\n<div style=\"text-align: justify;\"><\/div>\n<div style=\"text-align: justify;\">Le lundi, 20 juillet 1936, la maison fut assaillie et fouill\u00e9e, vainement, \u00e0 la recherche d\u2019armes. Tous les membres de la communaut\u00e9 furent arr\u00eat\u00e9s : le sup\u00e9rieur, P. Philippe de J\u00e9sus Mun\u00e1rriz, le formateur des \u00c9tudiants, P. Jean D\u00edaz, et l\u2019\u00e9conome, P. L\u00e9once P\u00e9rez, ont \u00e9t\u00e9 emmen\u00e9s directement \u00e0 la prison municipale. Les vieillards et les malades furent transport\u00e9s \u00e0 l\u2019Asile de Vieillards ou \u00e0 l\u2019H\u00f4pital. Tous les autres ont \u00e9t\u00e9 amen\u00e9s au coll\u00e8ges des P\u00e8res Piaristes, \u00e0 la salle des f\u00eates, o\u00f9 ils sont rest\u00e9s enferm\u00e9s jusqu\u2019au jour de leur ex\u00e9cution.<\/div>\n<div style=\"text-align: justify;\"><\/div>\n<div style=\"text-align: justify;\">Pendant leur bref s\u00e9jour dans la prison, les trois responsables de la communaut\u00e9 clar\u00e9taine ont \u00e9t\u00e9 vraiment exemplaires . Sans aucune sorte de jugement, simplement \u00e0 cause de leur condition de religieux, ils furent fusill\u00e9s \u00e0 la porte du cim\u00e9ti\u00e8re \u00e0 l\u2019aube du 2 ao\u00fbt.<\/div>\n<div style=\"text-align: justify;\">Ceux qui furent incarc\u00e9r\u00e9s en la salle de f\u00eates du coll\u00e8ge des Piaristes se pr\u00e9par\u00e8rent \u00e0 mourir d\u00e8s le premier moment. Pendant les premiers jours de captivit\u00e9, ils ont pu recevoir, clandestinement, la communion.  L\u2019Eucharistie fut, en ces tragiques moments, le centre de leur vie et la source de leur force. Avec la pri\u00e8re et la r\u00e9citation du br\u00e9viaire et du chapelet, ils se sont pr\u00e9par\u00e9s int\u00e9rieurement \u00e0 la mort. Ils furent soumis \u00e0 beaucoup d\u2019incommodit\u00e9s physiques et morales. Ils furent tortur\u00e9s avec des simulacres de fusillade. On introduisit dans la salle des prostitu\u00e9es pour qu\u2019elles les provoquent. Quelques-uns ont re\u00e7u des offres de lib\u00e9ration. Mais pas un seul  n\u2019a c\u00e9d\u00e9.<\/div>\n<div style=\"text-align: justify;\"><\/div>\n<div style=\"text-align: justify;\">Leur h\u00e9ro\u00efcit\u00e9 face au martyre fut reconnue par tous d\u00e8s le premier moment. H\u00e9ritiers de l\u2019esprit apostolique de saint Antoine-Marie Claret, ils ont \u00e9t\u00e9 toujours attentifs aux d\u00e9fis missionnaires de ce temps-l\u00e0 ; avant d\u2019\u00eatre incarc\u00e9r\u00e9s, ils s\u2019\u00e9taient montr\u00e9s  touch\u00e9s par les plus abandonn\u00e9s de leur \u00e9poque, les ouvriers, et se pr\u00e9paraient avec enthousiasme et avec un regard universel \u00e0 leur futur apostolat. Ils furent b\u00e9atifi\u00e9s par le Pape Jean-Paul II le 25 octobre 1992.<\/div>\n<div style=\"text-align: justify;\"><\/div>\n<div style=\"text-align: justify;\"><strong>Lettre \u00e1 la Congr\u00e9gation<\/strong><\/div>\n<div style=\"text-align: justify;\"><\/div>\n<div>\n<div style=\"text-align: justify;\"><cite>\u00ab Six de nos fr\u00e8res sont morts avant-hier, le 11 ao\u00fbt, avec la magnanimit\u00e9 dont meurent les martyrs. Aujourd\u2019hui, le 13, vingt autres ont obtenu la palme de la victoire et, demain, le 14, nous esp\u00e9rons mourir, nous, les vingt-et-un qui restons. Gloire \u00e0 Dieu !!\u2026Nous passons notre journ\u00e9e \u00e0 nous encourager au martyre et \u00e0 prier pour nos ennemis et pour notre Institut. Quand arrive le moment o\u00f9 les victimes vont \u00eatre d\u00e9sign\u00e9es, il y a en tous une sainte s\u00e9r\u00e9nit\u00e9 et le d\u00e9sir ardent d\u2019entendre leur propre nom pour avancer et se mettre dans la file des \u00e9lus. Nous attendons avec une g\u00e9n\u00e9reuse impatience ce moment et, une fois arriv\u00e9, nous avons vu les uns baiser les cordes qu\u2019on a employ\u00e9es pour les attacher ; les autres, adresser des paroles de pardon au groupe arm\u00e9. Quand ils sont conduits dans le camion au cimeti\u00e8re, nous les entendons crier : Vive le Christ Roi !\u2026<\/cite><\/div>\n<div style=\"text-align: justify;\"><\/div>\n<div style=\"text-align: justify;\"><cite>Nous partirons demain, nous qui restons, et nous nous sommes d\u00e9j\u00e0 donn\u00e9 la consigne d\u2019acclamer, m\u00eame si les coups de fusil \u00e9clatent, le C\u0153ur de Marie notre M\u00e8re, l\u2019\u00c9glise Catholique et toi, ch\u00e8re Congr\u00e9gation, notre m\u00e8re \u00e0 tous. Nous mourons tous contents en priant le Seigneur que le sang qui coulera de nos blessures ne soit pas un sang vengeur, mais un sang qui, p\u00e9n\u00e9trant, rouge et vivant, dans tes veines, stimule ton d\u00e9veloppement et ton expansion dans le monde entier.<\/cite><\/div>\n<div style=\"text-align: justify;\"><\/div>\n<div style=\"text-align: justify;\"><cite>Congr\u00e9gation bien-aim\u00e9e ! Tes enfants, martyrs \u00e0 Barbastro, te saluent depuis la prison et offrent leurs souffrances et leurs angoisses en holocauste expiatoire pour leurs d\u00e9ficiences et en t\u00e9moignage de leur amour toujours fid\u00e9le et g\u00e9n\u00e9reux. Les martyrs de demain se souviennent, et quel souvenir que celui-ci !, qu\u2019ils meurent la veille de l\u2019Assomption. Nous mourrons, parce que nous portons la soutane et nous mourrons, pr\u00e9cis\u00e9ment, le jour o\u00f9 nous l\u2019avons rev\u00eatue.<\/cite><\/div>\n<div style=\"text-align: justify;\"><\/div>\n<div style=\"text-align: justify;\"><cite>Les martyrs de Barbastro et, en leur nom, le dernier et le plus indigne, Faustin P\u00e9rez.<\/cite><\/div>\n<div style=\"text-align: justify;\"><\/div>\n<div style=\"text-align: justify;\"><cite>Vive le Christ-Roi ! Vive le C\u0153ur de Marie ! Vive la Congr\u00e9gation ! Adieu, cher Institut. Nous allons au ciel prier pour toi. Adieu ! Adieu !<\/cite><\/div>\n<\/div>\n","protected":false},"excerpt":{"rendered":"<p>Le martyre des 51 Missionnaires Fils du C\u0153ur Immacul\u00e9 de Marie de Barbastro a eu lieu pendant les jours 2, 12, 13, 15 et 18 du mois d\u2019ao\u00fbt de 1936. La communaut\u00e9 clar\u00e9taine de Barbastro (Huesca, Espagne) \u00e9tait form\u00e9e par 60 missionnaires : 9 P\u00e8res, 12 Fr\u00e8res et 39 \u00c9tudiants qui se pr\u00e9paraient \u00e0 recevoir [&hellip;]<\/p>\n","protected":false},"author":69,"featured_media":28055,"parent":33291,"menu_order":0,"comment_status":"closed","ping_status":"closed","template":"","meta":{"_et_pb_use_builder":"","_et_pb_old_content":"","_et_gb_content_width":"","footnotes":""},"class_list":["post-28069","page","type-page","status-publish","has-post-thumbnail","hentry"],"jetpack_sharing_enabled":true,"jetpack_shortlink":"https:\/\/wp.me\/PdaBmi-7iJ","jetpack_likes_enabled":true,"_links":{"self":[{"href":"https:\/\/www.claret.org\/fr\/wp-json\/wp\/v2\/pages\/28069","targetHints":{"allow":["GET"]}}],"collection":[{"href":"https:\/\/www.claret.org\/fr\/wp-json\/wp\/v2\/pages"}],"about":[{"href":"https:\/\/www.claret.org\/fr\/wp-json\/wp\/v2\/types\/page"}],"author":[{"embeddable":true,"href":"https:\/\/www.claret.org\/fr\/wp-json\/wp\/v2\/users\/69"}],"replies":[{"embeddable":true,"href":"https:\/\/www.claret.org\/fr\/wp-json\/wp\/v2\/comments?post=28069"}],"version-history":[{"count":0,"href":"https:\/\/www.claret.org\/fr\/wp-json\/wp\/v2\/pages\/28069\/revisions"}],"up":[{"embeddable":true,"href":"https:\/\/www.claret.org\/fr\/wp-json\/wp\/v2\/pages\/33291"}],"wp:featuredmedia":[{"embeddable":true,"href":"https:\/\/www.claret.org\/fr\/wp-json\/wp\/v2\/media\/28055"}],"wp:attachment":[{"href":"https:\/\/www.claret.org\/fr\/wp-json\/wp\/v2\/media?parent=28069"}],"curies":[{"name":"wp","href":"https:\/\/api.w.org\/{rel}","templated":true}]}}