{"id":28103,"date":"2018-09-05T08:03:18","date_gmt":"2018-09-05T06:03:18","guid":{"rendered":"https:\/\/www.claret.org\/fecha-14-de-aout-serviteurs-de-dieu-p-marcellien-alonso-et-compagnons-martyrs\/"},"modified":"2018-09-05T08:03:18","modified_gmt":"2018-09-05T06:03:18","slug":"fecha-14-de-aout-serviteurs-de-dieu-p-marcellien-alonso-et-compagnons-martyrs","status":"publish","type":"page","link":"https:\/\/www.claret.org\/fr\/calendrier\/fecha-14-de-aout-serviteurs-de-dieu-p-marcellien-alonso-et-compagnons-martyrs\/","title":{"rendered":"Fecha: 14 de Ao\u00fbt &#8211; SERVITEURS DE DIEU P. MARCELLIEN ALONSO ET COMPAGNONS MARTYRS"},"content":{"rendered":"<div>\n<div style=\"text-align: justify;\">La Province clar\u00e9taine de Catalogne comptait, en 1936 quatre communaut\u00e9s dans la r\u00e9gion valencienne: Valence, El Grao, J\u00e1tiva et Requena. Le 24 mars, l\u2019explosion du volcan r\u00e9volutionnaire fit sauter les serrures de toutes les maisons religieuses de Requena. Les cinq clar\u00e9tains qui formaient  la communaut\u00e9 de cette ville ont d\u00fb quitter la maison et l\u2019\u00e9glise et tout ce qu\u2019ils n\u2019ont pu sauver fut sacag\u00e9 et br\u00fbl\u00e9. El Grao et J\u00e1tiva ont suivi le m\u00eame sort. Le 19 juillet, seulement la maison de Valence tenait debout, et c\u2019est l\u00e0 que les clar\u00e9tains des trois autres maisons ont trouv\u00e9 refuge. La petite communaut\u00e9 \u00e9tait form\u00e9e par le P. Marcellien Alonso, Sup\u00e9rieur, le P. Louis Franc\u00e9s et le Fr\u00e8re F\u00e9lix Aguado. Ils ont accueilli le P. Joseph Ignace Gord\u00f3n et le Fr\u00e8re Santiago V\u00e9lez, de J\u00e1tiva, et le P. Thomas Galipienzo, de Requena. Le Fr. F\u00e9lix Aguado fut le seul qui r\u00e9ussit \u00e0 sauver sa vie.<\/div>\n<div style=\"text-align: justify;\">Le 27 juillet, le P. Franc\u00e9s et le Fr. V\u00e9lez ont fui \u00e0 Serra, un village \u00e9loign\u00e9. Le P. Franc\u00e9s fut d\u00e9couvert le 20 ao\u00fbt et subit le martyre le 21 \u00e0 Olocau (Valence), en demandant \u00e0 Dieu le pardon de ceux qui lui enlevaient la vie. Le Fr. Santiago V\u00e9lez \u00e9tait parti le 13 \u00e0 Santa Coloma de Gramanet, pr\u00e8s de Barcelone, o\u00f9 il avait un membre de sa famille. Mais il fut arr\u00eat\u00e9 le lendemain et assassin\u00e9 \u00e0 l\u2019aube du 15, f\u00eate de l\u2019Assomption de la Vierge.<\/div>\n<div style=\"text-align: justify;\"><img data-recalc-dims=\"1\" loading=\"lazy\" decoding=\"async\" class=\"alignleft\" title=\"\" src=\"https:\/\/i0.wp.com\/www2.claret.org\/sites\/default\/files\/imagenes\/espiritualidad\/calendario\/41._marceliano_alonso_y_compaeros._valencia.jpg?resize=285%2C381\" alt=\"\" width=\"285\" height=\"381\">Entretemps, les PP. Alonso, Gord\u00f3n et Galipienzo, qui continuaient \u00e0 Valence, sans trouver un refuge plus s\u00fbr, ont \u00e9t\u00e9 d\u00e9nonc\u00e9s. On arr\u00eata, tout d\u2019abord, les PP. Alonso et Gord\u00f3n et, post\u00e9rieurement, le P. Galipienzo. Devant un tribunal de sept membres, ils ont comparu l\u2019un apr\u00e8s l\u2019autre. La condemnation \u00e0 mort fut sans appel.<\/div>\n<div style=\"text-align: justify;\">Avant de mourir, le P. Gord\u00f3n dit \u00e0 ses bourreaux: \u201cNous vous pardonnons de tout notre coeur\u201d. Le P. Alonso se recommanda \u00e0 la Vierge en disant: \u201cMarie, ma M\u00e8re, aie compassion de moi\u201d. La pri\u00e8re jaculatoire, apprise au giron maternel, fortifia le coeur du P. Galipienzo: \u201cJ\u00e9sus, Joseph et Marie, assistez-moi au moment de mon agonie\u201d. Et, pendant que le P. Gord\u00f3n r\u00e9p\u00e9tait: \u201cJ\u00e9sus, en tes mains, je confie mon esprit\u201d, sonna la d\u00e9charge des coups de fusil qui abbattirent les PP. Alonso et Gord\u00f3n.<\/div>\n<div style=\"text-align: justify;\">Le P. Galipienzo se jeta \u00e0 terre indemne et, en profitant de l\u2019obscurit\u00e9, il r\u00e9ussit \u00e0 se sauver. Cependant, son illusion de se trouver en libert\u00e9 ne dura que quarante-huit heures. La nuit du 18, il fut reconnu et arr\u00eat\u00e9 de nouveau. Le premier septembre, ensemble avec neuf autres victimes, il trouva la mort dans le camp de tir de Paterna, \u00e0 quelques kilom\u00e8tres de Valence.<\/div>\n<\/div>\n","protected":false},"excerpt":{"rendered":"<p>La Province clar\u00e9taine de Catalogne comptait, en 1936 quatre communaut\u00e9s dans la r\u00e9gion valencienne: Valence, El Grao, J\u00e1tiva et Requena. Le 24 mars, l\u2019explosion du volcan r\u00e9volutionnaire fit sauter les serrures de toutes les maisons religieuses de Requena. Les cinq clar\u00e9tains qui formaient la communaut\u00e9 de cette ville ont d\u00fb quitter la maison et l\u2019\u00e9glise [&hellip;]<\/p>\n","protected":false},"author":69,"featured_media":28091,"parent":33291,"menu_order":0,"comment_status":"closed","ping_status":"closed","template":"","meta":{"_et_pb_use_builder":"","_et_pb_old_content":"","_et_gb_content_width":"","footnotes":""},"class_list":["post-28103","page","type-page","status-publish","has-post-thumbnail","hentry"],"jetpack_sharing_enabled":true,"jetpack_shortlink":"https:\/\/wp.me\/PdaBmi-7jh","jetpack_likes_enabled":true,"_links":{"self":[{"href":"https:\/\/www.claret.org\/fr\/wp-json\/wp\/v2\/pages\/28103","targetHints":{"allow":["GET"]}}],"collection":[{"href":"https:\/\/www.claret.org\/fr\/wp-json\/wp\/v2\/pages"}],"about":[{"href":"https:\/\/www.claret.org\/fr\/wp-json\/wp\/v2\/types\/page"}],"author":[{"embeddable":true,"href":"https:\/\/www.claret.org\/fr\/wp-json\/wp\/v2\/users\/69"}],"replies":[{"embeddable":true,"href":"https:\/\/www.claret.org\/fr\/wp-json\/wp\/v2\/comments?post=28103"}],"version-history":[{"count":0,"href":"https:\/\/www.claret.org\/fr\/wp-json\/wp\/v2\/pages\/28103\/revisions"}],"up":[{"embeddable":true,"href":"https:\/\/www.claret.org\/fr\/wp-json\/wp\/v2\/pages\/33291"}],"wp:featuredmedia":[{"embeddable":true,"href":"https:\/\/www.claret.org\/fr\/wp-json\/wp\/v2\/media\/28091"}],"wp:attachment":[{"href":"https:\/\/www.claret.org\/fr\/wp-json\/wp\/v2\/media?parent=28103"}],"curies":[{"name":"wp","href":"https:\/\/api.w.org\/{rel}","templated":true}]}}