{"id":28123,"date":"2018-09-05T08:21:23","date_gmt":"2018-09-05T06:21:23","guid":{"rendered":"https:\/\/www.claret.org\/fecha-17-de-aout-serviteur-de-dieu-frere-pierre-marcer\/"},"modified":"2018-09-05T08:21:23","modified_gmt":"2018-09-05T06:21:23","slug":"fecha-17-de-aout-serviteur-de-dieu-frere-pierre-marcer","status":"publish","type":"page","link":"https:\/\/www.claret.org\/fr\/calendrier\/fecha-17-de-aout-serviteur-de-dieu-frere-pierre-marcer\/","title":{"rendered":"Fecha: 17 de Ao\u00fbt &#8211; SERVITEUR DE DIEU FR\u00c8RE PIERRE MARCER"},"content":{"rendered":"<p style=\"text-align: justify;\"><img data-recalc-dims=\"1\" loading=\"lazy\" decoding=\"async\" class=\"alignleft\" title=\"\" src=\"https:\/\/i0.wp.com\/www2.claret.org\/sites\/default\/files\/imagenes\/espiritualidad\/calendario\/43-pedro_marce.jpg?resize=230%2C296\" alt=\"\" width=\"230\" height=\"296\">Antoine-Marie Claret, en fondant la Congr\u00e9gation des Fils du C\u0153ur Immacul\u00e9 de Marie, a d\u00e9j\u00e0 eu dans son esprit l\u2019id\u00e9e d\u2019y incorporer des Fr\u00e8res Coadjuteurs, \u00e9tant aussi religieux que les P\u00e8res, mais d\u00e9di\u00e9s \u00e0 des t\u00e2ches internes de la communaut\u00e9. M\u00eame s\u2019ils n\u2019exer\u00e7aient pas de fonctions minist\u00e9rielles, ils \u00e9taient religieux missionnaires dans tout le sens du mot. Ils ont toujours contribu\u00e9 notablement \u00e0 la vie et \u00e0 la mission de la Congr\u00e9gation.<\/p>\n<div>\n<div style=\"text-align: justify;\">Parmi ces fr\u00e8res coadjuteurs, on compte un qui se distingua par sa vie singuli\u00e8re dans la Province clar\u00e9taine du Chili, de 1880 \u00e0 1927 : le Fr. Pierre Marcer Cusc\u00f3. Son nom appara\u00eet parfois avec la graphie Marcer ou Marc\u00e9, Cusc\u00f3 ou Cosc\u00f3, selon les diff\u00e9rents catalogues. Nous employerons Marcer et Cusc\u00f3.<\/div>\n<div style=\"text-align: justify;\"><\/div>\n<div style=\"text-align: justify;\">Pierre Marcer est n\u00e9 \u00e0 Avignonet del Pened\u00e9s (Barcelone \u2013 Espagne) en 1854. En 1879, il professa dans la Congr\u00e9gation et, en 1880, il fut destin\u00e9 au Chili comme membre de la sixi\u00e8me exp\u00e9dition clar\u00e9taine \u00e0 l\u2019Am\u00e9rique. Il fut membre de la communaut\u00e9 de Curic\u00f3 pour peu de temps, et de celle de Santiago, o\u00f9 il v\u00e9cut 47 ann\u00e9es. Il d\u00e9c\u00e9da \u00e0 l\u2019\u00e2ge de 73 ans \u00e0 Santiago de Chili.<\/div>\n<div style=\"text-align: justify;\"><\/div>\n<div style=\"text-align: justify;\">Il a toujours exerc\u00e9 le service de portier, charge que les sup\u00e9rieurs confiaient \u00e0 des Fr\u00e8res de toute confiance. Dans son humble t\u00e2che de portier, le Fr\u00e8re exer\u00e7a une grande influence autour de lui par sa vie \u00e9difiante et ses vertus religieuses: \u201cLa sainte figure du Fr\u00e8re Pierre dans l\u2019exercice de sa charge ne pourra facilement s\u2019effacer de la m\u00e9moire de ceux qui appartenons \u00e0 cette Province\u201d.<\/div>\n<div style=\"text-align: justify;\"><\/div>\n<div style=\"text-align: justify;\">Sa m\u00e9moire a travers\u00e9 des g\u00e9n\u00e9rations de missionnaires, comme un mod\u00e8le \u00e0 imiter. C\u2019est pourquoi, la cause de sa b\u00e9atification fut bient\u00f4t introduite, mais elle n\u2019avan\u00e7a pas \u00e0 cause de d\u00e9ficiences juridiques. Cette d\u00e9marche prouve d\u00e9j\u00e0 la cat\u00e9gorie de sa vie et ses vertus. \u201cSon attitude modeste et simple, sans affectation; sa circonspection dans les paroles, son humilit\u00e9, son reccueillement, et son apostolat en faveur des couples qui lui demandaient des conseils, r\u00e9v\u00e9laient sa saintet\u00e9 avec toutes les nuances qui l\u2019embellissaient: la p\u00e9nitence et l\u2019amabilit\u00e9, la pri\u00e8re et le z\u00e8le, la stricte observance des Constitutions et la douce charit\u00e9, le reccueillement et le z\u00e8le missionnaire\u201d (2, p. 698). Sur son z\u00e8le, nous pouvons dire que, pendant la p\u00e9riode qu\u2019il exer\u00e7a la charge de portier, il r\u00e9ussit \u00e0 l\u00e9gitimer plus de mariages que l\u2019ensemble de mariages r\u00e9gularis\u00e9s dans toutes les paroisses de l\u2019archidioc\u00e8se de Santiago. T\u00f4t apr\u00e8s sa mort, on \u00e9crivit et publia sa biographie.<\/div>\n<\/div>\n","protected":false},"excerpt":{"rendered":"<p>Antoine-Marie Claret, en fondant la Congr\u00e9gation des Fils du C\u0153ur Immacul\u00e9 de Marie, a d\u00e9j\u00e0 eu dans son esprit l\u2019id\u00e9e d\u2019y incorporer des Fr\u00e8res Coadjuteurs, \u00e9tant aussi religieux que les P\u00e8res, mais d\u00e9di\u00e9s \u00e0 des t\u00e2ches internes de la communaut\u00e9. M\u00eame s\u2019ils n\u2019exer\u00e7aient pas de fonctions minist\u00e9rielles, ils \u00e9taient religieux missionnaires dans tout le sens [&hellip;]<\/p>\n","protected":false},"author":69,"featured_media":28108,"parent":33291,"menu_order":0,"comment_status":"closed","ping_status":"closed","template":"","meta":{"_et_pb_use_builder":"","_et_pb_old_content":"","_et_gb_content_width":"","footnotes":""},"class_list":["post-28123","page","type-page","status-publish","has-post-thumbnail","hentry"],"jetpack_sharing_enabled":true,"jetpack_shortlink":"https:\/\/wp.me\/PdaBmi-7jB","jetpack_likes_enabled":true,"_links":{"self":[{"href":"https:\/\/www.claret.org\/fr\/wp-json\/wp\/v2\/pages\/28123","targetHints":{"allow":["GET"]}}],"collection":[{"href":"https:\/\/www.claret.org\/fr\/wp-json\/wp\/v2\/pages"}],"about":[{"href":"https:\/\/www.claret.org\/fr\/wp-json\/wp\/v2\/types\/page"}],"author":[{"embeddable":true,"href":"https:\/\/www.claret.org\/fr\/wp-json\/wp\/v2\/users\/69"}],"replies":[{"embeddable":true,"href":"https:\/\/www.claret.org\/fr\/wp-json\/wp\/v2\/comments?post=28123"}],"version-history":[{"count":0,"href":"https:\/\/www.claret.org\/fr\/wp-json\/wp\/v2\/pages\/28123\/revisions"}],"up":[{"embeddable":true,"href":"https:\/\/www.claret.org\/fr\/wp-json\/wp\/v2\/pages\/33291"}],"wp:featuredmedia":[{"embeddable":true,"href":"https:\/\/www.claret.org\/fr\/wp-json\/wp\/v2\/media\/28108"}],"wp:attachment":[{"href":"https:\/\/www.claret.org\/fr\/wp-json\/wp\/v2\/media?parent=28123"}],"curies":[{"name":"wp","href":"https:\/\/api.w.org\/{rel}","templated":true}]}}