{"id":28137,"date":"2018-09-05T08:30:39","date_gmt":"2018-09-05T06:30:39","guid":{"rendered":"https:\/\/www.claret.org\/fecha-18-de-aout-p-pierre-schweiger-superieur-general\/"},"modified":"2018-09-05T08:30:39","modified_gmt":"2018-09-05T06:30:39","slug":"fecha-18-de-aout-p-pierre-schweiger-superieur-general","status":"publish","type":"page","link":"https:\/\/www.claret.org\/fr\/calendrier\/fecha-18-de-aout-p-pierre-schweiger-superieur-general\/","title":{"rendered":"Fecha: 18 de Ao\u00fbt &#8211; P. PIERRE SCHWEIGER Sup\u00e9rieur G\u00e9n\u00e9ral"},"content":{"rendered":"<p style=\"text-align: justify;\"><img data-recalc-dims=\"1\" loading=\"lazy\" decoding=\"async\" class=\"alignleft\" title=\"\" src=\"https:\/\/i0.wp.com\/www2.claret.org\/sites\/default\/files\/imagenes\/espiritualidad\/calendario\/42-b-pedro_schweiger_bn.jpg?resize=268%2C332\" alt=\"\" width=\"268\" height=\"332\"><\/p>\n<div>\n<div style=\"text-align: justify;\">Le P. Pierre Schweiger est n\u00e9 le 6 mai 1894 \u00e0 Geissirl (Ober-pfalz-Allemagne). Comme d\u2019autres clar\u00e9tains de son \u00e9poque, il re\u00e7ut sa formation dans les s\u00e9minaires clar\u00e9tains de la Province de Catalogne. Il fut un des premiers  \u201cpostulants\u201d allemands qui se sont rendus \u00e0 Cervera vers 1910 pour commencer leur formation clar\u00e9taine, un \u00e9v\u00e8nement surprenant et d\u2019une  grande importance. Il fut ordonn\u00e9 pr\u00eatre en 1920. Il fut professeur du Seminario Romano et, depuis 1930, il exer\u00e7a des charges d\u2019importance dans les communaut\u00e9s clar\u00e9taines de l\u2019Allemagne, sp\u00e9cialement la charge de Visiteur (sup\u00e9rieur d\u00e9l\u00e9gu\u00e9) des clar\u00e9tains de l\u2019Allemagne.<\/div>\n<div style=\"text-align: justify;\"><\/div>\n<div style=\"text-align: justify;\">En 1949, le P. Nicol\u00e1s Garc\u00eda  allait finir son mandat de Sup\u00e9rieur G\u00e9n\u00e9ral. Il \u00e9tait malade et, en effet, il allait mourir l\u2019ann\u00e9e suivante, en 1950.  Le Chapitre G\u00e9n\u00e9ral fut convoqu\u00e9 pour le mois d\u2019ao\u00fbt, du 1er au 28 mai. Il eut lieu dans le palais d\u2019\u00e9t\u00e9 du Pape, \u00e0 Castelgandolfo, c\u00e9d\u00e9 gracieusement par le Saint-Si\u00e8ge en reconnaissance envers la Congr\u00e9gation pour les services rendus par elle au Saint- Si\u00e8ge. Dans ce Chapitre, le P. Pierre Schweiger fut \u00e9lu Sup\u00e9rieur G\u00e9n\u00e9ral. Son \u00e9lection fut un clair indice du grand d\u00e9sir de la Congr\u00e9gation de devenir plus universelle, puisqu\u2019il \u00e9tait le seul capitulaire qui n\u2019\u00e9tait pas espagnol. Post\u00e9rieurement, il fut r\u00e9\u00e9lu dans le XVI Chapitre, tenu \u00e0 Rome en 1961. Il fut membre du Concile Vatican II, et c\u2019est \u00e0 lui qu\u2019il \u00e9chut la responsabilit\u00e9 de commencer le processus de r\u00e9novation de la vie religieuse de la Congr\u00e9gation, avec l\u2019organisation du XVII Chapitre G\u00e9n\u00e9ral Extraordinaire (Rome 1967).<\/div>\n<div style=\"text-align: justify;\"><\/div>\n<div style=\"text-align: justify;\">Dou\u00e9 d\u2019un bon caract\u00e8re et d\u2019une grande cordialit\u00e9, le P. Schweiger a su donner toujours \u00e0 son gouvernement un cachet vraiment humain et fraternel. Conscient d\u2019\u00eatre appel\u00e9 \u00e0 vivre le charisme marial, il refl\u00e9ta dans sa vie la cordialit\u00e9 propre des fils du Coeur Immacul\u00e9 de Marie.<\/div>\n<div style=\"text-align: justify;\"><\/div>\n<div style=\"text-align: justify;\">Pendant son g\u00e9n\u00e9ralat, on r\u00e9alisa dans la Congr\u00e9gation des oeuvres tr\u00e8s importantes, comme les Coll\u00e8ges Internationaux de Rome (Clar\u00e9tianum) et Salamanque (Espagne). Il termina la grande entreprise du Temple International du Coeur de Marie de Rome. Il encouragea la fondation de plusieurs revues importantes, comme  Ephemerides Nariologicae. Il organisa dans la Congr\u00e9gation plusieurs nouvelles Visitatures, Vice-provinces et Provinces. Pendant son mandat, eut lieu la douloureuse suppression de la mission de la Chine (1950) et le demant\u00e8lement des structures apostoliques de la Congr\u00e9gation \u00e0 Cuba.  Il introduisit la Congr\u00e9gation en plusieurs pays et intensifia les minist\u00e8res traditionnels, pouss\u00e9 par sa consigne Ad maiora et ampliora. Il est mort \u00e0 Spainchingen (Allemagne) le 18 ao\u00fbt 1980.<\/div>\n<div style=\"text-align: justify;\"><\/div>\n<div style=\"text-align: justify;\">Le P. Schweiger stimula fortement l\u2019esprit universel de la Congr\u00e9gation. Une de ses plus grandes pr\u00e9occupations fut la croissance quantitative de la Congr\u00e9gation par tout dans le monde. En 1955, il \u00e9crivait une circulaire, dans laquelle il d\u00e9plorait la faible croissance de la Congr\u00e9gation et exprimait son d\u00e9sir de rendre la Congr\u00e9gation plus universelle en l\u2019\u00e9tablissant partout dans le monde. D\u2019autre part, il constata avec peine la p\u00e9nurie d\u2019effectifs au niveau du personnel. C\u2019est pourquoi il consid\u00e9rait qu\u2019il \u00e9tait absolument n\u00e9cessaire et urgent de favoriser et promouvoir par tous les moyens possibles la croissance de la Congr\u00e9gation.<\/div>\n<\/div>\n","protected":false},"excerpt":{"rendered":"<p>Le P. Pierre Schweiger est n\u00e9 le 6 mai 1894 \u00e0 Geissirl (Ober-pfalz-Allemagne). Comme d\u2019autres clar\u00e9tains de son \u00e9poque, il re\u00e7ut sa formation dans les s\u00e9minaires clar\u00e9tains de la Province de Catalogne. Il fut un des premiers \u201cpostulants\u201d allemands qui se sont rendus \u00e0 Cervera vers 1910 pour commencer leur formation clar\u00e9taine, un \u00e9v\u00e8nement surprenant [&hellip;]<\/p>\n","protected":false},"author":69,"featured_media":28127,"parent":33291,"menu_order":0,"comment_status":"closed","ping_status":"closed","template":"","meta":{"_et_pb_use_builder":"","_et_pb_old_content":"","_et_gb_content_width":"","footnotes":""},"class_list":["post-28137","page","type-page","status-publish","has-post-thumbnail","hentry"],"jetpack_sharing_enabled":true,"jetpack_shortlink":"https:\/\/wp.me\/PdaBmi-7jP","jetpack_likes_enabled":true,"_links":{"self":[{"href":"https:\/\/www.claret.org\/fr\/wp-json\/wp\/v2\/pages\/28137","targetHints":{"allow":["GET"]}}],"collection":[{"href":"https:\/\/www.claret.org\/fr\/wp-json\/wp\/v2\/pages"}],"about":[{"href":"https:\/\/www.claret.org\/fr\/wp-json\/wp\/v2\/types\/page"}],"author":[{"embeddable":true,"href":"https:\/\/www.claret.org\/fr\/wp-json\/wp\/v2\/users\/69"}],"replies":[{"embeddable":true,"href":"https:\/\/www.claret.org\/fr\/wp-json\/wp\/v2\/comments?post=28137"}],"version-history":[{"count":0,"href":"https:\/\/www.claret.org\/fr\/wp-json\/wp\/v2\/pages\/28137\/revisions"}],"up":[{"embeddable":true,"href":"https:\/\/www.claret.org\/fr\/wp-json\/wp\/v2\/pages\/33291"}],"wp:featuredmedia":[{"embeddable":true,"href":"https:\/\/www.claret.org\/fr\/wp-json\/wp\/v2\/media\/28127"}],"wp:attachment":[{"href":"https:\/\/www.claret.org\/fr\/wp-json\/wp\/v2\/media?parent=28137"}],"curies":[{"name":"wp","href":"https:\/\/api.w.org\/{rel}","templated":true}]}}