{"id":28185,"date":"2018-09-05T08:53:58","date_gmt":"2018-09-05T06:53:58","guid":{"rendered":"https:\/\/www.claret.org\/fecha-25-de-aout-fondation-des-religieuses-de-marie-immaculee-missionnaires-claretaines\/"},"modified":"2018-09-05T08:53:58","modified_gmt":"2018-09-05T06:53:58","slug":"fecha-25-de-aout-fondation-des-religieuses-de-marie-immaculee-missionnaires-claretaines","status":"publish","type":"page","link":"https:\/\/www.claret.org\/fr\/calendrier\/fecha-25-de-aout-fondation-des-religieuses-de-marie-immaculee-missionnaires-claretaines\/","title":{"rendered":"Fecha: 25 de Ao\u00fbt &#8211; FONDATION DES RELIGIEUSES DE MARIE IMMACUL\u00c9E Missionnaires Clar\u00e9taines"},"content":{"rendered":"<div style=\"text-align: justify;\">Le 25 ao\u00fbt 1855, on signait \u00e0 Santiago de Cuba le D\u00e9cret de Fondation des Religieuses de Marie Immacul\u00e9e, Missionnaires Clar\u00e9taines. La v\u00e9n\u00e9rable M. Antonia Par\u00eds, leur fondatrice voyait s\u2019accomplir ainsi ses r\u00eaves. Elle avait 41 ans. Deux jours apr\u00e8s la signature, elle faisait la profession dans les mains de Mgr Claret. Mais elle n\u2019\u00e9tait pas seule, puisque, d\u00e9j\u00e0 le 3 septembre, s\u2019unissaient \u00e0 elle trois autres compagnes, Mar\u00eda Josefa Caixal, Mar\u00eda Gual y Antonia Gual (Florentina Sangler, \u00e9tant d\u00e9j\u00e0 d\u00e9c\u00e9d\u00e9e). C\u2019\u00e9tait le point d\u2019arriv\u00e9e d\u2019un long itin\u00e9raire de foi, par lequel le Seigneur les avait conduites \u00e0 travers des lumi\u00e8res et des ombres.<\/div>\n<div style=\"text-align: justify;\"><img data-recalc-dims=\"1\" decoding=\"async\" title=\"\" src=\"https:\/\/i0.wp.com\/www2.claret.org\/sites\/default\/files\/imagenes\/espiritualidad\/calendario\/46-fundacin_de_las_claretianas.jpg?w=1080\" alt=\"\"><\/div>\n<div>\n<div style=\"text-align: justify;\">M\u00eame s\u2019il n\u2019est pas facile de r\u00e9sumer en quelques lignes l\u2019esprit qui conduisit la M\u00e8re Par\u00eds et ses compagnes \u00e0 mettre en marche ce nouveau projet dans l\u2019\u00c9glise, nous pouvons signaler textuellement les trois axes fondamentaux, qui sont \u00e0 la base de leur vie et des d\u00e9buts de leur Congr\u00e9gation :<\/div>\n<div style=\"text-align: justify;\"><\/div>\n<div style=\"text-align: justify;\">a) Suivre J\u00e9sus. C\u2019est-\u00e0-dire s\u2019identifier avec Lui et avec sa mission.<\/div>\n<div style=\"text-align: justify;\"><\/div>\n<div style=\"text-align: justify;\">b) Suivre J\u00e9sus crucifi\u00e9. De l\u00e0, le conseil que la fondatrice donne \u00e0 ses filles  dans le Point de mire et but principal, une sorte de Charte constitutionnelle : \u00ab Que toutes les personnes qui voudront y adh\u00e9rer soient crucifi\u00e9es \u00e0 l\u2019\u00e9gard des choses de ce monde \u00bb.<\/div>\n<div style=\"text-align: justify;\"><\/div>\n<div style=\"text-align: justify;\">c) Montrer et aider les autres \u00e0 faire le m\u00eame chemin. Il n\u2019y pouvait pas manquer l\u2019invitation \u00e0 la mission, mais il est \u00e9vident que, pour elle, il ne s\u2019agissait pas de parler de J\u00e9sus ou de r\u00e9p\u00e9ter ses paroles, mais de lui rendre t\u00e9moignage.<\/div>\n<div style=\"text-align: justify;\"><\/div>\n<div style=\"text-align: justify;\">Actuellement, les Missionnaires Clar\u00e9taines sont pr\u00e9sentes dans les cinq continents. Leur travail, la r\u00e9novation de l\u2019\u00c9glise et rendre facile le m\u00eame chemin aux autres, est tr\u00e8s diversifi\u00e9 et il s\u2019adapte aux besoins du lieu et du moment, mais toujours au service de l\u2019\u00c9glise en collaboration \u00e9troite avec toute la Famille Clar\u00e9taine.<\/div>\n<\/div>\n","protected":false},"excerpt":{"rendered":"<p>Le 25 ao\u00fbt 1855, on signait \u00e0 Santiago de Cuba le D\u00e9cret de Fondation des Religieuses de Marie Immacul\u00e9e, Missionnaires Clar\u00e9taines. La v\u00e9n\u00e9rable M. Antonia Par\u00eds, leur fondatrice voyait s\u2019accomplir ainsi ses r\u00eaves. Elle avait 41 ans. Deux jours apr\u00e8s la signature, elle faisait la profession dans les mains de Mgr Claret. Mais elle n\u2019\u00e9tait [&hellip;]<\/p>\n","protected":false},"author":69,"featured_media":28173,"parent":33291,"menu_order":0,"comment_status":"closed","ping_status":"closed","template":"","meta":{"_et_pb_use_builder":"","_et_pb_old_content":"","_et_gb_content_width":"","footnotes":""},"class_list":["post-28185","page","type-page","status-publish","has-post-thumbnail","hentry"],"jetpack_sharing_enabled":true,"jetpack_shortlink":"https:\/\/wp.me\/PdaBmi-7kB","jetpack_likes_enabled":true,"_links":{"self":[{"href":"https:\/\/www.claret.org\/fr\/wp-json\/wp\/v2\/pages\/28185","targetHints":{"allow":["GET"]}}],"collection":[{"href":"https:\/\/www.claret.org\/fr\/wp-json\/wp\/v2\/pages"}],"about":[{"href":"https:\/\/www.claret.org\/fr\/wp-json\/wp\/v2\/types\/page"}],"author":[{"embeddable":true,"href":"https:\/\/www.claret.org\/fr\/wp-json\/wp\/v2\/users\/69"}],"replies":[{"embeddable":true,"href":"https:\/\/www.claret.org\/fr\/wp-json\/wp\/v2\/comments?post=28185"}],"version-history":[{"count":0,"href":"https:\/\/www.claret.org\/fr\/wp-json\/wp\/v2\/pages\/28185\/revisions"}],"up":[{"embeddable":true,"href":"https:\/\/www.claret.org\/fr\/wp-json\/wp\/v2\/pages\/33291"}],"wp:featuredmedia":[{"embeddable":true,"href":"https:\/\/www.claret.org\/fr\/wp-json\/wp\/v2\/media\/28173"}],"wp:attachment":[{"href":"https:\/\/www.claret.org\/fr\/wp-json\/wp\/v2\/media?parent=28185"}],"curies":[{"name":"wp","href":"https:\/\/api.w.org\/{rel}","templated":true}]}}