{"id":28194,"date":"2018-09-05T09:02:11","date_gmt":"2018-09-05T07:02:11","guid":{"rendered":"https:\/\/www.claret.org\/fecha-26-de-aout-conservation-de-leucharistie-chez-le-pere-fondateur\/"},"modified":"2018-09-05T09:02:11","modified_gmt":"2018-09-05T07:02:11","slug":"fecha-26-de-aout-conservation-de-leucharistie-chez-le-pere-fondateur","status":"publish","type":"page","link":"https:\/\/www.claret.org\/fr\/calendrier\/fecha-26-de-aout-conservation-de-leucharistie-chez-le-pere-fondateur\/","title":{"rendered":"Fecha: 26 de Ao\u00fbt &#8211; CONSERVATION DE L\u2019EUCHARISTIE CHEZ LE P\u00c8RE FONDATEUR"},"content":{"rendered":"<div style=\"text-align: justify;\">\u201cLe 26 ao\u00fbt 1861, je me trouvais dans l\u2019\u00e9glise du saint Rosaire, \u00e0 la Granja, \u00e0 sept heures du soir. Notre Seigneur m\u2019a accord\u00e9 la grande gr\u00e2ce de conserver dans ma poitrine les esp\u00e8ces sacramentelles, de jour et de nuit. Il faut donc que je sois toujours recueilli et plein de d\u00e9votion int\u00e9rieure. Le Seigneur m\u2019a dit aussi que je dois prier et faire face \u00e0 tous les maux de l\u2019Espagne(&#8230;) \u2018Glorificate et portate Deum in corpoe vestro\u2019 (1 Co 4, 20)\u201d (Aut 694) . Et un peu plus loin, \u201cLe 16 mai 1862, au cours de la messe, J\u00e9sus-Christ a confirm\u00e9 qu\u2019il m\u2019avait accord\u00e9 cette gr\u00e2ce de demeurer sacramentellement en mon int\u00e9rieur\u201d (Aut 700). Le Seigneur voulait se servir d\u2019Antoine pour qu\u2019il fasse front, efficacement, \u00e0 tous les maux de l\u2019\u00c9glise d\u2019Espagne et le consacra et le rendit efficace avec sa pr\u00e9sence sacramentelle le 26 ao\u00fbt 1861.<\/div>\n<div style=\"text-align: justify;\"><\/div>\n<div style=\"text-align: justify;\">\u201cL\u2019Eucharistie, en tant que sacrement du sacrifice et de la pr\u00e9sence r\u00e9elle du Christ, occupait une place dominante dans la vie spirituelle et dans l\u2019apostolat de saint Antoine-Marie Claret. La c\u00e9l\u00e9bration eucharistique \u00e9tait le moment le plus intense de son union personnelle avec J\u00e9sus Christ offert au P\u00e8re pour le salut des hommes et c\u2019est alors qu\u2019il \u00e9prouvait le d\u00e9sir ardent de sacrifier sa vie avec le Christ pour le bien de l\u2019\u00c9glise et de tous les hommes. La pri\u00e8re devant le tr\u00e8s saint Sacrement l\u2019aidait \u00e0 conserver ces sentiments et \u00e0 d\u00e9ployer son activit\u00e9 dans un esprit de sacrifice, profond\u00e9ment uni au myst\u00e8re r\u00e9dempteur du Christ et de l\u2019\u00c9glise\u201d (cf. Aut 265, 694, 756 et 767) (Patrimoine Spirituel 14).<\/div>\n<div style=\"text-align: justify;\"><\/div>\n<div style=\"text-align: justify;\">Cette m\u00e9moire d\u2019aujourd\u2019hui nous permet de nous demander: Que signifia-t-il pour le P. Claret  -serviteur missionnaire de la Parole-  le minist\u00e8re de la sanctification, sp\u00e9cialement celui de l\u2019Eucharistie? Coment ces minist\u00e8res se sont-ils int\u00e9gr\u00e9s  en sa personne, en sa vie et  en son apostolat? Jusqu\u2019\u00e0 quel point l\u2019exp\u00e9rience eucharistique de Claret nous affecte ou doit-elle nous affecter, pour que nous la vivions, l\u2019approfondissions et la conservions?<\/div>\n<div style=\"text-align: justify;\"><\/div>\n<div style=\"text-align: justify;\">L\u2019exp\u00e9rience de l\u2019Eucharistie que Claret a v\u00e9cue, nous pouvons la repr\u00e9senter comme un itin\u00e9raire de respect, d\u2019admiration, de d\u00e9votion, d\u2019union intime et de pleine communion. Le fait que nous comm\u00e9morons aujourd\u2019hui peut allumer en nous le feu d\u2019une m\u00e9ditation imaginative et spirituelle, qui, bien encadr\u00e9e, nous aidera \u00e0 comprendre la gr\u00e2ce  que re\u00e7ut le Fondateur. Mais ce qui est vraiment  important, c\u2019est le chemin progressif vers l\u2019union intime avec le Christ-Eucharistie que saint Antoine-Marie Claret a progressivement parcouru au long de toute sa vie vers la pl\u00e9nitude. La m\u00e9moire de cette gr\u00e2ce extraordinaire accord\u00e9e \u00e0 Claret est pour nous une invitation \u00e0 parcourir le m\u00eame chemin \u00e0 notre tour.<\/div>\n","protected":false},"excerpt":{"rendered":"<p>\u201cLe 26 ao\u00fbt 1861, je me trouvais dans l\u2019\u00e9glise du saint Rosaire, \u00e0 la Granja, \u00e0 sept heures du soir. Notre Seigneur m\u2019a accord\u00e9 la grande gr\u00e2ce de conserver dans ma poitrine les esp\u00e8ces sacramentelles, de jour et de nuit. Il faut donc que je sois toujours recueilli et plein de d\u00e9votion int\u00e9rieure. Le Seigneur [&hellip;]<\/p>\n","protected":false},"author":69,"featured_media":0,"parent":33291,"menu_order":0,"comment_status":"closed","ping_status":"closed","template":"","meta":{"_et_pb_use_builder":"","_et_pb_old_content":"","_et_gb_content_width":"","footnotes":""},"class_list":["post-28194","page","type-page","status-publish","hentry"],"jetpack_sharing_enabled":true,"jetpack_shortlink":"https:\/\/wp.me\/PdaBmi-7kK","jetpack_likes_enabled":true,"_links":{"self":[{"href":"https:\/\/www.claret.org\/fr\/wp-json\/wp\/v2\/pages\/28194","targetHints":{"allow":["GET"]}}],"collection":[{"href":"https:\/\/www.claret.org\/fr\/wp-json\/wp\/v2\/pages"}],"about":[{"href":"https:\/\/www.claret.org\/fr\/wp-json\/wp\/v2\/types\/page"}],"author":[{"embeddable":true,"href":"https:\/\/www.claret.org\/fr\/wp-json\/wp\/v2\/users\/69"}],"replies":[{"embeddable":true,"href":"https:\/\/www.claret.org\/fr\/wp-json\/wp\/v2\/comments?post=28194"}],"version-history":[{"count":0,"href":"https:\/\/www.claret.org\/fr\/wp-json\/wp\/v2\/pages\/28194\/revisions"}],"up":[{"embeddable":true,"href":"https:\/\/www.claret.org\/fr\/wp-json\/wp\/v2\/pages\/33291"}],"wp:attachment":[{"href":"https:\/\/www.claret.org\/fr\/wp-json\/wp\/v2\/media?parent=28194"}],"curies":[{"name":"wp","href":"https:\/\/api.w.org\/{rel}","templated":true}]}}