{"id":28303,"date":"2018-09-06T07:47:14","date_gmt":"2018-09-06T05:47:14","guid":{"rendered":"https:\/\/www.claret.org\/fecha-27-de-septembre-p-emmanuel-vilaro-cofondateur\/"},"modified":"2018-09-06T07:47:14","modified_gmt":"2018-09-06T05:47:14","slug":"fecha-27-de-septembre-p-emmanuel-vilaro-cofondateur","status":"publish","type":"page","link":"https:\/\/www.claret.org\/fr\/calendrier\/fecha-27-de-septembre-p-emmanuel-vilaro-cofondateur\/","title":{"rendered":"Fecha: 27 de Septembre &#8211; P. EMMANUEL VILAR\u00d3 Cofondateur"},"content":{"rendered":"<p style=\"text-align: justify;\"><img data-recalc-dims=\"1\" loading=\"lazy\" decoding=\"async\" class=\"alignleft wp-image-28292\" src=\"https:\/\/i0.wp.com\/www.claret.org\/wp-content\/uploads\/2018\/09\/52-manuel_vilar.jpg?resize=221%2C295&#038;ssl=1\" alt=\"\" width=\"221\" height=\"295\" title=\"\" srcset=\"https:\/\/i0.wp.com\/www.claret.org\/wp-content\/uploads\/2018\/09\/52-manuel_vilar.jpg?w=336&amp;ssl=1 336w, https:\/\/i0.wp.com\/www.claret.org\/wp-content\/uploads\/2018\/09\/52-manuel_vilar.jpg?resize=225%2C300&amp;ssl=1 225w\" sizes=\"(max-width: 221px) 100vw, 221px\" \/>Nous faisons m\u00e9moire aujourd\u2019hui du P. Emmanuel Vilar\u00f3, un des cofondateurs de la Congr\u00e9gation. Il est n\u00e9 \u00e0 Vic (Barcelone \u2013 Espagne) le 22 deptembre 1816. \u00c0 l\u2019\u00e2ge de dix ans, il fit son entr\u00e9e dans le s\u00e9minaire de Vic, o\u00f9 il \u00e9tudia jusqu\u2019en 1842. Nous ignorons la date exacte de son ordination ainsi que ses premiers engagements pastoraux.<\/p>\n<p style=\"text-align: justify;\">Les premi\u00e8res nouvelles s\u00dbres datent du moment o\u00f9 nous le trouvons pr\u00eachant des missions avec Claret dans le dioc\u00e8se de Tarragone en 1846. D\u2019autres t\u00e9moignages du m\u00eame Claret nous parlent du P. Vilar\u00f3 comme son compagnon de missions en 1847. Ils se sont sentis unis par leur capacit\u00e9 de travail, leur ardeur apostolique et leur syntonie \u00e0 l\u2019\u00e9gard de la vie. Possiblement, il a pr\u00each\u00e9 des missions ensemble avec Claret jusqu\u2019\u00e0 ce que celui-ci est all\u00e9 pr\u00eacher aux \u00celes Canaries.<\/p>\n<p style=\"text-align: justify;\">Il fut un des premiers invit\u00e9s par Claret pour former partie de la nouvelle Congr\u00e9gation missionnaire qu\u2019il pensait fonder. Au monent d\u2019\u00eatre nomm\u00e9 Archev\u00eaque de Santiago de Cuba, le P. Claret choisit quelques personnes qui pussent l\u2019accompagner. Il n\u2019h\u00e9sita pas \u00e0 demander \u00e0 la naissante Congr\u00e9gation le P. Vilar\u00f3. D\u00e8s leur arriv\u00e9 \u00e0 Cuba, le P. Vilar\u00f3 fut son compagnon ins\u00e9parable et celui qui lui inspira le plus de confiance. Il l\u2019accompagna dans toutes les missions, sans n\u00e9gliger, pourtant, son travail de secr\u00e9taire,<\/p>\n<p style=\"text-align: justify;\">En f\u00e9vrier 1852, une forte pluie lui attira de s\u00e9rieux probl\u00e8mes de sant\u00e9 et fut oblig\u00e9 de retourner en Espagne. En arrivant \u00e0 Vic, il fut oblig\u00e9 \u00e0 garder le lit. Il s\u2019h\u00e9bergea dans la maison de sa famille, pour ne pas d\u00e9ranger le rythme de vie du petit groupe de Missionnaires de la Congr\u00e9gation, lesquels le visitaient tous les jours. Une tuberculose poulmonaire l\u2019a progressivement affaibli, jusqu\u2019\u00e0 ce qu\u2019il mourut le 27 septembre 1852, \u00e0 l\u2019\u00e2ge de 36 ans, dans les bras du P. Clotet.<\/p>\n<p style=\"text-align: justify;\">Le P. Claret nous a laiss\u00e9, dans son <em>Autobiographie,<\/em> une synth\u00e8se de sa vie : <em>\u00ab Ce pr\u00eatre z\u00e9l\u00e9 \u00e9tait d\u00e9j\u00e0 mon compagnon dans les missions que je donnais dans le dioc\u00e8se de Tarragone et il a \u00e9t\u00e9 un des premiers membres de la congr\u00e9gation des Fils du C\u0153ur Immacul\u00e9 de Marie. Il m\u2019a accompagn\u00e9 \u00e0 Cuba, o\u00f9 il \u00e9tait mon secr\u00e9taire, charge dont il s\u2019est aquitt\u00e9 \u00e0 la perfection. En plus de secr\u00e9taire, il pr\u00eachait et confessait toujours. Il \u00e9tait passablement instruit, vertueux et z\u00e9l\u00e9 ; il a beaucoup travaill\u00e9. Il est tomb\u00e9  malade et, lorsque les m\u00e9decins l\u2019ont examin\u00e9, ils ont vu qu\u2019il n\u2019y avait pas d\u2019espoir pour lui de gu\u00e9rir \u00e0 Cuba et ils lui ont demand\u00e9 de retourner en Espagne. Il est mort \u00e0 Vic, sa patrie \u00bb<\/em> (Aut 592).<\/p>\n","protected":false},"excerpt":{"rendered":"<p>Nous faisons m\u00e9moire aujourd\u2019hui du P. Emmanuel Vilar\u00f3, un des cofondateurs de la Congr\u00e9gation. Il est n\u00e9 \u00e0 Vic (Barcelone \u2013 Espagne) le 22 deptembre 1816. \u00c0 l\u2019\u00e2ge de dix ans, il fit son entr\u00e9e dans le s\u00e9minaire de Vic, o\u00f9 il \u00e9tudia jusqu\u2019en 1842. Nous ignorons la date exacte de son ordination ainsi que [&hellip;]<\/p>\n","protected":false},"author":69,"featured_media":28293,"parent":33291,"menu_order":0,"comment_status":"closed","ping_status":"closed","template":"","meta":{"_et_pb_use_builder":"","_et_pb_old_content":"","_et_gb_content_width":"","footnotes":""},"class_list":["post-28303","page","type-page","status-publish","has-post-thumbnail","hentry"],"jetpack_sharing_enabled":true,"jetpack_shortlink":"https:\/\/wp.me\/PdaBmi-7mv","jetpack_likes_enabled":true,"_links":{"self":[{"href":"https:\/\/www.claret.org\/fr\/wp-json\/wp\/v2\/pages\/28303","targetHints":{"allow":["GET"]}}],"collection":[{"href":"https:\/\/www.claret.org\/fr\/wp-json\/wp\/v2\/pages"}],"about":[{"href":"https:\/\/www.claret.org\/fr\/wp-json\/wp\/v2\/types\/page"}],"author":[{"embeddable":true,"href":"https:\/\/www.claret.org\/fr\/wp-json\/wp\/v2\/users\/69"}],"replies":[{"embeddable":true,"href":"https:\/\/www.claret.org\/fr\/wp-json\/wp\/v2\/comments?post=28303"}],"version-history":[{"count":0,"href":"https:\/\/www.claret.org\/fr\/wp-json\/wp\/v2\/pages\/28303\/revisions"}],"up":[{"embeddable":true,"href":"https:\/\/www.claret.org\/fr\/wp-json\/wp\/v2\/pages\/33291"}],"wp:featuredmedia":[{"embeddable":true,"href":"https:\/\/www.claret.org\/fr\/wp-json\/wp\/v2\/media\/28293"}],"wp:attachment":[{"href":"https:\/\/www.claret.org\/fr\/wp-json\/wp\/v2\/media?parent=28303"}],"curies":[{"name":"wp","href":"https:\/\/api.w.org\/{rel}","templated":true}]}}