{"id":28330,"date":"2018-09-06T07:58:22","date_gmt":"2018-09-06T05:58:22","guid":{"rendered":"https:\/\/www.claret.org\/fecha-30-de-septembre-serviteur-de-dieu-p-francois-crusats-protomartyr-de-la-congregation\/"},"modified":"2018-09-06T07:58:22","modified_gmt":"2018-09-06T05:58:22","slug":"fecha-30-de-septembre-serviteur-de-dieu-p-francois-crusats-protomartyr-de-la-congregation","status":"publish","type":"page","link":"https:\/\/www.claret.org\/fr\/calendrier\/fecha-30-de-septembre-serviteur-de-dieu-p-francois-crusats-protomartyr-de-la-congregation\/","title":{"rendered":"Fecha: 30 de Septembre &#8211; SERVITEUR DE DIEU P. FRAN\u00c7OIS CRUSATS Protomartyr de la Congr\u00e9gation"},"content":{"rendered":"<p style=\"text-align: justify;\"><img data-recalc-dims=\"1\" loading=\"lazy\" decoding=\"async\" class=\"alignleft\" title=\"\" src=\"https:\/\/i0.wp.com\/www2.claret.org\/sites\/default\/files\/imagenes\/espiritualidad\/calendario\/54-crusats_francisco_copia.jpg?resize=191%2C291\" alt=\"\" width=\"191\" height=\"291\"><\/p>\n<div>\n<div style=\"text-align: justify;\">Le Serviteur de Dieu, P. Fran\u00e7ois Crusats y Franch, n\u00e9 \u00e0 Seva (Barcelone \u2013 Espagne), fut le premier clar\u00e9tain \u00e0 obtenir la couronne du martyre, que notre saint Fundateur avait d\u00e9sir\u00e9e pour lui-m\u00eame. Il fit sa carri\u00e8re eccl\u00e9siastique \u00e0 Vic et fut ordonn\u00e9 pr\u00eatre le 18 septembre de 1858, le m\u00eame mois o\u00f9, quelques ann\u00e9es plus tard, il obtiendrait la palme du martyre. Il fut admis dans la Congr\u00e9gation peu de temps apr\u00e8s son ordination.<\/div>\n<div style=\"text-align: justify;\"><\/div>\n<div style=\"text-align: justify;\">Sa vocation clar\u00e9taine fut suscit\u00e9e fondamentalement par trois facteurs: le t\u00e9moignage offert par le P. Xifr\u00e9 dans les exercices spirituels qu\u2019il pr\u00eacha au s\u00e9minaire de Vic pour pr\u00e9parer les s\u00e9minaristes de la promotion du P. Francisco \u00e0 l\u2019ordre presbyt\u00e9ral, le prestige de de la jeune communaut\u00e9 clar\u00e9taine et, d\u2019une fa\u00e7on sp\u00e9ciale et \u00e0 son amiti\u00e9 personnelle avec le P. Brossosa, qui \u00e9tait  entr\u00e9 dans la Congr\u00e9gation avant lui, \u00e9tant encore diacre, mais dans la m\u00eame ann\u00e9e, 1858. Brossosa fut le premier diacre \u00e0 \u00eatre re\u00e7u dans la Congr\u00e9gation.<\/div>\n<div style=\"text-align: justify;\"><\/div>\n<div style=\"text-align: justify;\">Apr\u00e8s son incorporation \u00e0 la communaut\u00e9, il travailla, pendant une bonne p\u00e9riode de temps, \u00e0 la pr\u00e9dication missionnaire en Catalogne selon l\u2019esprit et l\u2019ardeur que la jeune communaut\u00e9 avait h\u00e9rit\u00e9s de son saint Fondateur. Plus tard, il fut destin\u00e9 \u00e0 la maison de S\u00e9govie, o\u00f9 il put se consacrer au minist\u00e8re des missions populaires, en pr\u00eachant en beaucoup de villages de Castille. Il y laissa, parmi les habitants de ces villages, une renomm\u00e9e de saintet\u00e9.<\/div>\n<div style=\"text-align: justify;\">En effet, ses qualit\u00e9s personnelles et sa grande capacit\u00e9 de travail lui ont rendu la t\u00e2che facile. Il se remarquait par sa taille svelte et jeune et par son visage joyeux, serein et rayonnant de bont\u00e9. Ce missionnaire brilla comme tel dans son travail, sp\u00e9cialement,  avec les enfants et les jeunes. Le style de sa pr\u00e9dication et de sa conversation \u00e9tait simple et concret. Il constata souvent comment les gens de beaucoup de villages, affam\u00e9s de la Parole de Dieu, l\u2019accueillaient  les bras et le coeurs ouverts. Crusats \u00e9tait consid\u00e9r\u00e9 par tous ces gens comme un misionnaire plein de Dieu et d\u2019amour envers le peuple. C\u2019est pourquoi, tr\u00e8s t\u00f4t, il fut reconnu comme le saint Crusats.<\/div>\n<div style=\"text-align: justify;\"><\/div>\n<div style=\"text-align: justify;\">Destin\u00e9 \u00e0 la communaut\u00e9 de Selva del Campo (Tarragone &#8211; Espagne), il fut victime de la pers\u00e9cution religieuse d\u00e9cha\u00een\u00e9e au d\u00e9but de la R\u00e9volution de 1868, qui co\u00fbta \u00e0 la reine d\u2019Espagne l\u2019exil et la perte du thr\u00f4ne. Au milieu de la turbulence occasionn\u00e9e par cet \u00e9v\u00e9nement fatidique, la maison clar\u00e9taine de Selva del Campo fut assaillie par un groupe de r\u00e9volutionnaires exalt\u00e9s. Les membres de la communaut\u00e9 ont r\u00e9ussi \u00e0 s\u2019en tirer de l\u2019assaut, sauf le P. Crusats qui, en ouvrant la porte de la maison aux aggresseurs, il en re\u00e7ut, en plus des insultes et des coups, une blessure mortelle.<\/div>\n<div style=\"text-align: justify;\"><\/div>\n<div style=\"text-align: justify;\">Sur la dalle de son tombeau, on a grav\u00e9 une \u00e9pitaphe qui d\u00e9crit parfaitement son esprit et sa mission: Insigne par la candeur de  son esprit et par son z\u00e8le pour le salut des \u00e2mes. Il mourut tr\u00e8s jeune. Sa cause de b\u00e9atification a d\u00e9j\u00e0 \u00e9t\u00e9 initi\u00e9e.<\/div>\n<\/div>\n","protected":false},"excerpt":{"rendered":"<p>Le Serviteur de Dieu, P. Fran\u00e7ois Crusats y Franch, n\u00e9 \u00e0 Seva (Barcelone \u2013 Espagne), fut le premier clar\u00e9tain \u00e0 obtenir la couronne du martyre, que notre saint Fundateur avait d\u00e9sir\u00e9e pour lui-m\u00eame. Il fit sa carri\u00e8re eccl\u00e9siastique \u00e0 Vic et fut ordonn\u00e9 pr\u00eatre le 18 septembre de 1858, le m\u00eame mois o\u00f9, quelques ann\u00e9es [&hellip;]<\/p>\n","protected":false},"author":69,"featured_media":28320,"parent":33291,"menu_order":0,"comment_status":"closed","ping_status":"closed","template":"","meta":{"_et_pb_use_builder":"","_et_pb_old_content":"","_et_gb_content_width":"","footnotes":""},"class_list":["post-28330","page","type-page","status-publish","has-post-thumbnail","hentry"],"jetpack_sharing_enabled":true,"jetpack_shortlink":"https:\/\/wp.me\/PdaBmi-7mW","jetpack_likes_enabled":true,"_links":{"self":[{"href":"https:\/\/www.claret.org\/fr\/wp-json\/wp\/v2\/pages\/28330","targetHints":{"allow":["GET"]}}],"collection":[{"href":"https:\/\/www.claret.org\/fr\/wp-json\/wp\/v2\/pages"}],"about":[{"href":"https:\/\/www.claret.org\/fr\/wp-json\/wp\/v2\/types\/page"}],"author":[{"embeddable":true,"href":"https:\/\/www.claret.org\/fr\/wp-json\/wp\/v2\/users\/69"}],"replies":[{"embeddable":true,"href":"https:\/\/www.claret.org\/fr\/wp-json\/wp\/v2\/comments?post=28330"}],"version-history":[{"count":0,"href":"https:\/\/www.claret.org\/fr\/wp-json\/wp\/v2\/pages\/28330\/revisions"}],"up":[{"embeddable":true,"href":"https:\/\/www.claret.org\/fr\/wp-json\/wp\/v2\/pages\/33291"}],"wp:featuredmedia":[{"embeddable":true,"href":"https:\/\/www.claret.org\/fr\/wp-json\/wp\/v2\/media\/28320"}],"wp:attachment":[{"href":"https:\/\/www.claret.org\/fr\/wp-json\/wp\/v2\/media?parent=28330"}],"curies":[{"name":"wp","href":"https:\/\/api.w.org\/{rel}","templated":true}]}}