{"id":28360,"date":"2018-09-06T08:16:18","date_gmt":"2018-09-06T06:16:18","guid":{"rendered":"https:\/\/www.claret.org\/fecha-6-de-octobre-ordination-episcopale-du-s-antoine-m-claret\/"},"modified":"2022-04-07T16:30:03","modified_gmt":"2022-04-07T14:30:03","slug":"fecha-6-de-octobre-ordination-episcopale-du-s-antoine-m-claret","status":"publish","type":"page","link":"https:\/\/www.claret.org\/fr\/calendrier\/fecha-6-de-octobre-ordination-episcopale-du-s-antoine-m-claret\/","title":{"rendered":"Fecha: 6 de Octobre &#8211; ORDINATION \u00c9PISCOPALE DU S. ANTOINE M. CLARET"},"content":{"rendered":"<p style=\"text-align: justify;\"><img data-recalc-dims=\"1\" loading=\"lazy\" decoding=\"async\" class=\"alignleft\" title=\"\" src=\"https:\/\/i0.wp.com\/www2.claret.org\/sites\/default\/files\/imagenes\/espiritualidad\/calendario\/6-b-claret__constituciones.jpg?resize=224%2C384\" alt=\"\" width=\"224\" height=\"384\"><\/p>\n<div>\n<div style=\"text-align: justify;\">Aujourd\u2019hui, m\u00e9moire de saint Bruno, nous c\u00e9l\u00e9brons l\u2019anniversaire de la cons\u00e9cration \u00e9piscopale de saint Antoine-Marie Claret. Elle eut lieu dans la cath\u00e9drale de Vich en 1850, une ann\u00e9e apr\u00e8s avoir re\u00e7u la nomination \u00e0 la charge d\u2019Archev\u00eaque de Santiago de Cuba. Claret avait alors 42 ans. Le m\u00eame Claret consid\u00e9ra providentiel qu\u2019elle ait eu lieu dans le mois du rosaire et dans la f\u00eate du saint fondatur de l\u2019Ordre des Chartreux, auquel il voulut appartenir quand il \u00e9tait jeune.<\/div>\n<div style=\"text-align: justify;\"><\/div>\n<div style=\"text-align: justify;\">Cette m\u00e9moire nous offre une opportunit\u00e9 de m\u00e9diter sur la vie et le travail de notre Fondateur en tant qu\u2019\u00c9v\u00eaque. Il ne lui fut pas  facile d\u2019accepter la charge que le Pape lui confiait. Mais une fois qu\u2019il l\u2019accepta,  il essaya de la vivre selon le style des Ap\u00f4tres. Pendant les six longues ann\u00e9es de son s\u00e9jour \u00e0 Cuba, comme archev\u00eaque, il se livra corps et \u00e2me \u00e0 la revitalisation du dioc\u00e8se \u00e0 travers des visites pastorales, \u00e0 la r\u00e9forme du clerg\u00e9 et du s\u00e9minaire, \u00e0 la promotion d\u2019oeuvres sociales et \u00e0 l\u2019amimation de la vie chr\u00e9tienne en g\u00e9n\u00e9ral. Son esprit de missionnaire apostolique insuffla \u00e0 son \u00e9piscopat un dynamisme qui n\u2019\u00e9tait pas habituel chez les \u00c9v\u00eaques de son temps.<\/div>\n<div style=\"text-align: justify;\"><\/div>\n<div style=\"text-align: justify;\">C\u2019est ce mod\u00e8le d\u2019\u00e9piscopat qu\u2019il exer\u00e7a, surtout pendant le temps qu\u2019il fut pasteur de l\u2019archidioc\u00e8se de Santiago de Cuba. D\u00e8s son arriv\u00e9e dans l\u2019\u00eele, il le fit savoir, en toute franchise, au Gouverneur G\u00e9n\u00e9ral, don Jos\u00e9 Guti\u00e9rrez Concha : \u201cLe jour o\u00f9 je verrai qu\u2019on met le moindre obstacle \u00e0 ma mission&#8230; ce jour-l\u00e0, je laisserai ma place, et, personnellement, je n\u2019y perdrait rien, car ma condition de missionnaire me suffit pour \u00eatre pauvre, pour aimer Dieu, pour aimer mes prochains, pour sauver  des \u00e2mes  et, en m\u00eame temps, sauver la mienne\u201d.<\/div>\n<div style=\"text-align: justify;\"><\/div>\n<div style=\"text-align: justify;\">Contrairement \u00e0 la pratique de beaucoup d\u2019autres \u00e9v\u00eaques de son temps, il confia \u00e0 des personnes comp\u00e9tentes le fonctionnement ordinaire de la curie archi\u00e9piscopale. Et il se consacra pleinement \u00e0 l\u2019\u00e9vang\u00e9lisation par les visites pastorales au dioc\u00e8se, par l\u2019exercice continuel du minist\u00e8re de la Parole et par sa pr\u00e9occupation pour rem\u00e9dier les besoins des plus pauvres, surtout dans les domaines de la pr\u00e9vention et de l\u2019\u00e9ducation. Il signa  ce d\u00e9vouement \u00e0 son peuple avec le sang qu\u2019il versa lors de l\u2019attentat d\u2019Holgu\u00edn, le premier f\u00e9vrier 1856.<\/div>\n<div style=\"text-align: justify;\"><\/div>\n<div style=\"text-align: justify;\">Dans les \u00e9tapes suivantes de Madrid, Paris et Rome, malgr\u00e9 qu\u2019il n\u2019\u00e9tait pas \u00e9v\u00eaque r\u00e9sidentiel, il trouva d\u2019autres d\u00e9bouch\u00e9s \u00e0 son z\u00e8le missionnaire: des sermons, des conf\u00e9rences, des exercices spirituels, l\u2019apostolat de la presse et l\u2019accompagnement spirituel, afin de continuer \u00e0 sevir intensement l\u2019\u00c9glise. La charit\u00e9 du Christ, devise de ses armoiries d\u2019archev\u00eaque, fut toujours le moteur de sa vie et de son apostolat.<\/div>\n<div style=\"text-align: justify;\"><\/div>\n<div style=\"text-align: justify;\">Aujourd\u2019hui, en c\u00e9l\u00e9brant la m\u00e9moire de l\u2019ordination \u00e9piscopale de notre Fondateur, nous devons penser sp\u00e9cialement \u00e0 tous les clar\u00e9tains qui ont \u00e9t\u00e9 appel\u00e9s \u00e0 servir l\u2019\u00c9glise comme \u00e9v\u00eaques. Prions pour eux et pour leurs \u00e9glises, afin que, suivant l\u2019exemple de saint Antoine-M. Claret, ils sachent porter la Bonne Nouvelle avec g\u00e9n\u00e9rosit\u00e9 et d\u00e9vouement et avec une fine attention aux signes des temps.<\/div>\n<\/div>\n","protected":false},"excerpt":{"rendered":"<p>Aujourd\u2019hui, m\u00e9moire de saint Bruno, nous c\u00e9l\u00e9brons l\u2019anniversaire de la cons\u00e9cration \u00e9piscopale de saint Antoine-Marie Claret. Elle eut lieu dans la cath\u00e9drale de Vich en 1850, une ann\u00e9e apr\u00e8s avoir re\u00e7u la nomination \u00e0 la charge d\u2019Archev\u00eaque de Santiago de Cuba. Claret avait alors 42 ans. Le m\u00eame Claret consid\u00e9ra providentiel qu\u2019elle ait eu lieu [&hellip;]<\/p>\n","protected":false},"author":69,"featured_media":28349,"parent":33291,"menu_order":0,"comment_status":"closed","ping_status":"closed","template":"","meta":{"_et_pb_use_builder":"","_et_pb_old_content":"","_et_gb_content_width":"","footnotes":""},"class_list":["post-28360","page","type-page","status-publish","has-post-thumbnail","hentry"],"jetpack_sharing_enabled":true,"jetpack_shortlink":"https:\/\/wp.me\/PdaBmi-7nq","jetpack_likes_enabled":true,"_links":{"self":[{"href":"https:\/\/www.claret.org\/fr\/wp-json\/wp\/v2\/pages\/28360","targetHints":{"allow":["GET"]}}],"collection":[{"href":"https:\/\/www.claret.org\/fr\/wp-json\/wp\/v2\/pages"}],"about":[{"href":"https:\/\/www.claret.org\/fr\/wp-json\/wp\/v2\/types\/page"}],"author":[{"embeddable":true,"href":"https:\/\/www.claret.org\/fr\/wp-json\/wp\/v2\/users\/69"}],"replies":[{"embeddable":true,"href":"https:\/\/www.claret.org\/fr\/wp-json\/wp\/v2\/comments?post=28360"}],"version-history":[{"count":0,"href":"https:\/\/www.claret.org\/fr\/wp-json\/wp\/v2\/pages\/28360\/revisions"}],"up":[{"embeddable":true,"href":"https:\/\/www.claret.org\/fr\/wp-json\/wp\/v2\/pages\/33291"}],"wp:featuredmedia":[{"embeddable":true,"href":"https:\/\/www.claret.org\/fr\/wp-json\/wp\/v2\/media\/28349"}],"wp:attachment":[{"href":"https:\/\/www.claret.org\/fr\/wp-json\/wp\/v2\/media?parent=28360"}],"curies":[{"name":"wp","href":"https:\/\/api.w.org\/{rel}","templated":true}]}}