{"id":28374,"date":"2018-09-06T08:21:59","date_gmt":"2018-09-06T06:21:59","guid":{"rendered":"https:\/\/www.claret.org\/fecha-7-de-octobre-fete-de-notre-dame-du-rosaire\/"},"modified":"2018-09-06T08:21:59","modified_gmt":"2018-09-06T06:21:59","slug":"fecha-7-de-octobre-fete-de-notre-dame-du-rosaire","status":"publish","type":"page","link":"https:\/\/www.claret.org\/fr\/calendrier\/fecha-7-de-octobre-fete-de-notre-dame-du-rosaire\/","title":{"rendered":"Fecha: 7 de Octobre &#8211; F\u00caTE DE NOTRE-DAME DU ROSAIRE"},"content":{"rendered":"<p style=\"text-align: justify;\"><img data-recalc-dims=\"1\" loading=\"lazy\" decoding=\"async\" class=\"alignleft\" title=\"\" src=\"https:\/\/i0.wp.com\/www2.claret.org\/sites\/default\/files\/imagenes\/espiritualidad\/calendario\/57-nuestra_seora_del_rosario.jpg?resize=211%2C415\" alt=\"\" width=\"211\" height=\"415\"><\/p>\n<p style=\"text-align: justify;\">Le rosaire de la Vierge Marie est, et a toujours \u00e9t\u00e9, une des pri\u00e8res les plus appr\u00e9ci\u00e9es par le peuple chr\u00e9tien, parce qu\u2019elle est simple et profonde.  Bien qu\u2019il se distingue par son caract\u00e8re marial, il est une pri\u00e8re centr\u00e9e sur tout le myst\u00e8re du Christ. Dans la sobri\u00e9t\u00e9 de ses parties, elle renferme la profondeur de tout le message \u00e9vang\u00e9lique, dont il est un r\u00e9sum\u00e9.<\/p>\n<p style=\"text-align: justify;\">\u00c0 travers le rosaire, nous, les Missionnaires Clar\u00e9tains, <em>\u201cnous v\u00e9n\u00e9rons d\u2019un amour filial la tr\u00e8s sainte Vierge Marie, M\u00e8re de Dieu, associ\u00e9e de tout son coeur \u00e0 l\u2019oeuvre salvifique de son Fils\u201d<\/em>(CC 36). De cette fa\u00e7on, <em>nous apprenons de Marie <\/em>\u00e0 contempler la beaut\u00e9 du visage du Christ et faisons l\u2019exp\u00e9rience profonde de son amour pour, ensuite, l\u2019annoncer aux hommes. Le rosaire a \u00e9t\u00e9 une des traditions les plus appr\u00e9ci\u00e9es que la Congr\u00e9gation a h\u00e9rit\u00e9es du Fondateur (cf. CC 36 et Dir. 87).<\/p>\n<p style=\"text-align: justify;\">Antoine-Marie Claret se souvient que, d\u00e8s son enfance, il a trouv\u00e9 dans le rosaire <em>le plus grand tr\u00e9sor <\/em>(cf. Aut 44)<em>.<\/em> Il apprit \u00e0 l\u2019aimer et \u00e0 le r\u00e9citer en famille, \u00e0 l\u2019\u00e9cole, dans la paroisse et, particuli\u00e8rement, dans le petit livre  <em>Le Roser <\/em>(cf. Aut 45). Il n\u2019oublierait jamais sa ferveur, quand il le r\u00e9citait dans la mont\u00e9e vers le sanctuaire de Fusimagna avec sa soeur Rosa. Comme fils de son temps, il fera sienne cette d\u00e9votion, d\u00e9j\u00e0 si profond\u00e9ment enracin\u00e9e dans l\u2019Espagne du XIX si\u00e8cle, jusqu\u2019\u00e0 ce qu\u2019elle devienne sa d\u00e9votion pr\u00e9f\u00e9r\u00e9e, qu\u2019il n\u2019abandonnerait jamais. Plus encore, il d\u00e9couvrit la relation intime entre le rosaire et l\u2019\u00e9vang\u00e9lisation. C\u2019est pourquoi il l\u2019employa comme un instrument missionnaire, populaire et tr\u00e8s \u00e9ficace, pour transmettre l\u2019annonce de la Parole, et comme la meilleure des armes contre les ennemis de la foi.<\/p>\n<p style=\"text-align: justify;\">Aussi bien en sa vie de jeune \u00e9tudiant et travailleur \u00e0 Barcelone qu\u2019en ses ann\u00e9es de s\u00e9minariste et de pr\u00eatre, ou en ses aventures missionnaires et en ses travaux comme Archev\u00eaque et Confesseur de la Reine, il travailla non seulement \u00e0 bien pratiquer cette d\u00e9votion, mais aussi \u00e0 l\u2019inculquer \u00e0 tous. Il eut m\u00eame la conscience d\u2019\u00eatre le Dominique des temps modernes, comme la Vierge l\u2019appela dans une de ses apparitions (cf. Aut. 677). Le P. Fondateur nous a l\u00e9gu\u00e9 ce pr\u00e9cieux h\u00e9ritage. D\u00e9j\u00e0 en 1865, il avait fait le testament en faveur de la Congr\u00e9gation et, par sa disposition et par l\u2019acceptation de la part du P. Xifr\u00e9, tout son patrimoine passa \u00e0 son Institut. Mais le meilleur h\u00e9ritage nous est arriv\u00e9 apr\u00e8s. Peu avant de mourir \u00e0 Fonfroide, il livrait, comme h\u00e9ritage \u00e0 ses enfants, \u00e0 travers la personne du P. Clotet, le chapelet qu\u2019il avait toujours employ\u00e9 dans sa mission \u00e9vang\u00e9lisatrice, ensemble avec la Parole de Dieu (cf. Aut 271). Cet \u00e9pisode arriva le 12 octobre 1870. Il nous a \u00e9t\u00e9 transmis par le P. Clotet lui-m\u00eame, en citant litt\u00e9ralement les derniers mots du saint moribond: \u201c<em>Prenez mes chapelets et gardez-les\u201d <\/em>(3, p. 932).<\/p>\n<p style=\"text-align: justify;\">En c\u00e9l\u00e9brant aujourd\u2019hui la f\u00eate de Notre-Dame du Saint Rosaire, nous r\u00e9nouvelons cette conscience  et cette pr\u00e9cieuse pratique, l\u00e9gu\u00e9es avec tant d\u2019insistance par notre saint Fondateur.<\/p>\n","protected":false},"excerpt":{"rendered":"<p>Le rosaire de la Vierge Marie est, et a toujours \u00e9t\u00e9, une des pri\u00e8res les plus appr\u00e9ci\u00e9es par le peuple chr\u00e9tien, parce qu\u2019elle est simple et profonde. Bien qu\u2019il se distingue par son caract\u00e8re marial, il est une pri\u00e8re centr\u00e9e sur tout le myst\u00e8re du Christ. Dans la sobri\u00e9t\u00e9 de ses parties, elle renferme la [&hellip;]<\/p>\n","protected":false},"author":69,"featured_media":28364,"parent":33291,"menu_order":0,"comment_status":"closed","ping_status":"closed","template":"","meta":{"_et_pb_use_builder":"","_et_pb_old_content":"","_et_gb_content_width":"","footnotes":""},"class_list":["post-28374","page","type-page","status-publish","has-post-thumbnail","hentry"],"jetpack_sharing_enabled":true,"jetpack_shortlink":"https:\/\/wp.me\/PdaBmi-7nE","jetpack_likes_enabled":true,"_links":{"self":[{"href":"https:\/\/www.claret.org\/fr\/wp-json\/wp\/v2\/pages\/28374","targetHints":{"allow":["GET"]}}],"collection":[{"href":"https:\/\/www.claret.org\/fr\/wp-json\/wp\/v2\/pages"}],"about":[{"href":"https:\/\/www.claret.org\/fr\/wp-json\/wp\/v2\/types\/page"}],"author":[{"embeddable":true,"href":"https:\/\/www.claret.org\/fr\/wp-json\/wp\/v2\/users\/69"}],"replies":[{"embeddable":true,"href":"https:\/\/www.claret.org\/fr\/wp-json\/wp\/v2\/comments?post=28374"}],"version-history":[{"count":0,"href":"https:\/\/www.claret.org\/fr\/wp-json\/wp\/v2\/pages\/28374\/revisions"}],"up":[{"embeddable":true,"href":"https:\/\/www.claret.org\/fr\/wp-json\/wp\/v2\/pages\/33291"}],"wp:featuredmedia":[{"embeddable":true,"href":"https:\/\/www.claret.org\/fr\/wp-json\/wp\/v2\/media\/28364"}],"wp:attachment":[{"href":"https:\/\/www.claret.org\/fr\/wp-json\/wp\/v2\/media?parent=28374"}],"curies":[{"name":"wp","href":"https:\/\/api.w.org\/{rel}","templated":true}]}}