{"id":28388,"date":"2018-09-06T08:27:19","date_gmt":"2018-09-06T06:27:19","guid":{"rendered":"https:\/\/www.claret.org\/fecha-13-de-octobre-frere-emmanuel-giol\/"},"modified":"2022-04-07T16:22:12","modified_gmt":"2022-04-07T14:22:12","slug":"fecha-13-de-octobre-frere-emmanuel-giol","status":"publish","type":"page","link":"https:\/\/www.claret.org\/fr\/calendrier\/fecha-13-de-octobre-frere-emmanuel-giol\/","title":{"rendered":"Fecha: 13 de Octobre &#8211; FR\u00c8RE \u00c9MMANUEL GIOL"},"content":{"rendered":"<p style=\"text-align: justify;\"><img data-recalc-dims=\"1\" loading=\"lazy\" decoding=\"async\" class=\"alignleft\" title=\"\" src=\"https:\/\/i0.wp.com\/www2.claret.org\/sites\/default\/files\/imagenes\/espiritualidad\/calendario\/58-hermano_manuel_giol.jpg?resize=195%2C266\" alt=\"\" width=\"195\" height=\"266\"><\/p>\n<div>\n<div style=\"text-align: justify;\">Le fr\u00e8re Emmanuel Giol y Borr\u00e1s est n\u00e9 \u00e0 Borjas del Campo (Tarragone-Espagne), le 26 mars 1849. Ses parents, agriculteurs, l\u2019ont \u00e9lev\u00e9 dans la foi chr\u00e9tienne et dans l\u2019amour \u00e0 la Vierge Marie, qu\u2019ils honoraient tous les jours en r\u00e9citant le rosaire en famille. Apr\u00e8s avoir fait le service militaire (1869) et particip\u00e9, contre sa volont\u00e9, \u00e0 la troisi\u00e8me guerre carliste, au cours de laquelle, il exp\u00e9rimenta vivement la protection de la Vierge, il comen\u00e7a, le 13 juin 1876, l\u2019ann\u00e9e de noviciat dans la maison de Gracia sous la sage direction de son Ma\u00eetre, le P. Constans. Le 21 juillet 1877, \u00e0 l\u2019\u00e2ge de 28 ans, le Fr\u00e8re Giol \u00e9mit la profession religieuse.<\/div>\n<div style=\"text-align: justify;\"><\/div>\n<div style=\"text-align: justify;\">Sa premi\u00e8re affectation fut la r\u00e9sidence d\u2019Alta de San Pedro, \u00e0 Barcelone. Au milieu de ses nombreuses occupations, le Fr. Giol r\u00e9ussissait \u00e0 garder le reccueillement int\u00e9rieur et l\u2019esprit de pri\u00e8re. Ses fr\u00e9quentes sorties en ville, impos\u00e9es par ses charges, il les transformait en tremplin pour un t\u00e9moignage apostolique. Parmi les traits les plus saillants de sa physionomie spirituelle, nous pouvons d\u00e9tacher les trois suivants : son amour \u00e0 la tr\u00e8s sainte Eucharistie, au C\u0153ur de Marie et \u00e0 la Congr\u00e9gation, et  trois vertus : l\u2019esprit de pri\u00e8re, l\u2019humilit\u00e9 et la charit\u00e9 fraternelle. Ajoutons \u00e0 cela la pratique de vivre constamment dans la pr\u00e9sence de Dieu. Il profitait, aussi, de toutes les occasions qui se pr\u00e9sentaient \u00e0 lui pour exercer son z\u00e8le apostolique. Voici un \u00e9chantilon de son sens apostolique : \u00ab Je suis Fr\u00e8re, et  Fr\u00e8re Missionnaire, et les Missions que je peux pr\u00eacher, si elles ne sont pas \u00e9clatantes comme celles des P\u00e8res, elles peuvent \u00eatre aussi fructueuses et, certainement, elles sont moins dangereuses pour l\u2019\u00e2me. La pri\u00e8re et le bon exemple, voil\u00e0 les deux instruments de mes missions\u2026 \u00bb.<\/div>\n<div style=\"text-align: justify;\"><\/div>\n<div style=\"text-align: justify;\">La riche et profonde exp\u00e9rience spirituelle et cordimariale du Fr\u00e8re Giol, lui-m\u00eame l\u2019a d\u00e9crite en deux longs documents qu\u2019il \u00e9crivit et qui portent les titres Demeures dans le C\u0153ur de Marie de l\u2019\u00e2me fervente et Essai de la vie int\u00e9rieure. \u00c0 travers ces \u00e9crits, notre Fr\u00e8re a d\u00e9voil\u00e9 ses exp\u00e9riences sur le chemin de la saintet\u00e9, avec ses progr\u00e8s, ses luttes  -parfois dramatiques-  avec les faveurs de Dieu et de la divine M\u00e8re, avec des hauts moments de contemplation et une constante sollicitude pour le bien de la Congr\u00e9gation et le salut de tous les hommes. Toute la spiritualit\u00e9 du Fr\u00e8re Giol se trouve fortement marqu\u00e9e par son exp\u00e9rience mariale et peut se r\u00e9sumer en une recherche empress\u00e9e de Dieu dans le C\u0153ur Immacul\u00e9 de Marie, se confiant \u00e0 elle enti\u00e8rement comme un enfant s\u2019abandonne \u00e0 l\u2019amour et aux soins de sa m\u00e8re (cf. 2, p. 166s). \u00ab Depuis quelque temps, je sens grandir dans mon c\u0153ur la confiance en la c\u00e9leste Dame de sorte qu\u2019il me semble que je lui appartiens et qu\u2019elle s\u2019occupe de moi d\u2019une fa\u00e7on sp\u00e9ciale, telle que, si tout l\u2019enfer se mettait contre moi, ma M\u00e8re me sauverait de toutes les emb\u00fbches de l\u2019ennemi. Il me semble qu\u2019elle est mon c\u0153ur, ma vie, mon \u00e2me\u2026 \u00bb (Compte-rendu spirituel du 26 juin de 1897).<\/div>\n<div style=\"text-align: justify;\">Pendant son s\u00e9jour \u00e0 Olesa de Montserrat (Barcelone), malgr\u00e9 son extr\u00eame faiblesse, le Fr. Giol trouva assez de force pour monter \u00e0 pied au Sanctuaire de Montserrat pour dire au revoir \u00e0 la Moreneta. Le d\u00e9part de ce monde lui arriva dans la communaut\u00e9 de Cevera, o\u00f9 il avait \u00e9t\u00e9 transf\u00e9r\u00e9  \u00e0 cause de sa maladie, le 13 octobre 1909.<\/div>\n<\/div>\n","protected":false},"excerpt":{"rendered":"<p>Le fr\u00e8re Emmanuel Giol y Borr\u00e1s est n\u00e9 \u00e0 Borjas del Campo (Tarragone-Espagne), le 26 mars 1849. Ses parents, agriculteurs, l\u2019ont \u00e9lev\u00e9 dans la foi chr\u00e9tienne et dans l\u2019amour \u00e0 la Vierge Marie, qu\u2019ils honoraient tous les jours en r\u00e9citant le rosaire en famille. Apr\u00e8s avoir fait le service militaire (1869) et particip\u00e9, contre sa [&hellip;]<\/p>\n","protected":false},"author":69,"featured_media":28379,"parent":33291,"menu_order":0,"comment_status":"closed","ping_status":"closed","template":"","meta":{"_et_pb_use_builder":"","_et_pb_old_content":"","_et_gb_content_width":"","footnotes":""},"class_list":["post-28388","page","type-page","status-publish","has-post-thumbnail","hentry"],"jetpack_sharing_enabled":true,"jetpack_shortlink":"https:\/\/wp.me\/PdaBmi-7nS","jetpack_likes_enabled":true,"_links":{"self":[{"href":"https:\/\/www.claret.org\/fr\/wp-json\/wp\/v2\/pages\/28388","targetHints":{"allow":["GET"]}}],"collection":[{"href":"https:\/\/www.claret.org\/fr\/wp-json\/wp\/v2\/pages"}],"about":[{"href":"https:\/\/www.claret.org\/fr\/wp-json\/wp\/v2\/types\/page"}],"author":[{"embeddable":true,"href":"https:\/\/www.claret.org\/fr\/wp-json\/wp\/v2\/users\/69"}],"replies":[{"embeddable":true,"href":"https:\/\/www.claret.org\/fr\/wp-json\/wp\/v2\/comments?post=28388"}],"version-history":[{"count":0,"href":"https:\/\/www.claret.org\/fr\/wp-json\/wp\/v2\/pages\/28388\/revisions"}],"up":[{"embeddable":true,"href":"https:\/\/www.claret.org\/fr\/wp-json\/wp\/v2\/pages\/33291"}],"wp:featuredmedia":[{"embeddable":true,"href":"https:\/\/www.claret.org\/fr\/wp-json\/wp\/v2\/media\/28379"}],"wp:attachment":[{"href":"https:\/\/www.claret.org\/fr\/wp-json\/wp\/v2\/media?parent=28388"}],"curies":[{"name":"wp","href":"https:\/\/api.w.org\/{rel}","templated":true}]}}