{"id":28402,"date":"2018-09-06T08:33:36","date_gmt":"2018-09-06T06:33:36","guid":{"rendered":"https:\/\/www.claret.org\/fecha-14-de-octobre-serviteurs-de-dieu-p-joachim-gelada-et-compagnons-martyrs\/"},"modified":"2018-09-06T08:33:36","modified_gmt":"2018-09-06T06:33:36","slug":"fecha-14-de-octobre-serviteurs-de-dieu-p-joachim-gelada-et-compagnons-martyrs","status":"publish","type":"page","link":"https:\/\/www.claret.org\/fr\/calendrier\/fecha-14-de-octobre-serviteurs-de-dieu-p-joachim-gelada-et-compagnons-martyrs\/","title":{"rendered":"Fecha: 14 de Octobre &#8211; SERVITEURS DE DIEU P. JOACHIM GELADA ET COMPAGNONS Martyrs"},"content":{"rendered":"<p style=\"text-align: justify;\"><img data-recalc-dims=\"1\" loading=\"lazy\" decoding=\"async\" class=\"alignleft\" title=\"\" src=\"https:\/\/i0.wp.com\/www2.claret.org\/sites\/default\/files\/imagenes\/espiritualidad\/calendario\/59-joaqun_gelada-castro_urdiales.jpg?resize=219%2C315\" alt=\"\" width=\"219\" height=\"315\"><\/p>\n<div style=\"text-align: justify;\">\n<div>Le martyre de tant de nos fr\u00e8res clar\u00e9tains, nous devons le situer dans le contexte de la Guerre Civil espagnole (1936-1939). Les PP. Joachim Gelada et Isaac Carrascal et le Fr. F\u00e9lix Barrio apartenaient \u00e0 la communaut\u00e9 de Castro Urdiales, dans la province de Santander. La province clar\u00e9taine de Castille avait alors dans cette ville la direction du Coll\u00e8ge Barqu\u00edn du C\u0153ur de Marie. Quand \u00e9clata la r\u00e9volution du 18 juillet 1936, le maire de la ville conseilla aux miliciens de respecter tout le personnel du Coll\u00e8ge, les clar\u00e9tains inclus. Ceux-ci ont continu\u00e9 \u00e0 vivre dans le coll\u00e8ge jusqu\u2019au 18 ao\u00fbt. Apr\u00e8s cette date, tous les P\u00e8res et Fr\u00e8res du Coll\u00e8ge se sont dispers\u00e9s pour sauver leur vie. Mais trois sont rest\u00e9s l\u00e0 : les PP. Joachim Gelada et Isaac Carascal et le Fr\u00e8re F\u00e9lix Barrio.<\/div>\n<div>Oblig\u00e9s \u00e0 quitter le coll\u00e8ge, ils ont d\u00e9m\u00e9nag\u00e9 \u00e0 l\u2019Asile du Sacr\u00e9-C\u0153ur, dirig\u00e9 par les Religieuses Servantes de J\u00e9sus, dont ils \u00e9taient les aum\u00f4niers. Pendant leur s\u00e9jour dans l\u2019Asile, ils ont appris le sort de leurs confr\u00e8res des communaut\u00e9s de Castro Urdiales et de San Vicente de la Barquera, dont quelques-uns avaient \u00e9t\u00e9 fusill\u00e9s. Ils ne tarderaient pas \u00e0 les suivre.<\/div>\n<div>Vers le milieu de la mattin\u00e9e du 13 octobre 1936, une cohue de miliciens fortement arm\u00e9s sont entr\u00e9s brusquement dans l\u2019Asile et demand\u00e8rent qu\u2019on leur livre les trois clar\u00e9tains. Apr\u00e8s leur d\u00e9tention, ils furent transf\u00e9r\u00e9s au couvent des Clarisses, qui avait \u00e9t\u00e9 transform\u00e9 en prison. Cette m\u00eame nuit, ils furent conduits \u00e0 notre coll\u00e8ge, o\u00f9 une voiture les attendait d\u00e9j\u00e0 pour les conduire de Castro Urdiales \u00e0 la colline de Jes\u00fas del Monte. Pendant le trajet, un des miliciens s\u2019acharna contre un des P\u00e8res en le frappant brutalement. \u00c0 ces coups, il r\u00e9agit avec douceur : \u00ab Vous pouvez me tuer, mais moi, je ne peux point renier ma religion \u00bb.<\/div>\n<div>\u00c0 la fin du p\u00e9nible voyage, les miliciens ont \u00e9chang\u00e9 les missionnaires par d\u2019autres prisonniers. Les n\u00f4tres furent assassin\u00e9s par des inconnus pr\u00e8s de Torrelavega (Santander), le 14 octobre 1939.<\/div>\n<div>En faisant m\u00e9moire des martyrs clar\u00e9tains de Castro-Urdiales, nous voulons c\u00e9l\u00e9brer leur mort comme un acte supr\u00eame de g\u00e9n\u00e9rosit\u00e9. Dans leurs derni\u00e8res paroles, ils ont exprim\u00e9 leur pardon \u00e0 ceux qui allaient les tuer et leur amour \u00e0 J\u00e9sus et au C\u0153ur de Marie.<\/div>\n<\/div>\n<p style=\"text-align: justify;\">\n","protected":false},"excerpt":{"rendered":"<p>Le martyre de tant de nos fr\u00e8res clar\u00e9tains, nous devons le situer dans le contexte de la Guerre Civil espagnole (1936-1939). Les PP. Joachim Gelada et Isaac Carrascal et le Fr. F\u00e9lix Barrio apartenaient \u00e0 la communaut\u00e9 de Castro Urdiales, dans la province de Santander. La province clar\u00e9taine de Castille avait alors dans cette ville [&hellip;]<\/p>\n","protected":false},"author":69,"featured_media":28392,"parent":33291,"menu_order":0,"comment_status":"closed","ping_status":"closed","template":"","meta":{"_et_pb_use_builder":"","_et_pb_old_content":"","_et_gb_content_width":"","footnotes":""},"class_list":["post-28402","page","type-page","status-publish","has-post-thumbnail","hentry"],"jetpack_sharing_enabled":true,"jetpack_shortlink":"https:\/\/wp.me\/PdaBmi-7o6","jetpack_likes_enabled":true,"_links":{"self":[{"href":"https:\/\/www.claret.org\/fr\/wp-json\/wp\/v2\/pages\/28402","targetHints":{"allow":["GET"]}}],"collection":[{"href":"https:\/\/www.claret.org\/fr\/wp-json\/wp\/v2\/pages"}],"about":[{"href":"https:\/\/www.claret.org\/fr\/wp-json\/wp\/v2\/types\/page"}],"author":[{"embeddable":true,"href":"https:\/\/www.claret.org\/fr\/wp-json\/wp\/v2\/users\/69"}],"replies":[{"embeddable":true,"href":"https:\/\/www.claret.org\/fr\/wp-json\/wp\/v2\/comments?post=28402"}],"version-history":[{"count":0,"href":"https:\/\/www.claret.org\/fr\/wp-json\/wp\/v2\/pages\/28402\/revisions"}],"up":[{"embeddable":true,"href":"https:\/\/www.claret.org\/fr\/wp-json\/wp\/v2\/pages\/33291"}],"wp:featuredmedia":[{"embeddable":true,"href":"https:\/\/www.claret.org\/fr\/wp-json\/wp\/v2\/media\/28392"}],"wp:attachment":[{"href":"https:\/\/www.claret.org\/fr\/wp-json\/wp\/v2\/media?parent=28402"}],"curies":[{"name":"wp","href":"https:\/\/api.w.org\/{rel}","templated":true}]}}