{"id":28418,"date":"2018-09-06T08:40:41","date_gmt":"2018-09-06T06:40:41","guid":{"rendered":"https:\/\/www.claret.org\/fecha-16-de-octobre-serviteur-de-dieu-fr-michel-palau\/"},"modified":"2018-09-06T08:40:41","modified_gmt":"2018-09-06T06:40:41","slug":"fecha-16-de-octobre-serviteur-de-dieu-fr-michel-palau","status":"publish","type":"page","link":"https:\/\/www.claret.org\/fr\/calendrier\/fecha-16-de-octobre-serviteur-de-dieu-fr-michel-palau\/","title":{"rendered":"Fecha: 16 de Octobre &#8211; SERVITEUR DE DIEU FR. MICHEL PALAU"},"content":{"rendered":"<p style=\"text-align: justify;\"><img data-recalc-dims=\"1\" loading=\"lazy\" decoding=\"async\" class=\"alignleft\" title=\"\" src=\"https:\/\/i0.wp.com\/www2.claret.org\/sites\/default\/files\/imagenes\/espiritualidad\/calendario\/61-miguel_palau_retocada.jpg?resize=204%2C306\" alt=\"\" width=\"204\" height=\"306\"><\/p>\n<div>\n<div style=\"text-align: justify;\">Le Fr. Michel Palau est n\u00e9 \u00e0 Serateix, province de Barcelone (Espagne), le 24 juillet 1868. Il frappa aux portes de la Congr\u00e9gation le 13 janvier 1890. Il es d\u00e9c\u00e9d\u00e9, avec renom de saintet\u00e9, \u00e0 Cervera (L\u00e9rida-Espagne) le 16 octobre 1929.<\/div>\n<div style=\"text-align: justify;\">Nous pouvons dire que la communaut\u00e9 de Cervera fut sa premi\u00e8re et d\u00e9finitive affectation. Presque toute sa vie missionaire s\u2019est d\u00e9roul\u00e9e \u00e0 l\u2019Universit\u00e9 et au Mas Claret, les deux sections de la communaut\u00e9 de Cervera. Il s\u2019adonna toujours \u00e0 des travaux de maintenance en tant que ma\u00e7on et plombier, \u00e9lectricien et responsable du trac\u00e9 et creusage des tranch\u00e9es pour de nouvelles constructions.<\/div>\n<div style=\"text-align: justify;\"><\/div>\n<div style=\"text-align: justify;\">Voici son portrait selon les souvenirs de son biographe, le P. Antonio Arranz ; \u00ab  Apr\u00e8s d\u00e9j\u00e0 quelques quarante ann\u00e9es, il nous semble le voir\u2026Sa taille moyenne, son visage p\u00e2le, son corps maigre, sa d\u00e9marche lente et recueillie, le chapelet toujours dans une main et la fleur de son sourire toujours sur ses l\u00e8vres. C\u2019est ainsi qu\u2019on le voyait souvent parcourir les amples clo\u00eetres de l\u2019Universit\u00e9 de Cervera,  toujours rev\u00eatu de son blouson noir, qui lui arrivait jusqu\u2019aux genous, et portant les outils de son m\u00e9tier, pour se rendre \u00e0 son chantier \u00bb.<\/div>\n<div style=\"text-align: justify;\"><\/div>\n<div style=\"text-align: justify;\">Dans son travail silencieux, il gardait le m\u00eame rythme en \u00e9t\u00e9 qu\u2019en hiver. C\u2019\u00e9tait impressionnant de le voir toujours en activit\u00e9, tranquille et sans perdre une minute, sous la chaleur du soleil en \u00e9t\u00e9 et sous la rigueur des journ\u00e9es froides de l\u2019hiver.<\/div>\n<div style=\"text-align: justify;\"><\/div>\n<div style=\"text-align: justify;\">Quand la Congr\u00e9gation acquit la maison de ferme, le Mas Claret, \u00e0 sept kilom\u00e8tres de Cervera, comme appui \u00e9conomique du S\u00e9minaire et infirmerie pour les convalescents de l\u2019Universit\u00e9, le Fr\u00e8re Michel se chargea de rafistoler la vieille maison et ajouta une aile \u00e0 l\u2019\u00e9difice pour mieux loger la communaut\u00e9.<\/div>\n<div style=\"text-align: justify;\"><\/div>\n<div style=\"text-align: justify;\">Le Fr\u00e8re Michel Palau mena une vie int\u00e9rieure tr\u00e8s intense. Il essaya de vivre toujours pleinement consacr\u00e9 \u00e0 accomplir la volont\u00e9 du P\u00e8re et manifesta toujours une tendre d\u00e9votion \u00e0 la Vierge Marie. Il se distinguait aussi par sa vie fraternelle, chaude et gratifiante, et par le soin et la t\u00e9nacit\u00e9 dans son travail, techniquement parfait. Cet ensemble de qualit\u00e9s, il les d\u00e9ployait malgr\u00e9 sa faible complexion physique et ses ennuis de sant\u00e9 qui l\u2019ont accompagn\u00e9 d\u00e8s sa jeunesse et qui se sont compliqu\u00e9s, ensuite, avec des probl\u00e8mes cardiaques.<\/div>\n<\/div>\n","protected":false},"excerpt":{"rendered":"<p>Le Fr. Michel Palau est n\u00e9 \u00e0 Serateix, province de Barcelone (Espagne), le 24 juillet 1868. Il frappa aux portes de la Congr\u00e9gation le 13 janvier 1890. Il es d\u00e9c\u00e9d\u00e9, avec renom de saintet\u00e9, \u00e0 Cervera (L\u00e9rida-Espagne) le 16 octobre 1929. Nous pouvons dire que la communaut\u00e9 de Cervera fut sa premi\u00e8re et d\u00e9finitive affectation. [&hellip;]<\/p>\n","protected":false},"author":69,"featured_media":28409,"parent":33291,"menu_order":0,"comment_status":"closed","ping_status":"closed","template":"","meta":{"_et_pb_use_builder":"","_et_pb_old_content":"","_et_gb_content_width":"","footnotes":""},"class_list":["post-28418","page","type-page","status-publish","has-post-thumbnail","hentry"],"jetpack_sharing_enabled":true,"jetpack_shortlink":"https:\/\/wp.me\/PdaBmi-7om","jetpack_likes_enabled":true,"_links":{"self":[{"href":"https:\/\/www.claret.org\/fr\/wp-json\/wp\/v2\/pages\/28418","targetHints":{"allow":["GET"]}}],"collection":[{"href":"https:\/\/www.claret.org\/fr\/wp-json\/wp\/v2\/pages"}],"about":[{"href":"https:\/\/www.claret.org\/fr\/wp-json\/wp\/v2\/types\/page"}],"author":[{"embeddable":true,"href":"https:\/\/www.claret.org\/fr\/wp-json\/wp\/v2\/users\/69"}],"replies":[{"embeddable":true,"href":"https:\/\/www.claret.org\/fr\/wp-json\/wp\/v2\/comments?post=28418"}],"version-history":[{"count":0,"href":"https:\/\/www.claret.org\/fr\/wp-json\/wp\/v2\/pages\/28418\/revisions"}],"up":[{"embeddable":true,"href":"https:\/\/www.claret.org\/fr\/wp-json\/wp\/v2\/pages\/33291"}],"wp:featuredmedia":[{"embeddable":true,"href":"https:\/\/www.claret.org\/fr\/wp-json\/wp\/v2\/media\/28409"}],"wp:attachment":[{"href":"https:\/\/www.claret.org\/fr\/wp-json\/wp\/v2\/media?parent=28418"}],"curies":[{"name":"wp","href":"https:\/\/api.w.org\/{rel}","templated":true}]}}