{"id":28456,"date":"2018-09-06T08:54:22","date_gmt":"2018-09-06T06:54:22","guid":{"rendered":"https:\/\/www.claret.org\/fecha-27-de-octobre-p-dominique-fabregas-cofondateur\/"},"modified":"2022-04-07T16:29:22","modified_gmt":"2022-04-07T14:29:22","slug":"fecha-27-de-octobre-p-dominique-fabregas-cofondateur","status":"publish","type":"page","link":"https:\/\/www.claret.org\/fr\/calendrier\/fecha-27-de-octobre-p-dominique-fabregas-cofondateur\/","title":{"rendered":"Fecha: 27 de Octobre &#8211; P. DOMINIQUE F\u00c1BREGAS Cofondateur"},"content":{"rendered":"<p style=\"text-align: justify;\"><img data-recalc-dims=\"1\" loading=\"lazy\" decoding=\"async\" class=\"alignleft\" title=\"\" src=\"https:\/\/i0.wp.com\/www2.claret.org\/sites\/default\/files\/imagenes\/espiritualidad\/calendario\/65-domingo_fbregas.jpg?resize=200%2C300\" alt=\"\" width=\"200\" height=\"300\"><\/p>\n<div>\n<div style=\"text-align: justify;\">Dominique F\u00e1bregas Coma est n\u00e9 le 9 juillet 1817 \u00e0 San Gen\u00eds de Or\u00eds (Barcelone \u2013 Espagne). \u00c0 l\u2019\u00e2ge de huit ans, il entra au S\u00e9minaire de Vic. L\u00e0, il connut des s\u00e9minaristes qui deviendraient des personnages illustres : le philosophe Jaime Balm\u00e8s, le P. Pedro Bac, restaurateur de l\u2019Oratoire de saint Philippe N\u00e9ri, saint Pierre Almat\u00f3, dominicain martyr au Japon et, particuli\u00e8rement, le s\u00e9minariste de Sallent, Antoine Claret.<\/div>\n<div style=\"text-align: justify;\"><\/div>\n<div style=\"text-align: justify;\">Quelques circonstances sociales, politiques et religieuses l\u2019ont oblig\u00e9 \u00e0 interrompre ses \u00e9tudes et \u00e0 se rendre \u00e0 Rome pour pouvoir acc\u00e9der \u00e0 l\u2019ordination sacerdotale ; et c\u2019est l\u00e0 qu\u2019il rencontra, une deuxi\u00e8me fois, le P. Claret dans le couvent de Saint-Basile. Apr\u00e8s son ordination en 1840, il retourna \u00e0 son pays.<\/div>\n<div style=\"text-align: justify;\"><\/div>\n<div style=\"text-align: justify;\">Tr\u00e8s t\u00f4t, apr\u00e8s son retour, ses d\u00e9sirs et ses qualit\u00e9s l\u2019ont orient\u00e9 vers la pr\u00e9dication de missions populaires, et ce minist\u00e8re l\u2019amena \u00e0 rencontrer, encore une fois, le P\u00e8re Claret. Cela serait l\u2019occasion de recevoir l\u2019invitation \u00e0 faire partie de la Congr\u00e9gation que le P. Claret allait fonder.<\/div>\n<div style=\"text-align: justify;\"><\/div>\n<div style=\"text-align: justify;\">En effet, il s\u2019ajouta au petit groupe qui, le 16 juillet 1849, donna naissance \u00e0 la Congr\u00e9gation. Depuis lors, il centra ses \u00e9nergies sur le minist\u00e8re de la pr\u00e9dication. Il fut le fondateur de la communaut\u00e9 de S\u00e9govie en novembre 1861 et repr\u00e9senta cette communaut\u00e9 dans les deux premiers Chapitres G\u00e9n\u00e9raux de la Congr\u00e9gation. Apr\u00e8s le deuxi\u00e8me Chapitre G\u00e9n\u00e9ral, en 1864, il ne retourna pas \u00e0 S\u00e9govie. Il fut envoy\u00e9 \u00e0 Huesca pour y fonder une communaut\u00e9 et, ensuite, il passa \u00e0 la communaut\u00e9 de Vic.<\/div>\n<div style=\"text-align: justify;\"><\/div>\n<div style=\"text-align: justify;\">C\u2019est \u00e0 Vic qu\u2019il subit les s\u00e9quelles de la R\u00e9volution de 1868, qui obligea les missionnaires \u00e0 abandonner la Maison M\u00e8re le 2 octobre et \u00e0 former de petites comunaut\u00e9s clandestines. Cela obligea le P. F\u00e1bregas \u00e0 passer par Vic, Barcelone et Thuir. Apr\u00e8s la restauration de la monarchie avec Alphonse XII, il fut nomm\u00e9 sup\u00e9rieur de la communaut\u00e9 et coll\u00e8ge de Gracia, Barcelone.<\/div>\n<div style=\"text-align: justify;\"><\/div>\n<div style=\"text-align: justify;\">La mort l\u2019a surpris en 1895 \u00e0 Solsonne. Ce fut \u00e0 huit heures du matin du dimanche 27 octorbre que le P. Dominique F\u00e1bregas, cofondateur de la Congr\u00e9gation, rendit le dernier soupir, entour\u00e9 de ses fr\u00e8res, dans la paix du Seigneur.<\/div>\n<div style=\"text-align: justify;\"><\/div>\n<\/div>\n","protected":false},"excerpt":{"rendered":"<p>Dominique F\u00e1bregas Coma est n\u00e9 le 9 juillet 1817 \u00e0 San Gen\u00eds de Or\u00eds (Barcelone \u2013 Espagne). \u00c0 l\u2019\u00e2ge de huit ans, il entra au S\u00e9minaire de Vic. L\u00e0, il connut des s\u00e9minaristes qui deviendraient des personnages illustres : le philosophe Jaime Balm\u00e8s, le P. Pedro Bac, restaurateur de l\u2019Oratoire de saint Philippe N\u00e9ri, saint [&hellip;]<\/p>\n","protected":false},"author":69,"featured_media":28444,"parent":33291,"menu_order":0,"comment_status":"closed","ping_status":"closed","template":"","meta":{"_et_pb_use_builder":"","_et_pb_old_content":"","_et_gb_content_width":"","footnotes":""},"class_list":["post-28456","page","type-page","status-publish","has-post-thumbnail","hentry"],"jetpack_sharing_enabled":true,"jetpack_shortlink":"https:\/\/wp.me\/PdaBmi-7oY","jetpack_likes_enabled":true,"_links":{"self":[{"href":"https:\/\/www.claret.org\/fr\/wp-json\/wp\/v2\/pages\/28456","targetHints":{"allow":["GET"]}}],"collection":[{"href":"https:\/\/www.claret.org\/fr\/wp-json\/wp\/v2\/pages"}],"about":[{"href":"https:\/\/www.claret.org\/fr\/wp-json\/wp\/v2\/types\/page"}],"author":[{"embeddable":true,"href":"https:\/\/www.claret.org\/fr\/wp-json\/wp\/v2\/users\/69"}],"replies":[{"embeddable":true,"href":"https:\/\/www.claret.org\/fr\/wp-json\/wp\/v2\/comments?post=28456"}],"version-history":[{"count":0,"href":"https:\/\/www.claret.org\/fr\/wp-json\/wp\/v2\/pages\/28456\/revisions"}],"up":[{"embeddable":true,"href":"https:\/\/www.claret.org\/fr\/wp-json\/wp\/v2\/pages\/33291"}],"wp:featuredmedia":[{"embeddable":true,"href":"https:\/\/www.claret.org\/fr\/wp-json\/wp\/v2\/media\/28444"}],"wp:attachment":[{"href":"https:\/\/www.claret.org\/fr\/wp-json\/wp\/v2\/media?parent=28456"}],"curies":[{"name":"wp","href":"https:\/\/api.w.org\/{rel}","templated":true}]}}