{"id":28514,"date":"2018-09-06T10:20:33","date_gmt":"2018-09-06T08:20:33","guid":{"rendered":"https:\/\/www.claret.org\/fecha-11-de-novembre-serviteurs-de-dieu-p-frederic-vila-et-compagnons-martyrs\/"},"modified":"2018-09-06T10:20:33","modified_gmt":"2018-09-06T08:20:33","slug":"fecha-11-de-novembre-serviteurs-de-dieu-p-frederic-vila-et-compagnons-martyrs","status":"publish","type":"page","link":"https:\/\/www.claret.org\/fr\/calendrier\/fecha-11-de-novembre-serviteurs-de-dieu-p-frederic-vila-et-compagnons-martyrs\/","title":{"rendered":"Fecha: 11 de Novembre &#8211; SERVITEURS DE DIEU P. FR\u00c9D\u00c9RIC VILA ET COMPAGNONS Martyrs"},"content":{"rendered":"<p style=\"text-align: justify;\"><img data-recalc-dims=\"1\" loading=\"lazy\" decoding=\"async\" class=\"alignleft\" title=\"\" src=\"https:\/\/i0.wp.com\/www2.claret.org\/sites\/default\/files\/imagenes\/espiritualidad\/calendario\/70-federico_vila_torredembarra.jpg?resize=253%2C325\" alt=\"\" width=\"253\" height=\"325\"><\/p>\n<div style=\"text-align: justify;\">Nous rappelons aujourd\u2019hui nos martyrs P. Fr\u00e9d\u00e9ric Vila, P. Jacques Mir et le Fr\u00e8re Antoine Vilamassana, de la communaut\u00e9 de Tarragone, qui ont vers\u00e9 leur sang pour le Christ.<\/div>\n<div style=\"text-align: justify;\"><\/div>\n<div>\n<div style=\"text-align: justify;\">Le P. Fr\u00e9d\u00e9ric Vila est n\u00e9 \u00e0 Brull (Barcelone &#8211; Espagne) le 13 mars 1884 et il est d\u00e9c\u00e9d\u00e9 le 11 novembre 1936. Il travailla comme professeur cultive et exemplaire en divers coll\u00e8ges clar\u00e9tains et fut aussi un excellent professeur dans l\u2019Universit\u00e9 Pontificale de Tarragone. Malgr\u00e9 sa cat\u00e9gorie comme chercheur, publiciste et excellent professeur, il montra toujours des mani\u00e8res modestes, d\u00e9licates et attentionn\u00e9es. Pendant la Guerre Civil espagnole de 1936, il fut emprisonn\u00e9 dans le bateau R\u00edo Segre. Il obtint la lib\u00e9ration par un parlementaire de Barcelone, mais l\u2019avis de lib\u00e9ration lui est arriv\u00e9 quelques heures apr\u00e8s son ex\u00e9cution \u00e0 Torredembarra (Tarragone). La cause de sa b\u00e9atification est unie \u00e0 celle de l\u2019\u00c9v\u00eaque Auxiliaire du dioc\u00e8se de Tarragone.<\/div>\n<div style=\"text-align: justify;\"><\/div>\n<div style=\"text-align: justify;\">Le Serviteur de Dieu  Jacques Mir est n\u00e9 le 22 d\u00e9cembre 1889 \u00e0 Ciutadilla (L\u00e9rida \u2013 Espagne) et il est mort le 29 juillet 1936. Il fut  professeur de l\u2019Universit\u00e9 Pontifice de Tarragone. Tr\u00e8s dot\u00e9 pour les \u00e9tudes philosophiques, il aima la science autant que la vertu. Il est mort \u00e0 cause de sa foi pendant la Guerre Civil espagnole et fut enterr\u00e9 dans l\u2019\u00e9glise des Missionnaires Clar\u00e9tains de Tarragone.<\/div>\n<div style=\"text-align: justify;\"><\/div>\n<div style=\"text-align: justify;\">Le Fr. Antonio Vilamassana est n\u00e9 \u00e0 Masoteras (L\u00e9rida) le 28 janvier 1860 et fut martyris\u00e9 le 25 juillet 1936. Il fut compagnon de prison du P. Vila. Il v\u00e9cut et subit la m\u00eame situation. Il \u00e9tait \u00e2g\u00e9 de 76 ans. Sa mort eut lieu dans la tragique journ\u00e9e du 25 ao\u00fbt, quand il \u00e9tait prisonnier dans le bateau R\u00edo Segre, ancr\u00e9 dans le port de Tarragone. En paix avec Dieu et sa conscience et convaincu de mourir pour le Christ, il r\u00e9pondit sans h\u00e9siter \u00e0 l\u2019appel des chefs de la FAI (F\u00e9d\u00e9ration Anarchiste Ib\u00e9rique). Le groupe fut conduit \u00e0 la ville voisine, Valls, o\u00f9 ils furent assassin\u00e9s tout pr\u00e8s du cimeti\u00e8re.<\/div>\n<\/div>\n","protected":false},"excerpt":{"rendered":"<p>Nous rappelons aujourd\u2019hui nos martyrs P. Fr\u00e9d\u00e9ric Vila, P. Jacques Mir et le Fr\u00e8re Antoine Vilamassana, de la communaut\u00e9 de Tarragone, qui ont vers\u00e9 leur sang pour le Christ. Le P. Fr\u00e9d\u00e9ric Vila est n\u00e9 \u00e0 Brull (Barcelone &#8211; Espagne) le 13 mars 1884 et il est d\u00e9c\u00e9d\u00e9 le 11 novembre 1936. Il travailla comme [&hellip;]<\/p>\n","protected":false},"author":69,"featured_media":28503,"parent":33291,"menu_order":0,"comment_status":"closed","ping_status":"closed","template":"","meta":{"_et_pb_use_builder":"","_et_pb_old_content":"","_et_gb_content_width":"","footnotes":""},"class_list":["post-28514","page","type-page","status-publish","has-post-thumbnail","hentry"],"jetpack_sharing_enabled":true,"jetpack_shortlink":"https:\/\/wp.me\/PdaBmi-7pU","jetpack_likes_enabled":true,"_links":{"self":[{"href":"https:\/\/www.claret.org\/fr\/wp-json\/wp\/v2\/pages\/28514","targetHints":{"allow":["GET"]}}],"collection":[{"href":"https:\/\/www.claret.org\/fr\/wp-json\/wp\/v2\/pages"}],"about":[{"href":"https:\/\/www.claret.org\/fr\/wp-json\/wp\/v2\/types\/page"}],"author":[{"embeddable":true,"href":"https:\/\/www.claret.org\/fr\/wp-json\/wp\/v2\/users\/69"}],"replies":[{"embeddable":true,"href":"https:\/\/www.claret.org\/fr\/wp-json\/wp\/v2\/comments?post=28514"}],"version-history":[{"count":0,"href":"https:\/\/www.claret.org\/fr\/wp-json\/wp\/v2\/pages\/28514\/revisions"}],"up":[{"embeddable":true,"href":"https:\/\/www.claret.org\/fr\/wp-json\/wp\/v2\/pages\/33291"}],"wp:featuredmedia":[{"embeddable":true,"href":"https:\/\/www.claret.org\/fr\/wp-json\/wp\/v2\/media\/28503"}],"wp:attachment":[{"href":"https:\/\/www.claret.org\/fr\/wp-json\/wp\/v2\/media?parent=28514"}],"curies":[{"name":"wp","href":"https:\/\/api.w.org\/{rel}","templated":true}]}}