{"id":28533,"date":"2018-09-06T10:29:57","date_gmt":"2018-09-06T08:29:57","guid":{"rendered":"https:\/\/www.claret.org\/fecha-20-de-novembre-bienheureux-p-andre-sola-martir\/"},"modified":"2018-09-06T10:29:57","modified_gmt":"2018-09-06T08:29:57","slug":"fecha-20-de-novembre-bienheureux-p-andre-sola-martir","status":"publish","type":"page","link":"https:\/\/www.claret.org\/fr\/calendrier\/fecha-20-de-novembre-bienheureux-p-andre-sola-martir\/","title":{"rendered":"Fecha: 20 de Novembre &#8211; BIENHEUREUX P. ANDR\u00c9 SOL\u00c1 M\u00e1rtir"},"content":{"rendered":"<div style=\"text-align: justify;\">Le P. Andr\u00e9 Sol\u00e1 naquit le 7 octobre 1895 dans la ferme Vilarrasa de Taradell, pr\u00e8s de Vic, dans une famille humble. Ses parents s\u2019appelaient Bonaventure Sol\u00e1 et Antoinette Molist. Il eut onze fr\u00e8res. Son enfance se d\u00e9veloppa dans une ambiance familiale chr\u00e9tienne, o\u00f9 la principale richesse \u00e9tait l\u2019amour  de Dieu, de la tr\u00e8s Sainte Vierge et de l\u2019\u00c9glise catholique. Dans la famille, ont fleuri deux autres vocations : Jacques, clar\u00e9tain comme lui, et \u00c9douard, pr\u00eatre dioc\u00e9sain de Vic.<\/div>\n<div style=\"text-align: justify;\"><\/div>\n<div style=\"text-align: justify;\"><img data-recalc-dims=\"1\" loading=\"lazy\" decoding=\"async\" class=\"alignleft size-full wp-image-28518\" src=\"https:\/\/i0.wp.com\/www.claret.org\/wp-content\/uploads\/2018\/09\/andres_sola.png?resize=183%2C283&#038;ssl=1\" alt=\"\" width=\"183\" height=\"283\" title=\"\">Il fit les \u00e9tudes secondaires au petit s\u00e9minaire de Vic. Ensuite, il passa au noviciat clar\u00e9tain de Cerv\u00e9ra. Pendant l\u2019ann\u00e9e de noviciat, il fut \u00e9prouv\u00e9 par la maladie. Sa premi\u00e8re profession eut lieu le 15 ao\u00fbt 1914.<\/div>\n<div style=\"text-align: justify;\"><\/div>\n<div style=\"text-align: justify;\">L\u2019ob\u00e9issance l\u2019envoya au Mexique. Il travailla comme professeur au petit s\u00e9minaire clar\u00e9tain de Toluca, combinant ce travail avec la pr\u00e9dication populaire. \u00c0 No\u00ebl 1924, il fut envoy\u00e9 \u00e0 la communaut\u00e9 de Le\u00f3n, o\u00f9 il put s\u2019adonner davantage \u00e0 la pr\u00e9dication, malgr\u00e9 l\u2019interdiction aux pr\u00eatres, surtout au clerg\u00e9 \u00e9tranger, d\u2019exercer toute activit\u00e9 minist\u00e9rielle.<\/div>\n<div style=\"text-align: justify;\"><\/div>\n<div style=\"text-align: justify;\">La pers\u00e9cution religieuse redoubla en fermant les \u00e9glises et en pers\u00e9cutant les pr\u00eatres et les religieux. Le P. Andr\u00e9 Sol\u00e0 resta fid\u00e8le \u00e0 sa vocation en continuant l\u2019exercice de son minist\u00e8re. Une photographie-souvenir d\u2019une premi\u00e8re communion le d\u00e9lata comme pr\u00eatre. Il fut accus\u00e9, ensemble avec L\u00e9onard P\u00e9rez, un la\u00efc engag\u00e9 dans la pastorale, et le jeune pr\u00eatre mexicain Trinidad Rangel, d\u2019avoir assailli et d\u2019avoir fait d\u00e9rrailler un train militaire. Le P. Sol\u00e1 d\u00e9clara avec fermet\u00e9 : \u00ab Qu\u2019il me soit permis de manifester que je n\u2019ai d\u2019autre crime que celui d\u2019avoir accompli fid\u00e8lement mon devoir comme missionnaire, car je le suis \u00bb. Le 25 avril 1927, tous les trois furent fusill\u00e9s. Monsieur L\u00e9onard et le P. Rangel sont morts imm\u00e9diatement, mais le P. Sol\u00e1, mortellement bless\u00e9, mourut apr\u00e8s une longue agonie. Ces martyrs sont connus sous le nom de \u00ab les martyrs de San Joaqu\u00edn \u00bb, \u00e0 cause du nom de la hacienda o\u00f9 ils furent fussill\u00e9s.<\/div>\n<div style=\"text-align: justify;\"><\/div>\n<div style=\"text-align: justify;\">Notre fr\u00e8re clar\u00e9tain, le P. Andr\u00e9 Sol\u00e1 et Molist fut b\u00e9atifi\u00e9 \u00e0 Guadalajara (Mexique) avec 12 autres martyrs mexicains, le 20 novembre 2005. La c\u00e9l\u00e9bration fut pr\u00e9sid\u00e9e par le Cardinal Jos\u00e9 Saraiva Martins, clar\u00e9tain.<\/div>\n","protected":false},"excerpt":{"rendered":"<p>Le P. Andr\u00e9 Sol\u00e1 naquit le 7 octobre 1895 dans la ferme Vilarrasa de Taradell, pr\u00e8s de Vic, dans une famille humble. Ses parents s\u2019appelaient Bonaventure Sol\u00e1 et Antoinette Molist. Il eut onze fr\u00e8res. Son enfance se d\u00e9veloppa dans une ambiance familiale chr\u00e9tienne, o\u00f9 la principale richesse \u00e9tait l\u2019amour de Dieu, de la tr\u00e8s Sainte [&hellip;]<\/p>\n","protected":false},"author":69,"featured_media":28519,"parent":33291,"menu_order":0,"comment_status":"closed","ping_status":"closed","template":"","meta":{"_et_pb_use_builder":"","_et_pb_old_content":"","_et_gb_content_width":"","footnotes":""},"class_list":["post-28533","page","type-page","status-publish","has-post-thumbnail","hentry"],"jetpack_sharing_enabled":true,"jetpack_shortlink":"https:\/\/wp.me\/PdaBmi-7qd","jetpack_likes_enabled":true,"_links":{"self":[{"href":"https:\/\/www.claret.org\/fr\/wp-json\/wp\/v2\/pages\/28533","targetHints":{"allow":["GET"]}}],"collection":[{"href":"https:\/\/www.claret.org\/fr\/wp-json\/wp\/v2\/pages"}],"about":[{"href":"https:\/\/www.claret.org\/fr\/wp-json\/wp\/v2\/types\/page"}],"author":[{"embeddable":true,"href":"https:\/\/www.claret.org\/fr\/wp-json\/wp\/v2\/users\/69"}],"replies":[{"embeddable":true,"href":"https:\/\/www.claret.org\/fr\/wp-json\/wp\/v2\/comments?post=28533"}],"version-history":[{"count":0,"href":"https:\/\/www.claret.org\/fr\/wp-json\/wp\/v2\/pages\/28533\/revisions"}],"up":[{"embeddable":true,"href":"https:\/\/www.claret.org\/fr\/wp-json\/wp\/v2\/pages\/33291"}],"wp:featuredmedia":[{"embeddable":true,"href":"https:\/\/www.claret.org\/fr\/wp-json\/wp\/v2\/media\/28519"}],"wp:attachment":[{"href":"https:\/\/www.claret.org\/fr\/wp-json\/wp\/v2\/media?parent=28533"}],"curies":[{"name":"wp","href":"https:\/\/api.w.org\/{rel}","templated":true}]}}