{"id":33291,"date":"2018-07-24T19:36:47","date_gmt":"2018-07-24T17:36:47","guid":{"rendered":"https:\/\/www.claret.org\/calendrier\/"},"modified":"2022-10-04T12:30:30","modified_gmt":"2022-10-04T10:30:30","slug":"calendrier","status":"publish","type":"page","link":"https:\/\/www.claret.org\/fr\/calendrier\/","title":{"rendered":"\u00c9ph\u00e9m\u00e9rides"},"content":{"rendered":"<p>[et_pb_section fb_built=\u00a0\u00bb1&Prime; fullwidth=\u00a0\u00bbon\u00a0\u00bb theme_builder_area=\u00a0\u00bbpost_content\u00a0\u00bb _builder_version=\u00a0\u00bb4.17.4&Prime; _module_preset=\u00a0\u00bbdefault\u00a0\u00bb][et_pb_fullwidth_header title=\u00a0\u00bb@ET-DC@eyJkeW5hbWljIjp0cnVlLCJjb250ZW50IjoicG9zdF90aXRsZSIsInNldHRpbmdzIjp7ImJlZm9yZSI6IiIsImFmdGVyIjoiIn19@\u00a0\u00bb _builder_version=\u00a0\u00bb4.17.4&Prime; _module_preset=\u00a0\u00bbdefault\u00a0\u00bb theme_builder_area=\u00a0\u00bbpost_content\u00a0\u00bb _dynamic_attributes=\u00a0\u00bbtitle\u00a0\u00bb hover_enabled=\u00a0\u00bb0&Prime; sticky_enabled=\u00a0\u00bb0&Prime;][\/et_pb_fullwidth_header][\/et_pb_section][et_pb_section fb_built=\u00a0\u00bb1&Prime; theme_builder_area=\u00a0\u00bbpost_content\u00a0\u00bb _builder_version=\u00a0\u00bb4.17.4&Prime; _module_preset=\u00a0\u00bbdefault\u00a0\u00bb][et_pb_row _builder_version=\u00a0\u00bb4.17.4&Prime; _module_preset=\u00a0\u00bbdefault\u00a0\u00bb theme_builder_area=\u00a0\u00bbpost_content\u00a0\u00bb custom_margin=\u00a0\u00bb-21px|auto||auto||\u00a0\u00bb][et_pb_column _builder_version=\u00a0\u00bb4.17.4&Prime; _module_preset=\u00a0\u00bbdefault\u00a0\u00bb type=\u00a0\u00bb4_4&Prime; theme_builder_area=\u00a0\u00bbpost_content\u00a0\u00bb][et_pb_text admin_label=\u00a0\u00bbText\u00a0\u00bb _builder_version=\u00a0\u00bb4.17.4&Prime; background_size=\u00a0\u00bbinitial\u00a0\u00bb background_position=\u00a0\u00bbtop_left\u00a0\u00bb background_repeat=\u00a0\u00bbrepeat\u00a0\u00bb hover_enabled=\u00a0\u00bb0&Prime; global_colors_info=\u00a0\u00bb{}\u00a0\u00bb theme_builder_area=\u00a0\u00bbpost_content\u00a0\u00bb sticky_enabled=\u00a0\u00bb0&Prime; header_2_font=\u00a0\u00bb|600|||||||\u00a0\u00bb]<\/p>\n<h2>JANUARY<\/h2>\n<p>06. <a href=\"https:\/\/www.claret.org\/ephemeris\/january-6-fr-clemente-serrat-superior-general\/\">Clemente Serrat, Sup\u00e9rieur g\u00e9n\u00e9ral (S\u00e9govie &#8211; Espagne, 1906)<\/a><br \/>17. V\u00e9n\u00e9rable M. Mar\u00eda Antonia Par\u00eds (Reus &#8211; Espagne, 1885)<br \/>25. <a href=\"https:\/\/www.claret.org\/ephemeris\/january-25-conversion-of-st-paul\/\">Conversion de saint Paul<\/a><\/p>\n<p>.<\/p>\n<h2>F\u00c9VRIER<\/h2>\n<p>01. <a href=\"https:\/\/www.claret.org\/ephemeris\/february-1-attack-against-father-claret-in-holguin\/\">Tentative contre le p\u00e8re Claret \u00e0 Holgu\u00edn (Cuba, 1856)<\/a><br \/>01. Bienheureux martyrs clar\u00e9tains<br \/>04. <a href=\"https:\/\/www.claret.org\/ephemeris\/february-4-venerable-james-clotet-co-founder\/\">V\u00e9n\u00e9rable Jaime Clotet, cofondateur (Barcelone &#8211; Espagne, 1898)<\/a><br \/>11. <a href=\"https:\/\/www.claret.org\/ephemeris\/february-11-approval-of-our-claretian-constitutions\/\">Approbation de nos Constitutions (1870 et 1982)<\/a><br \/>24. <a href=\"https:\/\/www.claret.org\/ephemeris\/february-24-father-nicolas-garcia-superior-general\/\">Nicol\u00e1s Garc\u00eda, Sup\u00e9rieur g\u00e9n\u00e9ral (Rome, 1950)<\/a><br \/>25. <a href=\"https:\/\/www.claret.org\/ephemeris\/february-25-beatification-of-our-father-founder\/\">Beatification du fondateur (Rome, 1934)<\/a><\/p>\n<p>.<\/p>\n<h2>MARCH<\/h2>\n<p>02. <a href=\"https:\/\/www.claret.org\/ephemeris\/march-2-fr-martin-alsina-superior-general\/\">Mart\u00edn Alsina, Sup\u00e9rieur g\u00e9n\u00e9ral (Zafra &#8211; Espagne, 1922)<\/a><br \/>16 &#8211; 19. <a href=\"https:\/\/www.claret.org\/ephemeris\/march-16-19-triduum-and-solemnity-of-st-joseph-co-patron-of-the-congregation\/\">Triduum et solennit\u00e9 de Saint Joseph, co-patron de la Congr\u00e9gation<\/a><\/p>\n<p>.<\/p>\n<h2>AVRIL<\/h2>\n<p>18. <a href=\"https:\/\/www.claret.org\/ephemeris\/april-18-fr-stephen-sala-co-founder-and-first-superior-general\/\">Stephen Sala, cofondateur et premier sup\u00e9rieur g\u00e9n\u00e9ral (Barcelone &#8211; Espagne, 1858)<\/a><br \/>29. <a href=\"https:\/\/www.claret.org\/ephemeris\/april-29-st-catherine-of-siena-co-patroness\/\">Sainte Catherine de Sienne, sainte patronne<\/a><\/p>\n<p>.<\/p>\n<h2>MAY<\/h2>\n<p>03. <a href=\"https:\/\/www.claret.org\/ephemeris\/may-3-saints-philip-and-james-apostles-and-co-patrons\/\">Saint Philippe et saint Jacques, ap\u00f4tres et copatrons<\/a><br \/>03. Le p\u00e8re Rhoel Gallardo (premier martyr clar\u00e9tain des Philippines, 2000)<br \/>07. <a href=\"https:\/\/www.claret.org\/ephemeris\/may-7-canonization-of-father-founder\/\">Canonisation du Fondateur (Rome, 1950)<\/a><br \/>10.<a href=\"https:\/\/www.claret.org\/ephemeris\/may-10-st-john-of-avila-priest-and-missionary\/\">Saint Jean d&rsquo;Avila, presbytre et missionnaire<\/a><br \/>14.<a href=\"https:\/\/www.claret.org\/ephemeris\/may-14-st-matthias-apostle-and-co-patron\/\">Saint Matthias, Ap\u00f4tre et co-patron<\/a><br \/>14. <a href=\"https:\/\/www.claret.org\/ephemeris\/may-14-venerable-father-mariano-avellana\/\">V\u00e9n\u00e9rable Mariano Avellana (Carrizal Alto &#8211; Chili, 1904)<\/a><br \/>22. <a href=\"https:\/\/www.claret.org\/ephemeris\/may-22-st-joaquina-vedruna-founder-of-the-carmelite-sisters-of-charity\/\">Saint Joaquina de Vedruna, fondateur<\/a><br \/>25. <a href=\"https:\/\/www.claret.org\/ephemeris\/may-25-st-mary-magdalene-of-pazzi-virgin\/\">Sainte Marie-Madeleine de Pazzi, vierge<\/a><\/p>\n<p>.<\/p>\n<h2>JUIN<\/h2>\n<p>13. <a href=\"https:\/\/www.claret.org\/ephemeris\/june-13-st-anthony-mary-clarets-priestly-ordination\/\">Ordination presbyt\u00e9rale du p\u00e8re Claret (Solsona &#8211; Espagne, 1835)<\/a><br \/>15. <a href=\"https:\/\/www.claret.org\/ephemeris\/june-15-st-mary-micaela-of-the-blessed-sacrament-foundress-of-the-sisters-of-adorers\/\">Sainte Marie Micaela du Saint-Sacrement, fondatrice.<\/a><br \/>23. <a href=\"https:\/\/www.claret.org\/ephemeris\/june-23-student-pedro-mardones\/\">E. Pedro Mardones (Torrijos &#8211; Espagne, 1937)<\/a><br \/>29. <a href=\"https:\/\/www.claret.org\/ephemeris\/june-29-saints-peter-and-paul-apostles-and-co-patrons\/\">Saints Pierre et Paul, Ap\u00f4tres et co-patrons<\/a><\/p>\n<p>.<\/p>\n<p><a href=\"https:\/\/www.claret.org\/ephemeris\/thursday-after-pentecost-feast-of-jesus-christ-supreme-and-eternal-priest\/\">Jeudi, apr\u00e8s la Pentec\u00f4te : F\u00eate de J\u00e9sus-Christ, pr\u00eatre supr\u00eame et \u00e9ternel<\/a><br \/><a href=\"https:\/\/www.claret.org\/ephemeris\/novena-and-the-solemnity-of-the-immaculate-heart-of-mary\/\">Novembre et solennit\u00e9 du C\u0153ur Immacul\u00e9 de Marie, titulaire et patronne de la Congr\u00e9gation<\/a><\/p>\n<p>.<\/p>\n<h2>JUILLET<\/h2>\n<p>03. <a href=\"https:\/\/www.claret.org\/ephemeris\/july-3-saint-thomas-apostle-and-co-patron\/\">Saint Thomas, ap\u00f4tre et co-patron<\/a><br \/>11. <a href=\"https:\/\/www.claret.org\/ephemeris\/july-11-father-filipe-maroto-superior-general\/\">Felipe Maroto, sup\u00e9rieur g\u00e9n\u00e9ral (Rome, 1937)<\/a><br \/>13- 16. <a href=\"https:\/\/www.claret.org\/ephemeris\/july-13-16-triduum-and-feast-of-our-lady-of-mt-carmel\/\">Triduum et f\u00eate de Notre-Dame du Carmen, fondation de la Congr\u00e9gation (Vic &#8211; Espagne, 1849)<\/a><br \/>25. <a href=\"https:\/\/www.claret.org\/ephemeris\/july-25-james-the-great-apostle-and-co-patron\/\">Saint Jacques, Ap\u00f4tre et co-patron<\/a><br \/>27. <a href=\"https:\/\/www.claret.org\/ephemeris\/july-27-servant-of-god-fr-jose-maria-ruiz-formator-and-martyr\/\">Bienheureux Jos\u00e9 Mar\u00eda Ruiz, formateur et martyr (Sig\u00fcenza &#8211; Espagne, 1936)<\/a><br \/>28. <a href=\"https:\/\/www.claret.org\/ephemeris\/july-28-servant-of-god-student-tomas-cordero-and-companions-martyrs\/\">Bienheureux Tom\u00e1s Cordero et compagnons, martyrs (Fern\u00e1n Caballero &#8211; Espagne, 1936)<\/a><br \/>29. <a href=\"https:\/\/www.claret.org\/ephemeris\/july-29-servant-of-god-fr-candido-casals-and-companions-martyrs\/\">Ab\u00e9nis C\u00e1ndido Casals et compagnons, martyrs (Barcelone &#8211; Espagne, 1936)<\/a><br \/>31. <a href=\"https:\/\/www.claret.org\/ephemeris\/july-31-st-ignatius-of-loyola-co-patron\/\">Saint Ignace de Loyola, copatron<\/a><\/p>\n<p>.<\/p>\n<h2>AUGUST<\/h2>\n<p>01. <a href=\"https:\/\/www.claret.org\/ephemeris\/august-1-st-alphonsus-liguori-co-patron\/\">Saint Alphonse Marie de&rsquo; Liguori, co-patron<\/a><br \/>07. Bienheureux Jos\u00e9 Arner et compagnons, martyrs (Vic &#8211; Espagne, 1936)<br \/>13. <a href=\"https:\/\/www.claret.org\/ephemeris\/august-13-blessed-claretian-martyrs-of-barbastro\/\">Bienheureux martyrs clar\u00e9tains de Barbastro (Espagne, 1936)<\/a><br \/>14. <a href=\"https:\/\/www.claret.org\/ephemeris\/august-14-blessed-brother-fernando-saperas-martyred-for-chastity\/\">Bienheureux Fernando Saperas, martyr de la chastet\u00e9 (T\u00e1rrega &#8211; Espagne, 1936)<\/a><br \/>14.<a href=\"https:\/\/www.claret.org\/ephemeris\/august-14-servants-of-god-fr-marceliano-alonso-and-companions-martyrs\/\">Bienheureux Marceliano Alonso et compagnons, martyrs (Valence &#8211; Espagne, 1936)<\/a><br \/>17. <a href=\"https:\/\/www.claret.org\/ephemeris\/august-17-servant-of-god-brother-pedro-marcer\/\">Serviteur de Dieu, fr\u00e8re Pedro Marcer (Santiago du Chili, 1927)<\/a><br \/>18. <a href=\"https:\/\/www.claret.org\/ephemeris\/august-18-father-peter-schweiger-general-superior\/\">Peter Schweiger, Sup\u00e9rieur g\u00e9n\u00e9ral (Spaichingen &#8211; Allemagne, 1980)<\/a><br \/>23. <a href=\"https:\/\/www.claret.org\/ephemeris\/august-23-santa-rosa-de-lima-virgin\/\">Sainte Rose de Lima, vierge<\/a><br \/>24. <a href=\"https:\/\/www.claret.org\/ephemeris\/august-24-st-bartholomew-apostle-and-co-patron\/\">Saint Barth\u00e9lemy, ap\u00f4tre et copatron<\/a><br \/>25. <a href=\"https:\/\/www.claret.org\/ephemeris\/august-25-foundation-of-sisters-of-mary-immaculate-claretian-missionary-sisters\/\">Fondation des Religieuses de Marie Immacul\u00e9e, Missionnaires Clar\u00e9taines (Santiago de Cuba, 1855)<\/a><br \/>26. <a href=\"https:\/\/www.claret.org\/ephemeris\/august-26-conservation-of-the-holy-eucharistin-in-father-founder\/\">Miracle de la conservation de l&rsquo;Eucharistie (La Granja &#8211; Espagne, 1861)<\/a><\/p>\n<p>.<\/p>\n<h2>SEPTEMBRE<\/h2>\n<p>05. <a href=\"https:\/\/www.claret.org\/ephemeris\/september-5-servants-of-god-father-matthew-casals-and-companions-martyrs\/\">Bienheureux Mateo Casals et compagnons, martyrs (Barcelone &#8211; Espagne, 1936)<\/a><br \/>21. <a href=\"https:\/\/www.claret.org\/ephemeris\/september-21-saint-matthew-apostle-evangelist-and-co-patron\/\">Saint Matthieu, ap\u00f4tre, \u00e9vang\u00e9liste et copatron<\/a><br \/>22. <a href=\"https:\/\/www.claret.org\/ephemeris\/september-22-blessed-m-maria-patrocinio-giner-claretian-missionary-martyr\/\">Bienheureuse Maria Patrocinio Giner, s\u0153ur clar\u00e9taine, martyre (Valence &#8211; Espagne, 1936)<\/a><br \/>27. <a href=\"https:\/\/www.claret.org\/ephemeris\/september-27-fr-manuel-vilaro-co-founder\/\">P\u00e8re Manuel Vilar\u00f3, cofondateur (Vic &#8211; Espagne, 1852).<\/a><br \/>29.<a href=\"https:\/\/www.claret.org\/ephemeris\/september-29-saint-michael-saint-gabriel-saint-raphael-archangels-and-co-patrons-of-the-congregation\/\">Saint Michel, saint Gabriel et saint Rapha\u00ebl, archanges et copatrons de la Congr\u00e9gation.<\/a><br \/>30. <a href=\"https:\/\/www.claret.org\/ephemeris\/september-30-servant-of-god-father-francesc-crusats-first-claretian-martyr\/\">Serviteur de Dieu P\u00e8re Francisco Crusats, proto-martyr de la Congr\u00e9gation (Selva del Campo &#8211; Espagne, 1868).<\/a><\/p>\n<p>.<\/p>\n<h2>OCTOBRE<\/h2>\n<p>02. <a href=\"https:\/\/www.claret.org\/ephemeris\/october-2-guardian-angels-co-patrons\/\">Les Anges gardiens, copatrons<\/a><br \/>06.<a href=\"https:\/\/www.claret.org\/ephemeris\/october-6-episcopal-ordination-of-father-founder\/\">Ordination \u00e9piscopale du fondateur (Vic &#8211; Espagne, 1850)<\/a><br \/>07. <a href=\"https:\/\/www.claret.org\/ephemeris\/october-7-feast-of-our-lady-of-the-rosary\/\">F\u00eate de Notre Dame du Rosaire<\/a><br \/>13. <a href=\"https:\/\/www.claret.org\/ephemeris\/october-13-brother-manuel-giol\/\">Bienheureux Manuel Giol (Cervera, 1909)<\/a><br \/>14. <a href=\"https:\/\/www.claret.org\/ephemeris\/october-14-servant-of-god-father-joaquin-gelada-and-companions-martyrs\/\">Bienheureux Joaquin Gelada et compagnons, martyrs (Castro Urdiales &#8211; Espagne, 1936)<\/a><br \/>15. <a href=\"https:\/\/www.claret.org\/ephemeris\/october-15-st-teresa-of-jesus-co-patron\/\">Sainte Th\u00e9r\u00e8se de J\u00e9sus, copatron<\/a><br \/>16.<a href=\"https:\/\/www.claret.org\/ephemeris\/october-16-servant-of-god-brother-miguel-palau\/\">Bienheureux Miguel Palau (Cervera &#8211; Espagne, 1929)<\/a><br \/>19. <a href=\"https:\/\/www.claret.org\/ephemeris\/october-19-servants-of-god-fr-jaime-giron-and-companions-martyrs\/\">Bienheureux Jaime Gir\u00f3n et compagnons, martyrs (Cervera &#8211; Espagne, 1936)<\/a><br \/>21.- 24. <a href=\"https:\/\/www.claret.org\/ephemeris\/october-21-24-triduum-and-solemnity-of-st-anthony-mary-claret-founder-of-the-congregation\/\">Triduum et solennit\u00e9 de saint Antoine-Marie Claret, fondateur de la Congr\u00e9gation<\/a><br \/>27. <a href=\"https:\/\/www.claret.org\/ephemeris\/october-27-father-domingo-fabregas-co-founder\/\">Domingo F\u00e1bregas, cofondateur (Solsona &#8211; Espagne, 1895)<\/a><br \/>28. <a href=\"https:\/\/www.claret.org\/ephemeris\/october-28-saints-simon-and-jude-apostles-and-co-patrons\/\">Saints Simon et Jude, ap\u00f4tres et co-patrons<\/a><\/p>\n<p>.<\/p>\n<h2>NOVEMBRE<\/h2>\n<p>03. <a href=\"https:\/\/www.claret.org\/ephemeris\/november-3-father-josep-xifre-co-founder-and-superior-general\/\">Joseph Xifr\u00e9, cofondateur et Sup\u00e9rieur g\u00e9n\u00e9ral (Cervera &#8211; Espagne, 1899)<\/a><br \/>05. <a href=\"https:\/\/www.claret.org\/ephemeris\/november-5-commeration-of-those-who-have-died-in-the-congregation-family-and-benefactors\/\">Comm\u00e9moration des membres d\u00e9funts de la Congr\u00e9gation, des parents et des bienfaiteurs<\/a><br \/>11. <a href=\"https:\/\/www.claret.org\/ephemeris\/november-11-servants-of-god-father-federico-vila-and-companions-martyrs\/\">Bienheureux Federico Vila et compagnons, martyrs (Torredembarra &#8211; Espagne, 1936)<\/a><br \/>20. <a href=\"https:\/\/www.claret.org\/ephemeris\/november-20-blessed-father-andres-sola-martyr\/\">Bienheureux Andr\u00e9s Sol\u00e1, martyr (San Joaqu\u00edn &#8211; Mexique, 1927)<\/a><br \/>30. <a href=\"https:\/\/www.claret.org\/ephemeris\/november-30-saint-andrew-apostle-and-co-patron\/\">Saint Andr\u00e9, ap\u00f4tre et co-patron<\/a><\/p>\n<p>.<\/p>\n<h2>D\u00c9CEMBRE<\/h2>\n<p>08. <a href=\"https:\/\/www.claret.org\/ephemeris\/december-8-the-immaculate-conception-of-the-blessed-virgin-mary\/\">Solennit\u00e9 de l&rsquo;Immacul\u00e9e Conception de la Bienheureuse Vierge Marie<\/a><br \/>23. <a href=\"https:\/\/www.claret.org\/ephemeris\/december-23-the-birth-of-st-anthony-mary-claret\/\">Naissance de saint Antoine-Marie Claret (Sallent &#8211; Espagne, 1807).<\/a><br \/>26. <a href=\"https:\/\/www.claret.org\/ephemeris\/december-26-st-stephen-proto-martyr\/\">Saint \u00c9tienne, le protomartyr<\/a><br \/>27. <a href=\"https:\/\/www.claret.org\/ephemeris\/december-27-st-john-apostle-evangelist-and-co-patron\/\">St. Jean, ap\u00f4tre, \u00e9vang\u00e9liste et co-patron<\/a><\/p>\n<p>.<\/p>\n<p>[\/et_pb_text][\/et_pb_column][\/et_pb_row][\/et_pb_section]<\/p>\n","protected":false},"excerpt":{"rendered":"<p>JANUARY 06. Clemente Serrat, Sup\u00e9rieur g\u00e9n\u00e9ral (S\u00e9govie &#8211; Espagne, 1906)17. V\u00e9n\u00e9rable M. Mar\u00eda Antonia Par\u00eds (Reus &#8211; Espagne, 1885)25. Conversion de saint Paul . F\u00c9VRIER 01. Tentative contre le p\u00e8re Claret \u00e0 Holgu\u00edn (Cuba, 1856)01. Bienheureux martyrs clar\u00e9tains04. V\u00e9n\u00e9rable Jaime Clotet, cofondateur (Barcelone &#8211; Espagne, 1898)11. Approbation de nos Constitutions (1870 et 1982)24. Nicol\u00e1s Garc\u00eda, [&hellip;]<\/p>\n","protected":false},"author":69,"featured_media":124384,"parent":0,"menu_order":0,"comment_status":"closed","ping_status":"closed","template":"","meta":{"_et_pb_use_builder":"on","_et_pb_old_content":"","_et_gb_content_width":"","footnotes":""},"class_list":["post-33291","page","type-page","status-publish","has-post-thumbnail","hentry"],"jetpack_sharing_enabled":true,"jetpack_shortlink":"https:\/\/wp.me\/PdaBmi-8EX","jetpack_likes_enabled":true,"_links":{"self":[{"href":"https:\/\/www.claret.org\/fr\/wp-json\/wp\/v2\/pages\/33291","targetHints":{"allow":["GET"]}}],"collection":[{"href":"https:\/\/www.claret.org\/fr\/wp-json\/wp\/v2\/pages"}],"about":[{"href":"https:\/\/www.claret.org\/fr\/wp-json\/wp\/v2\/types\/page"}],"author":[{"embeddable":true,"href":"https:\/\/www.claret.org\/fr\/wp-json\/wp\/v2\/users\/69"}],"replies":[{"embeddable":true,"href":"https:\/\/www.claret.org\/fr\/wp-json\/wp\/v2\/comments?post=33291"}],"version-history":[{"count":0,"href":"https:\/\/www.claret.org\/fr\/wp-json\/wp\/v2\/pages\/33291\/revisions"}],"wp:featuredmedia":[{"embeddable":true,"href":"https:\/\/www.claret.org\/fr\/wp-json\/wp\/v2\/media\/124384"}],"wp:attachment":[{"href":"https:\/\/www.claret.org\/fr\/wp-json\/wp\/v2\/media?parent=33291"}],"curies":[{"name":"wp","href":"https:\/\/api.w.org\/{rel}","templated":true}]}}