{"id":63405,"date":"2019-10-07T12:02:23","date_gmt":"2019-10-07T10:02:23","guid":{"rendered":"https:\/\/www.claret.org\/la-mission-claretaine\/"},"modified":"2019-11-14T17:06:31","modified_gmt":"2019-11-14T16:06:31","slug":"la-mission-claretaine","status":"publish","type":"page","link":"https:\/\/www.claret.org\/fr\/la-mission-claretaine\/","title":{"rendered":"La Mission Clar\u00e9taine"},"content":{"rendered":"<p>[et_pb_section fb_built=\u00a0\u00bb1&Prime; fullwidth=\u00a0\u00bbon\u00a0\u00bb _builder_version=\u00a0\u00bb3.29.3&Prime; bottom_divider_style=\u00a0\u00bbslant\u00a0\u00bb bottom_divider_color=\u00a0\u00bb#ef5821&Prime; bottom_divider_flip=\u00a0\u00bbhorizontal\u00a0\u00bb fb_built=\u00a0\u00bb1&Prime; _i=\u00a0\u00bb0&Prime; _address=\u00a0\u00bb0&Prime;][et_pb_fullwidth_slider admin_label=\u00a0\u00bbTCM Slider\u00a0\u00bb _builder_version=\u00a0\u00bb3.29.3&Prime; box_shadow_style_image=\u00a0\u00bbpreset1&Prime; global_module=\u00a0\u00bb63066&Prime; saved_tabs=\u00a0\u00bball\u00a0\u00bb _i=\u00a0\u00bb0&Prime; _address=\u00a0\u00bb0.0&Prime;][et_pb_slide heading=\u00a0\u00bbLa Mission Clar\u00e9taine 2019&Prime; image=\u00a0\u00bbhttps:\/\/www.claret.org\/wp-content\/uploads\/2019\/09\/TCM-2019.jpg\u00a0\u00bb use_bg_overlay=\u00a0\u00bbon\u00a0\u00bb use_text_overlay=\u00a0\u00bbon\u00a0\u00bb text_overlay_color=\u00a0\u00bbrgba(0,0,0,0.71)\u00a0\u00bb _builder_version=\u00a0\u00bb3.29.3&Prime; header_font=\u00a0\u00bb|800||on|||||\u00a0\u00bb background_image=\u00a0\u00bbhttps:\/\/www.claret.org\/wp-content\/uploads\/2019\/09\/TCM-2019.jpg\u00a0\u00bb background_enable_image=\u00a0\u00bbon\u00a0\u00bb background_position=\u00a0\u00bbtop_center\u00a0\u00bb _i=\u00a0\u00bb0&Prime; _address=\u00a0\u00bb0.0.0&Prime;]<span class=\"tlid-translation translation\" lang=\"fr\"><span class=\"\" title=\"\">Ce num\u00e9ro de La Mission clar\u00e9taine est consacr\u00e9 \u00e0 la langue parl\u00e9e par les missionnaires clar\u00e9tains et de nombreuses autres personnes qui nous sont proches.<\/span> <span title=\"\">C&rsquo;est comme un dictionnaire de termes, des termes essentiels.<\/span> <span title=\"\">Mais derri\u00e8re chaque terme se trouvent de belles histoires de missions de clar\u00e9tains du monde entier.<\/span><\/span>[\/et_pb_slide][\/et_pb_fullwidth_slider][\/et_pb_section][et_pb_section fb_built=\u00a0\u00bb1&Prime; _builder_version=\u00a0\u00bb3.29.3&Prime; background_color=\u00a0\u00bb#e2531f\u00a0\u00bb fb_built=\u00a0\u00bb1&Prime; _i=\u00a0\u00bb1&Prime; _address=\u00a0\u00bb1&Prime;][et_pb_row _builder_version=\u00a0\u00bb3.29.3&Prime; _i=\u00a0\u00bb0&Prime; _address=\u00a0\u00bb1.0&Prime;][et_pb_column type=\u00a0\u00bb4_4&Prime; _builder_version=\u00a0\u00bb3.29.3&Prime; _i=\u00a0\u00bb0&Prime; _address=\u00a0\u00bb1.0.0&Prime;][et_pb_text _builder_version=\u00a0\u00bb3.29.3&Prime; global_module=\u00a0\u00bb63349&Prime; saved_tabs=\u00a0\u00bball\u00a0\u00bb _i=\u00a0\u00bb0&Prime; _address=\u00a0\u00bb1.0.0.0&Prime;]<\/p>\n<h2 style=\"text-align: center;\"><span class=\"tlid-translation translation\" lang=\"fr\"><span class=\"\" title=\"\">TELECHARGEZ LA VERSION PDF<\/span><\/span><\/h2>\n<p style=\"text-align: center;\"><\/p>\n<p>[\/et_pb_text][\/et_pb_column][\/et_pb_row][\/et_pb_section][et_pb_section fb_built=\u00a0\u00bb1&Prime; _builder_version=\u00a0\u00bb3.29.3&Prime; top_divider_style=\u00a0\u00bbslant\u00a0\u00bb top_divider_color=\u00a0\u00bb#e2531f\u00a0\u00bb top_divider_flip=\u00a0\u00bbvertical\u00a0\u00bb fb_built=\u00a0\u00bb1&Prime; _i=\u00a0\u00bb2&Prime; _address=\u00a0\u00bb2&Prime; global_module=\u00a0\u00bb63380&Prime; saved_tabs=\u00a0\u00bball\u00a0\u00bb][et_pb_row column_structure=\u00a0\u00bb1_4,1_4,1_4,1_4&Prime; _builder_version=\u00a0\u00bb3.29.3&Prime; _i=\u00a0\u00bb0&Prime; _address=\u00a0\u00bb2.0&Prime;][et_pb_column type=\u00a0\u00bb1_4&Prime; _builder_version=\u00a0\u00bb3.29.3&Prime; _i=\u00a0\u00bb0&Prime; _address=\u00a0\u00bb2.0.0&Prime;][et_pb_blurb title=\u00a0\u00bbLa Mission Clar\u00e9taine 2019&Prime; image=\u00a0\u00bbhttps:\/\/www.claret.org\/wp-content\/uploads\/2019\/09\/TCM-2019.jpg\u00a0\u00bb _builder_version=\u00a0\u00bb3.29.3&Prime; _dynamic_attributes=\u00a0\u00bblink_option_url\u00a0\u00bb header_text_align=\u00a0\u00bbcenter\u00a0\u00bb header_text_color=\u00a0\u00bb#b21818&Prime; body_text_align=\u00a0\u00bbcenter\u00a0\u00bb body_text_color=\u00a0\u00bb#000000&Prime; text_orientation=\u00a0\u00bbcenter\u00a0\u00bb custom_padding=\u00a0\u00bb10px|10px|10px|10px|false|false\u00a0\u00bb link_option_url=\u00a0\u00bb@ET-DC@eyJkeW5hbWljIjp0cnVlLCJjb250ZW50IjoicG9zdF9saW5rX3VybF9wYWdlIiwic2V0dGluZ3MiOnsicG9zdF9pZCI6IjYzMDQ5In19@\u00a0\u00bb border_color_all=\u00a0\u00bb#b2850a\u00a0\u00bb box_shadow_style=\u00a0\u00bbpreset3&Prime; box_shadow_style_image=\u00a0\u00bbpreset1&Prime; _i=\u00a0\u00bb0&Prime; _address=\u00a0\u00bb2.0.0.0&Prime;]<span class=\"tlid-translation translation\" lang=\"fr\"><span class=\"\" title=\"\">Un dictionnaire de la langue clar\u00e9taine<\/span><\/span>[\/et_pb_blurb][\/et_pb_column][et_pb_column type=\u00a0\u00bb1_4&Prime; _builder_version=\u00a0\u00bb3.29.3&Prime; _i=\u00a0\u00bb1&Prime; _address=\u00a0\u00bb2.0.1&Prime;][et_pb_blurb title=\u00a0\u00bbLa Mission Clar\u00e9taine 2018&Prime; image=\u00a0\u00bbhttps:\/\/www.claret.org\/wp-content\/uploads\/2018\/06\/08.jpg\u00a0\u00bb _builder_version=\u00a0\u00bb3.29.3&Prime; header_text_align=\u00a0\u00bbcenter\u00a0\u00bb header_text_color=\u00a0\u00bb#b21818&Prime; body_text_align=\u00a0\u00bbcenter\u00a0\u00bb body_text_color=\u00a0\u00bb#000000&Prime; text_orientation=\u00a0\u00bbcenter\u00a0\u00bb custom_padding=\u00a0\u00bb10px|10px|10px|10px|false|false\u00a0\u00bb border_color_all=\u00a0\u00bb#b2850a\u00a0\u00bb box_shadow_style=\u00a0\u00bbpreset3&Prime; box_shadow_style_image=\u00a0\u00bbpreset1&Prime; _i=\u00a0\u00bb0&Prime; _address=\u00a0\u00bb2.0.1.0&Prime;]<span class=\"tlid-translation translation\" lang=\"fr\"><span class=\"\" title=\"\">D\u00e9di\u00e9 \u00e0 la pastorale des jeunes<\/span><\/span>[\/et_pb_blurb][\/et_pb_column][et_pb_column type=\u00a0\u00bb1_4&Prime; _builder_version=\u00a0\u00bb3.29.3&Prime; _i=\u00a0\u00bb2&Prime; _address=\u00a0\u00bb2.0.2&Prime;][et_pb_blurb title=\u00a0\u00bbLa Mission Clar\u00e9taine 2017&Prime; image=\u00a0\u00bbhttps:\/\/www.claret.org\/wp-content\/uploads\/2019\/10\/TCM-2017.jpg\u00a0\u00bb _builder_version=\u00a0\u00bb3.29.3&Prime; header_text_align=\u00a0\u00bbcenter\u00a0\u00bb header_text_color=\u00a0\u00bb#b21818&Prime; body_text_align=\u00a0\u00bbcenter\u00a0\u00bb body_text_color=\u00a0\u00bb#000000&Prime; text_orientation=\u00a0\u00bbcenter\u00a0\u00bb custom_padding=\u00a0\u00bb10px|10px|10px|10px|false|false\u00a0\u00bb border_color_all=\u00a0\u00bb#b2850a\u00a0\u00bb box_shadow_style=\u00a0\u00bbpreset3&Prime; box_shadow_style_image=\u00a0\u00bbpreset1&Prime; _i=\u00a0\u00bb0&Prime; _address=\u00a0\u00bb2.0.2.0&Prime;]<span class=\"tlid-translation translation\" lang=\"fr\"><span class=\"\" title=\"\">Traits charismatiques des missionnaires clar\u00e9tains<\/span><\/span>[\/et_pb_blurb][\/et_pb_column][et_pb_column type=\u00a0\u00bb1_4&Prime; _builder_version=\u00a0\u00bb3.29.3&Prime; _i=\u00a0\u00bb3&Prime; _address=\u00a0\u00bb2.0.3&Prime;][et_pb_blurb title=\u00a0\u00bbLa Mission Clar\u00e9taine 2016&Prime; image=\u00a0\u00bbhttps:\/\/www.claret.org\/wp-content\/uploads\/2019\/10\/LMC-2016.jpg\u00a0\u00bb _builder_version=\u00a0\u00bb3.29.3&Prime; header_text_align=\u00a0\u00bbcenter\u00a0\u00bb header_text_color=\u00a0\u00bb#b21818&Prime; body_text_align=\u00a0\u00bbcenter\u00a0\u00bb body_text_color=\u00a0\u00bb#000000&Prime; text_orientation=\u00a0\u00bbcenter\u00a0\u00bb custom_padding=\u00a0\u00bb10px|10px|10px|10px|false|false\u00a0\u00bb border_color_all=\u00a0\u00bb#b2850a\u00a0\u00bb box_shadow_style=\u00a0\u00bbpreset3&Prime; box_shadow_style_image=\u00a0\u00bbpreset1&Prime; _i=\u00a0\u00bb0&Prime; _address=\u00a0\u00bb2.0.3.0&Prime;]<span class=\"tlid-translation translation\" lang=\"fr\"><span class=\"\" title=\"\">\u0152uvres de mis\u00e9ricorde corporelles et spirituelles<\/span><\/span>[\/et_pb_blurb][\/et_pb_column][\/et_pb_row][et_pb_row column_structure=\u00a0\u00bb1_4,1_4,1_4,1_4&Prime; _builder_version=\u00a0\u00bb3.29.3&Prime; _i=\u00a0\u00bb1&Prime; _address=\u00a0\u00bb2.1&Prime;][et_pb_column type=\u00a0\u00bb1_4&Prime; _builder_version=\u00a0\u00bb3.29.3&Prime; _i=\u00a0\u00bb0&Prime; _address=\u00a0\u00bb2.1.0&Prime;][et_pb_blurb title=\u00a0\u00bbLa Mission Clar\u00e9taine 2015&Prime; image=\u00a0\u00bbhttps:\/\/www.claret.org\/wp-content\/uploads\/2019\/10\/TCM-2015.jpg\u00a0\u00bb _builder_version=\u00a0\u00bb3.29.3&Prime; header_text_align=\u00a0\u00bbcenter\u00a0\u00bb header_text_color=\u00a0\u00bb#b21818&Prime; body_text_align=\u00a0\u00bbcenter\u00a0\u00bb body_text_color=\u00a0\u00bb#000000&Prime; text_orientation=\u00a0\u00bbcenter\u00a0\u00bb custom_padding=\u00a0\u00bb10px|10px|10px|10px|false|false\u00a0\u00bb border_color_all=\u00a0\u00bb#b2850a\u00a0\u00bb box_shadow_style=\u00a0\u00bbpreset3&Prime; box_shadow_style_image=\u00a0\u00bbpreset1&Prime; _i=\u00a0\u00bb0&Prime; _address=\u00a0\u00bb2.1.0.0&Prime;]<span class=\"tlid-translation translation\" lang=\"fr\"><span class=\"\" title=\"\">D\u00e9di\u00e9 \u00e0 la pastorale \u00e9ducative<\/span><\/span>[\/et_pb_blurb][\/et_pb_column][et_pb_column type=\u00a0\u00bb1_4&Prime; _builder_version=\u00a0\u00bb3.29.3&Prime; _i=\u00a0\u00bb1&Prime; _address=\u00a0\u00bb2.1.1&Prime;][et_pb_blurb title=\u00a0\u00bbLa Mission Clar\u00e9taine 2014&Prime; image=\u00a0\u00bbhttps:\/\/www.claret.org\/wp-content\/uploads\/2019\/10\/TCM-2014.jpg\u00a0\u00bb _builder_version=\u00a0\u00bb3.29.3&Prime; header_text_align=\u00a0\u00bbcenter\u00a0\u00bb header_text_color=\u00a0\u00bb#b21818&Prime; body_text_align=\u00a0\u00bbcenter\u00a0\u00bb body_text_color=\u00a0\u00bb#000000&Prime; text_orientation=\u00a0\u00bbcenter\u00a0\u00bb custom_padding=\u00a0\u00bb10px|10px|10px|10px|false|false\u00a0\u00bb border_color_all=\u00a0\u00bb#b2850a\u00a0\u00bb box_shadow_style=\u00a0\u00bbpreset3&Prime; box_shadow_style_image=\u00a0\u00bbpreset1&Prime; _i=\u00a0\u00bb0&Prime; _address=\u00a0\u00bb2.1.1.0&Prime;]<span class=\"tlid-translation translation\" lang=\"fr\"><span class=\"alt-edited\" title=\"\">Le Missionnaire Clar\u00e9tain style<\/span><\/span>[\/et_pb_blurb][\/et_pb_column][et_pb_column type=\u00a0\u00bb1_4&Prime; _builder_version=\u00a0\u00bb3.29.3&Prime; _i=\u00a0\u00bb2&Prime; _address=\u00a0\u00bb2.1.2&Prime;][et_pb_blurb title=\u00a0\u00bbLa Mission Clar\u00e9taine 2013&Prime; image=\u00a0\u00bbhttps:\/\/www.claret.org\/wp-content\/uploads\/2019\/10\/TCM-2013.jpg\u00a0\u00bb _builder_version=\u00a0\u00bb3.29.3&Prime; header_text_align=\u00a0\u00bbcenter\u00a0\u00bb header_text_color=\u00a0\u00bb#b21818&Prime; body_text_align=\u00a0\u00bbcenter\u00a0\u00bb body_text_color=\u00a0\u00bb#000000&Prime; text_orientation=\u00a0\u00bbcenter\u00a0\u00bb custom_padding=\u00a0\u00bb10px|10px|10px|10px|false|false\u00a0\u00bb border_color_all=\u00a0\u00bb#b2850a\u00a0\u00bb box_shadow_style=\u00a0\u00bbpreset3&Prime; box_shadow_style_image=\u00a0\u00bbpreset1&Prime; _i=\u00a0\u00bb0&Prime; _address=\u00a0\u00bb2.1.2.0&Prime;]<span class=\"tlid-translation translation\" lang=\"fr\"><span class=\"\" title=\"\">D\u00e9di\u00e9 sur JPIC<\/span><\/span>[\/et_pb_blurb][\/et_pb_column][et_pb_column type=\u00a0\u00bb1_4&Prime; _builder_version=\u00a0\u00bb3.29.3&Prime; _i=\u00a0\u00bb3&Prime; _address=\u00a0\u00bb2.1.3&Prime;][et_pb_blurb title=\u00a0\u00bbLa Mission Clar\u00e9taine 2012&Prime; image=\u00a0\u00bbhttps:\/\/www.claret.org\/wp-content\/uploads\/2019\/10\/TCM-2012.jpg\u00a0\u00bb _builder_version=\u00a0\u00bb3.29.3&Prime; header_text_align=\u00a0\u00bbcenter\u00a0\u00bb header_text_color=\u00a0\u00bb#b21818&Prime; body_text_align=\u00a0\u00bbcenter\u00a0\u00bb body_text_color=\u00a0\u00bb#000000&Prime; text_orientation=\u00a0\u00bbcenter\u00a0\u00bb custom_padding=\u00a0\u00bb10px|10px|10px|10px|false|false\u00a0\u00bb border_color_all=\u00a0\u00bb#b2850a\u00a0\u00bb box_shadow_style=\u00a0\u00bbpreset3&Prime; box_shadow_style_image=\u00a0\u00bbpreset1&Prime; _i=\u00a0\u00bb0&Prime; _address=\u00a0\u00bb2.1.3.0&Prime;]<span class=\"tlid-translation translation\" lang=\"fr\"><span class=\"\" title=\"\">D\u00e9di\u00e9 \u00e0 la mission partag\u00e9e<\/span><\/span>[\/et_pb_blurb][\/et_pb_column][\/et_pb_row][\/et_pb_section]<\/p>\n","protected":false},"excerpt":{"rendered":"<p>Ce num\u00e9ro de La Mission clar\u00e9taine est consacr\u00e9 \u00e0 la langue parl\u00e9e par les missionnaires clar\u00e9tains et de nombreuses autres personnes qui nous sont proches. C&rsquo;est comme un dictionnaire de termes, des termes essentiels. Mais derri\u00e8re chaque terme se trouvent de belles histoires de missions de clar\u00e9tains du monde entier.TELECHARGEZ LA VERSION PDF  [&hellip;]<\/p>\n","protected":false},"author":2,"featured_media":0,"parent":0,"menu_order":0,"comment_status":"closed","ping_status":"closed","template":"","meta":{"_et_pb_use_builder":"on","_et_pb_old_content":"","_et_gb_content_width":"","footnotes":""},"class_list":["post-63405","page","type-page","status-publish","hentry"],"jetpack_sharing_enabled":true,"jetpack_shortlink":"https:\/\/wp.me\/PdaBmi-guF","jetpack_likes_enabled":true,"_links":{"self":[{"href":"https:\/\/www.claret.org\/fr\/wp-json\/wp\/v2\/pages\/63405","targetHints":{"allow":["GET"]}}],"collection":[{"href":"https:\/\/www.claret.org\/fr\/wp-json\/wp\/v2\/pages"}],"about":[{"href":"https:\/\/www.claret.org\/fr\/wp-json\/wp\/v2\/types\/page"}],"author":[{"embeddable":true,"href":"https:\/\/www.claret.org\/fr\/wp-json\/wp\/v2\/users\/2"}],"replies":[{"embeddable":true,"href":"https:\/\/www.claret.org\/fr\/wp-json\/wp\/v2\/comments?post=63405"}],"version-history":[{"count":0,"href":"https:\/\/www.claret.org\/fr\/wp-json\/wp\/v2\/pages\/63405\/revisions"}],"wp:attachment":[{"href":"https:\/\/www.claret.org\/fr\/wp-json\/wp\/v2\/media?parent=63405"}],"curies":[{"name":"wp","href":"https:\/\/api.w.org\/{rel}","templated":true}]}}