{"id":64259,"date":"2019-09-30T22:03:38","date_gmt":"2019-09-30T20:03:38","guid":{"rendered":"https:\/\/www.claret.org\/longmetrage-sur-saint-antoine-marie-claret\/"},"modified":"2019-09-30T22:03:38","modified_gmt":"2019-09-30T20:03:38","slug":"longmetrage-sur-saint-antoine-marie-claret","status":"publish","type":"page","link":"https:\/\/www.claret.org\/fr\/longmetrage-sur-saint-antoine-marie-claret\/","title":{"rendered":"LONGMETRAGE SUR SAINT ANTOINE MARIE CLARET"},"content":{"rendered":"<h2><img data-recalc-dims=\"1\" loading=\"lazy\" decoding=\"async\" class=\"alignnone size-full wp-image-62629\" src=\"https:\/\/i0.wp.com\/www.claret.org\/wp-content\/uploads\/2019\/09\/PeliClaret014.jpeg?resize=1080%2C810&#038;ssl=1\" alt=\"\" width=\"1080\" height=\"810\" title=\"\" srcset=\"https:\/\/i0.wp.com\/www.claret.org\/wp-content\/uploads\/2019\/09\/PeliClaret014.jpeg?w=1600&amp;ssl=1 1600w, https:\/\/i0.wp.com\/www.claret.org\/wp-content\/uploads\/2019\/09\/PeliClaret014.jpeg?resize=300%2C225&amp;ssl=1 300w, https:\/\/i0.wp.com\/www.claret.org\/wp-content\/uploads\/2019\/09\/PeliClaret014.jpeg?resize=768%2C576&amp;ssl=1 768w, https:\/\/i0.wp.com\/www.claret.org\/wp-content\/uploads\/2019\/09\/PeliClaret014.jpeg?resize=1024%2C768&amp;ssl=1 1024w, https:\/\/i0.wp.com\/www.claret.org\/wp-content\/uploads\/2019\/09\/PeliClaret014.jpeg?resize=1080%2C810&amp;ssl=1 1080w\" sizes=\"(max-width: 1080px) 100vw, 1080px\" \/><\/h2>\n<p style=\"text-align: center;\"><span style=\"font-size: 14pt;\"><span style=\"color: #ff0000;\"><strong>CROWDFUNDING:<\/strong> <\/span><a href=\"https:\/\/www.okpal.com\/feature-film-about-st-anthony-mary-claret\" target=\"_blank\" rel=\"noopener noreferrer nofollow\"><span style=\"color: #ff0000;\">https:\/\/www.okpal.com\/feature-film-about-st-anthony-mary-claret<\/span><\/a><\/span><\/p>\n<p>&nbsp;<\/p>\n<h2><span style=\"color: #ff0000;\"><strong><em>AU SUJET DU PROJET<\/em><\/strong><\/span><\/h2>\n<p><span style=\"font-size: 14pt;\">Apr\u00e8s le succ\u00e8s de \u00ab Un Dios prohibido- Un Dieu interdit \u00bb, film sur les Martyrs Clar\u00e9tains de Barbastro, lors de la guerre civile espagnole. <em>Contracorriente Producciones <\/em>initie un nouveau long m\u00e9trage  inspir\u00e9 sur la vie du fondateur des Missionnaires Clar\u00e9tains :<strong> Antoine Marie Claret. <\/strong>Antoine Marie Claret  fut un missionnaire espagnol du XIX si\u00e8cle qui parvint \u00e0 devenir  archev\u00eaque de Cuba et confesseur de la Reine Isabelle II lors d\u2019un temps convulse de l\u2019histoire d\u2019Espagne.<\/span><\/p>\n<p><span style=\"font-size: 14pt;\">Anim\u00e9 d\u2019un fort esprit missionnaire il parcourut toute la Catalogne, Canaries, et autres endroits d\u2019Espagne afin d\u2019aider d\u2019autres \u00e0 exp\u00e9rimenter l\u2019amour de Dieu. Avec une forte sensibilit\u00e9 envers le plus urgent, opportun et efficace et comportant une option claire \u00e0 l\u2019\u00e9gard des pauvres, il encouragea d\u2019autres \u00e0 le rejoindre afin de r\u00e9pondre aux besoins urgents du monde de son temps et il \u00e9crivit et \u00e9dita grand nombre de livres religieux,  pamphlets et autres publications.<\/span><\/p>\n<p><span style=\"font-size: 14pt;\">Le film sur Claret se centre sur la p\u00e9riode o\u00f9 il servit en tant qu\u2019archev\u00eaque de Cuba, o\u00f9 il y promut am\u00e9liorations spirituelles et sociales, et au temps o\u00f9 il fut confesseur de la reine Isabelle II, avec qui il allait demeurer jusqu\u2019\u00e0 une ann\u00e9e avant sa mort, exil\u00e9 \u00e0 Fontfroide (France), en 1870, apr\u00e8s \u00eatre devenu victime d\u2019accusations publiques diffamatoires.<\/span><\/p>\n<p><span style=\"font-size: 14pt;\">Il fut d\u00e9clar\u00e9 saint par l\u2019\u00c9glise Catholique en 1950 par le Pape Pie XII<\/span><\/p>\n<p>&nbsp;<\/p>\n<h2><span style=\"color: #ff0000;\"><strong><em>POUR QUELLE AFFAIRE EST-IL LE FINENCEMENT<\/em><\/strong><\/span><\/h2>\n<p><span style=\"font-size: 14pt;\"><strong>Le film sur Claret <\/strong>s\u2019encadre dans ce qu\u2019on appelle <strong>cin\u00e9ma spirituel<\/strong> ou transcendant parce qu\u2019il tient compte de la transcendance de la personne, sa dimension spirituelle et toutes ses manifestations de tendresse, d\u2019amour, de pardon, de cr\u00e9ativit\u00e9, de compassion.<\/span><\/p>\n<p><span style=\"font-size: 14pt;\">Afin que le cin\u00e9ma spirituel progresse doit devenir un film de qualit\u00e9. Ce n\u2019est pas facile gager pour le cin\u00e9ma spirituel de qualit\u00e9. La grande industrie du cin\u00e9ma a l\u2019habitude d\u2019avoir d\u2019autres pr\u00e9f\u00e9rences. Quelques petites productrices  ind\u00e9pendantes osent aller au del\u00e0 du simple amusement. Cependant dans la mesure   que l\u2019on optimise  ressources, le budget minimum d\u2019un long-m\u00e9trage  avec tournage ext\u00e9rieurs ou ambiance historique, est \u00e9lev\u00e9.<\/span><\/p>\n<p><span style=\"font-size: 14pt;\">Comme dans le cas de \u00ab Un Dios proh\u00edbido \u00bb, les Missionnaires Clar\u00e9tains vont-co-produire le film  sur Claret et ils vont financer tout le projet, ce que suppose un grand effort. Nous pensons qu\u2019entre  la grande  famille clar\u00e9taine  partout dans le monde, les admirateurs de la figure du P\u00e8re Claret et en g\u00e9n\u00e9ral, parmi les amateurs  du bon film spirituel, il pourrait y avoir un grand nombre de personnes dispos\u00e9es \u00e0 s\u2019engager avec un don afin \u2018aider \u00e0 ce que ce projet arrive \u00e0 bon port<\/span><\/p>\n<p><span style=\"font-size: 14pt;\">Le budget du film est de 500.000 \u20ac. <strong>Notre objectif de la fin est celui de financer le 10% du film, c&rsquo;est-\u00e0-dire, 50.000\u20ac.<\/strong> Mais ce dont nous pousse le plus est de donner la possibilit\u00e9 \u00e0 un grand nombre de faire part du beau projet et qu\u2019ils le ressentent comme leur propre projet<\/span><\/p>\n<p>&nbsp;<\/p>\n<h2><span style=\"color: #ff0000;\"><strong><em>QUI S\u2019Y TROUVE DERRI\u00c8RE CE PROJET \u00ab CROWDFUNDING ?<\/em><\/strong><\/span><\/h2>\n<p><span style=\"font-size: 14pt;\">Derri\u00e8re ce projet de <em>\u00ab crowdfunding \u00bb <\/em> se trouve la Famille Clar\u00e9taine, int\u00e9gr\u00e9e par toutes les institutions religieuses internationales lesquelles, directement ou indirectement furent fond\u00e9es ou inspir\u00e9es par <strong>Antoine Marie Claret.<\/strong> Pour information directe sur le Projet on peut contacter <strong> Tino Rodr\u00edguez <\/strong>(tinoarrobaseglaresclaretianospuntocom)<\/span><\/p>\n<p>&nbsp;<\/p>\n<h2><span style=\"color: #ff0000;\"><strong><em>AU SUJET DU DIRECTEUR<\/em><\/strong><\/span><\/h2>\n<p><img data-recalc-dims=\"1\" loading=\"lazy\" decoding=\"async\" class=\"alignnone size-full wp-image-62526\" src=\"https:\/\/i0.wp.com\/www.claret.org\/wp-content\/uploads\/2019\/09\/PeliClaret008.jpeg?resize=1080%2C720&#038;ssl=1\" alt=\"\" width=\"1080\" height=\"720\" title=\"\" srcset=\"https:\/\/i0.wp.com\/www.claret.org\/wp-content\/uploads\/2019\/09\/PeliClaret008.jpeg?w=1600&amp;ssl=1 1600w, https:\/\/i0.wp.com\/www.claret.org\/wp-content\/uploads\/2019\/09\/PeliClaret008.jpeg?resize=300%2C200&amp;ssl=1 300w, https:\/\/i0.wp.com\/www.claret.org\/wp-content\/uploads\/2019\/09\/PeliClaret008.jpeg?resize=768%2C512&amp;ssl=1 768w, https:\/\/i0.wp.com\/www.claret.org\/wp-content\/uploads\/2019\/09\/PeliClaret008.jpeg?resize=1024%2C682&amp;ssl=1 1024w, https:\/\/i0.wp.com\/www.claret.org\/wp-content\/uploads\/2019\/09\/PeliClaret008.jpeg?resize=1080%2C720&amp;ssl=1 1080w\" sizes=\"(max-width: 1080px) 100vw, 1080px\" \/><\/p>\n<p><span style=\"font-size: 14pt;\"><strong>Pablo Moreno Hern\u00e1ndez, <\/strong>1983. Dipl\u00f4m\u00e9 en Magist\u00e8re, \u00c9ducation Infantile  et Licenci\u00e9 en Communication Audiovisuelle par l\u2019Universit\u00e9 de Salamanque, Directeur, producteur, sc\u00e9nariste, Fondateur de l\u2019entreprise <em>Contracorriente Producciones SLU<\/em> en 2006, Co-fondateur  de l\u2019association <em>Cultural Kinema Siete <\/em>en 2010. G\u00e8rent de <em>Contracorriente Producciones <\/em>depuis 2008  jusqu\u2019\u00e0  aujourd\u2019hui. Pr\u00e9sident de <em>Kinema Siete <\/em> depuis <em>2010 <\/em>Directeur du Festival International de Cin\u00e9ma \u00c9ducatif et Spirituel de Ciudad Rodrigo, depuis 2011. Responsable <em>in-solidum <\/em>du d\u00e9partement d\u2019\u00c9vang\u00e9lisation et nouvelles technologies du dioc\u00e8se de Ciudad Rodrigo depuis 2012. Directeur de la Passion  r\u00e9alis\u00e9e par un groupe th\u00e9\u00e2trale juv\u00e9nile <em>El Manantial <\/em>(La Source) 2009-2019. Directeur du groupe de th\u00e9\u00e2tre  de <em> Mujeres Amanecer <\/em> (Femmes. Aube) depuis 2010. Directeur de la \u00ab <em>Conjura \u00bb<\/em>  de Ciudad Rodrigo, du groupe <em> Rodericus<\/em> depuis 2016. Professeur Agr\u00e9g\u00e9 \u00e0 l\u2019Universit\u00e9 de Salamanque, depuis 2018, des mati\u00e8res de : Production et Sc\u00e9nario de fiction.<\/span><\/p>\n<h3><strong><em>FILMOGRAPHIE:<\/em><\/strong><\/h3>\n<p><span style=\"font-size: 14pt;\"><strong><em>LONG-M\u00c9TRAGES :<\/em><\/strong><\/span><\/p>\n<p><span style=\"font-size: 14pt;\">\u201c<em>Talita Kum\u201d <\/em> (2008), \u00ab <em>Paul de Tarse, le dernier voyage \u00bb <\/em>(2009), \u00ab <em>Un Dieu interdit \u00bb<\/em> (2012), \u00ab <em>Poveda \u00bb <\/em>(2015), <em>\u00ab Lumi\u00e8re de Solitude \u00bb <\/em>(2016) , <em>\u00ab R\u00e9seau de libert\u00e9 <\/em>(2017)<\/span><\/p>\n<p><span style=\"font-size: 14pt;\"><strong><em>COURT-M\u00c9TRAGES :<\/em><\/strong><\/span><\/p>\n<p><span style=\"font-size: 14pt;\"><em>\u00ab Sacerdote regalo de Dios para el mundo- (Pr\u00eatre cadeau de Dieu pour le monde) 2011 ; Alba (Aube) 2012 ; La llamada (L\u2019appel) 2013 ; Norte (Nord) 2014 ; La revoluci\u00f3n de Jeferson (La r\u00e9volution de Jeferson) 2014 ; Gracias (Merci ou gr\u00e2ces)) 2016 ; Sagrario, Hogar de abandonados (Tabernacle, Foyer d\u2019abandonn\u00e9s) 2016 ; Querida Alicia (Ch\u00e8re Alice) (2018 ; Alma (\u00c2me) 2018.<\/em><\/span><\/p>\n<p>&nbsp;<\/p>\n<h2><strong><span style=\"color: #ff0000;\">SYNOPSE  <\/span> <\/strong><\/h2>\n<p><span style=\"font-size: 14pt;\"><em>Ann\u00e9e 1930, l\u2019\u00e9crivain Azor\u00edn d\u00e9couvre  que le portrait de l\u2019archev\u00eaque espagnol Claret, dans son ouvrage \u00ab La Voluntad \u00bb (La Volont\u00e9) \u00e9crit en 1904 est erron\u00e9. Quelqu\u2019un a tergivers\u00e9  les \u00e9v\u00e9nements et l\u2019image de l\u2019archev\u00eaque, il va commencer une recherche qui va l\u2019am\u00e8nera \u00e0 suivre les traces d\u2019Antoine Claret depuis sa Catalogne natale  passant par la Cuba coloniale du XIX si\u00e8cle, sa confrontation contre l\u2019esclavage jusqu\u2019\u00e0 la cour e la reine Isabelle II. Claret entrepreneur du textile catalan. Pr\u00eatre et missionnaire. Un homme qui lutta toute sa vie contre l\u2019injustice et les puissances du monde, et qui emmena le feu de la lumi\u00e8re de l\u2019\u00c9vangile dans tous les coins  du monde.<\/em><\/span><\/p>\n<h2><\/h2>\n<h2><span style=\"color: #ff0000;\"><strong>DISTRIBUTION<\/strong><\/span><\/h2>\n<p><img data-recalc-dims=\"1\" loading=\"lazy\" decoding=\"async\" class=\"alignnone size-full wp-image-62532\" src=\"https:\/\/i0.wp.com\/www.claret.org\/wp-content\/uploads\/2019\/09\/PeliClaret013.jpeg?resize=1080%2C810&#038;ssl=1\" alt=\"\" width=\"1080\" height=\"810\" title=\"\" srcset=\"https:\/\/i0.wp.com\/www.claret.org\/wp-content\/uploads\/2019\/09\/PeliClaret013.jpeg?w=1600&amp;ssl=1 1600w, https:\/\/i0.wp.com\/www.claret.org\/wp-content\/uploads\/2019\/09\/PeliClaret013.jpeg?resize=300%2C225&amp;ssl=1 300w, https:\/\/i0.wp.com\/www.claret.org\/wp-content\/uploads\/2019\/09\/PeliClaret013.jpeg?resize=768%2C576&amp;ssl=1 768w, https:\/\/i0.wp.com\/www.claret.org\/wp-content\/uploads\/2019\/09\/PeliClaret013.jpeg?resize=1024%2C768&amp;ssl=1 1024w, https:\/\/i0.wp.com\/www.claret.org\/wp-content\/uploads\/2019\/09\/PeliClaret013.jpeg?resize=1080%2C810&amp;ssl=1 1080w\" sizes=\"(max-width: 1080px) 100vw, 1080px\" \/><\/p>\n<p><span style=\"font-size: 14pt;\"><strong>Claret : Antonio Reyes. <\/strong>\u00ab <em>Alta mar \u00bb (Haute mer) Netflix, 2019 ; \u00ab Brigada del Sol \u00bb (Brigade du Soleil) 2019 ; \u00ab Secretos de Estado \u00bb (Secrets d\u2019\u00c9tat), 2019 ; \u00ab Pulsaciones \u00bb (Pulsations) \u00ab El ministerio del tiempo \u00bb (Le minist\u00e8re du temps) 2016 ; \u00ab Gran Hotel (Grand H\u00f4tel) 2011-2013 ; \u00ab F\u00edsica o Qu\u00edmica \u00bb (Physique ou Chimie) 2011 ; \u00ab Gran Reserva (Grande Reserve) 2011<\/em><\/span><\/p>\n<p>&nbsp;<\/p>\n<p><img data-recalc-dims=\"1\" loading=\"lazy\" decoding=\"async\" class=\"alignnone size-full wp-image-62538\" src=\"https:\/\/i0.wp.com\/www.claret.org\/wp-content\/uploads\/2019\/09\/PeliClaret011.jpeg?resize=1080%2C1267&#038;ssl=1\" alt=\"\" width=\"1080\" height=\"1267\" title=\"\" srcset=\"https:\/\/i0.wp.com\/www.claret.org\/wp-content\/uploads\/2019\/09\/PeliClaret011.jpeg?w=1228&amp;ssl=1 1228w, https:\/\/i0.wp.com\/www.claret.org\/wp-content\/uploads\/2019\/09\/PeliClaret011.jpeg?resize=256%2C300&amp;ssl=1 256w, https:\/\/i0.wp.com\/www.claret.org\/wp-content\/uploads\/2019\/09\/PeliClaret011.jpeg?resize=768%2C901&amp;ssl=1 768w, https:\/\/i0.wp.com\/www.claret.org\/wp-content\/uploads\/2019\/09\/PeliClaret011.jpeg?resize=873%2C1024&amp;ssl=1 873w, https:\/\/i0.wp.com\/www.claret.org\/wp-content\/uploads\/2019\/09\/PeliClaret011.jpeg?resize=1080%2C1267&amp;ssl=1 1080w\" sizes=\"(max-width: 1080px) 100vw, 1080px\" \/><\/p>\n<p><span style=\"font-size: 14pt;\"><strong>Isabelle II : Alba Recondo. <\/strong>Cin\u00e9ma : <em>\u00ab  18 Comidas \u00bb (18 Repas) 2008, \u00ab Las brujas de E\u2019lente (Les sorci\u00e8res de E\u2019lente) 2014. <\/em>Th\u00e9\u00e2tre : \u00ab <em>Nocturnos \u00bb (Nocturnes) 2017 ; \u00ab Yo soy Pepe Postigo \u00bb (Je suis Pepe Postigo) 2017 ; \u00ab  Kyetch \u00bb 2017<\/em><\/span><\/p>\n<p><span style=\"font-size: 14pt;\"><strong>Curr\u00edus : Roberto Chapu. <\/strong><em>\u00ab Servir y Proteger (Servir et Proteger) 2018 ; \u00ab Monteperdido \u00bb (Montperdu \u00bb 2019 ; \u00ab La Casa de Papel \u00bb (La Maison de Papier) 2019.<\/em><\/span><\/p>\n<p><span style=\"font-size: 14pt;\"><strong>Dionisio Gonz\u00e1lez : Xiqui Rodr\u00edguez. <\/strong><em>\u00ab Dracula. <strong>Anatom\u00eda del Miedo, para Cuarteto. \u00bb (Dracula. Anatomie<\/strong>  de la Peur, pour Quartet) <\/em>Th\u00e9\u00e2tre, 2008 ; \u00ab <em>El \u00daltimo Viaje \u00bb (Le Dernier Voyage) <\/em>de B\u00e9atrice Fulconis, 2009 ; <em>\u00bbPedro y el Capit\u00e1n \u00bb (Pierre et le Capitaine) 2010 ; \u00ab  Yo era Hamlet \u00bb (J\u2019\u00e9tais Hamlet)<\/em> de W. Shakespeare et  H. M\u00fcller 2012. \u00ab <em>M\u00edrame \u00bb (Regarde-moi) <\/em>de  Ester P\u00e9rez Arribas, 2011 ;  et <em>\u00ab  Cartas al Emperador  (Lettres \u00e0 l\u2019Empereur) <\/em>de Roberto Garc\u00eda Encinas 2017. Il r\u00e9alise de travaux cin\u00e9matographiques  tels \u00ab <em>Poveda \u00bb 2015 <\/em>et <em>\u00ab Soledad \u00bb (Solitude) 2016.<\/em><\/span><\/p>\n<p>&nbsp;<\/p>\n<p><img data-recalc-dims=\"1\" loading=\"lazy\" decoding=\"async\" class=\"alignnone size-full wp-image-62544\" src=\"https:\/\/i0.wp.com\/www.claret.org\/wp-content\/uploads\/2019\/09\/PeliClaret003.jpeg?resize=1080%2C810&#038;ssl=1\" alt=\"\" width=\"1080\" height=\"810\" title=\"\" srcset=\"https:\/\/i0.wp.com\/www.claret.org\/wp-content\/uploads\/2019\/09\/PeliClaret003.jpeg?w=1600&amp;ssl=1 1600w, https:\/\/i0.wp.com\/www.claret.org\/wp-content\/uploads\/2019\/09\/PeliClaret003.jpeg?resize=300%2C225&amp;ssl=1 300w, https:\/\/i0.wp.com\/www.claret.org\/wp-content\/uploads\/2019\/09\/PeliClaret003.jpeg?resize=768%2C576&amp;ssl=1 768w, https:\/\/i0.wp.com\/www.claret.org\/wp-content\/uploads\/2019\/09\/PeliClaret003.jpeg?resize=1024%2C768&amp;ssl=1 1024w, https:\/\/i0.wp.com\/www.claret.org\/wp-content\/uploads\/2019\/09\/PeliClaret003.jpeg?resize=1080%2C810&amp;ssl=1 1080w\" sizes=\"(max-width: 1080px) 100vw, 1080px\" \/><\/p>\n<p><span style=\"font-size: 14pt;\"><strong>Madame Sandovall : Assumpta Serna. <\/strong><em>\u00ab  El crimen de Cuenca \u00bb (Le crime de Cuenca) 1979 ; \u00ab El jardin secreto \u00bb (Le jardin secret) 1984 ; \u00ab Matador \u00bb (Tueur) 1986 ; \u00ab Yo, la peor de todas (Moi la pire de toutes) 1992 ; \u00ab El maestro de esgrima \u00bb (Le maitre d\u2019escrime) 1992 ; \u00ab  j\u00f3venes y brujas \u00bb (Jeunes et sorci\u00e8res) 1996 ;  \u00ab Red de libertad \u00bb (R\u00e9seau de libert\u00e9) 2017.<\/em><\/span><\/p>\n<p><span style=\"font-size: 14pt;\"><strong>O\u2019Donnell : Scott Cleverdon. <\/strong> \u00ab <em>El mundo es suyo \u00bb(Le monde est \u00e0 lui) 2017 ; \u00ab I\u2019IL Be Home for Christmas \u00bb 2017 ; \u00ab El ministerio del tiempo \u00bb (Le minist\u00e8re du temps) 2017 ;  \u00ab Borgia \u00bb 2011-2014 ; \u00ab  Los fantasmas de Goya \u00bb (Les fant\u00f4mes de Goya) 2006 ; \u00ab The Amazing Grace \u00bb 2006.<\/em><\/span><\/p>\n<p><span style=\"font-size: 14pt;\"><strong>P\u00e8re de Claret : Juan Lombardero. \u00ab <\/strong><em>Arde Madrid \u00bb (Brule Madrid) 2018 ; \u00ab De infiltrant \u00bb 2018 ; \u00ab Velvet \u00bb 2015, \u00ab Francisco, el Padre Jorge (Fran\u00e7ois, le P\u00e8re George) 2015 ; \u00ab Victor Ros \u00bb 2015 ; \u00ab  Amar es para siempre \u00bb (Aimer c\u2019est pour toujours) 2008-2009 ; \u00ab La Conjura del Escorial \u00bb (La Conjure de l\u2019Escurial) 2008 ; \u00ab Yo soy Bea \u00bb (Je suis B\u00e9a) 2006-2008<\/em><\/span><\/p>\n<p><span style=\"font-size: 14pt;\"><strong>Archev\u00eaque de Tol\u00e8de : Pablo Pinedo. <\/strong>\u00ab <em>El milagro de, P. Tinto \u00bb(Le miracle du P. Tinto)  1998 ; \u00ab La gran Aventura de Mortadelo y Filem\u00f3n \u00bb (La grande Aventure de Mortadelo et Filem\u00f3n) 2003 \u00ab Santos \u00bb (Saints) 2008 ; \u00ab La mula \u00bb (La mule) 2014,<\/em><\/span><\/p>\n<p><span style=\"font-size: 14pt;\"><strong>Carma : Laura Contreras. <\/strong><em>\u00ab Luz de Soledad) (Lumi\u00e8re de Solitude) 2016 ; \u00ab  Centro m\u00e9dico \u00bb (Centre m\u00e9dical) 2016-2017 ; \u00ab  Grupo 2 homicidios \u00bb (Groupe 2 homicides) 2017 \u00ab Estoy vivo \u00bb Je suis vivant) 2017.<\/em><\/span><\/p>\n<p><span style=\"font-size: 14pt;\"><strong>Alexis: Emilio Linder, <\/strong><a href=\"https:\/\/es.wikipedia.org\/wiki\/M%C3%A9dico_de_familia_(serie_de_TV)\" rel=\"nofollow noopener\" target=\"_blank\">M\u00e9dico de familia<\/a>, <a href=\"https:\/\/es.wikipedia.org\/wiki\/M%C3%A1s_que_amigos_(Espa%C3%B1a)\" rel=\"nofollow noopener\" target=\"_blank\">M\u00e1s que amigos<\/a>(<a href=\"https:\/\/es.wikipedia.org\/wiki\/1997\" rel=\"nofollow noopener\" target=\"_blank\">1997<\/a>), <a href=\"https:\/\/es.wikipedia.org\/wiki\/Al_salir_de_clase\" rel=\"nofollow noopener\" target=\"_blank\">Al salir de clase<\/a> (<a href=\"https:\/\/es.wikipedia.org\/wiki\/1999\" rel=\"nofollow noopener\" target=\"_blank\">1999<\/a>&#8211;<a href=\"https:\/\/es.wikipedia.org\/wiki\/2000\" rel=\"nofollow noopener\" target=\"_blank\">2000<\/a>), <a href=\"https:\/\/es.wikipedia.org\/wiki\/Tres_son_multitud_(serie_de_TV_de_Espa%C3%B1a)\" rel=\"nofollow noopener\" target=\"_blank\">Tres son multitud<\/a>(<a href=\"https:\/\/es.wikipedia.org\/wiki\/2003\" rel=\"nofollow noopener\" target=\"_blank\">2003<\/a>), <a href=\"https:\/\/es.wikipedia.org\/wiki\/Al_filo_de_la_ley\" rel=\"nofollow noopener\" target=\"_blank\">Al filo de la ley<\/a> (<a href=\"https:\/\/es.wikipedia.org\/wiki\/2004\" rel=\"nofollow noopener\" target=\"_blank\">2004<\/a>), <a href=\"https:\/\/es.wikipedia.org\/wiki\/Polic%C3%ADas_(serie_de_TV)\" rel=\"nofollow noopener\" target=\"_blank\">Polic\u00edas<\/a>, <a href=\"https:\/\/es.wikipedia.org\/wiki\/Periodistas_(serie_de_TV)\" rel=\"nofollow noopener\" target=\"_blank\">Periodistas<\/a>, <a href=\"https:\/\/es.wikipedia.org\/wiki\/Los_simuladores_(serie_de_TV_de_Espa%C3%B1a)\" rel=\"nofollow noopener\" target=\"_blank\">Los simuladores<\/a>, <a href=\"https:\/\/es.wikipedia.org\/wiki\/Hermanos_y_detectives_(serie_de_TV_de_Espa%C3%B1a)\" rel=\"nofollow noopener\" target=\"_blank\">Hermanos y detectives<\/a> y <a href=\"https:\/\/es.wikipedia.org\/wiki\/El_comisario\" rel=\"nofollow noopener\" target=\"_blank\">El comisario<\/a>, parmi bien d\u2019autres er dans les films  <a href=\"https:\/\/es.wikipedia.org\/wiki\/Los_fantasmas_de_Goya\" rel=\"nofollow noopener\" target=\"_blank\">Los fantasmas de Goya<\/a> (2006), de <a href=\"https:\/\/es.wikipedia.org\/wiki\/Milos_Forman\" rel=\"nofollow noopener\" target=\"_blank\">Milos Forman<\/a>,<a href=\"https:\/\/es.wikipedia.org\/wiki\/La_voz_dormida_(pel%C3%ADcula)\" rel=\"nofollow noopener\" target=\"_blank\">La voz dormida<\/a>, de <a href=\"https:\/\/es.wikipedia.org\/wiki\/Benito_Zambrano\" rel=\"nofollow noopener\" target=\"_blank\">Benito Zambrano<\/a> y <a href=\"https:\/\/es.wikipedia.org\/wiki\/Carmen_(pel%C3%ADcula_de_2003)\" rel=\"nofollow noopener\" target=\"_blank\">Carmen<\/a>, de <a href=\"https:\/\/es.wikipedia.org\/wiki\/Vicente_Aranda\" rel=\"nofollow noopener\" target=\"_blank\">Vicente Aranda<\/a>.<\/span><\/p>\n<p><span style=\"font-size: 14pt;\"><strong>Pio Baroja : Pablo Vi\u00f1a. <em>\u00ab  <\/em><\/strong><em>Se\u00f1oras del (h) Ampa \u00bb (Mesdames du milieu)  <\/em>2019<em> ; \u00ab Vivir sin permiso \u00bb (Vivre sans permission)<\/em> 2018 ; <em>\u00ab El ministerio del tiemp0 \u00bb (Le minist\u00e8re du temps)<\/em> 2017 ; \u00ab <em>Mar de pl\u00e1stico \u00bb (Mer de plastique) <\/em> 2016 ; \u00ab  <em>Olmos y Robles \u00bb (Ormes et Ch\u00eanes) ; <\/em>2015 ; <em>\u00ab Victor Ros \u00bb <\/em>2014 ;  \u00ab <em>El secreto del Puente Viejo \u00bb (Le secret du Vieux Pont) <\/em>2011,<\/span><\/p>\n<p><span style=\"font-size: 14pt;\"><strong>Azor\u00edn : Carlos Ca\u00f1as. <\/strong>\u00ab  <em>Brigada Costa del Sol \u00bb (Brigade C\u00f4te du Soleil) <\/em>2018 ; <em>\u00ab La que se avecina \u00bb (Ce qu\u2019il s\u2019en vient) <\/em>2008-2019 ; \u00ab <em>Luz de Soledad \u00bb (Lumi\u00e8re de Solitude) 2016, \u00ab Red de libertad \u00bb (R\u00e9seau de libert\u00e9) <\/em>20017<\/span><\/p>\n<h2><\/h2>\n<h2><span style=\"color: #ff0000;\"><strong>LOCALISATIONS<\/strong><\/span><\/h2>\n<p><span style=\"font-size: 14pt;\">Le film est d\u00e9j\u00e0 en train d\u2019\u00eatre tourn\u00e9 entre : Ciudad Rodrigo, Viseu (Portugal), Santander, Burgos, Salamanque et Madrid.<\/span><\/p>\n<h2><\/h2>\n<h2><span style=\"color: #ff0000;\"><strong>DATES DE ROURNAGE ET PREMI\u00c8RE<\/strong><\/span><\/h2>\n<p><span style=\"font-size: 14pt;\">Les dates estim\u00e9es concernant le tournage elles sont fin de  septembre, 2019 jusqu\u2019au d\u00e9but de Novembre, 2019.<\/span><\/p>\n<p><span style=\"font-size: 14pt;\">On pr\u00e9voit sa premi\u00e8re en Octobre, 2020.<\/span><\/p>\n<p>&nbsp;<\/p>\n<h2><\/h2>\n<h2><span style=\"color: #ff0000;\"><strong><span class=\"tlid-translation translation\" lang=\"en\"><span class=\"\" title=\"\">WEBS SE RAPPORTANT AU PROJET<\/span><\/span><\/strong><\/span><\/h2>\n<p><strong><a href=\"https:\/\/www.claret.org\" rel=\"nofollow\">www.claret.org<\/a><\/strong><\/p>\n<p><strong><a href=\"http:\/\/www.familiaclaretiana.org\" target=\"_blank\" rel=\"nofollow noopener noreferrer\">www.familiaclaretiana.org<\/a> <\/strong><\/p>\n<p><strong><a href=\"http:\/\/www.contracorrienteproducciones.es\" target=\"_blank\" rel=\"nofollow noopener noreferrer\">www.contracorrienteproducciones.es<\/a> <\/strong><\/p>\n<h2><\/h2>\n<h2><span style=\"color: #ff0000;\"><strong>QUELQUES  IMAGES DU TOURNAGE<\/strong><br \/>\n<\/span><\/h2>\n<p>&nbsp;<\/p>\n<p>[envira-gallery id=\u00a0\u00bb62550&Prime;]<\/p>\n<p>&nbsp;<\/p>\n<h3 style=\"text-align: center;\"><span style=\"color: #ff0000;\"><strong>CROWDFUNDING:<\/strong> <a style=\"color: #ff0000;\" href=\"https:\/\/www.okpal.com\/feature-film-about-st-anthony-mary-claret\" target=\"_blank\" rel=\"noopener noreferrer nofollow\">https:\/\/www.okpal.com\/feature-film-about-st-anthony-mary-claret<\/a><\/span><\/h3>\n","protected":false},"excerpt":{"rendered":"<p>CROWDFUNDING: https:\/\/www.okpal.com\/feature-film-about-st-anthony-mary-claret &nbsp; AU SUJET DU PROJET Apr\u00e8s le succ\u00e8s de \u00ab Un Dios prohibido- Un Dieu interdit \u00bb, film sur les Martyrs Clar\u00e9tains de Barbastro, lors de la guerre civile espagnole. Contracorriente Producciones initie un nouveau long m\u00e9trage inspir\u00e9 sur la vie du fondateur des Missionnaires Clar\u00e9tains : Antoine Marie Claret. Antoine Marie Claret [&hellip;]<\/p>\n","protected":false},"author":2,"featured_media":62631,"parent":0,"menu_order":0,"comment_status":"closed","ping_status":"closed","template":"","meta":{"_et_pb_use_builder":"","_et_pb_old_content":"","_et_gb_content_width":"","footnotes":""},"class_list":["post-64259","page","type-page","status-publish","has-post-thumbnail","hentry"],"jetpack_sharing_enabled":true,"jetpack_shortlink":"https:\/\/wp.me\/PdaBmi-gIr","jetpack_likes_enabled":true,"_links":{"self":[{"href":"https:\/\/www.claret.org\/fr\/wp-json\/wp\/v2\/pages\/64259","targetHints":{"allow":["GET"]}}],"collection":[{"href":"https:\/\/www.claret.org\/fr\/wp-json\/wp\/v2\/pages"}],"about":[{"href":"https:\/\/www.claret.org\/fr\/wp-json\/wp\/v2\/types\/page"}],"author":[{"embeddable":true,"href":"https:\/\/www.claret.org\/fr\/wp-json\/wp\/v2\/users\/2"}],"replies":[{"embeddable":true,"href":"https:\/\/www.claret.org\/fr\/wp-json\/wp\/v2\/comments?post=64259"}],"version-history":[{"count":0,"href":"https:\/\/www.claret.org\/fr\/wp-json\/wp\/v2\/pages\/64259\/revisions"}],"wp:featuredmedia":[{"embeddable":true,"href":"https:\/\/www.claret.org\/fr\/wp-json\/wp\/v2\/media\/62631"}],"wp:attachment":[{"href":"https:\/\/www.claret.org\/fr\/wp-json\/wp\/v2\/media?parent=64259"}],"curies":[{"name":"wp","href":"https:\/\/api.w.org\/{rel}","templated":true}]}}