{"id":115159,"date":"2022-03-22T09:33:40","date_gmt":"2022-03-22T08:33:40","guid":{"rendered":"https:\/\/www.claret.org\/chi-siamo\/"},"modified":"2022-07-19T00:33:17","modified_gmt":"2022-07-18T22:33:17","slug":"chi-siamo","status":"publish","type":"page","link":"https:\/\/www.claret.org\/it\/chi-siamo\/","title":{"rendered":"Clarettiani"},"content":{"rendered":"\n[et_pb_section fb_built=&#8221;1&#8243; fullwidth=&#8221;on&#8221; _builder_version=&#8221;4.17.6&#8243; _module_preset=&#8221;default&#8221; global_colors_info=&#8221;{}&#8221;][et_pb_fullwidth_header title=&#8221;Chi sono i Clarettiani?&#8221; _builder_version=&#8221;4.17.6&#8243; _module_preset=&#8221;default&#8221; global_colors_info=&#8221;{}&#8221;][\/et_pb_fullwidth_header][\/et_pb_section][et_pb_section fb_built=&#8221;1&#8243; _builder_version=&#8221;4.17.6&#8243; _module_preset=&#8221;default&#8221; custom_padding=&#8221;32px|||||&#8221; global_colors_info=&#8221;{}&#8221;][et_pb_row _builder_version=&#8221;4.17.6&#8243; _module_preset=&#8221;default&#8221; global_colors_info=&#8221;{}&#8221;][et_pb_column type=&#8221;4_4&#8243; _builder_version=&#8221;4.17.6&#8243; _module_preset=&#8221;default&#8221; global_colors_info=&#8221;{}&#8221;][et_pb_text _builder_version=&#8221;4.17.6&#8243; _module_preset=&#8221;default&#8221; global_colors_info=&#8221;{}&#8221;]Siamo una Congregazione di Missionari fondata da Sant&#8217;Antonio Maria Claret il 16 luglio 1849, a Vic, in Spagna, insieme ai padri Stefano Sala, Giuseppe Xifr\u00e9, Domenico Fabregas, Jaime Clotet, Manuel Vilaro.\r\n\r\nIl nome ufficiale della nostra congregazione \u00e8 Congregazione dei Missionari Figli del Cuore Immacolato della Beata Vergine Maria, comunemente noti come Clarettiani.\r\n\r\nUN CLARETTIANO \u00e8 un figlio del Cuore Immacolato di Maria \u00e8 una persona che arde di carit\u00e0 e dovunque passa brucia. Desidera effettivamente e si d\u00e0 da fare con tutte le forze per infiammare gli uomini con il fuoco dell\u2019amore divino. Non si lascia distogliere da nulla, gode delle privazioni, affronta le fatiche, abbraccia i travagli, si rallegra delle calunnie, \u00e8 felice nei tormenti e nelle sofferenze che gli tocca patire e si gloria della croce di Ges\u00f9 Cristo12. A null\u2019altro pensa se non come seguire Ges\u00f9 e imitarlo nella preghiera, nella fatica, nella sopportazione e nel cercare sempre e solo la gloria di Dio e la salvezza delle anime.\r\n\r\nAlla fine dei nostri nomi, mettiamo la sigla C.M.F., l&#8217;acronimo delle parole latine Cordis Mariae Filius che significa Figlio del Cuore di Maria.\r\n\r\n<img data-recalc-dims=\"1\" loading=\"lazy\" decoding=\"async\" data-attachment-id=\"130773\" data-permalink=\"https:\/\/www.claret.org\/it\/cmf-fb-banner-en-es-2\/\" data-orig-file=\"https:\/\/i0.wp.com\/www.claret.org\/wp-content\/uploads\/2022\/07\/cmf-fb-banner-en-es.jpg?fit=1366%2C391&amp;ssl=1\" data-orig-size=\"1366,391\" data-comments-opened=\"0\" data-image-meta=\"{&quot;aperture&quot;:&quot;0&quot;,&quot;credit&quot;:&quot;&quot;,&quot;camera&quot;:&quot;&quot;,&quot;caption&quot;:&quot;&quot;,&quot;created_timestamp&quot;:&quot;1652957830&quot;,&quot;copyright&quot;:&quot;&quot;,&quot;focal_length&quot;:&quot;0&quot;,&quot;iso&quot;:&quot;0&quot;,&quot;shutter_speed&quot;:&quot;0&quot;,&quot;title&quot;:&quot;&quot;,&quot;orientation&quot;:&quot;0&quot;}\" data-image-title=\"cmf fb banner en es\" data-image-description=\"\" data-image-caption=\"\" data-large-file=\"https:\/\/i0.wp.com\/www.claret.org\/wp-content\/uploads\/2022\/07\/cmf-fb-banner-en-es.jpg?fit=1024%2C293&amp;ssl=1\" class=\"wp-image-130773 alignnone size-full\" src=\"https:\/\/i0.wp.com\/www.claret.org\/wp-content\/uploads\/2022\/07\/cmf-fb-banner-en-es.jpg?resize=1080%2C309&#038;ssl=1\" alt=\"\" width=\"1080\" height=\"309\" title=\"\" srcset=\"https:\/\/www.claret.org\/wp-content\/uploads\/2022\/07\/cmf-fb-banner-en-es.jpg 1366w, https:\/\/www.claret.org\/wp-content\/uploads\/2022\/07\/cmf-fb-banner-en-es-1280x366.jpg 1280w, https:\/\/www.claret.org\/wp-content\/uploads\/2022\/07\/cmf-fb-banner-en-es-980x281.jpg 980w, https:\/\/www.claret.org\/wp-content\/uploads\/2022\/07\/cmf-fb-banner-en-es-480x137.jpg 480w\" sizes=\"(min-width: 0px) and (max-width: 480px) 480px, (min-width: 481px) and (max-width: 980px) 980px, (min-width: 981px) and (max-width: 1280px) 1280px, (min-width: 1281px) 1366px, 100vw\" \/>\r\n\r\n<strong>Siamo missionari!<\/strong> La missione appartiene al nucleo della nostra identit\u00e0 pi\u00f9 fondamentale. Abbiamo ricevuto dallo Spirito un carisma che ci conforma a Ges\u00f9 e ci rende come gli apostoli, in una comunione di vita, totalmente dedicati al Padre e al Regno (cfr. CC 3-4). Centocinquanta anni fa, la nostra comunit\u00e0 clarettiana ha vissuto una grande gioia quando la Chiesa ha approvato le nostre Costituzioni e ha riconosciuto, con gioia, che la nostra Congregazione di Missionari \u00e8 un dono dello Spirito. Anche oggi, con grande gioia, proclamiamo con gratitudine con Maria la grandezza del Signore.\r\n\r\n<strong>Siamo Missionari \u2018con spirito\u2019.<\/strong> Siamo stati graziati con una spiritualit\u00e0 particolare, ereditata da Sant\u2019Antonio Maria Claret e dalla nostra ricca tradizione. Come figli del Cuore di Maria, siamo chiamati ad essere uomini aperti allo Spirito, guidati da lui e sempre docili alle sue mozioni; uomini ardenti d\u2019amore.\r\n\r\n<strong>Siamo ascoltatori e servitori della Parola di Dio.<\/strong> La nostra eredit\u00e0 carismatica ci definisce come \u201cuditori e servitori della Parola\u201d. Siamo nella Chiesa e nella societ\u00e0 un\u2019eco di Claret (cfr. Aut 686), un appassionato ministro del Vangelo in stagione e fuori stagione, usando tutti i mezzi a sua disposizione. Noi, come Maria, come figli del suo Cuore, vogliamo accogliere e meditare la Parola nel nostro cuore e proclamarla con passione.\r\n\r\n<strong>Siamo missionari in comunit\u00e0.<\/strong> Come testimoni e messaggeri della gioia del Vangelo, in comunit\u00e0 apostolica, cerchiamo una visione comune nell\u2019affrontare le periferie umane che ci sfidano in ogni luogo ad avere un atteggiamento missionario.\r\n\r\n<strong>Siamo inviati ad evangelizzare ascoltando i poveri.<\/strong> Non si pu\u00f2 essere clarettiani se ci si comporta come se i poveri non esistessero. N\u00e9 si pu\u00f2 essere clarettiani se non si denunciano le strutture ingiuste, non si lotta contro il sistema che soggioga i poveri e non si propongono alternative.\r\n\r\n<strong>Siamo con tutta la Chiesa e con coloro che cercano la trasformazione del mondo.<\/strong> Per la nostra Congregazione la dimensione di \u201cevangelizzare con gli altri\u201d, la moltiplicazione dei leader evangelizzatori e la missione condivisa \u00e8 una caratteristica carismatica indispensabile (cfr. CC 3, 7, 48) che comprendiamo e realizziamo in vari modi.\r\n\r\n<strong>Siamo aperti a tutti nel dialogo profetico.<\/strong> Il dialogo assume diverse forme: dialogo come presenza \u2013 vivere piuttosto che fare; dialogo interreligioso e interculturale che promuove la pace e la riconciliazione; dialogo con la creazione che porta alla conversione ecologica. In questo dialogo viviamo l\u2019annuncio e la denuncia che fa parte della profezia, un dialogo che estendiamo anche al nuovo continente digitale e alle nuove generazioni di giovani per evangelizzare ed essere evangelizzati. Siamo uomini in fiamme d\u2019amore (carit\u00e0) e \u201cil dialogo \u00e8 il nuovo nome della carit\u00e0\u201d (VC 74).\r\n\r\n&nbsp;\r\n\r\nSogniamo una Congregazione pellegrina radicata nella fede in Cristo Ges\u00f9 e nella spiritualit\u00e0 clarettiana.\r\n\r\nSogniamo con Claret una Congregazione che, ad esempio di Maria, custodisce nel suo cuore, compie e proclama la Parola di Dio.\r\n\r\nSogniamo una Congregazione di missionari che condividiamo la nostra vita, diversit\u00e0 e risorse in comunit\u00e0 configurate dalla missione e i ministeri che Dio ci affida. Ci animiamo ed accompagniamo gli uni gli altri, come fratelli, attraverso il mutuo ascolto, senza mai scartare nessuno.\r\n\r\nSogniamo una Congregazione audace e itinerante che, inviata dallo Spirito del Signore (cf. Lc 4,18; Atti 8, 28.39), esce verso le periferie, si avvicina ai giovani, cammina con loro e li anima a rispondere alla chiamata di Dio.\r\n\r\nSogniamo una Congregazione che, partendo dall\u2019animazione biblica di tutta la pastorale (cf. VD, 73), evangelizza con tutti i mezzi in missione condivisa, in dialogo interreligioso e facendo uso intelligente dei diversi mezzi di comunicazione.\r\n\r\nSogniamo una Congregazione impegnata a favore della fraternit\u00e0 universale (Fratelli tutti), della giustizia, della pace e della cura della casa comune (Laudato si\u2019). Con spirito di sinodalit\u00e0, collaboriamo con genti di diverse culture, etnie e religioni per la trasformazione del mondo secondo il disegno di Dio (cf.CC 46).\r\n\r\nSogniamo una Congregazione preparata a rispondere alle nuove sfide attraverso un processo formativo integrale e continuato, aperto alla missione universale, secondo lo spirito e il carisma del nostro Padre Fondatore.\r\n\r\nSiamo presenti in 70 Paesi del mondo e ci dedichiamo all&#8217;istruzione di qualit\u00e0, alla pubblicazione di Bibbie e libri religiosi, alla gestione di parrocchie, alla promozione e all&#8217;assistenza sociale delle persone e alla cura della nostra casa comune.\r\n\r\nCi trovate in: ANGOLA | <a href=\"https:\/\/www.claretianosdelsur.org\/\" rel=\"nofollow noopener\" target=\"_blank\">ARGENTINA<\/a> | <a href=\"https:\/\/www.gallardoprovince.org\/\" rel=\"nofollow noopener\" target=\"_blank\">AUSTRALIA<\/a> | <a href=\"https:\/\/www.claretiner.org\/\" rel=\"nofollow noopener\" target=\"_blank\">AUSTRIA<\/a> | BANGLADESH | <a href=\"https:\/\/www.klaretyni.pl\/\" rel=\"nofollow noopener\" target=\"_blank\">BELARUS<\/a> | <a href=\"http:\/\/www.claretianosperubolivia.org\/\" rel=\"nofollow noopener\" target=\"_blank\">BOLIVIA<\/a> | <a href=\"http:\/\/claretianos.com.br\/\" rel=\"nofollow noopener\" target=\"_blank\">BRASIL<\/a> | <a href=\"https:\/\/www.klaretyni.pl\/\" rel=\"nofollow noopener\" target=\"_blank\">BURKINA FASO<\/a> | <a href=\"http:\/\/www.cmfcameroon.com\/\" rel=\"nofollow noopener\" target=\"_blank\">CAMEROUN<\/a> | <a href=\"https:\/\/www.claretiansusa.org\/\" rel=\"nofollow noopener\" target=\"_blank\">CANADA<\/a> | <a href=\"https:\/\/www.cmfnigeria.org\/\" rel=\"nofollow noopener\" target=\"_blank\">CHAD<\/a> | <a href=\"https:\/\/www.claretianosdelsur.org\/\" rel=\"nofollow noopener\" target=\"_blank\">CHILE<\/a> | CHINA | <a href=\"cmfcolven.org\/\">COLO<\/a><a href=\"https:\/\/claretianoscolombiaecuador.org.co\/\" rel=\"nofollow noopener\" target=\"_blank\">MBIA<\/a> | <a href=\"https:\/\/centroamericacmf.org\/\" rel=\"nofollow noopener\" target=\"_blank\">COSTA RICA<\/a> | <a href=\"https:\/\/www.klaretyni.pl\/\" rel=\"nofollow noopener\" target=\"_blank\">C\u00d4TE D\u2019IVOIRE<\/a> | <a href=\"https:\/\/cmfantillas.org\/\" rel=\"nofollow noopener\" target=\"_blank\">CUBA<\/a> | <a href=\"https:\/\/www.claretiner.org\/\" rel=\"nofollow noopener\" target=\"_blank\">DEUTSCHLAND<\/a> | <a href=\"https:\/\/claretianoscolombiaecuador.org.co\/\" rel=\"nofollow noopener\" target=\"_blank\">ECUADOR<\/a> | <a href=\"https:\/\/centroamericacmf.org\/\" rel=\"nofollow noopener\" target=\"_blank\">EL SALVADOR<\/a> | <a href=\"https:\/\/www.fatimacmf.org\/\" rel=\"nofollow noopener\" target=\"_blank\">ES<\/a><a href=\"https:\/\/www.claretpaulus.org\/\" rel=\"nofollow noopener\" target=\"_blank\">PA<\/a><a href=\"https:\/\/www.claretianos.es\/\" rel=\"nofollow noopener\" target=\"_blank\">\u00d1A<\/a> | <a href=\"https:\/\/www.claretpaulus.org\/\" rel=\"nofollow noopener\" target=\"_blank\">FRANCE<\/a> | <a href=\"http:\/\/www.padrexifrecmf.org\/\" rel=\"nofollow noopener\" target=\"_blank\">GABON<\/a> | <a href=\"https:\/\/www.cmfnigeria.org\/\" rel=\"nofollow noopener\" target=\"_blank\">GHANA<\/a> | <a href=\"https:\/\/centroamericacmf.org\/\" rel=\"nofollow noopener\" target=\"_blank\">GUATEMALA<\/a> | <a href=\"http:\/\/www.padrexifrecmf.org\/\" rel=\"nofollow noopener\" target=\"_blank\">GUINEA ECUATORIAL<\/a> | <a href=\"https:\/\/cmfantillas.org\/\" rel=\"nofollow noopener\" target=\"_blank\">HA\u00cfTI<\/a> | <a href=\"https:\/\/centroamericacmf.org\/\" rel=\"nofollow noopener\" target=\"_blank\">HONDURAS<\/a> | <a href=\"https:\/\/claretiansbangalore.com\/\" rel=\"nofollow noopener\" target=\"_blank\">I<\/a><a href=\"https:\/\/chennaicmf.org\/\" rel=\"nofollow noopener\" target=\"_blank\">N<\/a><a href=\"https:\/\/www.claretiansnortheast.com\/\" rel=\"nofollow noopener\" target=\"_blank\">D<\/a><a href=\"https:\/\/www.claret-santhome.org\/\" rel=\"nofollow noopener\" target=\"_blank\">I<\/a>A | <a href=\"https:\/\/www.cmfindotiles.org\/\" rel=\"nofollow noopener\" target=\"_blank\">INDONESIA<\/a> | <a href=\"https:\/\/www.claretpaulus.org\/\" rel=\"nofollow noopener\" target=\"_blank\">ITALIA<\/a> | JAPAN | <a href=\"https:\/\/www.cmfeastafrica.org\/\" rel=\"nofollow noopener\" target=\"_blank\">KENYA<\/a> | MADAGASCAR | <a href=\"https:\/\/chennaicmf.org\/\" rel=\"nofollow noopener\" target=\"_blank\">MALAYSIA<\/a> | <a href=\"https:\/\/claretianos.mx\" rel=\"nofollow noopener\" target=\"_blank\">M\u00c9XICO<\/a> | <a href=\"http:\/\/claretianos.com.br\/\" rel=\"nofollow noopener\" target=\"_blank\">MO\u00c7AMBIQUE<\/a> | <a href=\"https:\/\/www.gallardoprovince.org\/\" rel=\"nofollow noopener\" target=\"_blank\">MYANMAR<\/a> | <a href=\"https:\/\/claretiansbangalore.com\/\" rel=\"nofollow noopener\" target=\"_blank\">NEW ZEALAND<\/a> | <a href=\"https:\/\/centroamericacmf.org\/\" rel=\"nofollow noopener\" target=\"_blank\">NICARAGUA<\/a> | <a href=\"https:\/\/www.cmfnigeria.org\/\" rel=\"nofollow noopener\" target=\"_blank\">NIGE<\/a><a href=\"https:\/\/claretwestng.org\/\" rel=\"nofollow noopener\" target=\"_blank\">RIA<\/a> | <a href=\"https:\/\/centroamericacmf.org\/\" rel=\"nofollow noopener\" target=\"_blank\">PANAM\u00c1<\/a> | <a href=\"https:\/\/www.claretianosdelsur.org\/\" rel=\"nofollow noopener\" target=\"_blank\">PARAGUA<\/a>Y | <a href=\"http:\/\/www.claretianosperubolivia.org\/\" rel=\"nofollow noopener\" target=\"_blank\">PER\u00da<\/a> | <a href=\"https:\/\/www.gallardoprovince.org\/\" rel=\"nofollow noopener\" target=\"_blank\">PHILIPPINES<\/a> | <a href=\"https:\/\/www.klaretyni.pl\/\" rel=\"nofollow noopener\" target=\"_blank\">POLSKA<\/a> | <a href=\"https:\/\/www.fatimacmf.org\/\" rel=\"nofollow noopener\" target=\"_blank\">PORTUGAL<\/a> | <a href=\"https:\/\/cmfantillas.org\/\" rel=\"nofollow noopener\" target=\"_blank\">PUERTO RICO<\/a> | <a href=\"https:\/\/www.klaretyni.pl\/\" rel=\"nofollow noopener\" target=\"_blank\">REPUBLIKA CZESKA<\/a> | <a href=\"https:\/\/cmfantillas.org\/\" rel=\"nofollow noopener\" target=\"_blank\">REP\u00daBLICA DOMINICANA<\/a> | REPUBLIQUE DEMOCRATIQUE DU CONGO | <a href=\"https:\/\/www.klaretyni.pl\/\" rel=\"nofollow noopener\" target=\"_blank\">RUS<\/a><a href=\"https:\/\/www.claretianos.es\/\" rel=\"nofollow noopener\" target=\"_blank\">SIA<\/a> | S\u00c3O TOM\u00c9 E PR\u00cdNCIPE | <a href=\"https:\/\/www.claretiner.org\/\" rel=\"nofollow noopener\" target=\"_blank\">SCHWEIZ<\/a> | <a href=\"https:\/\/www.claretpaulus.org\/\" rel=\"nofollow noopener\" target=\"_blank\">SLOVENIJA<\/a> | <a href=\"https:\/\/claretwestng.org\/\" rel=\"nofollow noopener\" target=\"_blank\">SOUTH AFRICA<\/a> | <a href=\"http:\/\/www.claret.or.kr\/\" rel=\"nofollow noopener\" target=\"_blank\">SOUTH KOREA<\/a> | <a href=\"https:\/\/claretianslanka.org\/\" rel=\"nofollow noopener\" target=\"_blank\">SRI LANKA<\/a> | TAIWAN | <a href=\"https:\/\/www.cmfeastafrica.org\/\" rel=\"nofollow noopener\" target=\"_blank\">TANZANIA<\/a> | <a href=\"https:\/\/www.cmfindotiles.org\/\" rel=\"nofollow noopener\" target=\"_blank\">TIMOR LESTE<\/a> | <a href=\"https:\/\/www.cmfeastafrica.org\/\" rel=\"nofollow noopener\" target=\"_blank\">UGANDA<\/a> | <a href=\"https:\/\/www.klaretyni.pl\/\" rel=\"nofollow noopener\" target=\"_blank\">UKRAINE<\/a> | <a href=\"https:\/\/www.fatimacmf.org\/\" rel=\"nofollow noopener\" target=\"_blank\">UNITED KINGDOM<\/a> | <a href=\"https:\/\/www.claretiansusa.org\/\" rel=\"nofollow noopener\" target=\"_blank\">UNITED STATES OF AMERICA<\/a> | <a href=\"https:\/\/www.claretianosdelsur.org\/\" rel=\"nofollow noopener\" target=\"_blank\">URUGUAY<\/a> | <a href=\"cmfcolven.org\/\">VENEZUELA<\/a> | <a href=\"https:\/\/www.gallardoprovince.org\/\" rel=\"nofollow noopener\" target=\"_blank\">VIETNAM<\/a> | <a href=\"https:\/\/www.fatimacmf.org\/\" rel=\"nofollow noopener\" target=\"_blank\">ZIMBABWE<\/a>[\/et_pb_text][\/et_pb_column][\/et_pb_row][\/et_pb_section]\n","protected":false},"excerpt":{"rendered":"<p>Siamo una Congregazione di Missionari fondata da Sant&#8217;Antonio Maria Claret il 16 luglio 1849, a Vic, in Spagna, insieme ai padri Stefano Sala, Giuseppe Xifr\u00e9, Domenico Fabregas, Jaime Clotet, Manuel Vilaro. Il nome ufficiale della nostra congregazione \u00e8 Congregazione dei Missionari Figli del Cuore Immacolato della Beata Vergine Maria, comunemente noti come Clarettiani. UN CLARETTIANO [&hellip;]<\/p>\n","protected":false},"author":2,"featured_media":0,"parent":0,"menu_order":0,"comment_status":"closed","ping_status":"closed","template":"","meta":{"_et_pb_use_builder":"on","_et_pb_old_content":"","_et_gb_content_width":"","footnotes":""},"class_list":["post-115159","page","type-page","status-publish","hentry"],"jetpack_sharing_enabled":true,"jetpack_shortlink":"https:\/\/wp.me\/PdaBmi-tXp","jetpack_likes_enabled":true,"_links":{"self":[{"href":"https:\/\/www.claret.org\/it\/wp-json\/wp\/v2\/pages\/115159","targetHints":{"allow":["GET"]}}],"collection":[{"href":"https:\/\/www.claret.org\/it\/wp-json\/wp\/v2\/pages"}],"about":[{"href":"https:\/\/www.claret.org\/it\/wp-json\/wp\/v2\/types\/page"}],"author":[{"embeddable":true,"href":"https:\/\/www.claret.org\/it\/wp-json\/wp\/v2\/users\/2"}],"replies":[{"embeddable":true,"href":"https:\/\/www.claret.org\/it\/wp-json\/wp\/v2\/comments?post=115159"}],"version-history":[{"count":0,"href":"https:\/\/www.claret.org\/it\/wp-json\/wp\/v2\/pages\/115159\/revisions"}],"wp:attachment":[{"href":"https:\/\/www.claret.org\/it\/wp-json\/wp\/v2\/media?parent=115159"}],"curies":[{"name":"wp","href":"https:\/\/api.w.org\/{rel}","templated":true}]}}