{"id":116341,"date":"2022-03-22T09:33:44","date_gmt":"2022-03-22T08:33:44","guid":{"rendered":"https:\/\/www.claret.org\/famiglia-clarettiana\/"},"modified":"2022-07-15T02:04:13","modified_gmt":"2022-07-15T00:04:13","slug":"famiglia-clarettiana","status":"publish","type":"page","link":"https:\/\/www.claret.org\/it\/famiglia-clarettiana\/","title":{"rendered":"Famiglia Clarettiana"},"content":{"rendered":"<p>[et_pb_section fb_built=&#8221;1&#8243; fullwidth=&#8221;on&#8221; _builder_version=&#8221;4.17.4&#8243; _module_preset=&#8221;default&#8221; global_colors_info=&#8221;{}&#8221;][et_pb_fullwidth_header title=&#8221;@ET-DC@eyJkeW5hbWljIjp0cnVlLCJjb250ZW50IjoicG9zdF90aXRsZSIsInNldHRpbmdzIjp7ImJlZm9yZSI6IiIsImFmdGVyIjoiIn19@&#8221; _builder_version=&#8221;4.17.4&#8243; _dynamic_attributes=&#8221;title&#8221; _module_preset=&#8221;default&#8221; global_colors_info=&#8221;{}&#8221;]\u00e8 formata dagli Istituti di Vita Consacrata, le Societ\u00e0 di Vita Apostolica e le Associazioni di Fedeli, che vivono nella Chiesa il carisma clarettiano e che sono state fondate da Sant&#8217;Antonio Maria Claret o da qualche membro delle istituzioni clarettiane. Il punto di riferimento comune della Famiglia Clarettiana \u00e8, quindi, Sant&#8217;Antonio Maria Claret con il suo carisma missionario fondatore.<\/p>\n<p>&nbsp;<\/p>\n<p>Gli elementi fondamentali della Famiglia Clarettiana sono la nascita diretta o indiretta della stessa fonte carismatica; il senso di famiglia vissuto con la libert\u00e0 e la flessibilit\u00e0 derivate dall&#8217;identit\u00e0 di ogni istituzione; e la collaborazione nelle attivit\u00e0 progettuali comuni.<\/p>\n<p>&nbsp;<\/p>\n<p>Attualmente la Famiglia Clarettiana \u00e8 formata da quanto segue:[\/et_pb_fullwidth_header][\/et_pb_section][et_pb_section fb_built=&#8221;1&#8243; _builder_version=&#8221;4.17.4&#8243; _module_preset=&#8221;default&#8221; global_colors_info=&#8221;{}&#8221;][et_pb_row column_structure=&#8221;1_3,1_3,1_3&#8243; _builder_version=&#8221;4.17.4&#8243; _module_preset=&#8221;default&#8221; global_colors_info=&#8221;{}&#8221;][et_pb_column type=&#8221;1_3&#8243; _builder_version=&#8221;4.17.4&#8243; _module_preset=&#8221;default&#8221; global_colors_info=&#8221;{}&#8221;][et_pb_blurb title=&#8221;CONGREGAZIONE DEI MISSIONARI FIGLI DEL CUORE IMMACOLATO DELLA BEATA VERGINE MARIA (MISSIONARI CLARETTIANI) &#8211; CMF&#8221; image=&#8221;https:\/\/www.claret.org\/wp-content\/uploads\/2022\/07\/cmf-small-size.png&#8221; _builder_version=&#8221;4.17.4&#8243; _module_preset=&#8221;default&#8221; text_orientation=&#8221;center&#8221; global_colors_info=&#8221;{}&#8221;][\/et_pb_blurb][\/et_pb_column][et_pb_column type=&#8221;1_3&#8243; _builder_version=&#8221;4.17.4&#8243; _module_preset=&#8221;default&#8221; global_colors_info=&#8221;{}&#8221;][et_pb_blurb title=&#8221;DAUGHTERS OF THE HOLY AND IMMACULATE \u2013 HEART OF MARY CORDIMARIAN FILIATION (HICM)&#8221; url=&#8221;@ET-DC@eyJkeW5hbWljIjp0cnVlLCJjb250ZW50IjoicG9zdF9saW5rX3VybF9wYWdlIiwic2V0dGluZ3MiOnsicG9zdF9pZCI6IjEyOTA4NCJ9fQ==@&#8221; image=&#8221;https:\/\/www.claret.org\/wp-content\/uploads\/2022\/07\/filiacion-cordimariana-02.png&#8221; _builder_version=&#8221;4.17.4&#8243; _dynamic_attributes=&#8221;url,link_option_url&#8221; _module_preset=&#8221;default&#8221; text_orientation=&#8221;center&#8221; link_option_url=&#8221;@ET-DC@eyJkeW5hbWljIjp0cnVlLCJjb250ZW50IjoicG9zdF9saW5rX3VybF9wYWdlIiwic2V0dGluZ3MiOnsicG9zdF9pZCI6IjEyOTA4NCJ9fQ==@&#8221; global_colors_info=&#8221;{}&#8221;][\/et_pb_blurb][\/et_pb_column][et_pb_column type=&#8221;1_3&#8243; _builder_version=&#8221;4.17.4&#8243; _module_preset=&#8221;default&#8221; global_colors_info=&#8221;{}&#8221;][et_pb_blurb title=&#8221;RELIGIOUS OF MARY IMMACULATE CLARETIAN MISSIONARY SISTERS (RMI)&#8221; url=&#8221;@ET-DC@eyJkeW5hbWljIjp0cnVlLCJjb250ZW50IjoicG9zdF9saW5rX3VybF9wYWdlIiwic2V0dGluZ3MiOnsicG9zdF9pZCI6IjEyOTA4OCJ9fQ==@&#8221; image=&#8221;https:\/\/www.claret.org\/wp-content\/uploads\/2022\/07\/rmi.png&#8221; _builder_version=&#8221;4.17.4&#8243; _dynamic_attributes=&#8221;url,link_option_url&#8221; _module_preset=&#8221;default&#8221; text_orientation=&#8221;center&#8221; link_option_url=&#8221;@ET-DC@eyJkeW5hbWljIjp0cnVlLCJjb250ZW50IjoicG9zdF9saW5rX3VybF9wYWdlIiwic2V0dGluZ3MiOnsicG9zdF9pZCI6IjEyOTA4OCJ9fQ==@&#8221; global_colors_info=&#8221;{}&#8221;][\/et_pb_blurb][\/et_pb_column][\/et_pb_row][et_pb_row column_structure=&#8221;1_3,1_3,1_3&#8243; _builder_version=&#8221;4.17.4&#8243; _module_preset=&#8221;default&#8221; global_colors_info=&#8221;{}&#8221;][et_pb_column type=&#8221;1_3&#8243; _builder_version=&#8221;4.17.4&#8243; _module_preset=&#8221;default&#8221; global_colors_info=&#8221;{}&#8221;][et_pb_blurb title=&#8221;CONGREGATION OF CORDIMARIAN MISSIONARY SISTERS (MCM)&#8221; url=&#8221;@ET-DC@eyJkeW5hbWljIjp0cnVlLCJjb250ZW50IjoicG9zdF9saW5rX3VybF9wYWdlIiwic2V0dGluZ3MiOnsicG9zdF9pZCI6IjEyOTA5NSJ9fQ==@&#8221; image=&#8221;https:\/\/www.claret.org\/wp-content\/uploads\/2022\/07\/misioneras-cordimarianas-07.png&#8221; _builder_version=&#8221;4.17.4&#8243; _dynamic_attributes=&#8221;url,link_option_url&#8221; _module_preset=&#8221;default&#8221; text_orientation=&#8221;center&#8221; link_option_url=&#8221;@ET-DC@eyJkeW5hbWljIjp0cnVlLCJjb250ZW50IjoicG9zdF9saW5rX3VybF9wYWdlIiwic2V0dGluZ3MiOnsicG9zdF9pZCI6IjEyOTA5NSJ9fQ==@&#8221; global_colors_info=&#8221;{}&#8221;][\/et_pb_blurb][\/et_pb_column][et_pb_column type=&#8221;1_3&#8243; _builder_version=&#8221;4.17.4&#8243; _module_preset=&#8221;default&#8221; global_colors_info=&#8221;{}&#8221;][et_pb_image src=&#8221;https:\/\/www.claret.org\/wp-content\/uploads\/2022\/07\/DtPhfIXWoAA1wgY.jpg-large.jpg&#8221; title_text=&#8221;DtPhfIXWoAA1wgY.jpg large&#8221; _builder_version=&#8221;4.17.4&#8243; _module_preset=&#8221;default&#8221; global_colors_info=&#8221;{}&#8221;][\/et_pb_image][\/et_pb_column][et_pb_column type=&#8221;1_3&#8243; _builder_version=&#8221;4.17.4&#8243; _module_preset=&#8221;default&#8221; global_colors_info=&#8221;{}&#8221;][et_pb_blurb title=&#8221;LAY CLARETIANS MOVEMENT (MSC)&#8221; url=&#8221;@ET-DC@eyJkeW5hbWljIjp0cnVlLCJjb250ZW50IjoicG9zdF9saW5rX3VybF9wYWdlIiwic2V0dGluZ3MiOnsicG9zdF9pZCI6IjEyOTA5MSJ9fQ==@&#8221; image=&#8221;https:\/\/www.claret.org\/wp-content\/uploads\/2022\/07\/MOVIMIENTO-DE-SEGLARES-CLARETIANOS-04.png&#8221; _builder_version=&#8221;4.17.4&#8243; _dynamic_attributes=&#8221;url,link_option_url&#8221; _module_preset=&#8221;default&#8221; text_orientation=&#8221;center&#8221; link_option_url=&#8221;@ET-DC@eyJkeW5hbWljIjp0cnVlLCJjb250ZW50IjoicG9zdF9saW5rX3VybF9wYWdlIiwic2V0dGluZ3MiOnsicG9zdF9pZCI6IjEyOTA5MSJ9fQ==@&#8221; global_colors_info=&#8221;{}&#8221;][\/et_pb_blurb][\/et_pb_column][\/et_pb_row][et_pb_row column_structure=&#8221;1_3,1_3,1_3&#8243; _builder_version=&#8221;4.17.4&#8243; _module_preset=&#8221;default&#8221; global_colors_info=&#8221;{}&#8221;][et_pb_column type=&#8221;1_3&#8243; _builder_version=&#8221;4.17.4&#8243; _module_preset=&#8221;default&#8221; global_colors_info=&#8221;{}&#8221;][et_pb_blurb title=&#8221;MISSIONARY SISTERS OF THE CLARETIAN INSTITUTE (MIC)&#8221; url=&#8221;@ET-DC@eyJkeW5hbWljIjp0cnVlLCJjb250ZW50IjoicG9zdF9saW5rX3VybF9wYWdlIiwic2V0dGluZ3MiOnsicG9zdF9pZCI6IjEyOTA5NyJ9fQ==@&#8221; image=&#8221;https:\/\/www.claret.org\/wp-content\/uploads\/2022\/07\/misioneras_institucion_claretiana.png&#8221; _builder_version=&#8221;4.17.4&#8243; _dynamic_attributes=&#8221;url,link_option_url&#8221; _module_preset=&#8221;default&#8221; text_orientation=&#8221;center&#8221; link_option_url=&#8221;@ET-DC@eyJkeW5hbWljIjp0cnVlLCJjb250ZW50IjoicG9zdF9saW5rX3VybF9wYWdlIiwic2V0dGluZ3MiOnsicG9zdF9pZCI6IjEyOTA5NyJ9fQ==@&#8221; global_colors_info=&#8221;{}&#8221;][\/et_pb_blurb][\/et_pb_column][et_pb_column type=&#8221;1_3&#8243; _builder_version=&#8221;4.17.4&#8243; _module_preset=&#8221;default&#8221; global_colors_info=&#8221;{}&#8221;][et_pb_blurb title=&#8221;MISSIONARIE DI SANT&#8217;ANTONIO MARIA CLARET (MSAMC)&#8221; url=&#8221;@ET-DC@eyJkeW5hbWljIjp0cnVlLCJjb250ZW50IjoicG9zdF9saW5rX3VybF9wYWdlIiwic2V0dGluZ3MiOnsicG9zdF9pZCI6IjEyOTA5OSJ9fQ==@&#8221; image=&#8221;https:\/\/www.claret.org\/wp-content\/uploads\/2022\/07\/MC.png&#8221; _builder_version=&#8221;4.17.4&#8243; _dynamic_attributes=&#8221;url,link_option_url&#8221; _module_preset=&#8221;default&#8221; text_orientation=&#8221;center&#8221; link_option_url=&#8221;@ET-DC@eyJkeW5hbWljIjp0cnVlLCJjb250ZW50IjoicG9zdF9saW5rX3VybF9wYWdlIiwic2V0dGluZ3MiOnsicG9zdF9pZCI6IjEyOTA5OSJ9fQ==@&#8221; global_colors_info=&#8221;{}&#8221;][\/et_pb_blurb][\/et_pb_column][et_pb_column type=&#8221;1_3&#8243; _builder_version=&#8221;4.17.4&#8243; _module_preset=&#8221;default&#8221; global_colors_info=&#8221;{}&#8221;][et_pb_blurb title=&#8221;MISSIONARY OF MARY IMMACULATE (MMI)&#8221; url=&#8221;@ET-DC@eyJkeW5hbWljIjp0cnVlLCJjb250ZW50IjoicG9zdF9saW5rX3VybF9wYWdlIiwic2V0dGluZ3MiOnsicG9zdF9pZCI6IjEyOTA5MyJ9fQ==@&#8221; image=&#8221;https:\/\/www.claret.org\/wp-content\/uploads\/2022\/07\/escudo_mmi_.png&#8221; _builder_version=&#8221;4.17.4&#8243; _dynamic_attributes=&#8221;url,link_option_url&#8221; _module_preset=&#8221;default&#8221; text_orientation=&#8221;center&#8221; link_option_url=&#8221;@ET-DC@eyJkeW5hbWljIjp0cnVlLCJjb250ZW50IjoicG9zdF9saW5rX3VybF9wYWdlIiwic2V0dGluZ3MiOnsicG9zdF9pZCI6IjEyOTA5MyJ9fQ==@&#8221; global_colors_info=&#8221;{}&#8221;][\/et_pb_blurb][\/et_pb_column][\/et_pb_row][\/et_pb_section][et_pb_section fb_built=&#8221;1&#8243; fullwidth=&#8221;on&#8221; _builder_version=&#8221;4.16&#8243; _module_preset=&#8221;default&#8221; global_colors_info=&#8221;{}&#8221;][et_pb_fullwidth_post_slider include_categories=&#8221;57&#8243; show_meta=&#8221;off&#8221; _builder_version=&#8221;4.16&#8243; _module_preset=&#8221;default&#8221; global_colors_info=&#8221;{}&#8221;][\/et_pb_fullwidth_post_slider][\/et_pb_section][et_pb_section fb_built=&#8221;1&#8243; _builder_version=&#8221;4.16&#8243; _module_preset=&#8221;default&#8221; global_colors_info=&#8221;{}&#8221;][et_pb_row _builder_version=&#8221;4.16&#8243; _module_preset=&#8221;default&#8221; global_colors_info=&#8221;{}&#8221;][et_pb_column type=&#8221;4_4&#8243; _builder_version=&#8221;4.16&#8243; _module_preset=&#8221;default&#8221; global_colors_info=&#8221;{}&#8221;][et_pb_text _builder_version=&#8221;4.17.4&#8243; text_font=&#8221;||||||||&#8221; header_font=&#8221;||||||||&#8221; header_2_font=&#8221;||||||||&#8221; header_2_font_size=&#8221;32px&#8221; hover_enabled=&#8221;0&#8243; global_colors_info=&#8221;{}&#8221; header_3_font=&#8221;|700|||||||&#8221; header_3_text_color=&#8221;#E02B20&#8243; sticky_enabled=&#8221;0&#8243; header_2_text_align=&#8221;center&#8221; header_2_text_color=&#8221;#961715&#8243;]<\/p>\n<h2 style=\"text-align: center;\"><strong><span style=\"color: #800000;\">INSTITUTES RELATED TO ST. ANTHONY MARY CLARET<\/span><\/strong><\/h2>\n<p>&nbsp;<\/p>\n<h3 style=\"text-align: center;\">Carmelite Sisters of Charity<\/h3>\n<p style=\"text-align: center;\">Saint Joaquina de Vedruna founded the Institute in 1826. Claret met her when he was still a student. The foundress asked him to examine the Rules. He also worked towards the definitive approval of their Constitutions and was the Director of the Institute until he was substituted by Fr. Stephen Sala. The basic work of the Institute is centred on education and health.<\/p>\n<h3 style=\"text-align: center;\">Sisters Adorers Handmaids of the Blessed Sacrament and of Charity<\/h3>\n<p style=\"text-align: center;\">This Congregation was founded by St. Michaela of the Most Blessed Sacrament. Fr Claret was her neighbour and spiritual director in Madrid. He advised her to write her autobiography and to maintain her friendship with Queen Isabel II. He encouraged the Institute and collaborated in its foundation in 1950, giving his approval to the Constitutions. In 1964 Paul VI made St. Anthony M. Claret the principal Patron of the Institute. The apostolate of the Sisters Adorers is basically focused on the re-education and re-insertion of young girls afflicted by problems of marginalisation, but they also engage in education and attention to rest homes.<\/p>\n<h3 style=\"text-align: center;\">Missionary Handmaids of the Immaculate Heart of Mary<\/h3>\n<p style=\"text-align: center;\">Maria Esperanza Gonz\u00e1lez y Puig founded this Institute in L\u00e9rida, Spain, in 1862. As early as 1846, in the course of a mission that Fr. Claret gave in that city, he had a decisive influence in her Cordimarian spirituality. Later on, in Madrid, he was consulted through Fr. Joseph Escol\u00e1 regarding the intentions of Mother Esperanza. At the beginning Fr. Claret was reluctant to give his support to a new foundation, since there were already many institutes with the same aims. However, during a visit to L\u00e9rida in 1864 he showed himself in favour of the new Institute. At present, the aim of the Missionary Handmaids is the education of children and young girls and the protection and re-education of estranged children and young girls.<\/p>\n<h3 style=\"text-align: center;\">Daughters of Christ the King<\/h3>\n<p style=\"text-align: center;\">They were founded by Fr. Joseph Gras y Granollers towards 1887 in Granada, Spain. They were influenced by Fr. Claret through their founder who frequently consulted him about his founding projects and received encouragement and advice through numerous letters. This Institute works mainly in the field of education, as well as in the university and parish milieu and in foreign missions.<\/p>\n<h3 style=\"text-align: center;\">Handmaids of Jesus of Charity<\/h3>\n<p style=\"text-align: center;\">Their foundress, Mary of the Heart of Jesus, approached Fr. Claret regarding her doubts about her vocation. After hearing her in general confession, as she herself tells, he guided her in her vocation and predicted the role she would play in the Church. In 1871 she founded the Congregation in Bilbao, Spain. The specific aim of the Institute is the assistance to the sick in their homes, in hospitals, clinics, dispensaries, rest homes for the elderly and day-care centres.<\/p>\n<h3 style=\"text-align: center;\">Sisters of St. Philip Neri<\/h3>\n<p style=\"text-align: center;\">Fr. Claret was also involved in the foundation, consolidation and promotion of this Institute founded in Matar\u00f3, Spain, in 1858 by the brother-sister Mark and Gertrude Casta\u00f1er. Ever since he preached a Lenten retreat in Matar\u00f3, Spain, in 1845, he kept a close friendship with both of them. In 1859 he gave his support to the foundation and in 1870, in Rome, he had the opportunity to stimulate them in their work, in spite of the persecution in Spain, encouraging them to spread beyond Matar\u00f3. At present their work evolves in the field of education, houses of spirituality, hostels for young girls and ladies, parish and social work, youth movements and prayer groups.<\/p>\n<h3 style=\"text-align: center;\">Missionary Sisters \u201cImmaculate Heart\u201d<\/h3>\n<p style=\"text-align: center;\">Rev. Joachim Masmitj\u00e1, founder of this Institute, became acquainted with Fr. Claret in Olot, during a mission. Later on, after he founded the Institute in Olot in 1848, he always received the comfort and affection of the saint, who wrote to him several times encouraging him in his task of promoting the Institute. The basic work of the Institute centres in catechesis, Christian education and evangelisation, with special attention to estranged women.<\/p>\n<h3 style=\"text-align: center;\">Missionary Franciscan Sisters of the Mother of the Divine Shepherd<\/h3>\n<p style=\"text-align: center;\">This Institute was born in Ripoll, Spain, in 1850. Both Fr. Joseph Tous and the Blessed Mary Ann Mogas had contacts with Fr. Claret. He, from their common origins in Sallent; she, later on, together with Fr. Sala. Both encouraged the two founders in the difficult task of forming and consolidating the foundation. At present the Missionary Franciscan Sisters carry out their mission in the fields of education, health and social assistance, rural parochial ministry and retreat houses.<\/p>\n<h3 style=\"text-align: center;\">Dominican Sisters of the Annunciata<\/h3>\n<p style=\"text-align: center;\">They were born in Vic in 1856, under the impulse of their founder the Blessed Fr. Francis Coll, friend and companion of Fr. Claret. His influence in this Institute was not merely spiritual; he also made efforts to obtain the government approval for the Institute. From several letters to Fr. Coll we can obtain data regarding his invaluable interventions. The basic work of the Dominican Sisters of the Annunciata is focused on Christian education, presence in marginalised quarters and the missions.<\/p>\n<h3 style=\"text-align: center;\">Oblate Sisters of the Most Holy Redeemer<\/h3>\n<p style=\"text-align: center;\">The founder of the Congregation, Msgr. Joseph Maria Benito Serra, Bishop of Daulia, kept correspondence with Fr. Claret regarding his intentions as a founder. In 1862 they had an interview. According to a letter of Benito Serra to the foundress of the Oblate Sisters, Antonia Maria de Oviedo, the three-hour conversation, was about the foundation of the Benedictines. However, there is no doubt that it had something to do with the foundation of the Oblates themselves, who were founded two years after this conversation.<\/p>\n<h3 style=\"text-align: center;\">Daughters of Mary, Sisters of the Pious Schools<\/h3>\n<p style=\"text-align: center;\">There is no evidence of any personal relationship of Fr. Claret with the foundress, the Venerable Paula Montal, even though she was a Catalonian. However, it is known that, during the life of the foundress, he did have some influence in the convent of St. Elizabeth of this Institution in Madrid. In fact, during the time that Fr. Claret stayed in the Montserrat Hospital at the Plaza Ant\u00f3n Mart\u00edn, every year he gave Spiritual Exercises to the Sisters in that convent while the foundress was there.<\/p>\n<h3 style=\"text-align: center;\">Sons of the Holy Family and Missionary Daughters of the Holy Family<\/h3>\n<p style=\"text-align: center;\">When Blessed Joseph Manyanet, founder of the Sons of the Holy Family and of the Missionary Daughters of the Holy Family, was beneficiary of the collegiate church of Tremp, he had relations with Bishop Caixal and with the Claretian Missionary Sisters. For this reason, there is no doubt that he also had personal relationship with Fr. Claret. From a letter to Fr. Francis Naval in 1900, even though it is unsigned, we can infer that he knew Fr. Claret, even ate with him several times, and consulted him about matters of importance, some of them related to his foundation.<\/p>\n<p>[\/et_pb_text][\/et_pb_column][\/et_pb_row][et_pb_row _builder_version=&#8221;4.17.4&#8243; _module_preset=&#8221;default&#8221;][et_pb_column _builder_version=&#8221;4.17.4&#8243; _module_preset=&#8221;default&#8221; type=&#8221;4_4&#8243;][et_pb_text _builder_version=&#8221;4.17.4&#8243; text_font=&#8221;||||||||&#8221; header_font=&#8221;||||||||&#8221; header_2_font=&#8221;||||||||&#8221; header_2_font_size=&#8221;34px&#8221; hover_enabled=&#8221;0&#8243; global_colors_info=&#8221;{}&#8221; header_3_font=&#8221;|700|||||||&#8221; header_3_text_color=&#8221;#b56e19&#8243; sticky_enabled=&#8221;0&#8243; header_2_text_color=&#8221;#E09900&#8243;]<\/p>\n<h2 style=\"text-align: center;\">INSTITUTES RELATED TO THE CLARETIAN MISSIONARIES<\/h2>\n<p>&nbsp;<\/p>\n<h3 style=\"text-align: center;\">Missionary Sisters of Charity, Daughters of the Immaculate Heart of Mary<\/h3>\n<p style=\"text-align: center;\">Mother Mary G\u00fcell, native of Valls, Spain, founded this Institute in 1899 in Cervera (L\u00e9rida), Spain, under the direction of Fr. Francis Naval. The Claretians have always accompanied them in their spiritual itinerary. Their Constitutions and congregational documents are inspired in their own spirit. The Cordimarian Sisters, whose specific charism is the practice of charity, have opted for the most destitute members of society: the sick, the elderly and children, as their preferential subjects. They are spread throughout Spain, Brazil, France, Portugal and Italy.<\/p>\n<h3 style=\"text-align: center;\">Missionary Sisters of the Immaculate Conception (Conceptionists)<\/h3>\n<p style=\"text-align: center;\">Their foundress, Carmen Salles y Barangueras was born in Vic in 1848. Being an adorer novice, she joined the Institute of Tertiary Dominican Sisters of the Annunciata. After a time of probation, and supported by Bishop Manuel G\u00f3mez Salazar, she founded the Conceptionist Sisters in 1892. They have Fr. Claret as the special Protector of their Institute, and there has always been a fraternal relationship between them and the Congregation of Claretian Missionaries. For this reason in 1954 they were granted a Letter of Kinship by the latter.<\/p>\n<h3 style=\"text-align: center;\">Missionary Sisters of the Immaculate Conception<\/h3>\n<p style=\"text-align: center;\">They were founded in Matar\u00f3, Spain, by M. Alfonsa Cavin Millot, a native of France. In 1884, in answer to a request made by Fr. Joseph Xifr\u00e9, they went to the mission of Guinea, where they entered into a deep contact with the Claretian Missionaries. They received the Letter of Kinship in 1954, and they still maintain a close fraternal relationship.<\/p>\n<h3 style=\"text-align: center;\">Sisters of the Immaculate Heart of Mary<\/h3>\n<p style=\"text-align: center;\">Their mother house is in Porto Alegre, Brazil. They are dedicated to teaching. They also received their Letter of Kinship in 1954 and still keep constant communication with the Claretian Missionaries of Brazil.<\/p>\n<h3 style=\"text-align: center;\">Missionary Sisters of Mary Immaculate and Saint Catherine of Siena<\/h3>\n<p style=\"text-align: center;\">They are also known as \u201cMissionary Sisters of Mother Laura,\u201d from the name of their founder, Mother Laura Montoya. In 1924, Mother Laura found in Fr. Ezekiel Valera the sure orientation she needed to carry out her missionary project. Later on they maintained constant communication, above all with Cardinal Larraona. They collaborate with the Claretian Missionaries, especially in Darien and Choc\u00f3. In 1985 they were granted the Letter of Kinship.<\/p>\n<h3 style=\"text-align: center;\">Handmaids of the Mother of God<\/h3>\n<p style=\"text-align: center;\">In 1984 the Letter of Kinship was granted to this Institute founded in Colombia, due to the spiritual affinity that unites both Congregations. The foundress, Mother Elisa Jaramillo, for many years had Fr. Martin Jov\u00e9, a missionary in Colombia and Venezuela, as spiritual director. From him she received enlightenment for her own life and for the foundation of her Institute. Subsequently, the Claretians continued to be their assistants and advisers.<\/p>\n<h3 style=\"text-align: center;\">\u201cFollow Me\u201d<\/h3>\n<p style=\"text-align: center;\">\u201cFollow Me\u201d had its origin in an agreement made by some lay persons in 1965 during a Mass celebrated in the Catacombs of St. Calixtus in Rome. On that occasion they agreed to constitute, under the leadership of Fr. Anastasio Guti\u00e9rrez, cmf, a lay association for human and Christian promotion. The soul of the group was Paula Majocchi who, in her classes, had contrived to arouse in some girls the interest for a committed life. In 1984 it received the definitive pontifical approval. In line with the new Code it adopted the form of mixed private, lay association of pontifical right. It is not an Institute of consecrated life. Presently it has groups in Italy, Spain, Albany, and it is spreading through Africa and Latin America.<\/p>\n<p>[\/et_pb_text][\/et_pb_column][\/et_pb_row][\/et_pb_section]<\/p>\n","protected":false},"excerpt":{"rendered":"<p>\u00e8 formata dagli Istituti di Vita Consacrata, le Societ\u00e0 di Vita Apostolica e le Associazioni di Fedeli, che vivono nella Chiesa il carisma clarettiano e che sono state fondate da Sant&#8217;Antonio Maria Claret o da qualche membro delle istituzioni clarettiane. Il punto di riferimento comune della Famiglia Clarettiana \u00e8, quindi, Sant&#8217;Antonio Maria Claret con il [&hellip;]<\/p>\n","protected":false},"author":2,"featured_media":34814,"parent":0,"menu_order":0,"comment_status":"closed","ping_status":"closed","template":"","meta":{"_et_pb_use_builder":"on","_et_pb_old_content":"","_et_gb_content_width":"","footnotes":""},"class_list":["post-116341","page","type-page","status-publish","has-post-thumbnail","hentry"],"jetpack_sharing_enabled":true,"jetpack_shortlink":"https:\/\/wp.me\/PdaBmi-ugt","jetpack_likes_enabled":true,"_links":{"self":[{"href":"https:\/\/www.claret.org\/it\/wp-json\/wp\/v2\/pages\/116341","targetHints":{"allow":["GET"]}}],"collection":[{"href":"https:\/\/www.claret.org\/it\/wp-json\/wp\/v2\/pages"}],"about":[{"href":"https:\/\/www.claret.org\/it\/wp-json\/wp\/v2\/types\/page"}],"author":[{"embeddable":true,"href":"https:\/\/www.claret.org\/it\/wp-json\/wp\/v2\/users\/2"}],"replies":[{"embeddable":true,"href":"https:\/\/www.claret.org\/it\/wp-json\/wp\/v2\/comments?post=116341"}],"version-history":[{"count":0,"href":"https:\/\/www.claret.org\/it\/wp-json\/wp\/v2\/pages\/116341\/revisions"}],"wp:featuredmedia":[{"embeddable":true,"href":"https:\/\/www.claret.org\/it\/wp-json\/wp\/v2\/media\/34814"}],"wp:attachment":[{"href":"https:\/\/www.claret.org\/it\/wp-json\/wp\/v2\/media?parent=116341"}],"curies":[{"name":"wp","href":"https:\/\/api.w.org\/{rel}","templated":true}]}}