{"id":117890,"date":"2022-03-22T09:33:41","date_gmt":"2022-03-22T08:33:41","guid":{"rendered":"https:\/\/www.claret.org\/fondatori\/"},"modified":"2022-10-18T12:07:20","modified_gmt":"2022-10-18T10:07:20","slug":"fondatori","status":"publish","type":"page","link":"https:\/\/www.claret.org\/it\/fondatori\/","title":{"rendered":"Fondatori"},"content":{"rendered":"<p>[et_pb_section fb_built=&#8221;1&#8243; fullwidth=&#8221;on&#8221; _builder_version=&#8221;4.16&#8243; _module_preset=&#8221;default&#8221; global_colors_info=&#8221;{}&#8221;][et_pb_fullwidth_header title=&#8221;Fondatori&#8221; background_overlay_color=&#8221;rgba(255,255,255,0.83)&#8221; _builder_version=&#8221;4.16.1&#8243; _module_preset=&#8221;default&#8221; content_text_color=&#8221;#000000&#8243; background_color=&#8221;#0C71C3&#8243; background_enable_image=&#8221;off&#8221; background_layout=&#8221;light&#8221; global_colors_info=&#8221;{}&#8221;]La Congregazione dei Missionari Figli del Cuore Immacolato della Beata Vergine Maria, conosciuta anche come Missionari Clarettiani, fu fondata il 16 luglio 1849 a Vic, in Spagna da Sant&#8217;Antonio Maria Claret e altri cinque giovani sacerdoti, P. Giuseppe Xifr\u00e9, P. Stefano Sala, P. Domenico Fabregas, P. Manuele Vilaro, P. Jaume Clotet.[\/et_pb_fullwidth_header][\/et_pb_section][et_pb_section fb_built=&#8221;1&#8243; _builder_version=&#8221;4.16&#8243; _module_preset=&#8221;default&#8221; global_colors_info=&#8221;{}&#8221;][et_pb_row column_structure=&#8221;1_3,2_3&#8243; _builder_version=&#8221;4.16&#8243; _module_preset=&#8221;default&#8221; global_colors_info=&#8221;{}&#8221;][et_pb_column type=&#8221;1_3&#8243; _builder_version=&#8221;4.16&#8243; _module_preset=&#8221;default&#8221; global_colors_info=&#8221;{}&#8221;][et_pb_image src=&#8221;https:\/\/www.claret.org\/wp-content\/uploads\/2022\/07\/st-anthony-mary-claret.webp&#8221; title_text=&#8221;st anthony mary claret&#8221; _builder_version=&#8221;4.17.4&#8243; _module_preset=&#8221;default&#8221; filter_hue_rotate=&#8221;37deg&#8221; filter_saturate=&#8221;47%&#8221; filter_brightness=&#8221;98%&#8221; filter_contrast=&#8221;131%&#8221; filter_invert=&#8221;9%&#8221; filter_sepia=&#8221;57%&#8221; box_shadow_style=&#8221;preset2&#8243; global_colors_info=&#8221;{}&#8221;][\/et_pb_image][\/et_pb_column][et_pb_column type=&#8221;2_3&#8243; _builder_version=&#8221;4.16&#8243; _module_preset=&#8221;default&#8221; global_colors_info=&#8221;{}&#8221;][et_pb_text _builder_version=&#8221;4.18.0&#8243; _module_preset=&#8221;default&#8221; hover_enabled=&#8221;0&#8243; global_colors_info=&#8221;{}&#8221; sticky_enabled=&#8221;0&#8243;]<\/p>\n<h1>Sant\u2019Antonio Maria Claret<\/h1>\n<p>Antonio Giovanni Adjutor Claret y Clara \u00e8 nato a Sallent (Barcellona) il 23 dicembre 1807, in una famiglia di fabbricanti di tessuti. \u00c8 il quinto di undici figli. Fu mandato a Barcellona per studiare in vista della loro attivit\u00e0. Nonostante alcune offerte di fondare una propria fabbrica, rifiuta di soddisfare i desideri del padre e decide di abbandonare tutto per diventare certosino. Ma finisce per entrare nel seminario di Vic e viene ordinato sacerdote diocesano. Anche se non aveva completato i suoi studi teologici, il 13 giugno 1835, fu ordinato sacerdote perch\u00e9 il suo vescovo, Paolo di Ges\u00f9 Corcuera, vide qualcosa di straordinario nella sua personalit\u00e0. And\u00f2 a Roma per offrire i suoi servizi direttamente a Propaganda Fide, allora incaricata del compito di evangelizzazione in tutto il mondo. Mentre era a Roma, entr\u00f2 nella Compagnia di Ges\u00f9 come novizio, ma dopo quattro mesi gli fu chiesto di andarsene e tornare in Spagna.<\/p>\n<p>Dopo essere tornato in Catalogna, si dedic\u00f2 alle missioni popolari. Per la comunione con la gerarchia e le facolt\u00e0 pastorali coinvolte, chiede a Propaganda Fide il titolo di &#8220;Missionario Apostolico&#8221; che riempie di contenuti spirituali e apostolici. Percorre gran parte della Catalogna tra il 1843 e il 1848, predicando la Parola di Dio, sempre a piedi, senza raccogliere denaro o doni per il suo ministero. Lo spinge a imitare Ges\u00f9 Cristo e gli apostoli. Nel 1848 fonda la Biblioteca Religiosa, una casa editrice che nei suoi primi diciotto anni lancia 2.811.100 copie di libri, 2.509.500 di piccoli libri e 4.249.200 opuscoli. Fonda la Confraternita del Cuore Immacolato di Maria e scrive il libro &#8220;Figlie del Santissimo e Immacolato Cuore di Maria&#8221;, che alla fine ispirer\u00e0 la fondazione dell&#8217;istituto secolare della Filiazione Cordimarina. Fu inviato alle Isole Canarie e fu chiamato &#8220;el Padrito&#8221;. Divenne cos\u00ec popolare che \u00e8 co-patrono della diocesi di Las Palmas insieme alla Virgen del Pino.<\/p>\n<p>Fond\u00f2 la Congregazione dei Figli Missionari del Sacro Cuore di Maria il 16 luglio 1849, e pochi giorni dopo fu nominato arcivescovo di Santiago di Cuba e consacrato vescovo il 6 ottobre 1850, nella cattedrale di Vic. Fu un vescovo missionario. In sei anni, ha visitato la sua vasta diocesi tre volte. Si preoccupa del rinnovamento spirituale e pastorale del clero e della fondazione di comunit\u00e0 religiose. Insieme ad Antonia Maria Paris fonda le Religiose di Maria Immacolata Missionarie Clarettiane. Lotta contro la schiavit\u00f9, crea una scuola agricola per i bambini poveri, istituisce una cassa di risparmio con un marcato carattere sociale, fonda biblioteche popolari, scrive due libri sull&#8217;agricoltura, ecc.<\/p>\n<p>La regina Isabella II lo sceglie personalmente come suo confessore nel 1857 e quindi deve trasferirsi a Madrid. Nel 1859 la regina lo nomina Protettore della chiesa e dell&#8217;ospedale di Montserrat, Madrid, e Presidente del monastero di El Escorial. La sua unione con Ges\u00f9 Cristo raggiunge il culmine nella grazia della conservazione delle specie sacramentali, concessa a La Granja (Segovia) il 26 agosto 1861. In seguito alla rivoluzione del settembre 1868, va con la regina in esilio. Nell&#8217;aprile 1869, lascia la corte reale e partecipa al Concilio Vaticano I dove interviene appassionatamente a favore dell&#8217;infallibilit\u00e0 papale.<\/p>\n<p> Tornato in Francia, a causa delle continue persecuzioni, \u00e8 costretto a fuggire come un criminale e a rifugiarsi nel monastero cistercense di Fontfroide, vicino a Narbonne. In questo monastero nascosto, circondato dall&#8217;amore dei monaci e di alcuni suoi missionari muore, a 62 anni e 10 mesi, il 24 ottobre 1870.<\/p>\n<p>I suoi resti furono trasferiti a Vic nel 1897. Fu beatificato da papa Pio XI il 25 febbraio 1934 e canonizzato da Pio XII il 7 maggio 1950.<\/p>\n<p><a href=\"https:\/\/drive.google.com\/drive\/folders\/1-JDEbbAREKWOGoU4mGc6qDW3MC-F6yzB\" target=\"_blank\" rel=\"noopener nofollow\">Fotos<\/a> | <a href=\"https:\/\/www.claret.org\/it\/fondatori\/anno-clotet\/\">Clotet Year<\/a> <\/p>\n<p>[\/et_pb_text][\/et_pb_column][\/et_pb_row][et_pb_row column_structure=&#8221;1_3,2_3&#8243; _builder_version=&#8221;4.16&#8243; _module_preset=&#8221;default&#8221; global_colors_info=&#8221;{}&#8221;][et_pb_column type=&#8221;1_3&#8243; _builder_version=&#8221;4.16&#8243; _module_preset=&#8221;default&#8221; global_colors_info=&#8221;{}&#8221;][et_pb_image src=&#8221;https:\/\/www.claret.org\/wp-content\/uploads\/2022\/07\/stephen-sala-scaled.webp&#8221; title_text=&#8221;stephen sala&#8221; _builder_version=&#8221;4.17.4&#8243; _module_preset=&#8221;default&#8221; filter_hue_rotate=&#8221;131deg&#8221; filter_saturate=&#8221;44%&#8221; filter_brightness=&#8221;94%&#8221; filter_contrast=&#8221;116%&#8221; filter_invert=&#8221;9%&#8221; filter_sepia=&#8221;45%&#8221; box_shadow_style=&#8221;preset2&#8243; global_colors_info=&#8221;{}&#8221;][\/et_pb_image][\/et_pb_column][et_pb_column type=&#8221;2_3&#8243; _builder_version=&#8221;4.16&#8243; _module_preset=&#8221;default&#8221; global_colors_info=&#8221;{}&#8221;][et_pb_text _builder_version=&#8221;4.18.0&#8243; _module_preset=&#8221;default&#8221; hover_enabled=&#8221;0&#8243; global_colors_info=&#8221;{}&#8221; sticky_enabled=&#8221;0&#8243;]<\/p>\n<h1> Stefano Sala <\/h1>\n<p>Nacque il 28 maggio 1812 in una fattoria che apparteneva alla parrocchia di San Martino di Sescors (Barcellona), distante un&#8217;ora da Manlleu e tre da Vic. Nel 1828 inizi\u00f2 lo studio della filosofia nel seminario di Vic e, pi\u00f9 tardi, prese la teologia a Cervera. Nel 1839 fu ordinato sacerdote. Nel 1843 incontr\u00f2 P. Claret durante gli Esercizi Spirituali che quest&#8217;ultimo dava ai sacerdoti a Gombreny. Questi esercizi significarono un cambiamento radicale per P. Sala. P. Benito Vilamitjana, futuro arcivescovo di Tarragona, che divideva la stanza con P. Sala, diede testimonianza della sua conversione. Da allora accompagn\u00f2 P. Claret in molte delle sue missioni. Fu la prima persona che P. Claret reclut\u00f2 per la fondazione della Congregazione a cui pi\u00f9 tardi si unir\u00e0 anche suo fratello Bernardo. Quando P. Claret and\u00f2 a Cuba come Arcivescovo, nomin\u00f2 P. Sala suo successore come Superiore Generale della Congregazione. Egli diresse anche la neonata Congregazione delle Suore Carmelitane della Carit\u00e0. P. Xifr\u00e9 scrisse di lui: &#8220;era di statura regolare e di figura piacevole; con una voce chiara e una buona dizione. Era ben educato e istruito&#8230; La sua modestia era ben nota: la sua sola presenza bastava a tranquillizzare tutti&#8230; Era umilissimo e mite di cuore, zelante e, soprattutto, cos\u00ec casto e puro di cuore che non esitiamo ad affermare che mai nella sua vita ha perso la grazia battesimale. Era uno dei migliori talenti dell&#8217;allora Universit\u00e0 di Cervera. Come predicatore era tra i pi\u00f9 rinomati del suo tempo nel principato di Catalogna&#8221;. P. Claret riusc\u00ec a farlo nominare suo successore nell&#8217;arcidiocesi di Cuba, ma la malattia e la morte di P. Stefano Sala il 18 aprile 1858 impedirono che questo desiderio si realizzasse. Aveva 45 anni.<\/p>\n<p><a href=\"https:\/\/drive.google.com\/drive\/folders\/1PRFSoEBILY28NeSe0sVksMBqTBz6TTCn\" target=\"_blank\" rel=\"noopener nofollow\">Immagini<\/a> | <a href=\"https:\/\/www.claret.org\/general-superiors\/esteve-sala\/\">Lettere circolari e messaggi<\/a><\/p>\n<p>[\/et_pb_text][\/et_pb_column][\/et_pb_row][et_pb_row column_structure=&#8221;1_3,2_3&#8243; _builder_version=&#8221;4.16&#8243; _module_preset=&#8221;default&#8221; global_colors_info=&#8221;{}&#8221;][et_pb_column type=&#8221;1_3&#8243; _builder_version=&#8221;4.16&#8243; _module_preset=&#8221;default&#8221; global_colors_info=&#8221;{}&#8221;][et_pb_image src=&#8221;https:\/\/www.claret.org\/wp-content\/uploads\/2022\/07\/Xifre-2.webp&#8221; title_text=&#8221;Xifre (2)&#8221; _builder_version=&#8221;4.17.4&#8243; _module_preset=&#8221;default&#8221; filter_hue_rotate=&#8221;131deg&#8221; filter_saturate=&#8221;44%&#8221; filter_brightness=&#8221;94%&#8221; filter_contrast=&#8221;116%&#8221; filter_invert=&#8221;9%&#8221; filter_sepia=&#8221;45%&#8221; box_shadow_style=&#8221;preset2&#8243; global_colors_info=&#8221;{}&#8221;][\/et_pb_image][\/et_pb_column][et_pb_column type=&#8221;2_3&#8243; _builder_version=&#8221;4.16&#8243; _module_preset=&#8221;default&#8221; global_colors_info=&#8221;{}&#8221;][et_pb_text _builder_version=&#8221;4.18.0&#8243; _module_preset=&#8221;default&#8221; hover_enabled=&#8221;0&#8243; global_colors_info=&#8221;{}&#8221; sticky_enabled=&#8221;0&#8243;]<\/p>\n<h1> Giuseppe Xifr\u00e8 <\/h1>\n<p>Nacque in una casa di campagna nel quartiere di Vic (Barcellona) il 18 febbraio 1817. Nel 1829 inizi\u00f2 la sua carriera ecclesiastica in questa stessa citt\u00e0. A quel tempo non era possibile per nessuno essere ordinato sacerdote in Spagna a causa della situazione della guerra civile. Di conseguenza, Giuseppe Xifr\u00e9 and\u00f2 a Roma nel 1839 e alloggi\u00f2 nel convento di San Basilio. L\u00ec incontr\u00f2 provvidenzialmente P. Claret che era andato l\u00ec con l&#8217;intenzione di unirsi alla Propagazione della Fede. Il 16 febbraio 1840 fu ordinato sacerdote e torn\u00f2 in Spagna. Il suo spirito apostolico era molto simile a quello di Claret. Fin da molto presto sent\u00ec il desiderio di dedicarsi alla predicazione, conducendo una vita povera e viaggiando a piedi; per diversi anni segu\u00ec questo stile di apostolato. Insieme al P. Claret, fond\u00f2 la Congregazione dei Missionari. Possiede un talento e un&#8217;intelligenza acuta, \u00e8 alto e snello, di carnagione scura e occhi brillanti, un bel personaggio. Sotto un&#8217;apparenza austera nascondeva un cuore grande e magnanimo, imperturbabile nei pericoli, un imprenditore ardente. Dopo la morte di P. Stefano Sala, fu designato terzo Superiore Generale il 1\u00b0 maggio 1858 e mantenne questo incarico fino alla sua morte. Mentre il Fondatore era ancora in vita, P. Xifr\u00e9 lo consider\u00f2 sempre come il Superiore, e mantenne con lui una continua corrispondenza; fu lui che ordin\u00f2 a P. Claret di scrivere la sua Autobiografia. Esiliato in Francia dopo la rivoluzione, accompagna P. Claret negli ultimi giorni della sua vita a Fontfroide, gli d\u00e0 gli ultimi sacramenti e riceve la sua professione religiosa. Da allora tutta la sua vita fu una continua dedizione alla Congregazione, facendola crescere fino alla sua massima espansione fino al giorno della sua morte, avvenuta nel 1899 a Cervera.<\/p>\n<p><a href=\"https:\/\/drive.google.com\/drive\/folders\/10zLziL9guWsEINwFYp_cgJ99bC1tKRRz\" target=\"_blank\" rel=\"noopener nofollow\">Immagini<\/a> | <a href=\"https:\/\/www.claret.org\/general-superiors\/josep-xifre\/\">Lettere circolari e messaggi<\/a> | <a href=\"https:\/\/www.cescvic.org\/en\/xifre-year\/\" target=\"_blank\" rel=\"noopener nofollow\">Bicentenario della nascita<\/a><\/p>\n<p>[\/et_pb_text][\/et_pb_column][\/et_pb_row][et_pb_row column_structure=&#8221;1_3,2_3&#8243; _builder_version=&#8221;4.16&#8243; _module_preset=&#8221;default&#8221; global_colors_info=&#8221;{}&#8221;][et_pb_column type=&#8221;1_3&#8243; _builder_version=&#8221;4.16&#8243; _module_preset=&#8221;default&#8221; global_colors_info=&#8221;{}&#8221;][et_pb_image src=&#8221;https:\/\/www.claret.org\/wp-content\/uploads\/2022\/07\/manuel-vilaro-scaled.webp&#8221; title_text=&#8221;manuel vilaro&#8221; _builder_version=&#8221;4.17.4&#8243; _module_preset=&#8221;default&#8221; filter_hue_rotate=&#8221;131deg&#8221; filter_saturate=&#8221;44%&#8221; filter_brightness=&#8221;94%&#8221; filter_contrast=&#8221;116%&#8221; filter_invert=&#8221;9%&#8221; filter_sepia=&#8221;45%&#8221; box_shadow_style=&#8221;preset2&#8243; global_colors_info=&#8221;{}&#8221;][\/et_pb_image][\/et_pb_column][et_pb_column type=&#8221;2_3&#8243; _builder_version=&#8221;4.16&#8243; _module_preset=&#8221;default&#8221; global_colors_info=&#8221;{}&#8221;][et_pb_text _builder_version=&#8221;4.18.0&#8243; _module_preset=&#8221;default&#8221; hover_enabled=&#8221;0&#8243; global_colors_info=&#8221;{}&#8221; sticky_enabled=&#8221;0&#8243;]<\/p>\n<h1>Manuele Vilaro<\/h1>\n<p>Nacque a Vic (Barcellona) il 22 settembre 1816. Era di bassa statura, ma di piacevole portamento, gentile, allegro e modesto. Fu tra i primi ad accompagnare P. Claret nelle sue opere apostoliche. Per le sue eccezionali qualit\u00e0, fu scelto per la fondazione della Congregazione. Fu che all&#8217;udire l&#8217;affermazione di P. Claret: &#8220;Oggi iniziamo una grande opera&#8221;, con un sorriso umoristico, replic\u00f2: &#8220;Cosa possiamo fare visto che siamo cos\u00ec giovani e cos\u00ec pochi?&#8221;. Claret rispose: &#8220;Vedrete. Se siamo giovani e pochi, pi\u00f9 brilleranno la potenza e la misericordia di Dio&#8221;. Padre Vilar\u00f3 fu anche scelto per accompagnare P. Claret quando quest&#8217;ultimo and\u00f2 a Santiago di Cuba come arcivescovo. L\u00ec lavor\u00f2 instancabilmente predicando missioni, ritiri e conferenze ma, vittima del suo grande zelo, dovette tornare a Vic nel 1852. L\u00ec, su richiesta della sua famiglia, rimase nella sua casa e non con la comunit\u00e0; lo fece forse per non distrarre l&#8217;attenzione dei missionari che si occupavano di lui, visto che erano molto pochi. Ma nel suo cuore era sempre con loro fino alla sua morte, avvenuta qualche mese dopo. Nella sua malattia, fu sempre assistito da P. Clotet, nelle cui braccia molto probabilmente mor\u00ec. A causa degli ultimi eventi della sua vita, P. Xifr\u00e9 lo consider\u00f2 escluso dalla Congregazione. Il Capitolo Generale del 1922 lo riabilit\u00f2 e lo mise di nuovo al livello degli altri cofondatori.<\/p>\n<p>Il P. Claret scrive nella sua Autobiografia a proposito del P. Vilar\u00f3 (n. 592): &#8220;L&#8217;ho fatto mio segretario e ha svolto questo lavoro molto bene. Oltre a fare il mio segretario, predicava e confessava frequentemente. Era ben educato, virtuoso, zelante e gran lavoratore. Si ammal\u00f2 e poich\u00e9 i medici di Cuba non potevano fare nulla per lui, gli ordinarono di tornare in Spagna, dove mor\u00ec nella sua citt\u00e0 natale, Vic&#8221;.<\/p>\n<p><a href=\"https:\/\/drive.google.com\/drive\/folders\/1SC3iJIkuKs5e7RWM1Vcaj4s5QIxHZP80\" target=\"_blank\" rel=\"noopener nofollow\">Immagini<\/a> |<\/p>\n<p>&nbsp;<\/p>\n<p>[\/et_pb_text][\/et_pb_column][\/et_pb_row][et_pb_row column_structure=&#8221;1_3,2_3&#8243; _builder_version=&#8221;4.16&#8243; _module_preset=&#8221;default&#8221; global_colors_info=&#8221;{}&#8221;][et_pb_column type=&#8221;1_3&#8243; _builder_version=&#8221;4.16&#8243; _module_preset=&#8221;default&#8221; global_colors_info=&#8221;{}&#8221;][et_pb_image src=&#8221;https:\/\/www.claret.org\/wp-content\/uploads\/2022\/07\/fabregas-scaled.webp&#8221; title_text=&#8221;fabregas&#8221; _builder_version=&#8221;4.17.4&#8243; _module_preset=&#8221;default&#8221; filter_hue_rotate=&#8221;131deg&#8221; filter_saturate=&#8221;44%&#8221; filter_brightness=&#8221;94%&#8221; filter_contrast=&#8221;116%&#8221; filter_invert=&#8221;9%&#8221; filter_sepia=&#8221;45%&#8221; box_shadow_style=&#8221;preset2&#8243; global_colors_info=&#8221;{}&#8221;][\/et_pb_image][\/et_pb_column][et_pb_column type=&#8221;2_3&#8243; _builder_version=&#8221;4.16&#8243; _module_preset=&#8221;default&#8221; global_colors_info=&#8221;{}&#8221;][et_pb_text _builder_version=&#8221;4.18.0&#8243; _module_preset=&#8221;default&#8221; hover_enabled=&#8221;0&#8243; global_colors_info=&#8221;{}&#8221; sticky_enabled=&#8221;0&#8243;]<\/p>\n<h1> Domenico Fabregas <\/h1>\n<p>Nacque a Or\u00eds (Barcellona) il 10 luglio 1817. Era piuttosto basso, semplice e timido, di carattere un po&#8217; malinconico, laborioso, con una voce chiara e penetrante che attirava grande pubblico alle sue prediche. Come Xifr\u00e9, e forse insieme a lui, anche lui dovette andare a Roma e soggiornare nel convento di San Basilio. L\u00ec ebbe per la prima volta il contatto con il famoso &#8220;Mos\u00e9n&#8221; Claret, che molto probabilmente gi\u00e0 conosceva, dato che era solo due anni avanti a lui in seminario. Fu ordinato sacerdote a Roma. Tornato in Spagna, si dedic\u00f2 alla cura delle anime finch\u00e9 un giorno fu chiamato da Mons. Casadevall che lo invit\u00f2 a mettersi in contatto con Mos\u00e9n Claret. Il 16 luglio 1849 fond\u00f2 la Congregazione insieme a Claret e agli altri compagni. Fu consigliere generale della Congregazione. Fu responsabile della fondazione della casa di Segovia nel 1861 e si dedic\u00f2 alla predicazione in tutta la regione. Fu anche incaricato della fondazione di Huesca. Dopo diversi incarichi in tutta la Catalogna, gi\u00e0 avanti negli anni, la morte lo raggiunse a Solsona nell&#8217;anno 1895.<\/p>\n<p><a href=\"https:\/\/drive.google.com\/drive\/folders\/1v_REGXxiuymNoO9B2aWFxEeJd78w1nMB\" target=\"_blank\" rel=\"noopener nofollow\">Immagini<\/a> |<\/p>\n<p>&nbsp;<\/p>\n<p>[\/et_pb_text][\/et_pb_column][\/et_pb_row][et_pb_row column_structure=&#8221;1_3,2_3&#8243; _builder_version=&#8221;4.16&#8243; _module_preset=&#8221;default&#8221; global_colors_info=&#8221;{}&#8221;][et_pb_column type=&#8221;1_3&#8243; _builder_version=&#8221;4.16&#8243; _module_preset=&#8221;default&#8221; global_colors_info=&#8221;{}&#8221;][et_pb_image src=&#8221;https:\/\/www.claret.org\/wp-content\/uploads\/2022\/07\/jaime-clotet-scaled.webp&#8221; title_text=&#8221;jaime clotet&#8221; _builder_version=&#8221;4.17.4&#8243; _module_preset=&#8221;default&#8221; filter_hue_rotate=&#8221;131deg&#8221; filter_saturate=&#8221;44%&#8221; filter_brightness=&#8221;94%&#8221; filter_contrast=&#8221;116%&#8221; filter_invert=&#8221;9%&#8221; filter_sepia=&#8221;45%&#8221; box_shadow_style=&#8221;preset2&#8243; global_colors_info=&#8221;{}&#8221;][\/et_pb_image][\/et_pb_column][et_pb_column type=&#8221;2_3&#8243; _builder_version=&#8221;4.16&#8243; _module_preset=&#8221;default&#8221; global_colors_info=&#8221;{}&#8221;][et_pb_text _builder_version=&#8221;4.18.0&#8243; _module_preset=&#8221;default&#8221; hover_enabled=&#8221;0&#8243; global_colors_info=&#8221;{}&#8221; sticky_enabled=&#8221;0&#8243;]<\/p>\n<h1> Giacomo Clotet <\/h1>\n<p>Nacque a Manresa (Barcellona) il 24 luglio 1822. Studi\u00f2 filosofia e teologia a Barcellona, poi si trasfer\u00ec a Vic, studiando morale. And\u00f2 a Roma, dove fu ordinato sacerdote. Tornato in Spagna, ricopr\u00ec vari incarichi pastorali, ma ben presto si rese conto che la sua vocazione non era la cura delle anime. Su consiglio del signor Passarell, segretario del vescovo di Vic, incontra padre Claret, che conosce solo per sentito dire. Era il giugno 1849. Si unisce a P. Claret in luglio per fondare la Congregazione. Presto si occupa dei primi Fratelli della Congregazione. Nel 1858, \u00e8 nominato Vicedirettore Generale della Congregazione. Nel 1870, accompagna il P. Claret a Fontfroide durante i suoi ultimi giorni, scrivendo un riassunto della sua vita. Nel 1888 cess\u00f2 di essere Sotto-Direttore Generale e divenne Segretario. Scrisse libri sulla catechesi dei sordomuti e promosse la Causa di Beatificazione del Padre Claret. Nel 1898 mor\u00ec nella casa di Gracia (Barcellona) con fama di santit\u00e0. La sua causa di beatificazione viene introdotta a Roma.<\/p>\n<p>Breve ritratto di un biografo: &#8220;amato e venerato da tutti, instancabile forgiatore della propria perfezione cristiana e religiosa; sollecito del benessere di ciascuno; che passava sulla terra lasciando dietro di s\u00e9 un soave profumo di santit\u00e0. Non aveva alcun nemico&#8221;.<\/p>\n<p><a href=\"https:\/\/drive.google.com\/drive\/folders\/1-JDEbbAREKWOGoU4mGc6qDW3MC-F6yzB\" target=\"_blank\" rel=\"noopener nofollow\">Immagini<\/a> | <a href=\"https:\/\/www.claret.org\/it\/fondatori\/anno-clotet\/\">Anno di vestizione<\/a> <\/p>\n<p>[\/et_pb_text][\/et_pb_column][\/et_pb_row][\/et_pb_section]<\/p>\n","protected":false},"excerpt":{"rendered":"<p>La Congregazione dei Missionari Figli del Cuore Immacolato della Beata Vergine Maria, conosciuta anche come Missionari Clarettiani, fu fondata il 16 luglio 1849 a Vic, in Spagna da Sant&#8217;Antonio Maria Claret e altri cinque giovani sacerdoti, P. Giuseppe Xifr\u00e9, P. Stefano Sala, P. Domenico Fabregas, P. Manuele Vilaro, P. Jaume Clotet.Sant\u2019Antonio Maria Claret Antonio Giovanni [&hellip;]<\/p>\n","protected":false},"author":2,"featured_media":162283,"parent":0,"menu_order":0,"comment_status":"closed","ping_status":"closed","template":"","meta":{"_et_pb_use_builder":"on","_et_pb_old_content":"","_et_gb_content_width":"","footnotes":""},"class_list":["post-117890","page","type-page","status-publish","has-post-thumbnail","hentry"],"jetpack_sharing_enabled":true,"jetpack_shortlink":"https:\/\/wp.me\/PdaBmi-uFs","jetpack_likes_enabled":true,"_links":{"self":[{"href":"https:\/\/www.claret.org\/it\/wp-json\/wp\/v2\/pages\/117890","targetHints":{"allow":["GET"]}}],"collection":[{"href":"https:\/\/www.claret.org\/it\/wp-json\/wp\/v2\/pages"}],"about":[{"href":"https:\/\/www.claret.org\/it\/wp-json\/wp\/v2\/types\/page"}],"author":[{"embeddable":true,"href":"https:\/\/www.claret.org\/it\/wp-json\/wp\/v2\/users\/2"}],"replies":[{"embeddable":true,"href":"https:\/\/www.claret.org\/it\/wp-json\/wp\/v2\/comments?post=117890"}],"version-history":[{"count":0,"href":"https:\/\/www.claret.org\/it\/wp-json\/wp\/v2\/pages\/117890\/revisions"}],"wp:featuredmedia":[{"embeddable":true,"href":"https:\/\/www.claret.org\/it\/wp-json\/wp\/v2\/media\/162283"}],"wp:attachment":[{"href":"https:\/\/www.claret.org\/it\/wp-json\/wp\/v2\/media?parent=117890"}],"curies":[{"name":"wp","href":"https:\/\/api.w.org\/{rel}","templated":true}]}}