{"id":119590,"date":"2022-03-22T09:33:48","date_gmt":"2022-03-22T08:33:48","guid":{"rendered":"https:\/\/www.claret.org\/uffici-e-segreterie\/"},"modified":"2023-01-26T23:30:01","modified_gmt":"2023-01-26T22:30:01","slug":"uffici-e-segreterie","status":"publish","type":"page","link":"https:\/\/www.claret.org\/it\/governo-generale\/uffici-e-segreterie\/","title":{"rendered":"Uffici e Segreterie"},"content":{"rendered":"<p>[et_pb_section fb_built=&#8221;1&#8243; fullwidth=&#8221;on&#8221; _builder_version=&#8221;4.16&#8243; _module_preset=&#8221;default&#8221; global_colors_info=&#8221;{}&#8221;][et_pb_fullwidth_header title=&#8221;@ET-DC@eyJkeW5hbWljIjp0cnVlLCJjb250ZW50IjoicG9zdF90aXRsZSIsInNldHRpbmdzIjp7ImJlZm9yZSI6IiIsImFmdGVyIjoiIn19@&#8221; _builder_version=&#8221;4.16&#8243; _dynamic_attributes=&#8221;title&#8221; _module_preset=&#8221;default&#8221; global_colors_info=&#8221;{}&#8221;]<\/p>\n<p>Segreterie Generali e Uffici al servizio del Governo Generale<\/p>\n<p>[\/et_pb_fullwidth_header][\/et_pb_section][et_pb_section fb_built=&#8221;1&#8243; _builder_version=&#8221;4.16&#8243; _module_preset=&#8221;default&#8221; custom_padding=&#8221;41px|||||&#8221; global_colors_info=&#8221;{}&#8221;][et_pb_row column_structure=&#8221;1_4,1_4,1_4,1_4&#8243; _builder_version=&#8221;4.16&#8243; _module_preset=&#8221;default&#8221; global_colors_info=&#8221;{}&#8221;][et_pb_column type=&#8221;1_4&#8243; _builder_version=&#8221;4.16&#8243; _module_preset=&#8221;default&#8221; global_colors_info=&#8221;{}&#8221;][et_pb_blurb title=&#8221;Segretario Generale&#8221; use_icon=&#8221;on&#8221; font_icon=&#8221;&#xf4ff;||fa||900&#8243; _builder_version=&#8221;4.19.5&#8243; _module_preset=&#8221;default&#8221; text_orientation=&#8221;center&#8221; hover_enabled=&#8221;0&#8243; global_colors_info=&#8221;{}&#8221; sticky_enabled=&#8221;0&#8243;]<\/p>\n<h2>P. Efren Limpo Lo<\/h2>\n<p>[\/et_pb_blurb][\/et_pb_column][et_pb_column type=&#8221;1_4&#8243; _builder_version=&#8221;4.16&#8243; _module_preset=&#8221;default&#8221; global_colors_info=&#8221;{}&#8221;][et_pb_blurb title=&#8221;Procuratore Generale&#8221; use_icon=&#8221;on&#8221; font_icon=&#8221;&#xf674;||fa||900&#8243; _builder_version=&#8221;4.19.5&#8243; _module_preset=&#8221;default&#8221; text_orientation=&#8221;center&#8221; hover_enabled=&#8221;0&#8243; global_colors_info=&#8221;{}&#8221; sticky_enabled=&#8221;0&#8243;]<\/p>\n<h2>P. Jose F\u00e9lix Valderr\u00e1bano Ordeig<\/h2>\n<p>[\/et_pb_blurb][\/et_pb_column][et_pb_column type=&#8221;1_4&#8243; _builder_version=&#8221;4.16&#8243; _module_preset=&#8221;default&#8221; global_colors_info=&#8221;{}&#8221;][et_pb_blurb title=&#8221;Archivio Generale&#8221; use_icon=&#8221;on&#8221; font_icon=&#8221;&#xf468;||fa||900&#8243; _builder_version=&#8221;4.19.5&#8243; _module_preset=&#8221;default&#8221; text_orientation=&#8221;center&#8221; hover_enabled=&#8221;0&#8243; global_colors_info=&#8221;{}&#8221; sticky_enabled=&#8221;0&#8243;]<\/p>\n<h2>P. Vicente Sanz<\/h2>\n<p>[\/et_pb_blurb][\/et_pb_column][et_pb_column type=&#8221;1_4&#8243; _builder_version=&#8221;4.16&#8243; _module_preset=&#8221;default&#8221; global_colors_info=&#8221;{}&#8221;][et_pb_blurb title=&#8221;Segretario delle Prefetture&#8221; use_icon=&#8221;on&#8221; font_icon=&#8221;&#xf80d;||fa||900&#8243; _builder_version=&#8221;4.19.5&#8243; _module_preset=&#8221;default&#8221; text_orientation=&#8221;center&#8221; hover_enabled=&#8221;0&#8243; global_colors_info=&#8221;{}&#8221; sticky_enabled=&#8221;0&#8243;]<\/p>\n<h2>P. Joseph Ikemefuna Iwobi<\/h2>\n<p>[\/et_pb_blurb][\/et_pb_column][\/et_pb_row][et_pb_row column_structure=&#8221;1_3,1_3,1_3&#8243; _builder_version=&#8221;4.16&#8243; _module_preset=&#8221;default&#8221; global_colors_info=&#8221;{}&#8221;][et_pb_column type=&#8221;1_3&#8243; _builder_version=&#8221;4.16&#8243; _module_preset=&#8221;default&#8221; global_colors_info=&#8221;{}&#8221;][et_pb_blurb title=&#8221;Postulatore Generale&#8221; use_icon=&#8221;on&#8221; font_icon=&#8221;&#xf684;||fa||900&#8243; _builder_version=&#8221;4.19.5&#8243; _module_preset=&#8221;default&#8221; text_orientation=&#8221;center&#8221; hover_enabled=&#8221;0&#8243; global_colors_info=&#8221;{}&#8221; sticky_enabled=&#8221;0&#8243;]<\/p>\n<h2>P. Krzysztof Gierat<\/h2>\n<p>[\/et_pb_blurb][\/et_pb_column][et_pb_column type=&#8221;1_3&#8243; _builder_version=&#8221;4.16&#8243; _module_preset=&#8221;default&#8221; global_colors_info=&#8221;{}&#8221;][et_pb_blurb title=&#8221;Squadra CESC&#8221; use_icon=&#8221;on&#8221; font_icon=&#8221;&#xf21e;||fa||900&#8243; _builder_version=&#8221;4.19.5&#8243; _module_preset=&#8221;default&#8221; text_orientation=&#8221;center&#8221; hover_enabled=&#8221;0&#8243; global_colors_info=&#8221;{}&#8221; sticky_enabled=&#8221;0&#8243;]<\/p>\n<h2>P. Juan Carlos Martos Paredes<\/h2>\n<p>Director<\/p>\n<p>P. Josep Rovira Arumi<br \/>P. Sebastian Mundackal<br \/>P. Salvador Le\u00f3n Bel\u00e9n<br \/>P. Paulson Veliyannoor<br \/>P. F\u00e9lix K. Ketoglo<br \/>P. Rohan Peires<br \/>H. Mario Kevin Rivera Armijo<\/p>\n<p>[\/et_pb_blurb][\/et_pb_column][et_pb_column type=&#8221;1_3&#8243; _builder_version=&#8221;4.16&#8243; _module_preset=&#8221;default&#8221; global_colors_info=&#8221;{}&#8221;][et_pb_blurb title=&#8221;Raccoglitore Generale delle Messe&#8221; use_icon=&#8221;on&#8221; font_icon=&#8221;&#xf67f;||fa||900&#8243; _builder_version=&#8221;4.19.5&#8243; _module_preset=&#8221;default&#8221; text_orientation=&#8221;center&#8221; hover_enabled=&#8221;0&#8243; global_colors_info=&#8221;{}&#8221; sticky_enabled=&#8221;0&#8243;]<\/p>\n<h2>H. Salvador Segura Santana<\/h2>\n<p>[\/et_pb_blurb][\/et_pb_column][\/et_pb_row][et_pb_row column_structure=&#8221;1_4,1_4,1_4,1_4&#8243; _builder_version=&#8221;4.16&#8243; _module_preset=&#8221;default&#8221; global_colors_info=&#8221;{}&#8221;][et_pb_column type=&#8221;1_4&#8243; _builder_version=&#8221;4.16&#8243; _module_preset=&#8221;default&#8221; global_colors_info=&#8221;{}&#8221;][et_pb_blurb title=&#8221;Commissione Generale Economica&#8221; use_icon=&#8221;on&#8221; font_icon=&#8221;&#xf51e;||fa||900&#8243; _builder_version=&#8221;4.19.5&#8243; _module_preset=&#8221;default&#8221; text_orientation=&#8221;center&#8221; hover_enabled=&#8221;0&#8243; global_colors_info=&#8221;{}&#8221; sticky_enabled=&#8221;0&#8243;]<\/p>\n<p>P. Luiz Claudemir Botteon<br \/>P. Rafael G\u00f3mez Busto<br \/>P. \u00c1ngel de la Parte Par\u00eds<br \/>P. John Arazkaparampil<br \/>P. Juan Jos\u00e9 Garc\u00eda S\u00e1nchez<br \/>P. Gustavo Adolfo Verdugo Lazo<br \/>Fr. Salvador Segura Santana<br \/>Fr. Giovanni Mauricio Ram\u00edrez Vanegas<br \/>P. Manuel Alfredo Tamargo Rodr\u00edguez<\/p>\n<p>[\/et_pb_blurb][\/et_pb_column][et_pb_column type=&#8221;1_4&#8243; _builder_version=&#8221;4.16&#8243; _module_preset=&#8221;default&#8221; global_colors_info=&#8221;{}&#8221;][et_pb_blurb title=&#8221;Consiglio Generale dell&#039;Economia&#8221; use_icon=&#8221;on&#8221; font_icon=&#8221;&#xf4ce;||fa||900&#8243; _builder_version=&#8221;4.16&#8243; _module_preset=&#8221;default&#8221; text_orientation=&#8221;center&#8221; global_colors_info=&#8221;{}&#8221;]<\/p>\n<p>P. Rosendo Urrabazo<br \/>P. Domingo \u00c1ngel Grill\u00eda Biestro<br \/>P. Nathaniel Eke<br \/>P. George Vayaliparampil<br \/>P. Luiz Claudemir Botteon<br \/>P. Rafael G\u00f3mez Busto<br \/>P. \u00c1ngel de la Parte Par\u00eds<br \/>P. John Arazkaparampil<br \/>P. Juan Jos\u00e9 Garc\u00eda S\u00e1nchez<br \/>P. Gustavo Adolfo Verdugo Lazo<br \/>Fr. Salvador Segura Santana<br \/>Fr. Giovanni Mauricio Ram\u00edrez Vanegas<br \/>P. Manuel Alfredo Tamargo Rodr\u00edguez<\/p>\n<p>[\/et_pb_blurb][\/et_pb_column][et_pb_column type=&#8221;1_4&#8243; _builder_version=&#8221;4.16&#8243; _module_preset=&#8221;default&#8221; global_colors_info=&#8221;{}&#8221;][et_pb_blurb title=&#8221;Squadra di Amministrazione Generale&#8221; use_icon=&#8221;on&#8221; font_icon=&#8221;&#xf509;||fa||900&#8243; _builder_version=&#8221;4.17.1&#8243; _module_preset=&#8221;default&#8221; text_orientation=&#8221;center&#8221; global_colors_info=&#8221;{}&#8221;]<\/p>\n<p>Fr. Salvador Segura Santana<br \/>Fr. Giovanni Mauricio Ram\u00edrez Vanegas<br \/>P. Manuel Alfredo Tamargo Rodr\u00edguez<\/p>\n<p>[\/et_pb_blurb][\/et_pb_column][et_pb_column type=&#8221;1_4&#8243; _builder_version=&#8221;4.16&#8243; _module_preset=&#8221;default&#8221; global_colors_info=&#8221;{}&#8221;][et_pb_blurb title=&#8221;Assistente dell&#039;Amministrazione Generale&#8221; use_icon=&#8221;on&#8221; font_icon=&#8221;&#xe0d8;||divi||400&#8243; _builder_version=&#8221;4.19.5&#8243; _module_preset=&#8221;default&#8221; text_orientation=&#8221;center&#8221; hover_enabled=&#8221;0&#8243; global_colors_info=&#8221;{}&#8221; sticky_enabled=&#8221;0&#8243;]<\/p>\n<h2>H. Salvador Segura Santana<\/h2>\n<p>[\/et_pb_blurb][et_pb_blurb title=&#8221;Assistente dell&#039;Amministrazione Generale e della Procura Generale di Missione&#8221; use_icon=&#8221;on&#8221; font_icon=&#8221;&#xf543;||fa||900&#8243; _builder_version=&#8221;4.19.5&#8243; _module_preset=&#8221;default&#8221; text_orientation=&#8221;center&#8221; hover_enabled=&#8221;0&#8243; global_colors_info=&#8221;{}&#8221; sticky_enabled=&#8221;0&#8243;]<\/p>\n<h2>H. Giovanni Ram\u00edrez<\/h2>\n<p>[\/et_pb_blurb][\/et_pb_column][\/et_pb_row][et_pb_row column_structure=&#8221;1_4,1_4,1_4,1_4&#8243; _builder_version=&#8221;4.16&#8243; _module_preset=&#8221;default&#8221; global_colors_info=&#8221;{}&#8221;][et_pb_column type=&#8221;1_4&#8243; _builder_version=&#8221;4.16&#8243; _module_preset=&#8221;default&#8221; global_colors_info=&#8221;{}&#8221;][et_pb_blurb title=&#8221;SOLIDARIET\u00c0 E MISSIONE (SOMI)&#8221; use_icon=&#8221;on&#8221; font_icon=&#8221;&#xe08b;||divi||400&#8243; _builder_version=&#8221;4.19.5&#8243; _module_preset=&#8221;default&#8221; text_orientation=&#8221;center&#8221; hover_enabled=&#8221;0&#8243; global_colors_info=&#8221;{}&#8221; sticky_enabled=&#8221;0&#8243;]<\/p>\n<h2>TEAM<\/h2>\n<p>P. Pedro Belderrain Belderrain<br \/>P. Lord Winner Maria John<br \/>P. Susaimanickam Vincent<br \/>P. Rohan Dominic T.L.<\/p>\n<p>[\/et_pb_blurb][\/et_pb_column][et_pb_column type=&#8221;1_4&#8243; _builder_version=&#8221;4.16&#8243; _module_preset=&#8221;default&#8221; global_colors_info=&#8221;{}&#8221;][et_pb_blurb title=&#8221;JPIC Segretario Generale&#8221; use_icon=&#8221;on&#8221; font_icon=&#8221;&#xf18c;||fa||400&#8243; _builder_version=&#8221;4.19.5&#8243; _module_preset=&#8221;default&#8221; text_orientation=&#8221;center&#8221; hover_enabled=&#8221;0&#8243; global_colors_info=&#8221;{}&#8221; sticky_enabled=&#8221;0&#8243;]<\/p>\n<h2>P. Vincent Anes<\/h2>\n<p>[\/et_pb_blurb][\/et_pb_column][et_pb_column type=&#8221;1_4&#8243; _builder_version=&#8221;4.16&#8243; _module_preset=&#8221;default&#8221; global_colors_info=&#8221;{}&#8221;][et_pb_blurb title=&#8221;Procuratore Generale di Missione&#8221; use_icon=&#8221;on&#8221; font_icon=&#8221;&#xf4c0;||fa||900&#8243; _builder_version=&#8221;4.19.5&#8243; _module_preset=&#8221;default&#8221; text_orientation=&#8221;center&#8221; hover_enabled=&#8221;0&#8243; global_colors_info=&#8221;{}&#8221; sticky_enabled=&#8221;0&#8243;]<\/p>\n<h2>P. Lord Winner<\/h2>\n<p>[\/et_pb_blurb][\/et_pb_column][et_pb_column type=&#8221;1_4&#8243; _builder_version=&#8221;4.16&#8243; _module_preset=&#8221;default&#8221; global_colors_info=&#8221;{}&#8221;][et_pb_blurb title=&#8221;Squadra CMF all&#039;ONU&#8221; use_icon=&#8221;on&#8221; font_icon=&#8221;&#xf024;||fa||900&#8243; _builder_version=&#8221;4.19.5&#8243; _module_preset=&#8221;default&#8221; text_orientation=&#8221;center&#8221; hover_enabled=&#8221;0&#8243; global_colors_info=&#8221;{}&#8221; sticky_enabled=&#8221;0&#8243;]<\/p>\n<p>Director:<\/p>\n<h2>P. Rohan Dominic T.L.<\/h2>\n<p>P. Miguel \u00c1ngel Velasco L\u00f3pez<br \/>P. Henry Ram\u00edrez Soler<br \/>P. Robert A. Omondi<\/p>\n<p>[\/et_pb_blurb][\/et_pb_column][\/et_pb_row][et_pb_row column_structure=&#8221;1_2,1_2&#8243; _builder_version=&#8221;4.16&#8243; _module_preset=&#8221;default&#8221; global_colors_info=&#8221;{}&#8221;][et_pb_column type=&#8221;1_2&#8243; _builder_version=&#8221;4.16&#8243; _module_preset=&#8221;default&#8221; global_colors_info=&#8221;{}&#8221;][et_pb_blurb title=&#8221;Squadra di comunicazione&#8221; use_icon=&#8221;on&#8221; font_icon=&#8221;&#xf7c0;||fa||900&#8243; _builder_version=&#8221;4.19.5&#8243; _module_preset=&#8221;default&#8221; text_orientation=&#8221;center&#8221; hover_enabled=&#8221;0&#8243; global_colors_info=&#8221;{}&#8221; sticky_enabled=&#8221;0&#8243;]<\/p>\n<h2>P. Henry Babatunde Omonisaye<\/h2>\n<p>Prefetto<\/p>\n<h2>P. Louie R. Guades III<\/h2>\n<p>Coordinatore<\/p>\n<h2>P. Jos\u00e9 Enrique Garc\u00eda Rizo<\/h2>\n<p>Relazioni esterne<\/p>\n<h2>P. Nelson Thomas Puthenparambil<\/h2>\n<p>Cybermissionaries &#8211; Media Sociali<\/p>\n<h2>P. Joseph Ikemefuna Iwobi<\/h2>\n<p>Arti Digitali e Trasmissioni<\/p>\n<p>Claretian Publishing Group[\/et_pb_blurb][\/et_pb_column][et_pb_column type=&#8221;1_2&#8243; _builder_version=&#8221;4.16&#8243; _module_preset=&#8221;default&#8221; global_colors_info=&#8221;{}&#8221;][et_pb_blurb title=&#8221;PGV CMF Consiglio Consultivo&#8221; use_icon=&#8221;on&#8221; font_icon=&#8221;&#xf1ae;||fa||900&#8243; _builder_version=&#8221;4.19.5&#8243; _module_preset=&#8221;default&#8221; text_orientation=&#8221;center&#8221; hover_enabled=&#8221;0&#8243; global_colors_info=&#8221;{}&#8221; sticky_enabled=&#8221;0&#8243;]<\/p>\n<p>Capo:<\/p>\n<h2>H. Carlos Verga<\/h2>\n<p>ACLA<\/p>\n<h2>P. John Obonyo<\/h2>\n<p>ASCLA East<\/p>\n<h2>P. Martin Ele<\/h2>\n<p>ASCLA West<\/p>\n<h2>P. Thomas Paingottu<\/h2>\n<p>ECLA<\/p>\n<h2>P. Jo\u00e3o Lu\u00eds Escaleira<\/h2>\n<p>MICLA<\/p>\n<h2>P. Julio Arv\u00e1ez<\/h2>\n<p>CLARET WAY GLOBAL<\/p>\n<h2>P. Luis Enrique Ortiz<\/h2>\n<p>[\/et_pb_blurb][\/et_pb_column][\/et_pb_row][\/et_pb_section]<\/p>\n","protected":false},"excerpt":{"rendered":"<p>Segreterie Generali e Uffici al servizio del Governo GeneraleP. Efren Limpo LoP. Jose F\u00e9lix Valderr\u00e1bano OrdeigP. Vicente SanzP. Joseph Ikemefuna IwobiP. Krzysztof GieratP. Juan Carlos Martos Paredes Director P. Josep Rovira ArumiP. Sebastian MundackalP. Salvador Le\u00f3n Bel\u00e9nP. Paulson VeliyannoorP. F\u00e9lix K. KetogloP. Rohan PeiresH. Mario Kevin Rivera ArmijoH. Salvador Segura SantanaP. Luiz Claudemir BotteonP. Rafael [&hellip;]<\/p>\n","protected":false},"author":2,"featured_media":162300,"parent":116114,"menu_order":0,"comment_status":"closed","ping_status":"closed","template":"","meta":{"_et_pb_use_builder":"on","_et_pb_old_content":"","_et_gb_content_width":"","footnotes":""},"class_list":["post-119590","page","type-page","status-publish","has-post-thumbnail","hentry"],"jetpack_sharing_enabled":true,"jetpack_shortlink":"https:\/\/wp.me\/PdaBmi-v6S","jetpack_likes_enabled":true,"_links":{"self":[{"href":"https:\/\/www.claret.org\/it\/wp-json\/wp\/v2\/pages\/119590","targetHints":{"allow":["GET"]}}],"collection":[{"href":"https:\/\/www.claret.org\/it\/wp-json\/wp\/v2\/pages"}],"about":[{"href":"https:\/\/www.claret.org\/it\/wp-json\/wp\/v2\/types\/page"}],"author":[{"embeddable":true,"href":"https:\/\/www.claret.org\/it\/wp-json\/wp\/v2\/users\/2"}],"replies":[{"embeddable":true,"href":"https:\/\/www.claret.org\/it\/wp-json\/wp\/v2\/comments?post=119590"}],"version-history":[{"count":0,"href":"https:\/\/www.claret.org\/it\/wp-json\/wp\/v2\/pages\/119590\/revisions"}],"up":[{"embeddable":true,"href":"https:\/\/www.claret.org\/it\/wp-json\/wp\/v2\/pages\/116114"}],"wp:featuredmedia":[{"embeddable":true,"href":"https:\/\/www.claret.org\/it\/wp-json\/wp\/v2\/media\/162300"}],"wp:attachment":[{"href":"https:\/\/www.claret.org\/it\/wp-json\/wp\/v2\/media?parent=119590"}],"curies":[{"name":"wp","href":"https:\/\/api.w.org\/{rel}","templated":true}]}}