{"id":129978,"date":"2022-07-01T23:05:13","date_gmt":"2022-07-01T21:05:13","guid":{"rendered":"https:\/\/www.claret.org\/apostolato\/istituti-di-vita-consacrata\/"},"modified":"2023-07-04T09:51:14","modified_gmt":"2023-07-04T07:51:14","slug":"istituti-di-vita-consacrata","status":"publish","type":"page","link":"https:\/\/www.claret.org\/it\/apostolato\/istituti-di-vita-consacrata\/","title":{"rendered":"Istituti di Vita Consacrata"},"content":{"rendered":"<p>[et_pb_section fb_built=&#8221;1&#8243; fullwidth=&#8221;on&#8221; _builder_version=&#8221;4.17.4&#8243; _module_preset=&#8221;default&#8221; global_colors_info=&#8221;{}&#8221;][et_pb_fullwidth_header title=&#8221;@ET-DC@eyJkeW5hbWljIjp0cnVlLCJjb250ZW50IjoicG9zdF90aXRsZSIsInNldHRpbmdzIjp7ImJlZm9yZSI6IiIsImFmdGVyIjoiIn19@&#8221; _builder_version=&#8221;4.17.4&#8243; _dynamic_attributes=&#8221;title&#8221; _module_preset=&#8221;default&#8221; global_colors_info=&#8221;{}&#8221;]<\/p>\n<p>Istituti di Vita Consacrata gestiti dai Missionari Clarettiani in tutto il mondo <\/p>\n<p>[\/et_pb_fullwidth_header][\/et_pb_section][et_pb_section fb_built=&#8221;1&#8243; _builder_version=&#8221;4.17.4&#8243; _module_preset=&#8221;default&#8221; global_colors_info=&#8221;{}&#8221;][et_pb_row _builder_version=&#8221;4.17.4&#8243; _module_preset=&#8221;default&#8221; global_colors_info=&#8221;{}&#8221;][et_pb_column type=&#8221;4_4&#8243; _builder_version=&#8221;4.17.4&#8243; _module_preset=&#8221;default&#8221; global_colors_info=&#8221;{}&#8221;][et_pb_text _builder_version=&#8221;4.17.4&#8243; _module_preset=&#8221;default&#8221; global_colors_info=&#8221;{}&#8221;]<\/p>\n<h1>AFRICA<\/h1>\n<p>[\/et_pb_text][\/et_pb_column][\/et_pb_row][et_pb_row column_structure=&#8221;2_5,3_5&#8243; _builder_version=&#8221;4.17.4&#8243; _module_preset=&#8221;default&#8221; global_colors_info=&#8221;{}&#8221;][et_pb_column type=&#8221;2_5&#8243; _builder_version=&#8221;4.17.4&#8243; _module_preset=&#8221;default&#8221; global_colors_info=&#8221;{}&#8221;][et_pb_image src=&#8221;https:\/\/www.claret.org\/wp-content\/uploads\/2022\/07\/aicla.jpg&#8221; title_text=&#8221;aicla&#8221; _builder_version=&#8221;4.17.4&#8243; _module_preset=&#8221;default&#8221; box_shadow_style=&#8221;preset2&#8243; global_colors_info=&#8221;{}&#8221;][\/et_pb_image][\/et_pb_column][et_pb_column type=&#8221;3_5&#8243; _builder_version=&#8221;4.17.4&#8243; _module_preset=&#8221;default&#8221; global_colors_info=&#8221;{}&#8221;][et_pb_text _builder_version=&#8221;4.17.4&#8243; _module_preset=&#8221;default&#8221; global_colors_info=&#8221;{}&#8221;]<\/p>\n<h1>INCLA<\/h1>\n<h2>Istituto di Vita Consacrata in Africa<\/h2>\n<p>InCLA \u00e8 un Istituto di Vita Consacrata in Africa, unico nel suo genere, che offre una specializzazione nella vita consacrata. InCLA \u00e8 preceduto da diverse conferenze organizzate localmente dai clarettiani per far conoscere questa iniziativa: la prima conferenza si \u00e8 tenuta ad Abuja nel novembre 2017, la seconda a Enugu nel novembre 2018, mentre la terza conferenza si \u00e8 tenuta a Lagos nel novembre 2019. L&#8217;Istituto \u00e8 affiliato alla Pontificia Universit\u00e0 Lateranense di Roma.<\/p>\n<p>Sito web: <a href=\"https:\/\/aicla.org.ng\" target=\"_blank\" rel=\"noopener nofollow\">https:\/\/aicla.org.ng<\/a><\/p>\n<p>[\/et_pb_text][et_pb_text _builder_version=&#8221;4.17.4&#8243; _module_preset=&#8221;default&#8221; global_colors_info=&#8221;{}&#8221;]<\/p>\n<div class=\"col-lg-6 col-md-6 col-sm-6 col-xs-6\">\n<div class=\"mu-header-top-left\">\n<div class=\"mu-top-phone\">Bwari Area Council, FCT, Abuja, Nigeria<br \/><strong>Tel.<\/strong> +234 080 6475 8374<br \/><strong>E-mail:<\/strong> info@aicla.org.ng<\/div>\n<\/div>\n<\/div>\n<p>[\/et_pb_text][\/et_pb_column][\/et_pb_row][et_pb_row _builder_version=&#8221;4.17.4&#8243; _module_preset=&#8221;default&#8221; global_colors_info=&#8221;{}&#8221;][et_pb_column type=&#8221;4_4&#8243; _builder_version=&#8221;4.17.4&#8243; _module_preset=&#8221;default&#8221; global_colors_info=&#8221;{}&#8221;][et_pb_text _builder_version=&#8221;4.17.4&#8243; _module_preset=&#8221;default&#8221; global_colors_info=&#8221;{}&#8221;]<\/p>\n<h1>AMERICA<\/h1>\n<p>[\/et_pb_text][\/et_pb_column][\/et_pb_row][et_pb_row column_structure=&#8221;2_5,3_5&#8243; _builder_version=&#8221;4.17.4&#8243; _module_preset=&#8221;default&#8221; global_colors_info=&#8221;{}&#8221;][et_pb_column type=&#8221;2_5&#8243; _builder_version=&#8221;4.17.4&#8243; _module_preset=&#8221;default&#8221; global_colors_info=&#8221;{}&#8221;][et_pb_image src=&#8221;https:\/\/www.claret.org\/wp-content\/uploads\/2022\/07\/itvca.webp&#8221; title_text=&#8221;itvca&#8221; _builder_version=&#8221;4.17.4&#8243; _module_preset=&#8221;default&#8221; box_shadow_style=&#8221;preset2&#8243; global_colors_info=&#8221;{}&#8221;][\/et_pb_image][\/et_pb_column][et_pb_column type=&#8221;3_5&#8243; _builder_version=&#8221;4.17.4&#8243; _module_preset=&#8221;default&#8221; global_colors_info=&#8221;{}&#8221;][et_pb_text _builder_version=&#8221;4.17.4&#8243; _module_preset=&#8221;default&#8221; global_colors_info=&#8221;{}&#8221;]<\/p>\n<h1>ITVCA<\/h1>\n<h2>Istituto Teologico di Vita Consacrata d&#8217;America<\/h2>\n<p>L&#8217;ITVCA &#8211; Istituto Teologico di Vita Consacrata d&#8217;America, \u00e8 un&#8217;istituzione della Congregazione dei Figli Missionari del Cuore Immacolato di Maria &#8211; Missionari Clarettiani, dipendente dalla Conferenza Interprovinciale Clarettiana d&#8217;America (MICLA) che, in armonia con gli orientamenti della Chiesa e della tradizione congregazionale, cerca di rispondere alla necessit\u00e0 di una riflessione teologica interdisciplinare sulla Vita Consacrata, in una prospettiva missionaria odierna, al servizio della formazione pastorale, integrale e accademica delle persone consacrate e di altri Discepoli Missionari della Chiesa in pellegrinaggio in America. <\/p>\n<p>Sito web: <a href=\"https:\/\/www.itvca.org\" rel=\"nofollow noopener\" target=\"_blank\">https:\/\/www.itvca.org<\/a><\/p>\n<p>[\/et_pb_text][et_pb_text _builder_version=&#8221;4.17.4&#8243; _module_preset=&#8221;default&#8221; global_colors_info=&#8221;{}&#8221;]<\/p>\n<p>Carrera 15 No. 10 \u2013 41, Piso 5 de la ciudad de Bogot\u00e1 D.C (Colombia)<br \/><strong>E-mail:<\/strong> itvcacomunicaciones@gmail.com<\/p>\n<p>[\/et_pb_text][\/et_pb_column][\/et_pb_row][et_pb_row _builder_version=&#8221;4.17.4&#8243; _module_preset=&#8221;default&#8221; global_colors_info=&#8221;{}&#8221;][et_pb_column type=&#8221;4_4&#8243; _builder_version=&#8221;4.17.4&#8243; _module_preset=&#8221;default&#8221; global_colors_info=&#8221;{}&#8221;][et_pb_text _builder_version=&#8221;4.17.4&#8243; _module_preset=&#8221;default&#8221; global_colors_info=&#8221;{}&#8221;]<\/p>\n<h1>ASIA<\/h1>\n<p>[\/et_pb_text][\/et_pb_column][\/et_pb_row][et_pb_row column_structure=&#8221;2_5,3_5&#8243; _builder_version=&#8221;4.17.4&#8243; _module_preset=&#8221;default&#8221; global_colors_info=&#8221;{}&#8221;][et_pb_column type=&#8221;2_5&#8243; _builder_version=&#8221;4.17.4&#8243; _module_preset=&#8221;default&#8221; global_colors_info=&#8221;{}&#8221;][et_pb_image src=&#8221;https:\/\/www.claret.org\/wp-content\/uploads\/2022\/07\/icla.webp&#8221; title_text=&#8221;icla&#8221; _builder_version=&#8221;4.17.4&#8243; _module_preset=&#8221;default&#8221; box_shadow_style=&#8221;preset2&#8243; global_colors_info=&#8221;{}&#8221;][\/et_pb_image][\/et_pb_column][et_pb_column type=&#8221;3_5&#8243; _builder_version=&#8221;4.17.4&#8243; _module_preset=&#8221;default&#8221; global_colors_info=&#8221;{}&#8221;][et_pb_text _builder_version=&#8221;4.17.4&#8243; _module_preset=&#8221;default&#8221; global_colors_info=&#8221;{}&#8221;]<\/p>\n<h1>ICLA<\/h1>\n<h2>Istituto per la Vita Consacrata in Asia<\/h2>\n<p>L&#8217;ICLA \u00e8 un centro di studi superiori in Teologia e Pastorale incorporato nella Facolt\u00e0 di Sacra Teologia dell&#8217;Universit\u00e0 di Santo Tomas (UST) e nel St. Anthony Mary Claret College (SAMCC) come suo Dipartimento di Laurea.<\/p>\n<p>Serve una popolazione studentesca multiculturale (religiosi, leader laici, ministri e sacerdoti) provenienti da chiese emergenti, in particolare in Asia.<\/p>\n<p>Sito web: <a href=\"https:\/\/www.icla.org.ph\" target=\"_blank\" rel=\"noopener nofollow\">https:\/\/www.icla.org.ph<\/a><\/p>\n<p>[\/et_pb_text][et_pb_text _builder_version=&#8221;4.17.4&#8243; _module_preset=&#8221;default&#8221; global_colors_info=&#8221;{}&#8221;]<\/p>\n<p>526 Tandang Sora Avenue, Brgy. Culiat, Quezon City 1128 Philippines<br \/><strong>Tel.<\/strong> +63-2-8932-0343<br \/><strong>E-mail:<\/strong> icla@icla.org.ph<\/p>\n<p>[\/et_pb_text][\/et_pb_column][\/et_pb_row][et_pb_row column_structure=&#8221;2_5,3_5&#8243; _builder_version=&#8221;4.17.4&#8243; _module_preset=&#8221;default&#8221; global_colors_info=&#8221;{}&#8221;][et_pb_column type=&#8221;2_5&#8243; _builder_version=&#8221;4.17.4&#8243; _module_preset=&#8221;default&#8221; global_colors_info=&#8221;{}&#8221;][et_pb_image src=&#8221;https:\/\/www.claret.org\/wp-content\/uploads\/2022\/07\/sanyasa.webp&#8221; title_text=&#8221;sanyasa&#8221; _builder_version=&#8221;4.17.4&#8243; _module_preset=&#8221;default&#8221; hover_enabled=&#8221;0&#8243; box_shadow_style=&#8221;preset2&#8243; global_colors_info=&#8221;{}&#8221; sticky_enabled=&#8221;0&#8243;][\/et_pb_image][\/et_pb_column][et_pb_column type=&#8221;3_5&#8243; _builder_version=&#8221;4.17.4&#8243; _module_preset=&#8221;default&#8221; global_colors_info=&#8221;{}&#8221;][et_pb_text _builder_version=&#8221;4.17.4&#8243; _module_preset=&#8221;default&#8221; hover_enabled=&#8221;0&#8243; global_colors_info=&#8221;{}&#8221; sticky_enabled=&#8221;0&#8243;]<\/p>\n<h1>Sanyasa (ICL)<\/h1>\n<h2 style=\"text-align: left;\">L&#8217;Istituto di Vita Consacrata<\/h2>\n<p>L&#8217;Istituto si chiama Sanyasa perch\u00e9 questa parola sembra essere l&#8217;equivalente pi\u00f9 vicino alla vita consacrata nelle tradizioni indiane. Ma l&#8217;Istituto non deve essere frainteso come un Ashram per coloro che cercano un tempo di preghiera, meditazione e solitudine. Contestualizzando la vita religiosa nel contesto asiatico, Sanyasa offre un programma accademico per approfondire la comprensione della forma di vita consacrata nella Chiesa, soprattutto alla luce delle Scritture, del Magistero, della tradizione e delle varie interpretazioni teologiche, con l&#8217;obiettivo di ravvivare e responsabilizzare le persone consacrate.<\/p>\n<p>Sito web: <a href=\"http:\/\/sanyasa.com\" target=\"_blank\" rel=\"noopener nofollow\">http:\/\/sanyasa.com<\/a><\/p>\n<p>[\/et_pb_text][et_pb_text _builder_version=&#8221;4.17.4&#8243; _module_preset=&#8221;default&#8221; hover_enabled=&#8221;0&#8243; global_colors_info=&#8221;{}&#8221; sticky_enabled=&#8221;0&#8243;]<\/p>\n<p>Institute of Consecrated Life Sanyasa<br \/>Carmelaram Bangalore \u2013 560035<br \/><strong>Tel.<\/strong> +91 080 29519259 <br \/>\u00a0\u00a0\u00a0\u00a0\u00a0\u00a0\u00a0 +91 9964161332 <br \/>\u00a0 \u00a0 \u00a0\u00a0\u00a0 +91 8310857049 (Director)<br \/><strong>Email:<\/strong> sanyasac@gmail.com<\/p>\n<p>[\/et_pb_text][\/et_pb_column][\/et_pb_row][et_pb_row _builder_version=&#8221;4.17.4&#8243; _module_preset=&#8221;default&#8221; global_colors_info=&#8221;{}&#8221;][et_pb_column type=&#8221;4_4&#8243; _builder_version=&#8221;4.17.4&#8243; _module_preset=&#8221;default&#8221; global_colors_info=&#8221;{}&#8221;][et_pb_text _builder_version=&#8221;4.17.4&#8243; _module_preset=&#8221;default&#8221; global_colors_info=&#8221;{}&#8221;]<\/p>\n<h1>EUROPA<\/h1>\n<p>[\/et_pb_text][\/et_pb_column][\/et_pb_row][et_pb_row column_structure=&#8221;2_5,3_5&#8243; _builder_version=&#8221;4.17.4&#8243; _module_preset=&#8221;default&#8221; global_colors_info=&#8221;{}&#8221;][et_pb_column type=&#8221;2_5&#8243; _builder_version=&#8221;4.17.4&#8243; _module_preset=&#8221;default&#8221; global_colors_info=&#8221;{}&#8221;][et_pb_image src=&#8221;https:\/\/www.claret.org\/wp-content\/uploads\/2022\/07\/Screenshot-2022-07-04-210248.webp&#8221; title_text=&#8221;Screenshot 2022-07-04 210248&#8243; _builder_version=&#8221;4.17.4&#8243; _module_preset=&#8221;default&#8221; box_shadow_style=&#8221;preset2&#8243; global_colors_info=&#8221;{}&#8221;][\/et_pb_image][\/et_pb_column][et_pb_column type=&#8221;3_5&#8243; _builder_version=&#8221;4.17.4&#8243; _module_preset=&#8221;default&#8221; global_colors_info=&#8221;{}&#8221;][et_pb_text _builder_version=&#8221;4.17.4&#8243; _module_preset=&#8221;default&#8221; global_colors_info=&#8221;{}&#8221;]<\/p>\n<h1>ITVR<\/h1>\n<h2>Istituto Teologico di Vita Religiosa<\/h2>\n<p>L&#8217;Istituto Teologico di Vita Religiosa \u00e8 un centro superiore di ricerca e insegnamento, fondato dai Missionari Clarettiani nel 1971. \u00c8 una sezione della Facolt\u00e0 di Teologia della Pontificia Universit\u00e0 di Salamanca (Campus di Madrid). Fin dalla sua fondazione, svolge uno studio rigoroso su:<br \/>1) l&#8217;ispirazione biblica della vita consacrata;<br \/>2) la storia delle sue forme;<br \/>3) i nuclei teologico-sistematici della sua missione e della sua identit\u00e0 carismatica nel contesto di altre forme di vita e ministeri nella Chiesa;<br \/>4) gli aspetti pratici ed esistenziali della vita consacrata;<br \/>4) gli aspetti pratici ed esistenziali che la caratterizzano in questo tempo di cambiamento e di interrelazione.<\/p>\n<p>L&#8217;Istituto Teologico accompagna il processo di rinnovamento e adattamento della vita consacrata a partire dal riferimento permanente all&#8217;ecclesiologia di comunione e missione, al dialogo interreligioso e interculturale e all&#8217;opzione per i poveri e gli esclusi. Offre una visione inclusiva e cattolica della realt\u00e0, sempre attenta alle sfide emergenti e alla globalit\u00e0 della vita consacrata nei diversi continenti e contesti.<\/p>\n<p>Sito web: <a href=\"https:\/\/www.itvr.org\" target=\"_blank\" rel=\"noopener nofollow\">https:\/\/www.itvr.org<\/a><\/p>\n<p>[\/et_pb_text][et_pb_text _builder_version=&#8221;4.17.4&#8243; _module_preset=&#8221;default&#8221; global_colors_info=&#8221;{}&#8221;]<\/p>\n<p>C\/ Juan \u00c1lvarez Mendiz\u00e1bal, 65 dupdo.<br \/>28008 Madrid, SPAIN<br \/><strong>Tel.<\/strong> 91 540 12 73<br \/><strong>Whatsapp:<\/strong> 626 278 077<br \/><strong>E-mail:<\/strong> secretaria@itvr.org<\/p>\n<p>[\/et_pb_text][\/et_pb_column][\/et_pb_row][et_pb_row column_structure=&#8221;2_5,3_5&#8243; _builder_version=&#8221;4.17.4&#8243; _module_preset=&#8221;default&#8221; global_colors_info=&#8221;{}&#8221;][et_pb_column type=&#8221;2_5&#8243; _builder_version=&#8221;4.17.4&#8243; _module_preset=&#8221;default&#8221; global_colors_info=&#8221;{}&#8221;][et_pb_image src=&#8221;https:\/\/www.claret.org\/wp-content\/uploads\/2022\/06\/ITVC-20220531-Closing-of-Golden-Anniversary-18-1.webp&#8221; title_text=&#8221;ITVC-20220531-Closing-of-Golden-Anniversary-18&#8243; _builder_version=&#8221;4.17.4&#8243; _module_preset=&#8221;default&#8221; box_shadow_style=&#8221;preset2&#8243; global_colors_info=&#8221;{}&#8221;][\/et_pb_image][\/et_pb_column][et_pb_column type=&#8221;3_5&#8243; _builder_version=&#8221;4.17.4&#8243; _module_preset=&#8221;default&#8221; global_colors_info=&#8221;{}&#8221;][et_pb_text _builder_version=&#8221;4.17.4&#8243; _module_preset=&#8221;default&#8221; global_colors_info=&#8221;{}&#8221;]<\/p>\n<h1>Claretianum<\/h1>\n<h2>Istituto per la Teologia della Vita Consacrata<\/h2>\n<p>L&#8217;Istituto di Teologia della Vita Consacrata &#8220;Claretianum&#8221; \u00e8 stato eretto e fondato con Decreto della Sacra Congregazione per l&#8217;Educazione Cattolica del 6 giugno 1971. \u00c8 incorporato alla Pontificia Universit\u00e0 Lateranense come Istituto di Specializzazione in Teologia della Vita Consacrata.<\/p>\n<p>Svolge le sue ricerche nel campo della Vita Consacrata su basi biblico-teologiche, considerando sia gli aspetti storico-culturali, psicosociologici e giuridici, sia le condizioni in cui si svolge l&#8217;attivit\u00e0 pastorale della Chiesa e delle persone consacrate.<\/p>\n<p>Offre un curriculum per il conseguimento della Licenza e del Dottorato in Teologia della Vita Consacrata. Offre inoltre un corso biennale per il conseguimento del Diploma e un corso annuale. Ogni anno organizza un Convegno per l&#8217;approfondimento di un argomento riguardante la Vita Consacrata.<\/p>\n<p>Sito web: <a href=\"https:\/\/www.claretianum.org\" target=\"_blank\" rel=\"noopener nofollow\">https:\/\/www.claretianum.org<\/a><a href=\"https:\/\/www.icla.org.ph\" target=\"_blank\" rel=\"noopener nofollow\"><\/a><\/p>\n<p>[\/et_pb_text][et_pb_text _builder_version=&#8221;4.17.4&#8243; _module_preset=&#8221;default&#8221; global_colors_info=&#8221;{}&#8221;]<\/p>\n<p>Largo Lorenzo Mossa, 4 &#8211; Roma, Italia<br \/><strong>Tel.<\/strong> (0039) 06 98376722<br \/>\u00a0\u00a0\u00a0\u00a0\u00a0\u00a0\u00a0\u00a0 (0039) 06 98376723<br \/><strong>E-mail:<\/strong> itvclaretianum@gmail.com<\/p>\n<p>[\/et_pb_text][\/et_pb_column][\/et_pb_row][\/et_pb_section]<\/p>\n","protected":false},"excerpt":{"rendered":"<p>Istituti di Vita Consacrata gestiti dai Missionari Clarettiani in tutto il mondo AFRICAINCLA Istituto di Vita Consacrata in Africa InCLA \u00e8 un Istituto di Vita Consacrata in Africa, unico nel suo genere, che offre una specializzazione nella vita consacrata. InCLA \u00e8 preceduto da diverse conferenze organizzate localmente dai clarettiani per far conoscere questa iniziativa: la [&hellip;]<\/p>\n","protected":false},"author":2,"featured_media":127034,"parent":114312,"menu_order":0,"comment_status":"closed","ping_status":"closed","template":"","meta":{"_et_pb_use_builder":"on","_et_pb_old_content":"","_et_gb_content_width":"","footnotes":""},"class_list":["post-129978","page","type-page","status-publish","has-post-thumbnail","hentry"],"jetpack_sharing_enabled":true,"jetpack_shortlink":"https:\/\/wp.me\/PdaBmi-xOq","jetpack_likes_enabled":true,"_links":{"self":[{"href":"https:\/\/www.claret.org\/it\/wp-json\/wp\/v2\/pages\/129978","targetHints":{"allow":["GET"]}}],"collection":[{"href":"https:\/\/www.claret.org\/it\/wp-json\/wp\/v2\/pages"}],"about":[{"href":"https:\/\/www.claret.org\/it\/wp-json\/wp\/v2\/types\/page"}],"author":[{"embeddable":true,"href":"https:\/\/www.claret.org\/it\/wp-json\/wp\/v2\/users\/2"}],"replies":[{"embeddable":true,"href":"https:\/\/www.claret.org\/it\/wp-json\/wp\/v2\/comments?post=129978"}],"version-history":[{"count":0,"href":"https:\/\/www.claret.org\/it\/wp-json\/wp\/v2\/pages\/129978\/revisions"}],"up":[{"embeddable":true,"href":"https:\/\/www.claret.org\/it\/wp-json\/wp\/v2\/pages\/114312"}],"wp:featuredmedia":[{"embeddable":true,"href":"https:\/\/www.claret.org\/it\/wp-json\/wp\/v2\/media\/127034"}],"wp:attachment":[{"href":"https:\/\/www.claret.org\/it\/wp-json\/wp\/v2\/media?parent=129978"}],"curies":[{"name":"wp","href":"https:\/\/api.w.org\/{rel}","templated":true}]}}