{"id":131736,"date":"2022-07-01T23:15:12","date_gmt":"2022-07-01T21:15:12","guid":{"rendered":"https:\/\/www.claret.org\/conferenze-e-organismi-maggiori\/case-generali\/"},"modified":"2022-08-05T10:48:52","modified_gmt":"2022-08-05T08:48:52","slug":"case-generali","status":"publish","type":"page","link":"https:\/\/www.claret.org\/it\/case-generali\/","title":{"rendered":"Case Generali"},"content":{"rendered":"\n[et_pb_section fb_built=&#8221;1&#8243; fullwidth=&#8221;on&#8221; _builder_version=&#8221;4.17.4&#8243; _module_preset=&#8221;default&#8221; global_colors_info=&#8221;{}&#8221;][et_pb_fullwidth_header title=&#8221;@ET-DC@eyJkeW5hbWljIjp0cnVlLCJjb250ZW50IjoicG9zdF90aXRsZSIsInNldHRpbmdzIjp7ImJlZm9yZSI6IiIsImFmdGVyIjoiIn19@&#8221; _builder_version=&#8221;4.17.4&#8243; _dynamic_attributes=&#8221;title&#8221; _module_preset=&#8221;default&#8221; global_colors_info=&#8221;{}&#8221;]<p>Queste sono le Case Generali che si trovano a Roma.<\/p>[\/et_pb_fullwidth_header][\/et_pb_section][et_pb_section fb_built=&#8221;1&#8243; _builder_version=&#8221;4.17.4&#8243; _module_preset=&#8221;default&#8221; global_colors_info=&#8221;{}&#8221;][et_pb_row column_structure=&#8221;2_5,3_5&#8243; _builder_version=&#8221;4.17.4&#8243; _module_preset=&#8221;default&#8221; global_colors_info=&#8221;{}&#8221;][et_pb_column type=&#8221;2_5&#8243; _builder_version=&#8221;4.17.4&#8243; _module_preset=&#8221;default&#8221; global_colors_info=&#8221;{}&#8221;][et_pb_blurb title=&#8221;Curia Generalizia&#8221; image=&#8221;https:\/\/www.claret.org\/wp-content\/uploads\/2022\/07\/Casa-Generalizia-scaled.jpg&#8221; _builder_version=&#8221;4.17.4&#8243; _module_preset=&#8221;default&#8221; header_font=&#8221;|700|||||||&#8221; global_colors_info=&#8221;{}&#8221;]<p>Via del Sacro Cuore di Maria, 5. 00197 Roma ITALIA<\/p>[\/et_pb_blurb][\/et_pb_column][et_pb_column type=&#8221;3_5&#8243; _builder_version=&#8221;4.17.4&#8243; _module_preset=&#8221;default&#8221; global_colors_info=&#8221;{}&#8221;][et_pb_text _builder_version=&#8221;4.17.6&#8243; _module_preset=&#8221;default&#8221; hover_enabled=&#8221;0&#8243; global_colors_info=&#8221;{}&#8221; sticky_enabled=&#8221;0&#8243;]<h2><strong>Superiore Maggiore:<\/strong> P. Mathew Vattamattam, CMF<\/h2>\r\n<p>&nbsp;<\/p>\r\n<h2>GOVERNO LOCALE<\/h2>\r\n<p><strong>Superiore Locale:<\/strong> P. Vicente Sanz Tobes, CMF<\/p>\r\n<p><strong>Vicario e Segretario locale:<\/strong> P. Efren Limpo Loa, CMF<\/p>\r\n<p><strong>Economo locale:<\/strong> Fr. Salvador Segura Santana, CMF<\/p>[\/et_pb_text][\/et_pb_column][\/et_pb_row][et_pb_row column_structure=&#8221;2_5,3_5&#8243; _builder_version=&#8221;4.17.4&#8243; _module_preset=&#8221;default&#8221; global_colors_info=&#8221;{}&#8221;][et_pb_column type=&#8221;2_5&#8243; _builder_version=&#8221;4.17.4&#8243; _module_preset=&#8221;default&#8221; global_colors_info=&#8221;{}&#8221;][et_pb_blurb title=&#8221;Claretianum&#8221; image=&#8221;https:\/\/www.claret.org\/wp-content\/uploads\/2022\/07\/Claretianum.jpg&#8221; _builder_version=&#8221;4.17.4&#8243; _module_preset=&#8221;default&#8221; header_font=&#8221;|700|||||||&#8221; global_colors_info=&#8221;{}&#8221;]<p>Largo Lorenzo Mossa, 4 &#8211; Roma, Italia<\/p>[\/et_pb_blurb][\/et_pb_column][et_pb_column type=&#8221;3_5&#8243; _builder_version=&#8221;4.17.4&#8243; _module_preset=&#8221;default&#8221; global_colors_info=&#8221;{}&#8221;][et_pb_text _builder_version=&#8221;4.17.4&#8243; _module_preset=&#8221;default&#8221; global_colors_info=&#8221;{}&#8221;]<h2><strong>Delegato Superiore Maggiore:<\/strong> Fr. Carlos Enrique S\u00e1nchez Miranda, CMF<\/h2>\r\n<p>&nbsp;<\/p>\r\n<h2>GOVERNO LOCALE<\/h2>\r\n<p><strong>Superiore locale:<\/strong> P. Edgardo Alfredo Guzm\u00e1n, CMF<\/p>\r\n<p><strong>Vicario e Segretario locale:<\/strong> P. Carlos Luis Garc\u00eda, CMF<\/p>\r\n<p><strong>Economo locale:<\/strong> P. Thomas Thannickal, CMF<\/p>[\/et_pb_text][\/et_pb_column][\/et_pb_row][et_pb_row column_structure=&#8221;2_5,3_5&#8243; _builder_version=&#8221;4.17.4&#8243; _module_preset=&#8221;default&#8221; global_colors_info=&#8221;{}&#8221;][et_pb_column type=&#8221;2_5&#8243; _builder_version=&#8221;4.17.4&#8243; _module_preset=&#8221;default&#8221; global_colors_info=&#8221;{}&#8221;][et_pb_blurb title=&#8221;Iuridicum&#8221; image=&#8221;https:\/\/www.claret.org\/wp-content\/uploads\/2022\/07\/Iuridicum-scaled.jpg&#8221; _builder_version=&#8221;4.17.4&#8243; _module_preset=&#8221;default&#8221; header_font=&#8221;|700|||||||&#8221; global_colors_info=&#8221;{}&#8221;]<p><span class=\"LrzXr\">Via Giacomo Medici, 5, 00153 Roma<\/span>, Italia<\/p>[\/et_pb_blurb][\/et_pb_column][et_pb_column type=&#8221;3_5&#8243; _builder_version=&#8221;4.17.4&#8243; _module_preset=&#8221;default&#8221; global_colors_info=&#8221;{}&#8221;][et_pb_text _builder_version=&#8221;4.17.4&#8243; _module_preset=&#8221;default&#8221; global_colors_info=&#8221;{}&#8221;]<h2><strong>Delegato Superiore Maggiore:<\/strong> P. Manuel Alfredo Tamargo Rodr\u00edguez, CMF<\/h2>\r\n<p>&nbsp;<\/p>\r\n<h2>GOVERNO LOCALE<\/h2>\r\n<p><strong>Superiore Locale:<\/strong> P. Jos\u00e9-F\u00e9lix Valderr\u00e1bano, CMF<\/p>\r\n<p><strong>Vicario locale e segretario:<\/strong> P. Aitor Jim\u00e9nez, CMF<\/p>\r\n<p><strong>Economo locale:<\/strong> P. Jose Koonamparampil, CMF<\/p>[\/et_pb_text][\/et_pb_column][\/et_pb_row][\/et_pb_section]\n","protected":false},"excerpt":{"rendered":"<p>Queste sono le Case Generali che si trovano a Roma.Via del Sacro Cuore di Maria, 5. 00197 Roma ITALIASuperiore Maggiore: P. Mathew Vattamattam, CMF &nbsp; GOVERNO LOCALE Superiore Locale: P. Vicente Sanz Tobes, CMF Vicario e Segretario locale: P. Efren Limpo Loa, CMF Economo locale: Fr. Salvador Segura Santana, CMFLargo Lorenzo Mossa, 4 &#8211; Roma, [&hellip;]<\/p>\n","protected":false},"author":2,"featured_media":0,"parent":0,"menu_order":0,"comment_status":"closed","ping_status":"closed","template":"","meta":{"_et_pb_use_builder":"on","_et_pb_old_content":"","_et_gb_content_width":"","footnotes":""},"class_list":["post-131736","page","type-page","status-publish","hentry"],"jetpack_sharing_enabled":true,"jetpack_shortlink":"https:\/\/wp.me\/PdaBmi-ygM","jetpack_likes_enabled":true,"_links":{"self":[{"href":"https:\/\/www.claret.org\/it\/wp-json\/wp\/v2\/pages\/131736","targetHints":{"allow":["GET"]}}],"collection":[{"href":"https:\/\/www.claret.org\/it\/wp-json\/wp\/v2\/pages"}],"about":[{"href":"https:\/\/www.claret.org\/it\/wp-json\/wp\/v2\/types\/page"}],"author":[{"embeddable":true,"href":"https:\/\/www.claret.org\/it\/wp-json\/wp\/v2\/users\/2"}],"replies":[{"embeddable":true,"href":"https:\/\/www.claret.org\/it\/wp-json\/wp\/v2\/comments?post=131736"}],"version-history":[{"count":0,"href":"https:\/\/www.claret.org\/it\/wp-json\/wp\/v2\/pages\/131736\/revisions"}],"wp:attachment":[{"href":"https:\/\/www.claret.org\/it\/wp-json\/wp\/v2\/media?parent=131736"}],"curies":[{"name":"wp","href":"https:\/\/api.w.org\/{rel}","templated":true}]}}