{"id":133869,"date":"2022-09-02T16:24:13","date_gmt":"2022-09-02T14:24:13","guid":{"rendered":"https:\/\/www.claret.org\/nairobi-2022\/"},"modified":"2022-09-17T23:34:43","modified_gmt":"2022-09-17T21:34:43","slug":"nairobi-2022","status":"publish","type":"page","link":"https:\/\/www.claret.org\/it\/nairobi-2022\/","title":{"rendered":"Nairobi 2022"},"content":{"rendered":"<p>[et_pb_section fb_built=&#8221;1&#8243; fullwidth=&#8221;on&#8221; _builder_version=&#8221;4.18.0&#8243; _module_preset=&#8221;default&#8221; background_enable_color=&#8221;off&#8221; background_image=&#8221;https:\/\/www.claret.org\/wp-content\/uploads\/2022\/09\/top-1.png&#8221; box_shadow_style=&#8221;preset3&#8243; global_colors_info=&#8221;{}&#8221;][et_pb_fullwidth_header background_overlay_color=&#8221;RGBA(255,255,255,0)&#8221; _builder_version=&#8221;4.18.0&#8243; _module_preset=&#8221;default&#8221; title_font=&#8221;Give You Glory|700|||||||&#8221; title_text_color=&#8221;#9b1515&#8243; title_font_size=&#8221;40px&#8221; content_text_color=&#8221;#000000&#8243; content_font_size=&#8221;22px&#8221; background_enable_color=&#8221;off&#8221; background_enable_image=&#8221;off&#8221; background_position=&#8221;top_center&#8221; background_vertical_offset=&#8221;37%&#8221; global_colors_info=&#8221;{}&#8221;][\/et_pb_fullwidth_header][\/et_pb_section][et_pb_section fb_built=&#8221;1&#8243; _builder_version=&#8221;4.18.0&#8243; _module_preset=&#8221;default&#8221; background_enable_color=&#8221;off&#8221; background_image=&#8221;https:\/\/www.claret.org\/wp-content\/uploads\/2022\/09\/Daaba-Community.jpg&#8221; parallax=&#8221;on&#8221; parallax_method=&#8221;off&#8221; background_enable_video_mp4=&#8221;off&#8221; background_enable_video_webm=&#8221;off&#8221; background_enable_pattern_style=&#8221;on&#8221; background_pattern_style=&#8221;tufted&#8221; background_pattern_color=&#8221;rgba(2,0,0,0.23)&#8221; background_pattern_transform=&#8221;invert&#8221; custom_padding=&#8221;30px||20px|||&#8221; box_shadow_style=&#8221;preset3&#8243; global_colors_info=&#8221;{}&#8221;][et_pb_row _builder_version=&#8221;4.18.0&#8243; _module_preset=&#8221;default&#8221; global_colors_info=&#8221;{}&#8221;][et_pb_column type=&#8221;4_4&#8243; _builder_version=&#8221;4.18.0&#8243; _module_preset=&#8221;default&#8221; global_colors_info=&#8221;{}&#8221;][et_pb_text _builder_version=&#8221;4.18.0&#8243; _module_preset=&#8221;default&#8221; text_font_size=&#8221;20px&#8221; header_font=&#8221;Allura||||||||&#8221; header_font_size=&#8221;75px&#8221; header_2_font=&#8221;|600||on|||||&#8221; header_2_font_size=&#8221;30px&#8221; text_orientation=&#8221;center&#8221; background_layout=&#8221;dark&#8221; custom_padding=&#8221;22px|||||&#8221; text_text_shadow_style=&#8221;preset1&#8243; global_colors_info=&#8221;{}&#8221;]<\/p>\n<p>&nbsp;<\/p>\n<h1>Radicato e audace<\/h1>\n<p>&nbsp;<\/p>\n<h2>Incontro dei Superiori Maggiori e del Governo Generale<\/h2>\n<p>&nbsp;<\/p>\n<p>Dal 5 al 17 settembre 2022<\/p>\n<p>&nbsp;<\/p>\n<h2>Nairobi, Kenya<\/h2>\n<p>[\/et_pb_text][\/et_pb_column][\/et_pb_row][\/et_pb_section][et_pb_section fb_built=&#8221;1&#8243; fullwidth=&#8221;on&#8221; _builder_version=&#8221;4.18.0&#8243; _module_preset=&#8221;default&#8221; global_colors_info=&#8221;{}&#8221;][et_pb_fullwidth_header title=&#8221;MESSAGGIO ALLA CONGREGAZIONE&#8221; _builder_version=&#8221;4.18.0&#8243; _dynamic_attributes=&#8221;link_option_url&#8221; _module_preset=&#8221;default&#8221; background_color=&#8221;#590000&#8243; link_option_url=&#8221;@ET-DC@eyJkeW5hbWljIjp0cnVlLCJjb250ZW50IjoicG9zdF9saW5rX3VybF9wYWdlIiwic2V0dGluZ3MiOnsicG9zdF9pZCI6IjEzNTc3NSJ9fQ==@&#8221; hover_enabled=&#8221;0&#8243; global_colors_info=&#8221;{}&#8221; title_text_align=&#8221;center&#8221; content_text_align=&#8221;center&#8221; sticky_enabled=&#8221;0&#8243; title_font=&#8221;|700|||||||&#8221;]Leggi il Messaggio dei Superiori Maggiori e del Governo Generale alla Congregazione dopo l&#8217;incontro di Nairobi.[\/et_pb_fullwidth_header][\/et_pb_section][et_pb_section fb_built=&#8221;1&#8243; _builder_version=&#8221;4.18.0&#8243; _module_preset=&#8221;default&#8221; custom_padding=&#8221;||14px|||&#8221; global_colors_info=&#8221;{}&#8221;][et_pb_row _builder_version=&#8221;4.18.0&#8243; _module_preset=&#8221;default&#8221; global_colors_info=&#8221;{}&#8221;][et_pb_column type=&#8221;4_4&#8243; _builder_version=&#8221;4.18.0&#8243; _module_preset=&#8221;default&#8221; global_colors_info=&#8221;{}&#8221;][et_pb_text _builder_version=&#8221;4.18.0&#8243; _module_preset=&#8221;default&#8221; header_font=&#8221;|600|||||||&#8221; header_2_font=&#8221;|600|||||||&#8221; header_2_text_color=&#8221;#000000&#8243; global_colors_info=&#8221;{}&#8221;]<\/p>\n<h2>Cronaca \/ Notizie<\/h2>\n<p>[\/et_pb_text][dgbm_blog_module posts_number=&#8221;8&#8243; type=&#8221;3&#8243; include_categories=&#8221;4904,4908,4903&#8243; show_excerpt=&#8221;off&#8221; show_categories=&#8221;off&#8221; show_author=&#8221;off&#8221; item_in_desktop=&#8221;4&#8243; equal_height=&#8221;on&#8221; content_margin=&#8221;||||false|false&#8221; content_padding=&#8221;||||false|false&#8221; title_margin=&#8221;1em||||false|false&#8221; meta_default_margin=&#8221;||||false|false&#8221; meta_top_margin=&#8221;||||false|false&#8221; meta_top_padding=&#8221;||||false|false&#8221; text_margin=&#8221;1em||||false|false&#8221; _builder_version=&#8221;4.18.0&#8243; _module_preset=&#8221;default&#8221; title_font=&#8221;|600||on|||||&#8221; title_text_color=&#8221;#000000&#8243; meta_text_color=&#8221;#ba1b16&#8243; box_shadow_style_image=&#8221;preset3&#8243; global_colors_info=&#8221;{}&#8221;][\/dgbm_blog_module][dgbm_blog_module posts_number=&#8221;8&#8243; type=&#8221;3&#8243; include_categories=&#8221;4904&#8243; show_author=&#8221;off&#8221; show_more=&#8221;on&#8221; _builder_version=&#8221;4.18.0&#8243; _module_preset=&#8221;default&#8221; global_colors_info=&#8221;{}&#8221;][\/dgbm_blog_module][dgbm_blog_module posts_number=&#8221;4&#8243; type=&#8221;3&#8243; include_categories=&#8221;4904&#8243; show_categories=&#8221;off&#8221; show_author=&#8221;off&#8221; show_more=&#8221;on&#8221; _builder_version=&#8221;4.18.0&#8243; _module_preset=&#8221;default&#8221; global_colors_info=&#8221;{}&#8221;][\/dgbm_blog_module][\/et_pb_column][\/et_pb_row][\/et_pb_section][et_pb_section fb_built=&#8221;1&#8243; fullwidth=&#8221;on&#8221; _builder_version=&#8221;4.18.0&#8243; _module_preset=&#8221;default&#8221; global_colors_info=&#8221;{}&#8221;][et_pb_fullwidth_image src=&#8221;https:\/\/www.claret.org\/wp-content\/uploads\/2022\/09\/nairobi-2022-Group-Picture-scaled.webp&#8221; title_text=&#8221;nairobi 2022 Group Picture&#8221; _builder_version=&#8221;4.18.0&#8243; _module_preset=&#8221;default&#8221; global_colors_info=&#8221;{}&#8221;][\/et_pb_fullwidth_image][\/et_pb_section][et_pb_section fb_built=&#8221;1&#8243; _builder_version=&#8221;4.18.0&#8243; _module_preset=&#8221;default&#8221; background_color=&#8221;#8e0909&#8243; background_enable_image=&#8221;off&#8221; parallax=&#8221;on&#8221; parallax_method=&#8221;off&#8221; background_enable_mask_style=&#8221;on&#8221; background_mask_style=&#8221;chevrons&#8221; background_mask_transform=&#8221;invert&#8221; background_mask_aspect_ratio=&#8221;square&#8221; custom_padding=&#8221;20px|||||&#8221; global_colors_info=&#8221;{}&#8221;][et_pb_row _builder_version=&#8221;4.18.0&#8243; _module_preset=&#8221;default&#8221; global_colors_info=&#8221;{}&#8221;][et_pb_column type=&#8221;4_4&#8243; _builder_version=&#8221;4.18.0&#8243; _module_preset=&#8221;default&#8221; global_colors_info=&#8221;{}&#8221;][et_pb_text _builder_version=&#8221;4.18.0&#8243; _module_preset=&#8221;default&#8221; header_font=&#8221;|600|||||||&#8221; header_2_font=&#8221;|600|||||||&#8221; header_2_text_color=&#8221;#FFFFFF&#8221; background_color=&#8221;RGBA(255,255,255,0)&#8221; background_layout=&#8221;dark&#8221; header_2_text_shadow_style=&#8221;preset2&#8243; header_2_text_shadow_vertical_length=&#8221;0.11em&#8221; header_2_text_shadow_color=&#8221;#000000&#8243; global_colors_info=&#8221;{}&#8221;]<\/p>\n<h2>Galleria di immagini<\/h2>\n<p>[\/et_pb_text][et_pb_text _builder_version=&#8221;4.18.0&#8243; _module_preset=&#8221;default&#8221; global_colors_info=&#8221;{}&#8221;]<\/p>\n<p>[ngg src=&#8221;albums&#8221; ids=&#8221;1&#8243; display=&#8221;pro_grid_album&#8221;]<\/p>\n<p>[\/et_pb_text][\/et_pb_column][\/et_pb_row][\/et_pb_section][et_pb_section fb_built=&#8221;1&#8243; _builder_version=&#8221;4.18.0&#8243; _module_preset=&#8221;default&#8221; global_colors_info=&#8221;{}&#8221;][et_pb_row _builder_version=&#8221;4.18.0&#8243; _module_preset=&#8221;default&#8221; global_colors_info=&#8221;{}&#8221;][et_pb_column type=&#8221;4_4&#8243; _builder_version=&#8221;4.18.0&#8243; _module_preset=&#8221;default&#8221; global_colors_info=&#8221;{}&#8221;][et_pb_text _builder_version=&#8221;4.18.0&#8243; _module_preset=&#8221;default&#8221; header_font=&#8221;|600|||||||&#8221; header_2_font=&#8221;|600|||||||&#8221; header_2_text_color=&#8221;#000000&#8243; global_colors_info=&#8221;{}&#8221;]<\/p>\n<h2>Galleria video<\/h2>\n<p>[\/et_pb_text][\/et_pb_column][\/et_pb_row][et_pb_row _builder_version=&#8221;4.18.0&#8243; _module_preset=&#8221;default&#8221; global_colors_info=&#8221;{}&#8221;][et_pb_column type=&#8221;4_4&#8243; _builder_version=&#8221;4.18.0&#8243; _module_preset=&#8221;default&#8221; global_colors_info=&#8221;{}&#8221;][et_pb_text _builder_version=&#8221;4.18.0&#8243; _module_preset=&#8221;default&#8221; global_colors_info=&#8221;{}&#8221;]<\/p>\n<div class=\"epyt-gallery  epyt-lb\" data-currpage=\"1\" id=\"epyt_gallery_25233\"><div class=\"lity-hide\"><div class=\"epyt-video-wrapper\"><iframe  data-ep-a=\"fadeIn\"  style=\"display: block; margin: 0px auto;\"  id=\"_ytid_35365\"  width=\"1080\" height=\"608\"  data-origwidth=\"1080\" data-origheight=\"608\"  data-relstop=\"1\" data-lbsrc=\"https:\/\/www.youtube.com\/embed\/kK8AEaGUxRk?enablejsapi=1&autoplay=0&cc_load_policy=1&cc_lang_pref=&iv_load_policy=3&loop=0&rel=0&fs=1&playsinline=1&autohide=2&hl=es_ES&theme=dark&color=red&controls=1&disablekb=0&index=0&\" class=\"__youtube_prefs__  epyt-lbif no-lazyload\" title=\"YouTube player\"  data-epytgalleryid=\"epyt_gallery_25233\"  allow=\"fullscreen; accelerometer; autoplay; clipboard-write; encrypted-media; gyroscope; picture-in-picture; web-share\" referrerpolicy=\"strict-origin-when-cross-origin\" allowfullscreen data-no-lazy=\"1\" data-skipgform_ajax_framebjll=\"\"><\/iframe><\/div><\/div><div class=\"epyt-gallery-subscribe\"><a target=\"_blank\" class=\"epyt-gallery-subbutton\" href=\"https:\/\/www.youtube.com\/c\/iClaret?sub_confirmation=1\" rel=\"nofollow noopener\"><img data-recalc-dims=\"1\" decoding=\"async\" alt=\"subscribe\" src=\"https:\/\/i0.wp.com\/www.claret.org\/wp-content\/plugins\/youtube-embed-plus-pro\/images\/play-subscribe.png?w=1080&#038;ssl=1\" title=\"\">Subscribe<\/a><\/div><div class=\"epyt-gallery-list epyt-gallery-style-grid\"><div class=\"epyt-pagination \"><div tabindex=\"0\" role=\"button\" class=\"epyt-pagebutton epyt-prev  hide \" data-playlistid=\"PLfTtdJ70Nonud3ZJoQJZo9kUmCfvlNyZ-\" data-pagesize=\"15\" data-pagetoken=\"\" data-style=\"grid\" data-epcolumns=\"5\" data-showtitle=\"1\" data-showpaging=\"1\" data-autonext=\"0\" data-hidethumbimg=\"0\" data-thumbplay=\"1\" data-thumbcrop=\"portal\"><div class=\"epyt-arrow\">&laquo;<\/div> <div>Prev<\/div><\/div><div class=\"epyt-pagenumbers \"><div class=\"epyt-current\">1<\/div><div class=\"epyt-pageseparator\"> \/ <\/div><div class=\"epyt-totalpages\">2<\/div><\/div><div tabindex=\"0\" role=\"button\" class=\"epyt-pagebutton epyt-next\" data-playlistid=\"PLfTtdJ70Nonud3ZJoQJZo9kUmCfvlNyZ-\" data-pagesize=\"15\" data-pagetoken=\"EAAaHlBUOkNBOGlFRE13T0RreVJEa3dSVU13UXpVMU9EWQ\" data-style=\"grid\" data-epcolumns=\"5\" data-showtitle=\"1\" data-showpaging=\"1\" data-autonext=\"0\" data-hidethumbimg=\"0\" data-thumbplay=\"1\" data-thumbcrop=\"portal\"><div>Next<\/div> <div class=\"epyt-arrow\">&raquo;<\/div><\/div><div class=\"epyt-loader\"><img data-recalc-dims=\"1\" loading=\"lazy\" decoding=\"async\" alt=\"loading\" width=\"16\" height=\"11\" src=\"https:\/\/i0.wp.com\/www.claret.org\/wp-content\/plugins\/youtube-embed-plus-pro\/images\/gallery-page-loader.gif?resize=16%2C11&#038;ssl=1\" title=\"\"><\/div><\/div><div class=\"epyt-gallery-allthumbs  epyt-thumb-portal  epyt-cols-5 \"><div tabindex=\"0\" role=\"button\" data-videoid=\"kK8AEaGUxRk\" class=\"epyt-gallery-thumb \" ><div class=\"epyt-gallery-img-box\"><div class=\"epyt-gallery-img\" style=\"background-image: url(https:\/\/i.ytimg.com\/vi\/kK8AEaGUxRk\/hqdefault.jpg)\"><div class=\"epyt-gallery-playhover\"><img data-recalc-dims=\"1\" loading=\"lazy\" decoding=\"async\" alt=\"play\" class=\"epyt-play-img\" width=\"30\" height=\"23\" src=\"https:\/\/i0.wp.com\/www.claret.org\/wp-content\/plugins\/youtube-embed-plus-pro\/images\/playhover.png?resize=30%2C23&#038;ssl=1\" data-no-lazy=\"1\" data-skipgform_ajax_framebjll=\"\" title=\"\"><div class=\"epyt-gallery-playcrutch\"><\/div><\/div><\/div><\/div><div class=\"epyt-gallery-title\">Interview with Fr. Jude Thaddeus Langeh, CMF, President of ACLA<\/div><\/div><div tabindex=\"0\" role=\"button\" data-videoid=\"k5i39lgy2ns\" class=\"epyt-gallery-thumb \" ><div class=\"epyt-gallery-img-box\"><div class=\"epyt-gallery-img\" style=\"background-image: url(https:\/\/i.ytimg.com\/vi\/k5i39lgy2ns\/hqdefault.jpg)\"><div class=\"epyt-gallery-playhover\"><img data-recalc-dims=\"1\" loading=\"lazy\" decoding=\"async\" alt=\"play\" class=\"epyt-play-img\" width=\"30\" height=\"23\" src=\"https:\/\/i0.wp.com\/www.claret.org\/wp-content\/plugins\/youtube-embed-plus-pro\/images\/playhover.png?resize=30%2C23&#038;ssl=1\" data-no-lazy=\"1\" data-skipgform_ajax_framebjll=\"\" title=\"\"><div class=\"epyt-gallery-playcrutch\"><\/div><\/div><\/div><\/div><div class=\"epyt-gallery-title\">Le r\u00e9sum\u00e9 de la troisi\u00e8me phase de la Rencontre<\/div><\/div><div tabindex=\"0\" role=\"button\" data-videoid=\"eeVy5-6Au1A\" class=\"epyt-gallery-thumb \" ><div class=\"epyt-gallery-img-box\"><div class=\"epyt-gallery-img\" style=\"background-image: url(https:\/\/i.ytimg.com\/vi\/eeVy5-6Au1A\/hqdefault.jpg)\"><div class=\"epyt-gallery-playhover\"><img data-recalc-dims=\"1\" loading=\"lazy\" decoding=\"async\" alt=\"play\" class=\"epyt-play-img\" width=\"30\" height=\"23\" src=\"https:\/\/i0.wp.com\/www.claret.org\/wp-content\/plugins\/youtube-embed-plus-pro\/images\/playhover.png?resize=30%2C23&#038;ssl=1\" data-no-lazy=\"1\" data-skipgform_ajax_framebjll=\"\" title=\"\"><div class=\"epyt-gallery-playcrutch\"><\/div><\/div><\/div><\/div><div class=\"epyt-gallery-title\">The summary of the third Phase of the Encounter<\/div><\/div><div tabindex=\"0\" role=\"button\" data-videoid=\"IAztZchI6ow\" class=\"epyt-gallery-thumb \" ><div class=\"epyt-gallery-img-box\"><div class=\"epyt-gallery-img\" style=\"background-image: url(https:\/\/i.ytimg.com\/vi\/IAztZchI6ow\/hqdefault.jpg)\"><div class=\"epyt-gallery-playhover\"><img data-recalc-dims=\"1\" loading=\"lazy\" decoding=\"async\" alt=\"play\" class=\"epyt-play-img\" width=\"30\" height=\"23\" src=\"https:\/\/i0.wp.com\/www.claret.org\/wp-content\/plugins\/youtube-embed-plus-pro\/images\/playhover.png?resize=30%2C23&#038;ssl=1\" data-no-lazy=\"1\" data-skipgform_ajax_framebjll=\"\" title=\"\"><div class=\"epyt-gallery-playcrutch\"><\/div><\/div><\/div><\/div><div class=\"epyt-gallery-title\">The Conclusion | La conclusi\u00f3n | La conclusion<\/div><\/div><div tabindex=\"0\" role=\"button\" data-videoid=\"lzRpnZkjpM8\" class=\"epyt-gallery-thumb \" ><div class=\"epyt-gallery-img-box\"><div class=\"epyt-gallery-img\" style=\"background-image: url(https:\/\/i.ytimg.com\/vi\/lzRpnZkjpM8\/hqdefault.jpg)\"><div class=\"epyt-gallery-playhover\"><img data-recalc-dims=\"1\" loading=\"lazy\" decoding=\"async\" alt=\"play\" class=\"epyt-play-img\" width=\"30\" height=\"23\" src=\"https:\/\/i0.wp.com\/www.claret.org\/wp-content\/plugins\/youtube-embed-plus-pro\/images\/playhover.png?resize=30%2C23&#038;ssl=1\" data-no-lazy=\"1\" data-skipgform_ajax_framebjll=\"\" title=\"\"><div class=\"epyt-gallery-playcrutch\"><\/div><\/div><\/div><\/div><div class=\"epyt-gallery-title\">Resumen de la tercera fase del Encuentro de Superiores Mayores y Gobierno General (Claretianos)<\/div><\/div><div class=\"epyt-gallery-rowbreak\"><\/div><div tabindex=\"0\" role=\"button\" data-videoid=\"W_DYQ90S4IU\" class=\"epyt-gallery-thumb \" ><div class=\"epyt-gallery-img-box\"><div class=\"epyt-gallery-img\" style=\"background-image: url(https:\/\/i.ytimg.com\/vi\/W_DYQ90S4IU\/hqdefault.jpg)\"><div class=\"epyt-gallery-playhover\"><img data-recalc-dims=\"1\" loading=\"lazy\" decoding=\"async\" alt=\"play\" class=\"epyt-play-img\" width=\"30\" height=\"23\" src=\"https:\/\/i0.wp.com\/www.claret.org\/wp-content\/plugins\/youtube-embed-plus-pro\/images\/playhover.png?resize=30%2C23&#038;ssl=1\" data-no-lazy=\"1\" data-skipgform_ajax_framebjll=\"\" title=\"\"><div class=\"epyt-gallery-playcrutch\"><\/div><\/div><\/div><\/div><div class=\"epyt-gallery-title\">Interview with Fr. Callistus Joseph, CMF, President of ECLA<\/div><\/div><div tabindex=\"0\" role=\"button\" data-videoid=\"pzHARWOuxfA\" class=\"epyt-gallery-thumb \" ><div class=\"epyt-gallery-img-box\"><div class=\"epyt-gallery-img\" style=\"background-image: url(https:\/\/i.ytimg.com\/vi\/pzHARWOuxfA\/hqdefault.jpg)\"><div class=\"epyt-gallery-playhover\"><img data-recalc-dims=\"1\" loading=\"lazy\" decoding=\"async\" alt=\"play\" class=\"epyt-play-img\" width=\"30\" height=\"23\" src=\"https:\/\/i0.wp.com\/www.claret.org\/wp-content\/plugins\/youtube-embed-plus-pro\/images\/playhover.png?resize=30%2C23&#038;ssl=1\" data-no-lazy=\"1\" data-skipgform_ajax_framebjll=\"\" title=\"\"><div class=\"epyt-gallery-playcrutch\"><\/div><\/div><\/div><\/div><div class=\"epyt-gallery-title\">Closing Mass \/ Misa de clausura<\/div><\/div><div tabindex=\"0\" role=\"button\" data-videoid=\"EGASnfvdKGQ\" class=\"epyt-gallery-thumb \" ><div class=\"epyt-gallery-img-box\"><div class=\"epyt-gallery-img\" style=\"background-image: url(https:\/\/i.ytimg.com\/vi\/EGASnfvdKGQ\/hqdefault.jpg)\"><div class=\"epyt-gallery-playhover\"><img data-recalc-dims=\"1\" loading=\"lazy\" decoding=\"async\" alt=\"play\" class=\"epyt-play-img\" width=\"30\" height=\"23\" src=\"https:\/\/i0.wp.com\/www.claret.org\/wp-content\/plugins\/youtube-embed-plus-pro\/images\/playhover.png?resize=30%2C23&#038;ssl=1\" data-no-lazy=\"1\" data-skipgform_ajax_framebjll=\"\" title=\"\"><div class=\"epyt-gallery-playcrutch\"><\/div><\/div><\/div><\/div><div class=\"epyt-gallery-title\">Entrevista al P. Marcos Aur\u00e9lio Loro  CMF, Presidente de MICLA<\/div><\/div><div tabindex=\"0\" role=\"button\" data-videoid=\"B7VWFmPbwkA\" class=\"epyt-gallery-thumb \" ><div class=\"epyt-gallery-img-box\"><div class=\"epyt-gallery-img\" style=\"background-image: url(https:\/\/i.ytimg.com\/vi\/B7VWFmPbwkA\/hqdefault.jpg)\"><div class=\"epyt-gallery-playhover\"><img data-recalc-dims=\"1\" loading=\"lazy\" decoding=\"async\" alt=\"play\" class=\"epyt-play-img\" width=\"30\" height=\"23\" src=\"https:\/\/i0.wp.com\/www.claret.org\/wp-content\/plugins\/youtube-embed-plus-pro\/images\/playhover.png?resize=30%2C23&#038;ssl=1\" data-no-lazy=\"1\" data-skipgform_ajax_framebjll=\"\" title=\"\"><div class=\"epyt-gallery-playcrutch\"><\/div><\/div><\/div><\/div><div class=\"epyt-gallery-title\">Solidarity and Mission (SOMI) in Cameroun<\/div><\/div><div tabindex=\"0\" role=\"button\" data-videoid=\"HqRPkfwuV94\" class=\"epyt-gallery-thumb \" ><div class=\"epyt-gallery-img-box\"><div class=\"epyt-gallery-img\" style=\"background-image: url(https:\/\/i.ytimg.com\/vi\/HqRPkfwuV94\/hqdefault.jpg)\"><div class=\"epyt-gallery-playhover\"><img data-recalc-dims=\"1\" loading=\"lazy\" decoding=\"async\" alt=\"play\" class=\"epyt-play-img\" width=\"30\" height=\"23\" src=\"https:\/\/i0.wp.com\/www.claret.org\/wp-content\/plugins\/youtube-embed-plus-pro\/images\/playhover.png?resize=30%2C23&#038;ssl=1\" data-no-lazy=\"1\" data-skipgform_ajax_framebjll=\"\" title=\"\"><div class=\"epyt-gallery-playcrutch\"><\/div><\/div><\/div><\/div><div class=\"epyt-gallery-title\">An interview with the President of ASCLA West Conference,Fr. Bhyju V. A., CMF<\/div><\/div><div class=\"epyt-gallery-rowbreak\"><\/div><div tabindex=\"0\" role=\"button\" data-videoid=\"rLHPdPPwajU\" class=\"epyt-gallery-thumb \" ><div class=\"epyt-gallery-img-box\"><div class=\"epyt-gallery-img\" style=\"background-image: url(https:\/\/i.ytimg.com\/vi\/rLHPdPPwajU\/hqdefault.jpg)\"><div class=\"epyt-gallery-playhover\"><img data-recalc-dims=\"1\" loading=\"lazy\" decoding=\"async\" alt=\"play\" class=\"epyt-play-img\" width=\"30\" height=\"23\" src=\"https:\/\/i0.wp.com\/www.claret.org\/wp-content\/plugins\/youtube-embed-plus-pro\/images\/playhover.png?resize=30%2C23&#038;ssl=1\" data-no-lazy=\"1\" data-skipgform_ajax_framebjll=\"\" title=\"\"><div class=\"epyt-gallery-playcrutch\"><\/div><\/div><\/div><\/div><div class=\"epyt-gallery-title\">R\u00e9sum\u00e9 de la 2\u00e8me phase de la Rencontre des Sup\u00e9rieurs Majeurs et du Gouvernement G\u00e9n\u00e9ral (cmf)<\/div><\/div><div tabindex=\"0\" role=\"button\" data-videoid=\"NTwo4bmqEwU\" class=\"epyt-gallery-thumb \" ><div class=\"epyt-gallery-img-box\"><div class=\"epyt-gallery-img\" style=\"background-image: url(https:\/\/i.ytimg.com\/vi\/NTwo4bmqEwU\/hqdefault.jpg)\"><div class=\"epyt-gallery-playhover\"><img data-recalc-dims=\"1\" loading=\"lazy\" decoding=\"async\" alt=\"play\" class=\"epyt-play-img\" width=\"30\" height=\"23\" src=\"https:\/\/i0.wp.com\/www.claret.org\/wp-content\/plugins\/youtube-embed-plus-pro\/images\/playhover.png?resize=30%2C23&#038;ssl=1\" data-no-lazy=\"1\" data-skipgform_ajax_framebjll=\"\" title=\"\"><div class=\"epyt-gallery-playcrutch\"><\/div><\/div><\/div><\/div><div class=\"epyt-gallery-title\">Summary of the 2nd  Phase of the Encounter of Major Superiors  and General Government (Claretians)<\/div><\/div><div tabindex=\"0\" role=\"button\" data-videoid=\"BStp4GR5hro\" class=\"epyt-gallery-thumb \" ><div class=\"epyt-gallery-img-box\"><div class=\"epyt-gallery-img\" style=\"background-image: url(https:\/\/i.ytimg.com\/vi\/BStp4GR5hro\/hqdefault.jpg)\"><div class=\"epyt-gallery-playhover\"><img data-recalc-dims=\"1\" loading=\"lazy\" decoding=\"async\" alt=\"play\" class=\"epyt-play-img\" width=\"30\" height=\"23\" src=\"https:\/\/i0.wp.com\/www.claret.org\/wp-content\/plugins\/youtube-embed-plus-pro\/images\/playhover.png?resize=30%2C23&#038;ssl=1\" data-no-lazy=\"1\" data-skipgform_ajax_framebjll=\"\" title=\"\"><div class=\"epyt-gallery-playcrutch\"><\/div><\/div><\/div><\/div><div class=\"epyt-gallery-title\">Resumen de la 2\u00aa Fase del Encuentro de Superiores Mayores y el Gobierno General (Claretianos)<\/div><\/div><div tabindex=\"0\" role=\"button\" data-videoid=\"OscLJu4HXBo\" class=\"epyt-gallery-thumb \" ><div class=\"epyt-gallery-img-box\"><div class=\"epyt-gallery-img\" style=\"background-image: url(https:\/\/i.ytimg.com\/vi\/OscLJu4HXBo\/hqdefault.jpg)\"><div class=\"epyt-gallery-playhover\"><img data-recalc-dims=\"1\" loading=\"lazy\" decoding=\"async\" alt=\"play\" class=\"epyt-play-img\" width=\"30\" height=\"23\" src=\"https:\/\/i0.wp.com\/www.claret.org\/wp-content\/plugins\/youtube-embed-plus-pro\/images\/playhover.png?resize=30%2C23&#038;ssl=1\" data-no-lazy=\"1\" data-skipgform_ajax_framebjll=\"\" title=\"\"><div class=\"epyt-gallery-playcrutch\"><\/div><\/div><\/div><\/div><div class=\"epyt-gallery-title\">Interview with Fr. Valens Agino, CMF, ASCLA East President<\/div><\/div><div tabindex=\"0\" role=\"button\" data-videoid=\"12rZz4QD2vk\" class=\"epyt-gallery-thumb \" ><div class=\"epyt-gallery-img-box\"><div class=\"epyt-gallery-img\" style=\"background-image: url(https:\/\/i.ytimg.com\/vi\/12rZz4QD2vk\/hqdefault.jpg)\"><div class=\"epyt-gallery-playhover\"><img data-recalc-dims=\"1\" loading=\"lazy\" decoding=\"async\" alt=\"play\" class=\"epyt-play-img\" width=\"30\" height=\"23\" src=\"https:\/\/i0.wp.com\/www.claret.org\/wp-content\/plugins\/youtube-embed-plus-pro\/images\/playhover.png?resize=30%2C23&#038;ssl=1\" data-no-lazy=\"1\" data-skipgform_ajax_framebjll=\"\" title=\"\"><div class=\"epyt-gallery-playcrutch\"><\/div><\/div><\/div><\/div><div class=\"epyt-gallery-title\">Jambo, Asante Sana, Karibu - Nairobi, Kenya<\/div><\/div><div class=\"epyt-gallery-rowbreak\"><\/div><div class=\"epyt-gallery-clear\"><\/div><\/div><div class=\"epyt-pagination \"><div tabindex=\"0\" role=\"button\" class=\"epyt-pagebutton epyt-prev  hide \" data-playlistid=\"PLfTtdJ70Nonud3ZJoQJZo9kUmCfvlNyZ-\" data-pagesize=\"15\" data-pagetoken=\"\" data-style=\"grid\" data-epcolumns=\"5\" data-showtitle=\"1\" data-showpaging=\"1\" data-autonext=\"0\" data-hidethumbimg=\"0\" data-thumbplay=\"1\" data-thumbcrop=\"portal\"><div class=\"epyt-arrow\">&laquo;<\/div> <div>Prev<\/div><\/div><div class=\"epyt-pagenumbers \"><div class=\"epyt-current\">1<\/div><div class=\"epyt-pageseparator\"> \/ <\/div><div class=\"epyt-totalpages\">2<\/div><\/div><div tabindex=\"0\" role=\"button\" class=\"epyt-pagebutton epyt-next\" data-playlistid=\"PLfTtdJ70Nonud3ZJoQJZo9kUmCfvlNyZ-\" data-pagesize=\"15\" data-pagetoken=\"EAAaHlBUOkNBOGlFRE13T0RreVJEa3dSVU13UXpVMU9EWQ\" data-style=\"grid\" data-epcolumns=\"5\" data-showtitle=\"1\" data-showpaging=\"1\" data-autonext=\"0\" data-hidethumbimg=\"0\" data-thumbplay=\"1\" data-thumbcrop=\"portal\"><div>Next<\/div> <div class=\"epyt-arrow\">&raquo;<\/div><\/div><div class=\"epyt-loader\"><img data-recalc-dims=\"1\" loading=\"lazy\" decoding=\"async\" alt=\"loading\" width=\"16\" height=\"11\" src=\"https:\/\/i0.wp.com\/www.claret.org\/wp-content\/plugins\/youtube-embed-plus-pro\/images\/gallery-page-loader.gif?resize=16%2C11&#038;ssl=1\" title=\"\"><\/div><\/div><\/div><\/div>\n<p>&nbsp;<\/p>\n<p>[\/et_pb_text][\/et_pb_column][\/et_pb_row][\/et_pb_section]<\/p>\n","protected":false},"excerpt":{"rendered":"<p>L&#8217;incontro dei Superiori Maggiori e del Governo Generale a Nairobi, Kenya dal 5 al 17 settembre 2022<\/p>\n","protected":false},"author":2,"featured_media":133862,"parent":0,"menu_order":0,"comment_status":"closed","ping_status":"closed","template":"","meta":{"_et_pb_use_builder":"on","_et_pb_old_content":"","_et_gb_content_width":"","footnotes":""},"class_list":["post-133869","page","type-page","status-publish","has-post-thumbnail","hentry"],"jetpack_sharing_enabled":true,"jetpack_shortlink":"https:\/\/wp.me\/PdaBmi-yPb","jetpack_likes_enabled":true,"_links":{"self":[{"href":"https:\/\/www.claret.org\/it\/wp-json\/wp\/v2\/pages\/133869","targetHints":{"allow":["GET"]}}],"collection":[{"href":"https:\/\/www.claret.org\/it\/wp-json\/wp\/v2\/pages"}],"about":[{"href":"https:\/\/www.claret.org\/it\/wp-json\/wp\/v2\/types\/page"}],"author":[{"embeddable":true,"href":"https:\/\/www.claret.org\/it\/wp-json\/wp\/v2\/users\/2"}],"replies":[{"embeddable":true,"href":"https:\/\/www.claret.org\/it\/wp-json\/wp\/v2\/comments?post=133869"}],"version-history":[{"count":0,"href":"https:\/\/www.claret.org\/it\/wp-json\/wp\/v2\/pages\/133869\/revisions"}],"wp:featuredmedia":[{"embeddable":true,"href":"https:\/\/www.claret.org\/it\/wp-json\/wp\/v2\/media\/133862"}],"wp:attachment":[{"href":"https:\/\/www.claret.org\/it\/wp-json\/wp\/v2\/media?parent=133869"}],"curies":[{"name":"wp","href":"https:\/\/api.w.org\/{rel}","templated":true}]}}