{"id":136209,"date":"2022-07-09T19:27:37","date_gmt":"2022-07-09T17:27:37","guid":{"rendered":"https:\/\/www.claret.org\/famiglia-clarettiana\/figlie-della-santa-e-immacolata-filiazione-cordimaria-cuore-di-maria-hicm\/"},"modified":"2022-09-29T18:00:37","modified_gmt":"2022-09-29T16:00:37","slug":"figlie-della-santa-e-immacolata-filiazione-cordimaria-cuore-di-maria-hicm","status":"publish","type":"page","link":"https:\/\/www.claret.org\/it\/famiglia-clarettiana\/figlie-della-santa-e-immacolata-filiazione-cordimaria-cuore-di-maria-hicm\/","title":{"rendered":"Figlie del Sacro e Immacolato Cuore di Maria &#8211; Filiazione Cordimariana (HICM)"},"content":{"rendered":"\n<p class=\"has-drop-cap\">Tra il 1840 e il 1850 un&#8217;idea singolare cominci\u00f2 a tormentare il cuore di Claret e a &#8220;tenerlo occupato davanti a Dio&#8221;: &#8220;La struttura esterna della vita religiosa \u00e8 essenziale per la vita consacrata? Come si pu\u00f2 offrire l&#8217;opportunit\u00e0 di abbracciare il vangelo della radicalit\u00e0 a coloro che desiderano rimanere nel mondo o sono costretti a viverci? Inoltre, se il processo di scristianizzazione, che allora stava iniziando, continuava la sua progressione, come portare la Buona Novella alle persone quando queste arrivavano a rifiutare tutto ci\u00f2 che veniva loro presentato come segno visibile della richiesta del Vangelo? Claret cominci\u00f2 allora a intravedere la necessit\u00e0 di introdurre nel cuore stesso del mondo la forza trasformatrice di persone che avrebbero dovuto fare di Cristo il valore supremo in cui tutti gli altri valori avrebbero potuto trovare posto e significato. A poco a poco questa idea prese forma fino a diventare un sogno e, in seguito, una gioiosa realt\u00e0.<\/p>\n\n<p>Il primo passo fu la pubblicazione di un opuscolo, &#8220;Le Figlie del Santissimo e Immacolato Cuore di Maria&#8221;, pubblicato nella primavera del 1850. L&#8217;ideale presentato era quasi rivoluzionario per quell&#8217;epoca: vivere la pienezza della vita consacrata nel mondo, fianco a fianco con il resto della gente, avendo come chiostro il Cuore di Maria. Ai tempi di Claret non si poteva fare di pi\u00f9, e la Filiazione Cordimariana poteva essere solo una sorgente d&#8217;acqua nata nel silenzio, una corrente percepita solo da chi, come Claret, aveva ricevuto una visione profetica proiettata verso il futuro. Ma la vita di quella sorgente inesauribile spingeva senza fretta dall&#8217;interno. Passer\u00e0 pi\u00f9 di un secolo prima che la Chiesa si renda conto che nel suo intimo \u00e8 nata una nuova corrente, che lotta per permeare di trasparenza evangelica gli angoli pi\u00f9 nascosti del mondo. Questa corrente sarebbe stata conosciuta come Filiazione Cordimariana.<\/p>\n\n<p>Plasencia (Spagna), 1943. Un gruppo di missionari clarettiani raccoglie con amore la lampada accesa da p. Claret e decide di realizzare il sogno. Il libro clarettiano diventa la &#8220;regola di vita&#8221; per un nucleo di ragazze entusiaste, che decidono di costituirsi in &#8220;famiglia&#8221; all&#8217;interno della Chiesa. Contemporaneamente, la stessa scintilla si accende in diversi luoghi d&#8217;Europa e d&#8217;America e si organizzano diversi gruppi. Tutti sono animati dallo stesso spirito, e in quella diversit\u00e0 che l&#8217;aveva fatta nascere si vede gi\u00e0 un&#8217;unit\u00e0 straordinariamente ricca. Nel 1947 Pio XII promulga la costituzione apostolica Provida Mater Ecclesia, che riconosce e approva gli Istituti Secolari tra le forme di vita che implicano il radicalismo evangelico. Il sogno di p. Claret ha gi\u00e0 un suo canale all&#8217;interno della Chiesa, e gli sforzi organizzativi sono ora diretti a ottenere la sua definizione come Istituto Secolare. Il 21 novembre 1973, festa della Presentazione della Beata Vergine, la Filiazione Cordimaria viene approvata dalla Chiesa come Istituto Secolare di Diritto Pontificio. Era la fine di un lungo cammino e l&#8217;inizio di un orizzonte che si sperava aperto verso il terzo millennio dell&#8217;era cristiana.<\/p>\n\n<p>Seguire Cristo vergine, povero e obbediente in mezzo a un mondo dominato dall&#8217;egoismo, dal consumismo e dall&#8217;autosufficienza, facendo della propria vita un sacrificio per i fratelli: questa \u00e8 la Filiazione Cordimariana oggi. Claret non voleva che le Figlie della Cuor di Maria fossero &#8220;separate&#8221; dal resto della societ\u00e0. Esse sono nate nella Chiesa per &#8220;rimanere e agire nel mondo fino a trasformarlo in Cristo&#8221;. Attraverso la loro vita e la loro parola, il radicalismo del Vangelo deve essere reso presente nella vita quotidiana, nelle condizioni comuni del mondo e nella legge generale del lavoro, con i suoi rischi e le sue insicurezze.<\/p>\n\n<p>Website: http:\/\/www.filiacioncordimariana.org\/<\/p>\n","protected":false},"excerpt":{"rendered":"<p>Tra il 1840 e il 1850 un&#8217;idea singolare cominci\u00f2 a tormentare il cuore di Claret e a &#8220;tenerlo occupato davanti a Dio&#8221;: &#8220;La struttura esterna della vita religiosa \u00e8 essenziale per la vita consacrata? Come si pu\u00f2 offrire l&#8217;opportunit\u00e0 di abbracciare il vangelo della radicalit\u00e0 a coloro che desiderano rimanere nel mondo o sono costretti [&hellip;]<\/p>\n","protected":false},"author":2,"featured_media":161334,"parent":116341,"menu_order":1,"comment_status":"closed","ping_status":"closed","template":"","meta":{"_et_pb_use_builder":"off","_et_pb_old_content":"","_et_gb_content_width":"","footnotes":""},"class_list":["post-136209","page","type-page","status-publish","has-post-thumbnail","hentry"],"jetpack_sharing_enabled":true,"jetpack_shortlink":"https:\/\/wp.me\/PdaBmi-zqV","jetpack_likes_enabled":true,"_links":{"self":[{"href":"https:\/\/www.claret.org\/it\/wp-json\/wp\/v2\/pages\/136209","targetHints":{"allow":["GET"]}}],"collection":[{"href":"https:\/\/www.claret.org\/it\/wp-json\/wp\/v2\/pages"}],"about":[{"href":"https:\/\/www.claret.org\/it\/wp-json\/wp\/v2\/types\/page"}],"author":[{"embeddable":true,"href":"https:\/\/www.claret.org\/it\/wp-json\/wp\/v2\/users\/2"}],"replies":[{"embeddable":true,"href":"https:\/\/www.claret.org\/it\/wp-json\/wp\/v2\/comments?post=136209"}],"version-history":[{"count":0,"href":"https:\/\/www.claret.org\/it\/wp-json\/wp\/v2\/pages\/136209\/revisions"}],"up":[{"embeddable":true,"href":"https:\/\/www.claret.org\/it\/wp-json\/wp\/v2\/pages\/116341"}],"wp:featuredmedia":[{"embeddable":true,"href":"https:\/\/www.claret.org\/it\/wp-json\/wp\/v2\/media\/161334"}],"wp:attachment":[{"href":"https:\/\/www.claret.org\/it\/wp-json\/wp\/v2\/media?parent=136209"}],"curies":[{"name":"wp","href":"https:\/\/api.w.org\/{rel}","templated":true}]}}