{"id":163451,"date":"2024-02-07T17:59:40","date_gmt":"2024-02-07T16:59:40","guid":{"rendered":"https:\/\/www.claret.org\/fate-parte-del-nostro-sogno-2\/"},"modified":"2024-02-19T22:15:44","modified_gmt":"2024-02-19T21:15:44","slug":"fate-parte-del-nostro-sogno-2","status":"publish","type":"page","link":"https:\/\/www.claret.org\/it\/fate-parte-del-nostro-sogno-2\/","title":{"rendered":"Fate parte del nostro sogno"},"content":{"rendered":"<p>[et_pb_section fb_built=&#8221;1&#8243; fullwidth=&#8221;on&#8221; _builder_version=&#8221;4.16&#8243; _module_preset=&#8221;default&#8221; global_colors_info=&#8221;{}&#8221; theme_builder_area=&#8221;post_content&#8221;][et_pb_fullwidth_header title=&#8221;@ET-DC@eyJkeW5hbWljIjp0cnVlLCJjb250ZW50IjoicG9zdF90aXRsZSIsInNldHRpbmdzIjp7ImJlZm9yZSI6IiIsImFmdGVyIjoiIn19@&#8221; _builder_version=&#8221;4.17.6&#8243; _dynamic_attributes=&#8221;title&#8221; _module_preset=&#8221;default&#8221; background_color=&#8221;#f75a00&#8243; global_colors_info=&#8221;{}&#8221; theme_builder_area=&#8221;post_content&#8221;]<\/p>\n<p>Ci sono molti modi per far parte del nostro Sogno. Ecco i diversi modi in cui pu\u00f2 farne parte:<\/p>\n<p>[\/et_pb_fullwidth_header][\/et_pb_section][et_pb_section fb_built=&#8221;1&#8243; fullwidth=&#8221;on&#8221; _builder_version=&#8221;4.16&#8243; _module_preset=&#8221;default&#8221; global_colors_info=&#8221;{}&#8221; theme_builder_area=&#8221;post_content&#8221;][et_pb_fullwidth_header title=&#8221;SIA UN COLLABORATORE DI MISSIONE&#8221; _builder_version=&#8221;4.17.6&#8243; _module_preset=&#8221;default&#8221; content_link_text_color=&#8221;#EDF000&#8243; background_color=&#8221;rgba(255,220,165,0.66)&#8221; background_layout=&#8221;light&#8221; global_colors_info=&#8221;{}&#8221; theme_builder_area=&#8221;post_content&#8221;]<\/p>\n<p>Alcune delle Province e Delegazioni clarettiane hanno programmi di Volontariato dove pu\u00f2 arruolarsi per fare un mese o mesi di esperienza nei posti di missione. Pu\u00f2 consultare se ne hanno uno nel paese in cui si trova.<\/p>\n<p>&nbsp;<\/p>\n<p>La maggior parte delle comunit\u00e0 clarettiane di tutto il mondo invitano collaboratori di missione nelle loro rispettive parrocchie, scuole e programmi di assistenza sociale.<\/p>\n<p>[\/et_pb_fullwidth_header][\/et_pb_section][et_pb_section fb_built=&#8221;1&#8243; fullwidth=&#8221;on&#8221; _builder_version=&#8221;4.16&#8243; _module_preset=&#8221;default&#8221; global_colors_info=&#8221;{}&#8221; theme_builder_area=&#8221;post_content&#8221;][et_pb_fullwidth_header title=&#8221;SOSTENGA LE NOSTRE MISSIONI&#8221; background_overlay_color=&#8221;rgba(0,106,193,0.91)&#8221; _builder_version=&#8221;4.17.6&#8243; _module_preset=&#8221;default&#8221; content_link_text_color=&#8221;#FFFFFF&#8221; background_color=&#8221;#0C71C3&#8243; background_image=&#8221;https:\/\/www.claret.org\/wp-content\/uploads\/2022\/07\/with-Lord-Winner.jpg&#8221; parallax=&#8221;on&#8221; background_blend=&#8221;darken&#8221; child_filter_saturate=&#8221;99%&#8221; global_colors_info=&#8221;{}&#8221; theme_builder_area=&#8221;post_content&#8221;]<\/p>\n<p>Potete sostenere le nostre missioni donando alla Procura Generale delle Missioni attraverso Proclade Internationale. Il responsabile \u00e8 P. Lord Winner, CMF. Qui sotto ci sono le coordinate del conto bancario:<\/p>\n<p>&nbsp;<\/p>\n<p>Nome della banca: UNICREDIT<br \/>Indirizzo bancario: 30643 Roma CIVININI, Roma, Italia.<br \/>SWIFT Code: UNCRITM1113<br \/>IBAN o numero di conto: IT 73 G 02008 05170 000101556451<br \/>Nome del titolare del conto: PROCLADE INTERNAZIONALE Onlus<\/p>\n<p>&nbsp;<\/p>\n<h2>Indirizzo del titolare del conto:<\/h2>\n<p>PROCLADE INTERNAZIONALE Onlus<br \/>Missionari Clarettiani<br \/>Via Sacro Cuore di Maria, 5<br \/>00197 ROMA, Italia<br \/>Tel: 06 80910008 \u2013 Fax: 06 80910047<br \/>Email: projects.proclade@gmail.com<\/p>\n<p>Website: <a href=\"http:\/\/www.procladeint.org\" target=\"_blank\" rel=\"noopener nofollow\">http:\/\/www.procladeint.org<\/a><\/p>\n<p>[\/et_pb_fullwidth_header][\/et_pb_section][et_pb_section fb_built=&#8221;1&#8243; fullwidth=&#8221;on&#8221; _builder_version=&#8221;4.16&#8243; _module_preset=&#8221;default&#8221; global_colors_info=&#8221;{}&#8221; theme_builder_area=&#8221;post_content&#8221;][et_pb_fullwidth_header title=&#8221;DIVENTATE UN MISSIONARIO CLARETTIANO&#8221; _builder_version=&#8221;4.24.0&#8243; _module_preset=&#8221;default&#8221; title_font=&#8221;|600|||||||&#8221; background_color=&#8221;#FFFFFF&#8221; background_enable_image=&#8221;off&#8221; parallax=&#8221;on&#8221; background_layout=&#8221;light&#8221; global_colors_info=&#8221;{}&#8221; theme_builder_area=&#8221;post_content&#8221;]<\/p>\n<p>Se ti senti chiamato ad essere un clarettiano, un fratello religioso o un sacerdote, e vuoi formarti come figlio del Cuore Immacolato di Maria, puoi contattare i Missionari Clarettiani del tuo paese.<\/p>\n<p>&nbsp;<\/p>\n<p>Puoi trovarci in: ANGOLA | ARGENTINA | AUSTRALIA | AUSTRIA | BANGLADESH | BELARUS | BOLIVIA | BRASIL | BURKINA FASO | CAMEROUN | CANADA | CHAD | CHILE | CHINA | COLOMBIA | COSTA RICA | C\u00d4TE D\u2019IVOIRE | CUBA | DEUTSCHLAND | ECUADOR | EL SALVADOR | ESPA\u00d1A | FRANCE | GABON | GHANA | GUATEMALA | GUINEA ECUATORIAL | HA\u00cfTI | HONDURAS | INDIA | INDONESIA | ITALIA | JAPAN | KENYA | MADAGASCAR | MALAYSIA | M\u00c9XICO | MO\u00c7AMBIQUE | MYANMAR | NEW ZEALAND | NICARAGUA | NIGERIA | PANAM\u00c1 | PARAGUAY | PER\u00da | PHILIPPINES | POLSKA | PORTUGAL | PUERTO RICO | REPUBLIKA CZESKA | REP\u00daBLICA DOMINICANA | REPUBLIQUE DEMOCRATIQUE DU CONGO | RUSSIA | S\u00c3O TOM\u00c9 E PR\u00cdNCIPE | SCHWEIZ | SLOVENIJA | SOUTH AFRICA | SOUTH KOREA | SRI LANKA | TAIWAN | TANZANIA | TIMOR LESTE | UGANDA | UKRAINE | UNITED KINGDOM | UNITED STATES OF AMERICA | URUGUAY | VENEZUELA | VIETNAM | ZIMBABWE<\/p>\n<p>[\/et_pb_fullwidth_header][\/et_pb_section][et_pb_section fb_built=&#8221;1&#8243; fullwidth=&#8221;on&#8221; _builder_version=&#8221;4.24.0&#8243; _module_preset=&#8221;default&#8221; global_colors_info=&#8221;{}&#8221; theme_builder_area=&#8221;post_content&#8221;][et_pb_fullwidth_header title=&#8221;Giornata della Missione Clarettiana&#8221; button_one_text=&#8221;Clicca qui per maggiori dettagli&#8221; button_one_url=&#8221;https:\/\/www.somicmf.org\/it\/giornata-missionaria-clarettiana\/&#8221; button_two_url=&#8221;https:\/\/www.somicmf.org\/it\/giornata-missionaria-clarettiana\/&#8221; _builder_version=&#8221;4.24.0&#8243; _module_preset=&#8221;default&#8221; link_option_url=&#8221;https:\/\/www.somicmf.org\/claretian-mission-day&#8221; link_option_url_new_window=&#8221;on&#8221; global_colors_info=&#8221;{}&#8221; theme_builder_area=&#8221;post_content&#8221;]<\/p>\n<p>Partecipa alla campagna! Partecipa al cambiamento! <\/p>\n<p>[\/et_pb_fullwidth_header][\/et_pb_section]<\/p>\n","protected":false},"excerpt":{"rendered":"<p>Questi sono i tanti modi in cui puoi far parte del nostro Sogno: essere un collaboratore missionario, sostenere le nostre Missioni con fondi, essere un Missionario Clarettiano, partecipare e celebrare la Giornata della Missione Clarettiana!<\/p>\n","protected":false},"author":2,"featured_media":0,"parent":0,"menu_order":0,"comment_status":"closed","ping_status":"closed","template":"","meta":{"_et_pb_use_builder":"on","_et_pb_old_content":"","_et_gb_content_width":"","footnotes":""},"class_list":["post-163451","page","type-page","status-publish","hentry"],"jetpack_sharing_enabled":true,"jetpack_shortlink":"https:\/\/wp.me\/PdaBmi-Gwj","jetpack_likes_enabled":true,"_links":{"self":[{"href":"https:\/\/www.claret.org\/it\/wp-json\/wp\/v2\/pages\/163451","targetHints":{"allow":["GET"]}}],"collection":[{"href":"https:\/\/www.claret.org\/it\/wp-json\/wp\/v2\/pages"}],"about":[{"href":"https:\/\/www.claret.org\/it\/wp-json\/wp\/v2\/types\/page"}],"author":[{"embeddable":true,"href":"https:\/\/www.claret.org\/it\/wp-json\/wp\/v2\/users\/2"}],"replies":[{"embeddable":true,"href":"https:\/\/www.claret.org\/it\/wp-json\/wp\/v2\/comments?post=163451"}],"version-history":[{"count":0,"href":"https:\/\/www.claret.org\/it\/wp-json\/wp\/v2\/pages\/163451\/revisions"}],"wp:attachment":[{"href":"https:\/\/www.claret.org\/it\/wp-json\/wp\/v2\/media?parent=163451"}],"curies":[{"name":"wp","href":"https:\/\/api.w.org\/{rel}","templated":true}]}}