{"id":24836,"date":"2018-07-24T19:20:43","date_gmt":"2018-07-24T17:20:43","guid":{"rendered":"https:\/\/www.claret.org\/clarettiani\/calendario-clarettiano\/p-clemente-serrat-superiore-generale\/"},"modified":"2022-04-07T16:18:30","modified_gmt":"2022-04-07T14:18:30","slug":"p-clemente-serrat-superiore-generale","status":"publish","type":"page","link":"https:\/\/www.claret.org\/it\/effemeridi\/p-clemente-serrat-superiore-generale\/","title":{"rendered":"P. Clemente Serrat, Superiore Generale"},"content":{"rendered":"<p><img data-recalc-dims=\"1\" loading=\"lazy\" decoding=\"async\" data-attachment-id=\"24830\" data-permalink=\"https:\/\/www.claret.org\/it\/effemeridi\/p-clemente-serrat-superiore-generale\/01-clemente_serrat-2\/\" data-orig-file=\"https:\/\/i0.wp.com\/www.claret.org\/wp-content\/uploads\/2018\/07\/01-clemente_serrat.jpg?fit=768%2C1024&amp;ssl=1\" data-orig-size=\"768,1024\" data-comments-opened=\"0\" data-image-meta=\"{&quot;aperture&quot;:&quot;0&quot;,&quot;credit&quot;:&quot;&quot;,&quot;camera&quot;:&quot;&quot;,&quot;caption&quot;:&quot;&quot;,&quot;created_timestamp&quot;:&quot;0&quot;,&quot;copyright&quot;:&quot;&quot;,&quot;focal_length&quot;:&quot;0&quot;,&quot;iso&quot;:&quot;0&quot;,&quot;shutter_speed&quot;:&quot;0&quot;,&quot;title&quot;:&quot;&quot;,&quot;orientation&quot;:&quot;1&quot;}\" data-image-title=\"01-clemente_serrat\" data-image-description=\"\" data-image-caption=\"\" data-large-file=\"https:\/\/i0.wp.com\/www.claret.org\/wp-content\/uploads\/2018\/07\/01-clemente_serrat.jpg?fit=768%2C1024&amp;ssl=1\" class=\"alignleft size-medium wp-image-24830\" src=\"https:\/\/i0.wp.com\/www.claret.org\/wp-content\/uploads\/2018\/07\/01-clemente_serrat.jpg?resize=225%2C300&#038;ssl=1\" alt=\"\" width=\"225\" height=\"300\" title=\"\" srcset=\"https:\/\/i0.wp.com\/www.claret.org\/wp-content\/uploads\/2018\/07\/01-clemente_serrat.jpg?resize=225%2C300&amp;ssl=1 225w, https:\/\/i0.wp.com\/www.claret.org\/wp-content\/uploads\/2018\/07\/01-clemente_serrat.jpg?w=768&amp;ssl=1 768w\" sizes=\"(max-width: 225px) 100vw, 225px\" \/><\/p>\n<div>Nacque a Gurb (Barcellona) il 12 aprile 1832. Studi\u00f2 nel seminario di Vic e fu ordinato Sacerdote il 26 settembre 1856. Lavor\u00f2 per un anno come vicario di Olost (Barcellona \u2013 Spagna) ed entr\u00f2 nella Congregazione dei Missionari il 3 luglio 1859. In alcune occasioni il P. Claret disse al P. Xifr\u00e9: \u00abAbbi cura di questo giovane; sar\u00e0 un tesoro per la Congregazione\u00bb. Fece la professione a Segovia (Spagna) nelle mani del Claret il 25 agosto 1862.<\/div>\n<div><\/div>\n<div>Da poco professo, a 29 anni, venne nominato superiore della casa di Segovia in cui rimase sino alla rivoluzione del 1868, durante la quale si rifugi\u00f2 in Francia. Pi\u00f9 tardi, nel 1869, essendo destinato in Cile il P. Paolo Vallier, fu nominato maestro dei novizi, incarico che esercit\u00f2 a Prades, Thuir e Vic dal 1870 al 1878. In seguito assunse l\u2019incarico di formatore nei collegi superiori di Gracia, Santo Domingo de la Calzada e Cervera. Assunse anche l\u2019incarico di superiore locale di Vic, Gracia, Santo Domingo de la Calzata e Cervera.<\/div>\n<div><\/div>\n<div>Nel 1876 fu eletto consultore generale e in questo incarico rimase sino al 1888, anno in cui gli venne affidato l\u2019incarico di Vicedirettore generale. Alla morte del P. Xifr\u00e9, venne eletto Superiore Generale a Vic durante l\u2019VIII Capitolo Generale (dicembre 1889).<\/div>\n<div><\/div>\n<div>Il P. Clemente Serrat indirizz\u00f2 alla Congregazione una preziosa circolare La Vocaci\u00f3n Religiosa per suscitare nei fratelli sentimenti di viva gratitudine ricordando loro i benefici della divina vocazione. Il P. Serrat, servendosi delle parole di san Paolo: \u00abvi esorto vivamente a comportarvi in maniera degna nella vocazione alla quale siete stati chiamati\u00bb (cf. Ef 4,1-3), esorta energicamente tutti a rimanere fedeli alla vocazione alla quale sono stati chiamati, perch\u00e9 siano degni imitatori delle virt\u00f9 del divino Maestro.<\/div>\n<div><\/div>\n<div>Nei sei anni in cui fu Generale fond\u00f2 24 case, inaugur\u00f2 i noviziati di Vic e Segovia e nel 1905 fond\u00f2 il collegio centrale in Aranda de Duero. In questo periodo si accett\u00f2 la prima parrocchia in Andacollo \u2013 Cile (1900); si fond\u00f2 negli Stati Uniti (1902) e si cre\u00f2 la Provincia di Betica (1904). Nello stesso periodo si scrisse la prima storia della Congregazione.<\/div>\n<div><\/div>\n<div>Mor\u00ec santamente a Segovia il 6 gennaio 1906: fu un uomo pieno di delicatezza, prudenza e amore. Tratt\u00f2 sempre con grande rispetto e amabilit\u00e0 i suoi fratelli di comunit\u00e0.<\/div>\n<\/div>\n","protected":false},"excerpt":{"rendered":"<p>Nacque a Gurb (Barcellona) il 12 aprile 1832. Studi\u00f2 nel seminario di Vic e fu ordinato Sacerdote il 26 settembre 1856. Lavor\u00f2 per un anno come vicario di Olost (Barcellona \u2013 Spagna) ed entr\u00f2 nella Congregazione dei Missionari il 3 luglio 1859. In alcune occasioni il P. Claret disse al P. Xifr\u00e9: \u00abAbbi cura di [&hellip;]<\/p>\n","protected":false},"author":69,"featured_media":24830,"parent":33289,"menu_order":0,"comment_status":"closed","ping_status":"closed","template":"page-template-fullwidth.php","meta":{"_et_pb_use_builder":"","_et_pb_old_content":"","_et_gb_content_width":"","footnotes":""},"class_list":["post-24836","page","type-page","status-publish","has-post-thumbnail","hentry"],"jetpack_sharing_enabled":true,"jetpack_shortlink":"https:\/\/wp.me\/PdaBmi-6sA","jetpack_likes_enabled":true,"_links":{"self":[{"href":"https:\/\/www.claret.org\/it\/wp-json\/wp\/v2\/pages\/24836","targetHints":{"allow":["GET"]}}],"collection":[{"href":"https:\/\/www.claret.org\/it\/wp-json\/wp\/v2\/pages"}],"about":[{"href":"https:\/\/www.claret.org\/it\/wp-json\/wp\/v2\/types\/page"}],"author":[{"embeddable":true,"href":"https:\/\/www.claret.org\/it\/wp-json\/wp\/v2\/users\/69"}],"replies":[{"embeddable":true,"href":"https:\/\/www.claret.org\/it\/wp-json\/wp\/v2\/comments?post=24836"}],"version-history":[{"count":0,"href":"https:\/\/www.claret.org\/it\/wp-json\/wp\/v2\/pages\/24836\/revisions"}],"up":[{"embeddable":true,"href":"https:\/\/www.claret.org\/it\/wp-json\/wp\/v2\/pages\/33289"}],"wp:featuredmedia":[{"embeddable":true,"href":"https:\/\/www.claret.org\/it\/wp-json\/wp\/v2\/media\/24830"}],"wp:attachment":[{"href":"https:\/\/www.claret.org\/it\/wp-json\/wp\/v2\/media?parent=24836"}],"curies":[{"name":"wp","href":"https:\/\/api.w.org\/{rel}","templated":true}]}}